{"id":2221,"date":"2026-04-07T13:44:20","date_gmt":"2026-04-07T11:44:20","guid":{"rendered":"https:\/\/www.camping-la-clairiere.com\/blog\/"},"modified":"2026-04-09T09:06:36","modified_gmt":"2026-04-09T07:06:36","slug":"blog","status":"publish","type":"page","link":"https:\/\/www.camping-la-clairiere.com\/nl\/blog\/","title":{"rendered":"Blog"},"content":{"rendered":"\n<div class=\"wp-block-group alignfull is-layout-flow wp-block-group-is-layout-flow\" style=\"margin-top:0;margin-bottom:0;padding-top:0;padding-right:0;padding-bottom:0;padding-left:0\">\n<div class=\"wp-block-group is-layout-flow wp-block-group-is-layout-flow\">\n<div class=\"wp-block-cover alignfull has-custom-content-position is-position-bottom-center\" style=\"padding-top:0;padding-right:0;padding-bottom:0;padding-left:0;min-height:100vh;aspect-ratio:unset;\"><img alt=\"Vue a\u00e9rienne d&#039;un complexe touristique avec piscine.\" decoding=\"async\" width=\"2560\" height=\"1440\" class=\"wp-block-cover__image-background wp-image-414 size-16\/9_2560x1440_desktop\" alt=\"\" src=\"https:\/\/www.camping-la-clairiere.com\/wp-content\/uploads\/2026\/04\/92a38a0f4bb9b32465a9c6d6c5916da7d5821a67-2560x1440.jpg\" data-object-fit=\"cover\" srcset=\"https:\/\/www.camping-la-clairiere.com\/wp-content\/uploads\/2026\/04\/92a38a0f4bb9b32465a9c6d6c5916da7d5821a67-2560x1440.jpg 2560w, https:\/\/www.camping-la-clairiere.com\/wp-content\/uploads\/2026\/04\/92a38a0f4bb9b32465a9c6d6c5916da7d5821a67-1920x1080.jpg 1920w, https:\/\/www.camping-la-clairiere.com\/wp-content\/uploads\/2026\/04\/92a38a0f4bb9b32465a9c6d6c5916da7d5821a67-1440x810.jpg 1440w, https:\/\/www.camping-la-clairiere.com\/wp-content\/uploads\/2026\/04\/92a38a0f4bb9b32465a9c6d6c5916da7d5821a67-1366x768.jpg 1366w, https:\/\/www.camping-la-clairiere.com\/wp-content\/uploads\/2026\/04\/92a38a0f4bb9b32465a9c6d6c5916da7d5821a67-1024x576.jpg 1024w, https:\/\/www.camping-la-clairiere.com\/wp-content\/uploads\/2026\/04\/92a38a0f4bb9b32465a9c6d6c5916da7d5821a67-800x450.jpg 800w, https:\/\/www.camping-la-clairiere.com\/wp-content\/uploads\/2026\/04\/92a38a0f4bb9b32465a9c6d6c5916da7d5821a67-640x360.jpg 640w, https:\/\/www.camping-la-clairiere.com\/wp-content\/uploads\/2026\/04\/92a38a0f4bb9b32465a9c6d6c5916da7d5821a67-375x210.jpg 375w, https:\/\/www.camping-la-clairiere.com\/wp-content\/uploads\/2026\/04\/92a38a0f4bb9b32465a9c6d6c5916da7d5821a67-200x112.jpg 200w, https:\/\/www.camping-la-clairiere.com\/wp-content\/uploads\/2026\/04\/92a38a0f4bb9b32465a9c6d6c5916da7d5821a67-100x56.jpg 100w\" sizes=\"(max-width: 2560px) 100vw, 2560px\" \/><span aria-hidden=\"true\" class=\"wp-block-cover__background has-transparent-background-color has-background-dim-100 has-background-dim\"><\/span><div class=\"wp-block-cover__inner-container is-layout-flow wp-block-cover-is-layout-flow\">\n<div class=\"wp-block-group has-secondary-gradient-gradient-background has-background has-global-padding is-layout-constrained wp-block-group-is-layout-constrained\">\n<div style=\"height:15vh\" aria-hidden=\"true\" class=\"wp-block-spacer\"><\/div>\n<\/div>\n<\/div><\/div>\n<\/div>\n<\/div>\n<div style=\"padding-top:10px;padding-left:10px;\" class=\"alignfull wp-elements-c549f836684188f85e65cc5f157bd5e7 wp-block-wpseopress-breadcrumbs\"><nav  aria-label=\"breadcrumb\"><ol class=\"breadcrumb\" itemscope itemtype=\"https:\/\/schema.org\/BreadcrumbList\"><li class=\"breadcrumb-item active\" aria-current=\"page\" itemprop=\"itemListElement\" itemscope itemtype=\"https:\/\/schema.org\/ListItem\"><span itemprop=\"name\">Camping La Tremblade<\/span><meta itemprop=\"position\" content=\"1\"><\/li><\/ol><\/nav><\/div>\n<div style=\"height:var(--wp--preset--spacing--xxxl)\" aria-hidden=\"true\" class=\"wp-block-spacer\"><\/div>\n\n<div class=\"wp-block-group alignfull has-global-padding is-layout-constrained wp-container-core-group-is-layout-076db290 wp-block-group-is-layout-constrained\" style=\"margin-top:0;padding-top:0;padding-right:var(--wp--preset--spacing--l);padding-bottom:0;padding-left:var(--wp--preset--spacing--l)\">\n<div class=\"wp-block-group has-global-padding is-layout-constrained wp-container-core-group-is-layout-6d08aa83 wp-block-group-is-layout-constrained\" style=\"margin-top:0;margin-bottom:0;padding-top:0;padding-right:0;padding-bottom:0;padding-left:0\">\n<figure class=\"wp-block-image aligncenter size-large is-resized\"><img alt=\"Bonbon ray\u00e9 rose et blanc.\" decoding=\"async\" width=\"1024\" height=\"916\" src=\"https:\/\/www.camping-la-clairiere.com\/wp-content\/uploads\/2026\/04\/4af274f244d018dbb3c8e8a148bcd064e4a2990b-1024x916.png\" alt=\"\" class=\"wp-image-451\" style=\"width:50px\"\/><\/figure>\n<\/div>\n\n\n\n<div class=\"wp-block-group has-global-padding is-layout-constrained wp-container-core-group-is-layout-b2c8f158 wp-block-group-is-layout-constrained\" style=\"margin-top:0;margin-bottom:0;padding-top:0;padding-right:0;padding-left:0\">\n<h1 class=\"wp-block-heading has-text-align-center is-style-top-title is-style-top-title--1\" style=\"margin-bottom:0\">Ontdek onze idee\u00ebn en tips voor uw kampeervakantie<\/h1>\n\n\n\n<p class=\"has-text-align-center is-style-title-below is-style-title-below--2\" style=\"padding-bottom:0\">Lees verder voor inspiratie, nieuws en tips.<\/p>\n\n\n\n<div class=\"wp-block-group has-global-padding is-layout-constrained wp-block-group-is-layout-constrained\">\n<p class=\"has-text-align-center\" style=\"margin-bottom:0px\"><br\/>Op de <strong>blog<\/strong> vind je nuttige en inspirerende informatie over de camping, de bestemming en je volgende vakantie. Praktisch advies, idee\u00ebn voor je verblijf, ontdekkingen van de omgeving of nieuws van de camping: op deze pagina vind je alles wat je nodig hebt om je uitstapje voor te bereiden of het vakantiegevoel te verlengen. Een eenvoudige manier om idee\u00ebn op te doen voor, tijdens of zelfs na uw verblijf.  <\/p>\n<\/div>\n<\/div>\n<\/div>\n\n<div style=\"height:var(--wp--preset--spacing--xxxl)\" aria-hidden=\"true\" class=\"wp-block-spacer\"><\/div>\n\n<div class=\"wp-block-group has-global-padding is-layout-constrained wp-container-core-group-is-layout-41c22256 wp-block-group-is-layout-constrained\" style=\"padding-right:var(--wp--preset--spacing--l);padding-left:var(--wp--preset--spacing--l)\"><!-- Gridbuilder \u1d42\u1d3e Plugin (https:\/\/wpgridbuilder.com) -->\n<div class=\"wp-grid-builder wpgb-grid-1\" data-options=\"{&quot;id&quot;:1,&quot;type&quot;:&quot;masonry&quot;,&quot;source&quot;:&quot;post_type&quot;,&quot;loader&quot;:true,&quot;layout&quot;:&quot;vertical&quot;,&quot;reveal&quot;:1,&quot;isMainQuery&quot;:false,&quot;lazyLoad&quot;:true,&quot;cardSizes&quot;:{&quot;9999&quot;:{&quot;columns&quot;:3,&quot;height&quot;:240,&quot;gutter&quot;:28,&quot;ratio&quot;:&quot;1.33333&quot;},&quot;1200&quot;:{&quot;columns&quot;:2,&quot;height&quot;:240,&quot;gutter&quot;:28,&quot;ratio&quot;:&quot;1.33333&quot;},&quot;992&quot;:{&quot;columns&quot;:2,&quot;height&quot;:220,&quot;gutter&quot;:28,&quot;ratio&quot;:&quot;1.33333&quot;},&quot;768&quot;:{&quot;columns&quot;:1,&quot;height&quot;:220,&quot;gutter&quot;:28,&quot;ratio&quot;:&quot;1.33333&quot;},&quot;576&quot;:{&quot;columns&quot;:1,&quot;height&quot;:200,&quot;gutter&quot;:28,&quot;ratio&quot;:&quot;1.33333&quot;},&quot;320&quot;:{&quot;columns&quot;:1,&quot;height&quot;:200,&quot;gutter&quot;:28,&quot;ratio&quot;:&quot;1.33333&quot;}},&quot;fitRows&quot;:false,&quot;equalRows&quot;:0,&quot;equalColumns&quot;:false,&quot;fillLastRow&quot;:0,&quot;centerLastRow&quot;:0,&quot;horizontalOrder&quot;:true,&quot;fullWidth&quot;:false,&quot;transitionDelay&quot;:100,&quot;gallerySlideshow&quot;:false,&quot;rowsNumber&quot;:1,&quot;slideAlign&quot;:&quot;left&quot;,&quot;groupCells&quot;:1,&quot;draggable&quot;:true,&quot;initialIndex&quot;:0,&quot;contain&quot;:false,&quot;freeScroll&quot;:false,&quot;freeFriction&quot;:&quot;0.075&quot;,&quot;friction&quot;:&quot;0.285&quot;,&quot;attraction&quot;:&quot;0.025&quot;,&quot;autoPlay&quot;:0,&quot;pageDotAriaLabel&quot;:&quot;Page dot %d&quot;,&quot;isPreview&quot;:false,&quot;isGutenberg&quot;:false,&quot;rightToLeft&quot;:false}\"><div class=\"wpgb-svg-icons\" hidden>\n\t<svg viewBox=\"0 0 120 24\" width=\"0\" height=\"0\">\n\t<defs>\n        <polygon id=\"wpgb-star-svg\" points=\"12 2.5 15.1 8.8 22 9.8 17 14.6 18.2 21.5 12 18.3 5.8 21.5 7 14.6 2 9.8 8.9 8.8\"><\/polygon>\n    <\/defs>\n    <symbol id=\"wpgb-rating-stars-svg\">\n        <use xlink:href=\"#wpgb-star-svg\"><\/use>\n        <use xlink:href=\"#wpgb-star-svg\" x=\"24\"><\/use>\n        <use xlink:href=\"#wpgb-star-svg\" x=\"48\"><\/use>\n        <use xlink:href=\"#wpgb-star-svg\" x=\"72\"><\/use>\n        <use xlink:href=\"#wpgb-star-svg\" x=\"96\"><\/use>\n    <\/symbol>\n<\/svg>\n<\/div>\n<div class=\"wpgb-wrapper\">\n\t<div class=\"wpgb-main\">\n\t<div class=\"wpgb-area wpgb-area-top-2\">\n\t<div class=\"wpgb-facet wpgb-loading wpgb-facet-3\" data-facet=\"3\" data-grid=\"1\">\t<h4 class=\"wpgb-facet-title\">Sorteren op<\/h4>\n\t\t<fieldset>\n\t\t<legend class=\"wpgb-facet-title wpgb-sr-only\">Sorteren op<\/legend>\n\t\t<div class=\"wpgb-sort-facet\"><label><span class=\"wpgb-sr-only\">Sorteren op<\/span><select class=\"wpgb-sort wpgb-select wpgb-combobox\" name=\"sort\"><option value=\"\" selected='selected'>Geen<\/option><option value=\"date_desc\">Recenter<\/option><option value=\"date_asc\">Ouder<\/option><option value=\"title_asc\">Op titel (A-Z)<\/option><option value=\"title_desc\">Op titel (Z-A)<\/option><\/select><span class=\"wpgb-select-controls\"><span class=\"wpgb-select-separator\"><\/span><svg class=\"wpgb-select-toggle\" viewBox=\"0 0 24 24\" height=\"24\" width=\"24\" aria-hidden=\"true\" focusable=\"false\"><path d=\"m12 14.536-.045.043.045-.043-5.3-5.114 5.3 5.114 5.3-5.114-5.3 5.114.045.043Z\"\/><\/svg><\/span><\/label><\/div>\t<\/fieldset>\n\t<\/div><div class=\"wpgb-facet wpgb-loading wpgb-facet-2\" data-facet=\"2\" data-grid=\"1\">\t<h4 class=\"wpgb-facet-title\">Zoek op<\/h4>\n\t\t<fieldset>\n\t\t<legend class=\"wpgb-facet-title wpgb-sr-only\">Zoek op<\/legend>\n\t\t<div class=\"wpgb-search-facet\"><label>\n\t\t\t\t<span class=\"wpgb-sr-only\">Zoek op<\/span>\n\t\t\t\t<input class=\"wpgb-input\" type=\"search\" name=\"search_test\" placeholder=\"Type to search\" value=\"\" autocomplete=\"off\">\n\t\t\t\t<svg class=\"wpgb-input-icon\" viewBox=\"0 0 24 24\" height=\"16\" width=\"16\" aria-hidden=\"true\" focusable=\"false\"><path d=\"M17.5 17.5 23 23Zm-16-7a9 9 0 1 1 9 9 9 9 0 0 1-9-9Z\"\/><\/svg>\n\t\t\t<\/label><button type=\"button\" class=\"wpgb-clear-button\" hidden><span class=\"wpgb-sr-only\">Clear<\/span><svg viewBox=\"0 0 24 24\" height=\"24\" width=\"24\" aria-hidden=\"true\" focusable=\"false\"><path d=\"m12 12-4.25 4.75L12.001 12 7.75 7.25 12.001 12l4.249-4.75L12 12l4.25 4.75Z\"\/><\/svg><\/button><\/div>\t<\/fieldset>\n\t<\/div><div class=\"wpgb-facet wpgb-loading wpgb-facet-12\" data-facet=\"12\" data-grid=\"1\"><\/div><\/div>\n<div class=\"wpgb-layout\">\n\t<div class=\"wpgb-viewport\">\n\t\t<div class=\"wpgb-masonry\">\n\t\t\t<div class=\"wpgb-card wpgb-no-result\" data-col=\"12\" data-row=\"1\">\n\t<div class=\"wpgb-card-wrapper\">\n\t\tGeen artikelen gevonden\t<\/div>\n<\/div>\n\t\t<\/div>\n\t<\/div>\n\t<div class=\"wpgb-loader\">\n\t<div class=\"wpgb-loader-17\">\n\t\t<div><div><\/div><div><\/div><\/div>\t<\/div>\n<\/div>\n<\/div>\n\t<\/div>\n\t\t<\/div>\n<\/div>\n<\/div>\n\n<div style=\"height:var(--wp--preset--spacing--xxxxxl)\" aria-hidden=\"true\" class=\"wp-block-spacer\"><\/div>\n","protected":false},"excerpt":{"rendered":"<p>Ontdek onze idee\u00ebn en tips voor uw kampeervakantie Lees verder voor inspiratie, nieuws en tips. Op de blog vind je nuttige en inspirerende informatie over de camping, de bestemming en je volgende vakantie. Praktisch advies, idee\u00ebn voor je verblijf, ontdekkingen van de omgeving of nieuws van de camping: op deze pagina vind je alles wat [&hellip;]<\/p>\n","protected":false},"author":1,"featured_media":0,"parent":0,"menu_order":0,"comment_status":"closed","ping_status":"closed","template":"page-full-width","meta":{"_acf_changed":false,"_seopress_robots_primary_cat":"","_seopress_titles_title":"Blog Camping \u00e0 La Tremblade | Laatste nieuws van Camping La Clairi\u00e8re","_seopress_titles_desc":"Als je op zoek bent naar idee\u00ebn voor bestemmingen, activiteiten of leuke aanbiedingen voor het organiseren van je volgende vakantie naar La Tremblade, dan hebben wij alles voor je!","_seopress_robots_index":"","footnotes":""},"class_list":["post-2221","page","type-page","status-publish","hentry"],"acf":[],"_links":{"self":[{"href":"https:\/\/www.camping-la-clairiere.com\/nl\/wp-json\/wp\/v2\/pages\/2221","targetHints":{"allow":["GET"]}}],"collection":[{"href":"https:\/\/www.camping-la-clairiere.com\/nl\/wp-json\/wp\/v2\/pages"}],"about":[{"href":"https:\/\/www.camping-la-clairiere.com\/nl\/wp-json\/wp\/v2\/types\/page"}],"author":[{"embeddable":true,"href":"https:\/\/www.camping-la-clairiere.com\/nl\/wp-json\/wp\/v2\/users\/1"}],"replies":[{"embeddable":true,"href":"https:\/\/www.camping-la-clairiere.com\/nl\/wp-json\/wp\/v2\/comments?post=2221"}],"version-history":[{"count":1,"href":"https:\/\/www.camping-la-clairiere.com\/nl\/wp-json\/wp\/v2\/pages\/2221\/revisions"}],"predecessor-version":[{"id":2222,"href":"https:\/\/www.camping-la-clairiere.com\/nl\/wp-json\/wp\/v2\/pages\/2221\/revisions\/2222"}],"wp:attachment":[{"href":"https:\/\/www.camping-la-clairiere.com\/nl\/wp-json\/wp\/v2\/media?parent=2221"}],"curies":[{"name":"wp","href":"https:\/\/api.w.org\/{rel}","templated":true}]}}