{"id":2155,"date":"2026-04-01T10:24:06","date_gmt":"2026-04-01T08:24:06","guid":{"rendered":"https:\/\/www.camping-la-clairiere.com\/veelgestelde-vragen\/"},"modified":"2026-04-09T17:06:53","modified_gmt":"2026-04-09T15:06:53","slug":"veelgestelde-vragen","status":"publish","type":"page","link":"https:\/\/www.camping-la-clairiere.com\/nl\/veelgestelde-vragen\/","title":{"rendered":"Veelgestelde vragen"},"content":{"rendered":"\n<div class=\"wp-block-group alignfull is-layout-flow wp-block-group-is-layout-flow\" style=\"margin-top:0;margin-bottom:0;padding-top:0;padding-right:0;padding-bottom:0;padding-left:0\">\n<div class=\"wp-block-group is-layout-flow wp-block-group-is-layout-flow\">\n<div class=\"wp-block-cover alignfull has-custom-content-position is-position-bottom-center\" style=\"padding-top:0;padding-right:0;padding-bottom:0;padding-left:0;min-height:100vh;aspect-ratio:unset;\"><img alt=\"Sentier bois\u00e9 menant \u00e0 une plage ensoleill\u00e9e.\" decoding=\"async\" width=\"2560\" height=\"1440\" class=\"wp-block-cover__image-background wp-image-413 size-16\/9_2560x1440_desktop\" alt=\"\" src=\"https:\/\/www.camping-la-clairiere.com\/wp-content\/uploads\/2026\/04\/25f3d17d632554d75e1cf1188c2e5e1db496a9bf-2560x1440.jpg\" data-object-fit=\"cover\" srcset=\"https:\/\/www.camping-la-clairiere.com\/wp-content\/uploads\/2026\/04\/25f3d17d632554d75e1cf1188c2e5e1db496a9bf-2560x1440.jpg 2560w, https:\/\/www.camping-la-clairiere.com\/wp-content\/uploads\/2026\/04\/25f3d17d632554d75e1cf1188c2e5e1db496a9bf-1920x1080.jpg 1920w, https:\/\/www.camping-la-clairiere.com\/wp-content\/uploads\/2026\/04\/25f3d17d632554d75e1cf1188c2e5e1db496a9bf-1440x810.jpg 1440w, https:\/\/www.camping-la-clairiere.com\/wp-content\/uploads\/2026\/04\/25f3d17d632554d75e1cf1188c2e5e1db496a9bf-1366x768.jpg 1366w, https:\/\/www.camping-la-clairiere.com\/wp-content\/uploads\/2026\/04\/25f3d17d632554d75e1cf1188c2e5e1db496a9bf-1024x576.jpg 1024w, https:\/\/www.camping-la-clairiere.com\/wp-content\/uploads\/2026\/04\/25f3d17d632554d75e1cf1188c2e5e1db496a9bf-800x450.jpg 800w, https:\/\/www.camping-la-clairiere.com\/wp-content\/uploads\/2026\/04\/25f3d17d632554d75e1cf1188c2e5e1db496a9bf-640x360.jpg 640w, https:\/\/www.camping-la-clairiere.com\/wp-content\/uploads\/2026\/04\/25f3d17d632554d75e1cf1188c2e5e1db496a9bf-375x210.jpg 375w, https:\/\/www.camping-la-clairiere.com\/wp-content\/uploads\/2026\/04\/25f3d17d632554d75e1cf1188c2e5e1db496a9bf-200x112.jpg 200w, https:\/\/www.camping-la-clairiere.com\/wp-content\/uploads\/2026\/04\/25f3d17d632554d75e1cf1188c2e5e1db496a9bf-100x56.jpg 100w\" sizes=\"(max-width: 2560px) 100vw, 2560px\" \/><span aria-hidden=\"true\" class=\"wp-block-cover__background has-transparent-background-color has-background-dim-100 has-background-dim\"><\/span><div class=\"wp-block-cover__inner-container is-layout-flow wp-block-cover-is-layout-flow\">\n<div class=\"wp-block-group has-secondary-gradient-gradient-background has-background has-global-padding is-layout-constrained wp-block-group-is-layout-constrained\">\n<div style=\"height:15vh\" aria-hidden=\"true\" class=\"wp-block-spacer\"><\/div>\n<\/div>\n<\/div><\/div>\n<\/div>\n<\/div>\n\n\n<div style=\"padding-top:10px;padding-left:10px;\" class=\"alignfull wp-elements-c549f836684188f85e65cc5f157bd5e7 wp-block-wpseopress-breadcrumbs\"><nav  aria-label=\"breadcrumb\"><ol class=\"breadcrumb\" itemscope itemtype=\"https:\/\/schema.org\/BreadcrumbList\"><li class=\"breadcrumb-item active\" aria-current=\"page\" itemprop=\"itemListElement\" itemscope itemtype=\"https:\/\/schema.org\/ListItem\"><span itemprop=\"name\">Camping La Tremblade<\/span><meta itemprop=\"position\" content=\"1\"><\/li><\/ol><\/nav><\/div>\n\n\n<div style=\"height:var(--wp--preset--spacing--xxxl)\" aria-hidden=\"true\" class=\"wp-block-spacer\"><\/div>\n\n\n\n<div class=\"wp-block-group alignfull has-global-padding is-layout-constrained wp-container-core-group-is-layout-076db290 wp-block-group-is-layout-constrained\" style=\"margin-top:0;padding-top:0;padding-right:var(--wp--preset--spacing--l);padding-bottom:0;padding-left:var(--wp--preset--spacing--l)\">\n<div class=\"wp-block-group has-global-padding is-layout-constrained wp-container-core-group-is-layout-6d08aa83 wp-block-group-is-layout-constrained\" style=\"margin-top:0;margin-bottom:0;padding-top:0;padding-right:0;padding-bottom:0;padding-left:0\">\n<figure class=\"wp-block-image aligncenter size-large is-resized\"><img alt=\"Bonbon ray\u00e9 rose et blanc.\" decoding=\"async\" width=\"1024\" height=\"916\" src=\"https:\/\/www.camping-la-clairiere.com\/wp-content\/uploads\/2026\/04\/4af274f244d018dbb3c8e8a148bcd064e4a2990b-1024x916.png\" alt=\"\" class=\"wp-image-451\" style=\"width:50px\"\/><\/figure>\n<\/div>\n\n\n\n<div class=\"wp-block-group has-global-padding is-layout-constrained wp-container-core-group-is-layout-72d38984 wp-block-group-is-layout-constrained\" style=\"margin-top:0;margin-bottom:0;padding-top:0;padding-right:0;padding-bottom:0;padding-left:0\">\n<h1 class=\"wp-block-heading has-text-align-center is-style-top-title is-style-top-title--1\" style=\"margin-bottom:0\">Vind snel de antwoorden op je meest gestelde vragen<\/h1>\n\n\n\n<p class=\"has-text-align-center is-style-title-below is-style-title-below--2\" style=\"padding-bottom:0\">Alle informatie die je nodig hebt op \u00e9\u00e9n plek.<\/p>\n\n\n\n<div class=\"wp-block-group has-global-padding is-layout-constrained wp-block-group-is-layout-constrained\">\n<p class=\"has-text-align-center\" style=\"margin-bottom:0px\"><br>Deze <strong>FAQ<\/strong> helpt u de antwoorden te vinden op de meest gestelde vragen over onze <strong><a href=\"https:\/\/www.camping-la-clairiere.com\/nl\/\" data-type=\"page\" data-id=\"353\">camping La Tremblade<\/a><\/strong>Onze vakantie, diensten en praktische informatie. Een eenvoudig en duidelijk formaat om u te helpen bij de voorbereiding van uw vakantie of om eventuele twijfels weg te nemen voordat u aankomt. Omdat het juiste antwoord op het juiste moment betekent dat u met een gerust hart kunt vertrekken.  <\/p>\n<\/div>\n<\/div>\n<\/div>\n\n\n\n<div style=\"height:var(--wp--preset--spacing--xxxl)\" aria-hidden=\"true\" class=\"wp-block-spacer\"><\/div>\n\n\n\n<div class=\"wp-block-group alignfull is-layout-flow wp-block-group-is-layout-flow\" style=\"padding-right:var(--wp--preset--spacing--xxxxl);padding-left:var(--wp--preset--spacing--xxxxl)\">\n<div class=\"pfq\">\n  \n  \n  <nav class=\"pfq__themes\">\n    <h2>Thema's<\/h2>\n    <ul>\n      \n        <li class=\"pfq__theme active\" data-pfq-group=\"group-0\">\n          <a href=\"#\">FAQ Camping La Clairi\u00e8re<\/a>\n        <\/li>\n\n          <\/ul>\n  <\/nav>\n\n  <div class=\"pfq__questions\">\n    \n      <div class=\"pfq__questions__group visible\" data-pfq-group=\"group-0\">\n\n        <h3>FAQ Camping La Clairi\u00e8re<\/h3>\n\n        \n          <div class=\"pfq__question\"  >\n            <h4 class=\"pfq__question__title\">Is de camping aangesloten bij VACAF?<\/h4>\n            <div class=\"pfq__answer\"><p>Nee, de camping heeft geen VACAF-goedkeuring.<\/p>\n<\/div>\n          <\/div>\n\n        \n          <div class=\"pfq__question\"  >\n            <h4 class=\"pfq__question__title\">Zijn huisdieren toegestaan op de camping?<\/h4>\n            <div class=\"pfq__answer\"><p>Honden die niet tot categorie 1 en 2 behoren zijn toegestaan in de cottages (behalve in onze Premium cottages), in de villa en op de kale staanplaatsen. Inentingsbewijs verplicht. Deze service is betalend (\u20ac6\/nacht). Een hondendouche, hondenpoepbakken en natuurgebieden zijn beschikbaar.   <\/p>\n<\/div>\n          <\/div>\n\n        \n          <div class=\"pfq__question\"  >\n            <h4 class=\"pfq__question__title\">Hoe kom ik op de camping?<\/h4>\n            <div class=\"pfq__answer\"><ul>\n<li>Met de auto: Via La Rochelle dan Rochefort-en-mer of via Saintes dan Saujon.<\/li>\n<li>Met het vliegtuig: luchthavens van Bordeaux of La Rochelle<\/li>\n<li>Met de trein: Eerste station in Royan of Saujon<\/li>\n<\/ul>\n<p>Op de camping blijft fietsen het populairste vervoermiddel voor onze vakantiegangers<\/p>\n<\/div>\n          <\/div>\n\n        \n          <div class=\"pfq__question\"  >\n            <h4 class=\"pfq__question__title\">Kan ik mijn perceel kiezen voordat ik aankom?<\/h4>\n            <div class=\"pfq__answer\"><p>Je kunt je kampeerplaats kiezen aan de hand van criteria (rustig, schaduwrijk, zonnig) met de optie<\/p>\n<p>&#8220;Voorkeursplaats voor \u20ac20&#8221;.<\/p>\n<\/div>\n          <\/div>\n\n        \n          <div class=\"pfq__question\"  >\n            <h4 class=\"pfq__question__title\">Zijn er fietsen te huur?<\/h4>\n            <div class=\"pfq__answer\"><p>Ja, we bieden fietsverhuur met dagelijks onderhoud door onze serviceprovider (service tegen betaling).<\/p>\n<\/div>\n          <\/div>\n\n        \n          <div class=\"pfq__question\"  >\n            <h4 class=\"pfq__question__title\">Hoe laat kan ik aankomen?<\/h4>\n            <div class=\"pfq__answer\"><p>Voor verhuur van stacaravans en villa&#8217;s: 17.00 tot 19.30 uur<br \/>\nVoor kale kampeerplaatsen: 14.00 tot 19.30 uur<br \/>\n<b>Vergeet niet te controleren of je op zaterdag of zondag aankomt.<\/b><\/p>\n<\/div>\n          <\/div>\n\n        \n          <div class=\"pfq__question\"  >\n            <h4 class=\"pfq__question__title\">Hoe laat moet ik mijn stacaravan of kampeerplaats verlaten?<\/h4>\n            <div class=\"pfq__answer\"><ul>\n<li>Stacaravans en villa&#8217;s: v\u00f3\u00f3r 10.00 uur.<\/li>\n<li>Kale staanplaatsen tot 12 uur.<\/li>\n<\/ul>\n<p>Polsbandjes moeten op de dag van vertrek worden ingeleverd bij de receptie.<\/p>\n<\/div>\n          <\/div>\n\n        \n          <div class=\"pfq__question\"  >\n            <h4 class=\"pfq__question__title\">Kan ik er als eerste zijn?<\/h4>\n            <div class=\"pfq__answer\"><p>We kunnen je accommodatie niet garanderen voor 17.00 uur, maar in de tussentijd kun je gebruikmaken van onze faciliteiten en diensten. Check gewoon in bij de receptie en ontvang je polsbandje. <\/p>\n<\/div>\n          <\/div>\n\n        \n          <div class=\"pfq__question\"  >\n            <h4 class=\"pfq__question__title\">Wat moet ik doen als ik aankom na de openingstijden van de receptie?<\/h4>\n            <div class=\"pfq__answer\"><p>Laat het ons weten via e-mail of telefoon en wij zullen u informeren over de te volgen procedure.<\/p>\n<p><b>Let op: Kampeerders mogen hun auto&#8217;s, caravans of campers niet binnenbrengen na 23.00 uur.<\/b><\/p>\n<\/div>\n          <\/div>\n\n        \n          <div class=\"pfq__question\"  >\n            <h4 class=\"pfq__question__title\">Ligt de camping ver van het strand?<\/h4>\n            <div class=\"pfq__answer\"><p>Het eerste strand is in Ronce-Les-Bains, op slechts 2,5 km van de camping.<\/p>\n<p>De brede stranden aan de Atlantische kust zijn bereikbaar vanuit Rone-Les-Bains.<\/p>\n<\/div>\n          <\/div>\n\n        \n          <div class=\"pfq__question\"  >\n            <h4 class=\"pfq__question__title\">Ligt de camping ver van Ile d&#039;Ol\u00e9ron ? Royan? La Palmyre  <\/h4>\n            <div class=\"pfq__answer\"><p>De eilanden Ol\u00e9ron en Royan liggen op ongeveer twintig kilometer van de camping.<\/p>\n<p>La Palmyre ligt op slechts 10 kilometer.<\/p>\n<\/div>\n          <\/div>\n\n        \n          <div class=\"pfq__question\"  >\n            <h4 class=\"pfq__question__title\">Welke uitrusting kan ik huren?<\/h4>\n            <div class=\"pfq__answer\"><p>Huuraanvragen moeten worden ingediend bij onze receptie of op het moment van boeken voor de gehele duur van je verblijf, afhankelijk van beschikbaarheid:<\/p>\n<ul>\n<li>babypakket inclusief kinderbed, kinderstoel en badje op aanvraag (\u20ac7 per nacht)<\/li>\n<li>Plancha (\u20ac6\/nacht)<\/li>\n<li>Top koelkast (\u20ac7\/nacht)<\/li>\n<li>Koelkast met vriesvak (\u20ac9\/nacht)<\/li>\n<\/ul>\n<\/div>\n          <\/div>\n\n        \n          <div class=\"pfq__question\"  >\n            <h4 class=\"pfq__question__title\">Heeft de camping een sporthal?<\/h4>\n            <div class=\"pfq__answer\"><p>Nee, de camping beschikt niet over een sporthal, maar wel over :<\/p>\n<ul>\n<li>Tafeltennistafels<\/li>\n<li>Een multisportpark<\/li>\n<li>Een tennisbaan<\/li>\n<li>Midgetgolf<\/li>\n<li>Manden met sportschoenen<\/li>\n<li>Een petanquebaan<\/li>\n<\/ul>\n<\/div>\n          <\/div>\n\n        \n          <div class=\"pfq__question\"  >\n            <h4 class=\"pfq__question__title\">Zijn er evenementen?<\/h4>\n            <div class=\"pfq__answer\"><p>Ja, overdag: &#8217;s ochtends sportactiviteiten en &#8217;s middags buitenspelen<\/p>\n<p>&#8217;s Avonds: shows (muziek, magie, dans, etc.), spelletjes (waaronder aperitiefspelletjes), minidisco voor peuters, dansavonden en avonden in de lagune.<\/p>\n<p>Het animatieprogramma is beschikbaar op onze app, op de mededelingenborden (receptie en entree) en in de bar.<\/p>\n<\/div>\n          <\/div>\n\n        \n          <div class=\"pfq__question\"  >\n            <h4 class=\"pfq__question__title\">Hoe werkt Wifi?<\/h4>\n            <div class=\"pfq__answer\"><p>Wifi is een betalende dienst. Je kunt verbinding maken en direct online betalen. <\/p>\n<\/div>\n          <\/div>\n\n        \n          <div class=\"pfq__question\"  >\n            <h4 class=\"pfq__question__title\">Wat zijn de openingstijden van de zwembaden? De lagune? De rodelbaan?  <\/h4>\n            <div class=\"pfq__answer\"><ul>\n<li>Het zwembad is geopend van 10.15 tot 19.30 uur.<\/li>\n<li>Le Lagon is geopend van 10.30 tot 20.00 uur.<\/li>\n<li>Le Toboggan is geopend van 11.00 tot 19.30 uur.<\/li>\n<\/ul>\n<\/div>\n          <\/div>\n\n        \n          <div class=\"pfq__question\"  >\n            <h4 class=\"pfq__question__title\">Wat moet ik aantrekken voor het zwembad? De lagune of de glijbaan? <\/h4>\n            <div class=\"pfq__answer\"><p>Om te voldoen aan de hygi\u00ebnische normen van gemeentelijke zwembaden, is voor mannen alleen een zwembroek toegestaan. Voor vrouwen: eendelige en\/of tweedelige zwemkleding; andere kleding is niet toegestaan. Baby&#8217;s moeten een speciale luier dragen.  <\/p>\n<\/div>\n          <\/div>\n\n        \n          <div class=\"pfq__question\"  >\n            <h4 class=\"pfq__question__title\">Als ik een bezoeker ben, heb ik dan toegang tot de watergebieden?  <\/h4>\n            <div class=\"pfq__answer\"><p>Alleen het management is bevoegd om toestemming te geven, maar om veiligheidsredenen krijgen bezoekers over het algemeen geen toegang.<\/p>\n<\/div>\n          <\/div>\n\n        \n          <div class=\"pfq__question\"  >\n            <h4 class=\"pfq__question__title\">Kan ik mijn kinderen alleen in het water laten als ze kunnen zwemmen?<\/h4>\n            <div class=\"pfq__answer\"><p>Nee, kinderen blijven onder de verantwoordelijkheid en het toezicht van hun ouders (zelfs in aanwezigheid van een toezichthouder, wiens aanwezigheid niet verplicht is op campings).<\/p>\n<\/div>\n          <\/div>\n\n        \n          <div class=\"pfq__question\"  >\n            <h4 class=\"pfq__question__title\">Zijn er supermarkten in de buurt van de camping?<\/h4>\n            <div class=\"pfq__answer\"><p>De dichtstbijzijnde winkel ligt op 5 minuten rijden:<\/p>\n<p>. Op de camping vind je een Proxi kruidenierswinkel.<\/p>\n<\/div>\n          <\/div>\n\n        \n          <div class=\"pfq__question\"  >\n            <h4 class=\"pfq__question__title\">Hoeveel mensen kunnen er slapen in de stacaravan die ik heb gehuurd?<\/h4>\n            <div class=\"pfq__answer\"><p>Houd er rekening mee dat het verboden is om de maximale capaciteit van de gehuurde stacaravan te overschrijden. Alle kenmerken van de stacaravan staan vermeld op onze website. <\/p>\n<\/div>\n          <\/div>\n\n        \n          <div class=\"pfq__question\"  >\n            <h4 class=\"pfq__question__title\">Waaruit bestaat mijn stacaravan? Wat zit er in de gehuurde stacaravan? Wat moet ik meebrengen?  <\/h4>\n            <div class=\"pfq__answer\"><p>Aarzel niet om onze site te raadplegen via de tab Accommodatie.<\/p>\n<\/div>\n          <\/div>\n\n        \n          <div class=\"pfq__question\"  >\n            <h4 class=\"pfq__question__title\">Accepteert u minderjarigen die met vrienden kamperen?<\/h4>\n            <div class=\"pfq__answer\"><p>Minderjarigen mogen niet op een camping verblijven zonder de aanwezigheid van een ouder of voogd. Uitzonderingen worden niet geaccepteerd. <\/p>\n<\/div>\n          <\/div>\n\n        \n          <div class=\"pfq__question\"  >\n            <h4 class=\"pfq__question__title\">We hebben een stacaravan of kampeerplaats gehuurd en een paar vrienden willen met ons mee. Wat moet ik doen?<\/h4>\n            <div class=\"pfq__answer\"><p>Je moet de camping hiervan schriftelijk op de hoogte stellen en toestemming vragen, die alleen wordt verleend als de accommodatie dit toelaat, afhankelijk van de capaciteit. Er moet een toeslag worden betaald afhankelijk van de leeftijd van de betrokken personen. <\/p>\n<\/div>\n          <\/div>\n\n        \n          <div class=\"pfq__question\"  >\n            <h4 class=\"pfq__question__title\">Ik heb twee voertuigen, kan ik die op mijn perceel parkeren?<\/h4>\n            <div class=\"pfq__answer\"><p>Slechts \u00e9\u00e9n voertuig is toegestaan op het perceel. Alle andere voertuigen moeten op de gratis parkeerplaats buiten geparkeerd worden. <\/p>\n<\/div>\n          <\/div>\n\n        \n          <div class=\"pfq__question\"  >\n            <h4 class=\"pfq__question__title\">Hoe kan ik mijn borg betalen?<\/h4>\n            <div class=\"pfq__answer\"><p>De aanbetaling dient op het moment van boeken direct online of per bankoverschrijving te worden voldaan.<\/p>\n<\/div>\n          <\/div>\n\n        \n          <div class=\"pfq__question\"  >\n            <h4 class=\"pfq__question__title\">Hoe kan ik mijn verblijf betalen?<\/h4>\n            <div class=\"pfq__answer\"><p>Het restbedrag van je verblijf moet 30 dagen voor aankomst worden betaald.<\/p>\n<p>Je kunt direct online betalen op onze beveiligde website, per bankoverschrijving of ANCV.<\/p>\n<\/div>\n          <\/div>\n\n        \n          <div class=\"pfq__question\"  >\n            <h4 class=\"pfq__question__title\">Hoe gebruik ik mijn voucher?<\/h4>\n            <div class=\"pfq__answer\"><p>Als je online boekt, geef dan de waarde van je voucher aan bij de opmerkingen of neem contact op met de camping onder vermelding van de voucherreferenties.<\/p>\n<p>Zodra we je boeking hebben ontvangen, passen we je voucher toe en sturen we je een boekingsbevestiging.<\/p>\n<\/div>\n          <\/div>\n\n        \n          <div class=\"pfq__question\"  >\n            <h4 class=\"pfq__question__title\">Welke activiteiten zijn er in de regio?<\/h4>\n            <div class=\"pfq__answer\"><p align=\"justify\">Charente Maritime is een must voor een vakantie aan de <strong>Atlantische kust<\/strong>. Bezoek de eilanden: Ile de R\u00e9, Ile d&#8217;Ol\u00e9ron en Ile d&#8217;Aix. Ze zijn <strong>gemakkelijk bereikbaar<\/strong> vanaf de camping La Tremblade en La Clairi\u00e8re. Ontdek Royan, Rochefort&#8230;.   <\/p>\n<\/div>\n          <\/div>\n\n        \n          <div class=\"pfq__question\"  >\n            <h4 class=\"pfq__question__title\">Hoe kan ik mijn vakantie wijzigen of annuleren?<\/h4>\n            <div class=\"pfq__answer\"><p>Door een brief of e-mail te sturen naar de camping.<\/p>\n<p>De voorwaarden voor het annuleren of wijzigen van een verblijf staan beschreven in onze Algemene Verkoopvoorwaarden, die u kunt bekijken op onze website.<\/p>\n<\/div>\n          <\/div>\n\n        \n          <div class=\"pfq__question\"  >\n            <h4 class=\"pfq__question__title\">Wat is het doel van een annuleringsverzekering?<\/h4>\n            <div class=\"pfq__answer\"><p>Hiermee kunt u de betaalde bedragen (na aftrek van het eigen risico) terugkrijgen in geval van onvoorziene omstandigheden die zich v\u00f3\u00f3r uw vertrek voordoen.<br \/>\nDe annuleringskosten worden gedekt tegen een tarief van 4% van de totale kosten van het verblijf, ongeacht of u in een huuraccommodatie verblijft of op een kampeerplaats.<br \/>\nDeze door de camping aangeboden dekking moet bij de reservering worden afgesloten en is met name van toepassing op de volgende situaties (niet-limitatieve lijst):<\/p>\n<p>- Ernstige ziekte, ernstig ongeval of overlijden van een familielid,<br \/>\n- Zwangerschapscomplicaties<br \/>\n- Grote materi\u00eble schade die uw aanwezigheid vereist (brand, waterschade, inbraak, enz.),<br \/>\n- Overlijden,<br \/>\n- Ongeval of totale diefstal van uw voertuig of uw woning&#8230;<\/p>\n<p>Als je het vergeet toe te voegen, kun je dit binnen 48 uur doen door rechtstreeks contact op te nemen met de camping.<\/p>\n<\/div>\n          <\/div>\n\n        \n      <\/div>\n\n    \n  <\/div>\n<\/div>\n<\/div>\n\n\n\n<div style=\"height:10rem\" aria-hidden=\"true\" class=\"wp-block-spacer\"><\/div>\n","protected":false},"excerpt":{"rendered":"<p>Vind snel de antwoorden op je meest gestelde vragen Alle informatie die je nodig hebt op \u00e9\u00e9n plek. Deze FAQ helpt u de antwoorden te vinden op de meest gestelde vragen over onze camping La TrembladeOnze vakantie, diensten en praktische informatie. Een eenvoudig en duidelijk formaat om u te helpen bij de voorbereiding van uw [&hellip;]<\/p>\n","protected":false},"author":1,"featured_media":0,"parent":0,"menu_order":0,"comment_status":"closed","ping_status":"closed","template":"page-full-width","meta":{"_acf_changed":false,"_seopress_robots_primary_cat":"","_seopress_titles_title":"FAQ Camping La Clairi\u00e8re \u00e0 La Tremblade | Alle antwoorden op uw vragen","_seopress_titles_desc":"Raadpleeg onze FAQ met alle informatie die je nodig hebt om je verblijf op Camping La Clairi\u00e8re in La Tremblade, Charente-Maritime voor te bereiden.","_seopress_robots_index":"","footnotes":""},"class_list":["post-2155","page","type-page","status-publish","hentry"],"acf":[],"_links":{"self":[{"href":"https:\/\/www.camping-la-clairiere.com\/nl\/wp-json\/wp\/v2\/pages\/2155","targetHints":{"allow":["GET"]}}],"collection":[{"href":"https:\/\/www.camping-la-clairiere.com\/nl\/wp-json\/wp\/v2\/pages"}],"about":[{"href":"https:\/\/www.camping-la-clairiere.com\/nl\/wp-json\/wp\/v2\/types\/page"}],"author":[{"embeddable":true,"href":"https:\/\/www.camping-la-clairiere.com\/nl\/wp-json\/wp\/v2\/users\/1"}],"replies":[{"embeddable":true,"href":"https:\/\/www.camping-la-clairiere.com\/nl\/wp-json\/wp\/v2\/comments?post=2155"}],"version-history":[{"count":2,"href":"https:\/\/www.camping-la-clairiere.com\/nl\/wp-json\/wp\/v2\/pages\/2155\/revisions"}],"predecessor-version":[{"id":2394,"href":"https:\/\/www.camping-la-clairiere.com\/nl\/wp-json\/wp\/v2\/pages\/2155\/revisions\/2394"}],"wp:attachment":[{"href":"https:\/\/www.camping-la-clairiere.com\/nl\/wp-json\/wp\/v2\/media?parent=2155"}],"curies":[{"name":"wp","href":"https:\/\/api.w.org\/{rel}","templated":true}]}}