{"id":2089,"date":"2026-03-30T18:17:34","date_gmt":"2026-03-30T16:17:34","guid":{"rendered":"https:\/\/www.camping-la-clairiere.com\/privacybeleid\/"},"modified":"2026-04-09T09:10:54","modified_gmt":"2026-04-09T07:10:54","slug":"privacybeleid","status":"publish","type":"page","link":"https:\/\/www.camping-la-clairiere.com\/nl\/privacybeleid\/","title":{"rendered":"Privacybeleid"},"content":{"rendered":"\n<div class=\"wp-block-group alignfull is-layout-flow wp-block-group-is-layout-flow\" style=\"margin-top:0;margin-bottom:0;padding-top:0;padding-right:0;padding-bottom:0;padding-left:0\">\n<div class=\"wp-block-group is-layout-flow wp-block-group-is-layout-flow\">\n<div class=\"wp-block-cover alignfull has-custom-content-position is-position-bottom-center\" style=\"padding-top:0;padding-right:0;padding-bottom:0;padding-left:0;min-height:100vh;aspect-ratio:unset;\"><img alt=\"Camping avec tentes et arbres en for\u00eat.\" decoding=\"async\" class=\"wp-block-cover__image-background wp-image-789 size-16\/9_2560x1440_desktop\" alt=\"\" src=\"https:\/\/www.camping-helios.com\/wp-content\/uploads\/2026\/02\/header-camping-helios-vias-plage-herault_03-2560x1440.webp\" data-object-fit=\"cover\"\/><span aria-hidden=\"true\" class=\"wp-block-cover__background has-transparent-background-color has-background-dim-100 has-background-dim\"><\/span><div class=\"wp-block-cover__inner-container is-layout-flow wp-block-cover-is-layout-flow\">\n<div class=\"wp-block-group has-secondary-gradient-gradient-background has-background has-global-padding is-layout-constrained wp-block-group-is-layout-constrained\">\n<div style=\"height:15vh\" aria-hidden=\"true\" class=\"wp-block-spacer\"><\/div>\n<\/div>\n<\/div><\/div>\n<\/div>\n<\/div>\n<div style=\"padding-top:10px;padding-left:10px;\" class=\"alignfull wp-elements-c549f836684188f85e65cc5f157bd5e7 wp-block-wpseopress-breadcrumbs\"><nav  aria-label=\"breadcrumb\"><ol class=\"breadcrumb\" itemscope itemtype=\"https:\/\/schema.org\/BreadcrumbList\"><li class=\"breadcrumb-item active\" aria-current=\"page\" itemprop=\"itemListElement\" itemscope itemtype=\"https:\/\/schema.org\/ListItem\"><span itemprop=\"name\">Camping La Tremblade<\/span><meta itemprop=\"position\" content=\"1\"><\/li><\/ol><\/nav><\/div>\n<div style=\"height:100px\" aria-hidden=\"true\" class=\"wp-block-spacer\"><\/div>\n\n<div class=\"wp-block-group alignfull has-global-padding is-layout-constrained wp-container-core-group-is-layout-09e5ca7d wp-block-group-is-layout-constrained\" style=\"margin-top:0;padding-right:var(--wp--preset--spacing--l);padding-left:var(--wp--preset--spacing--l)\">\n<div class=\"wp-block-group has-global-padding is-layout-constrained wp-container-core-group-is-layout-6d08aa83 wp-block-group-is-layout-constrained\" style=\"margin-top:0;margin-bottom:0;padding-top:0;padding-right:0;padding-bottom:0;padding-left:0\">\n<figure class=\"wp-block-image aligncenter size-large is-resized\"><img alt=\"Bonbon ray\u00e9 rose et blanc.\" decoding=\"async\" width=\"1024\" height=\"916\" src=\"https:\/\/www.camping-la-clairiere.com\/wp-content\/uploads\/2026\/04\/4af274f244d018dbb3c8e8a148bcd064e4a2990b-1024x916.png\" alt=\"\" class=\"wp-image-451\" style=\"width:50px\"\/><\/figure>\n<\/div>\n\n\n\n<div class=\"wp-block-group has-global-padding is-layout-constrained wp-block-group-is-layout-constrained\">\n<h1 class=\"wp-block-heading has-text-align-center is-style-top-title is-style-top-title--1\"><strong>Privacybeleid<\/strong><br\/><\/h1>\n\n\n\n<p class=\"has-text-align-center\">Raadpleeg het volgende privacybeleid voor onze camping La Clairi\u00e8re in La Tremblade<\/p>\n<\/div>\n<\/div>\n\n<div style=\"height:100px\" aria-hidden=\"true\" class=\"wp-block-spacer\"><\/div>\n\n<div class=\"wp-block-group has-global-padding is-layout-constrained wp-container-core-group-is-layout-41c22256 wp-block-group-is-layout-constrained\" style=\"padding-right:var(--wp--preset--spacing--l);padding-left:var(--wp--preset--spacing--l)\">\n<h2 class=\"wp-block-heading\"><br\/><strong>Collecte de l\u2019information<\/strong><br\/><\/h2>\n\n\n\n<p>Nous recueillons des informations lorsque vous naviguez sur le site, lorsque vous passez une commande et lorsque vous remplissez l\u2019un des formulaires.<\/p>\n\n\n\n<p>En outre, nous recevons et enregistrons automatiquement des informations \u00e0 partir de votre ordinateur et navigateur, comme :<\/p>\n\n\n\n<p>IP-adres<\/p>\n\n\n\n<p>Type hardware en gebruikte browser<\/p>\n\n\n\n<p>Pagina(&#8216;s) die u bekijkt<br\/><\/p>\n\n\n\n<h2 class=\"wp-block-heading\"><strong>Utilisation des informations<\/strong><br\/><\/h2>\n\n\n\n<p>Alle informatie die we van u verzamelen kan worden gebruikt voor :<\/p>\n\n\n\n<p>Personnaliser votre exp\u00e9rience et r\u00e9pondre \u00e0 vos besoins individuels<\/p>\n\n\n\n<p>Fournir un contenu publicitaire personnalis\u00e9<\/p>\n\n\n\n<p>Am\u00e9liorer notre site Web<\/p>\n\n\n\n<p>Am\u00e9liorer le service client et vos besoins de prise en charge<\/p>\n\n\n\n<p>Vous contacter par email<\/p>\n\n\n\n<p>Administrer un concours, une promotion, ou une enqu\u00eate<br\/><\/p>\n\n\n\n<h2 class=\"wp-block-heading\"><strong>Divulgation \u00e0 des tiers<\/strong><br\/><\/h2>\n\n\n\n<p>Wij verkopen, verhandelen of geven uw persoonlijk identificeerbare informatie niet door aan derden. Dit geldt niet voor vertrouwde derden die ons helpen bij het beheren van onze website, zolang deze partijen ermee instemmen deze informatie vertrouwelijk te behandelen. <\/p>\n\n\n\n<p>Les informations non-priv\u00e9es, cependant, peuvent \u00eatre fournies \u00e0 d\u2019autres parties pour le marketing, la publicit\u00e9, ou d\u2019autres utilisations.<br\/><\/p>\n\n\n\n<h2 class=\"wp-block-heading\"><strong>Bescherming van informatie<\/strong><br\/><\/h2>\n\n\n\n<p>Nous mettons en \u0153uvre une vari\u00e9t\u00e9 de mesures de s\u00e9curit\u00e9 pour pr\u00e9server la s\u00e9curit\u00e9 de vos informations personnelles :<\/p>\n\n\n\n<p>Protocole SSL<\/p>\n\n\n\n<p>Gestion des acc\u00e8s par login\/mot de passe<\/p>\n\n\n\n<p>Logiciels de surveillance r\u00e9seau<\/p>\n\n\n\n<p>Sauvegardes informatiques multiples<\/p>\n\n\n\n<p>Pare-feu<\/p>\n\n\n\n<p>We beschermen je informatie ook offline. Alleen werknemers die een specifieke taak moeten uitvoeren (bijvoorbeeld facturering of klantenservice) hebben toegang tot persoonlijk identificeerbare informatie. De computers en servers die worden gebruikt om persoonlijk identificeerbare informatie op te slaan, staan in een beveiligde omgeving.  <br\/><\/p>\n\n\n\n<h2 class=\"wp-block-heading\"><strong>Cookies<\/strong><br\/><\/h2>\n\n\n\n<p>Cookies zijn tekstbestanden, vaak gecodeerd, die in uw browser worden opgeslagen. Ze worden aangemaakt wanneer de browser van een gebruiker een bepaalde website laadt: de site stuurt informatie naar de browser, die vervolgens een tekstbestand aanmaakt. Telkens wanneer de gebruiker terugkeert naar dezelfde site, haalt de browser dit bestand op en stuurt het naar de server van de website.  <\/p>\n\n\n\n<p>Er zijn twee soorten cookies, die niet hetzelfde doel dienen: technische cookies en advertentiecookies:<br\/><\/p>\n\n\n\n<p>Cookies zijn tekstbestanden, vaak gecodeerd, die in uw browser worden opgeslagen. Ze worden aangemaakt wanneer de browser van een gebruiker een bepaalde website laadt: de site stuurt informatie naar de browser, die vervolgens een tekstbestand aanmaakt. Telkens wanneer de gebruiker terugkeert naar dezelfde site, haalt de browser dit bestand op en stuurt het naar de server van de website.  <\/p>\n\n\n\n<p>Er zijn twee soorten cookies, die niet hetzelfde doel dienen: technische cookies en advertentiecookies:<br\/><\/p>\n\n\n\n<p>We gebruiken technische cookies en advertentiecookies.<br\/><\/p>\n\n\n\n<p>We gebruiken Google Analytics, een statistisch hulpmiddel voor publieksanalyse dat een cookie genereert om het aantal bezoeken, het aantal bekeken pagina&#8217;s en de bezoekersactiviteit te meten. Uw IP-adres wordt ook verzameld om te bepalen vanuit welke stad u verbinding maakt. <br\/><\/p>\n\n\n\n<p>We willen u eraan herinneren dat u technische en advertentiecookies kunt weigeren door uw browser te configureren. Meer informatie over het gebruik van cookies vindt u op de website van de CNIL: http: <a href=\"http:\/\/www.cnil.fr\/vos-droits\/vos-traces\/les-cookies\/\">\/\/www.cnil.fr\/vos-droits\/vos-traces\/les-cookies\/<\/a> <br\/><\/p>\n\n\n\n<p>Een dergelijke weigering kan echter verhinderen dat de website naar behoren functioneert.<br\/><\/p>\n\n\n\n<h2 class=\"wp-block-heading\"><strong>Afmelden<\/strong><br\/><\/h2>\n\n\n\n<p>Wij gebruiken het door u opgegeven e-mailadres om u informatie en updates te sturen met betrekking tot uw bestelling, incidentele nieuwsberichten, productinformatie, nieuwe producten, enz. Als u zich op enig moment wilt afmelden en geen e-mails meer wilt ontvangen, kunt u <a href=\"https:\/\/www.camping-la-clairiere.com\/nl\/contact-en-toegang\/\"><strong>dit<\/strong><\/a> aanvragen door <strong>dit formulier<\/strong> in te vullen . <br\/><\/p>\n\n\n\n<h2 class=\"wp-block-heading\"><strong>Droit d\u2019acc\u00e8s, de modification et de suppression de vos donn\u00e9es<\/strong><br\/><\/h2>\n\n\n\n<p>Als u op enig moment toegang wilt tot uw persoonlijke gegevens, of als u deze wilt wijzigen of verwijderen, kunt u hiertoe een verzoek indienen via dit formulier.<\/p>\n\n\n\n<p>Wij bieden u het recht om bezwaar te maken tegen uw persoonlijke gegevens en deze in te trekken. Het recht om bezwaar te maken houdt in dat internetgebruikers kunnen weigeren dat hun persoonlijke gegevens worden gebruikt voor bepaalde doeleinden die worden genoemd op het moment dat de gegevens worden verzameld. <\/p>\n\n\n\n<p>Neem contact met ons op om deze rechten uit te oefenen:<br\/><\/p>\n\n\n\n<p>La Clairi\u00e8re<\/p>\n\n\n\n<p>Rue du Bois de la Pesse<br\/>17390 La Tremblade, FRANKRIJK<\/p>\n\n\n\n<p>+33 (0)5 46 36 36 63<\/p>\n\n\n\n<p>info@camping-la-clairiere.com<br\/><\/p>\n\n\n\n<h2 class=\"wp-block-heading\"><strong>Bewaren van gegevens<\/strong><br\/><\/h2>\n\n\n\n<p>De persoonlijke gegevens van onze webgebruikers worden maximaal 36 maanden bewaard.<br\/><\/p>\n\n\n\n<h2 class=\"wp-block-heading\"><strong>Toestemming<\/strong><br\/><\/h2>\n\n\n\n<p>Door onze site te gebruiken, gaat u akkoord met ons privacybeleid.<\/p>\n<\/div>\n\n<div style=\"height:10rem\" aria-hidden=\"true\" class=\"wp-block-spacer\"><\/div>\n","protected":false},"excerpt":{"rendered":"<p>Privacybeleid Raadpleeg het volgende privacybeleid voor onze camping La Clairi\u00e8re in La Tremblade Collecte de l\u2019information Nous recueillons des informations lorsque vous naviguez sur le site, lorsque vous passez une commande et lorsque vous remplissez l\u2019un des formulaires. En outre, nous recevons et enregistrons automatiquement des informations \u00e0 partir de votre ordinateur et navigateur, comme [&hellip;]<\/p>\n","protected":false},"author":1,"featured_media":0,"parent":0,"menu_order":0,"comment_status":"closed","ping_status":"closed","template":"page-full-width","meta":{"_acf_changed":false,"_seopress_robots_primary_cat":"","_seopress_titles_title":"Privacybeleid | Camping La Clairi\u00e8re \u00e0 La Tremblade","_seopress_titles_desc":"Dit privacybeleid beschrijft de persoonlijke gegevens die worden verzameld of gegenereerd (verwerkt) wanneer u de website gebruikt.","_seopress_robots_index":"","footnotes":""},"class_list":["post-2089","page","type-page","status-publish","hentry"],"acf":[],"_links":{"self":[{"href":"https:\/\/www.camping-la-clairiere.com\/nl\/wp-json\/wp\/v2\/pages\/2089","targetHints":{"allow":["GET"]}}],"collection":[{"href":"https:\/\/www.camping-la-clairiere.com\/nl\/wp-json\/wp\/v2\/pages"}],"about":[{"href":"https:\/\/www.camping-la-clairiere.com\/nl\/wp-json\/wp\/v2\/types\/page"}],"author":[{"embeddable":true,"href":"https:\/\/www.camping-la-clairiere.com\/nl\/wp-json\/wp\/v2\/users\/1"}],"replies":[{"embeddable":true,"href":"https:\/\/www.camping-la-clairiere.com\/nl\/wp-json\/wp\/v2\/comments?post=2089"}],"version-history":[{"count":3,"href":"https:\/\/www.camping-la-clairiere.com\/nl\/wp-json\/wp\/v2\/pages\/2089\/revisions"}],"predecessor-version":[{"id":2256,"href":"https:\/\/www.camping-la-clairiere.com\/nl\/wp-json\/wp\/v2\/pages\/2089\/revisions\/2256"}],"wp:attachment":[{"href":"https:\/\/www.camping-la-clairiere.com\/nl\/wp-json\/wp\/v2\/media?parent=2089"}],"curies":[{"name":"wp","href":"https:\/\/api.w.org\/{rel}","templated":true}]}}