{"id":1852,"date":"2026-04-07T13:47:39","date_gmt":"2026-04-07T11:47:39","guid":{"rendered":"https:\/\/www.camping-la-clairiere.com\/villas\/"},"modified":"2026-04-09T11:39:34","modified_gmt":"2026-04-09T09:39:34","slug":"villas","status":"publish","type":"page","link":"https:\/\/www.camping-la-clairiere.com\/nl\/villas\/","title":{"rendered":"Villa&#8217;s"},"content":{"rendered":"\n<div class=\"wp-block-group alignfull is-layout-flow wp-block-group-is-layout-flow\" style=\"margin-top:0;margin-bottom:0;padding-top:0;padding-right:0;padding-bottom:0;padding-left:0\">\n<div class=\"wp-block-group is-layout-flow wp-block-group-is-layout-flow\">\n<div class=\"wp-block-cover alignfull has-custom-content-position is-position-bottom-center\" style=\"padding-top:0;padding-right:0;padding-bottom:0;padding-left:0;min-height:100vh;aspect-ratio:unset;\"><img alt=\"\" decoding=\"async\" width=\"1024\" height=\"478\" class=\"wp-block-cover__image-background wp-image-1206 size-large\" alt=\"\" src=\"https:\/\/www.camping-la-clairiere.com\/wp-content\/uploads\/2026\/04\/villa-camping-la-clairiere-charente-maritimes_03-1024x478.webp\" data-object-fit=\"cover\" srcset=\"https:\/\/www.camping-la-clairiere.com\/wp-content\/uploads\/2026\/04\/villa-camping-la-clairiere-charente-maritimes_03-1024x478.webp 1024w, https:\/\/www.camping-la-clairiere.com\/wp-content\/uploads\/2026\/04\/villa-camping-la-clairiere-charente-maritimes_03-300x140.webp 300w, https:\/\/www.camping-la-clairiere.com\/wp-content\/uploads\/2026\/04\/villa-camping-la-clairiere-charente-maritimes_03-768x359.webp 768w, https:\/\/www.camping-la-clairiere.com\/wp-content\/uploads\/2026\/04\/villa-camping-la-clairiere-charente-maritimes_03.webp 2000w\" sizes=\"(max-width: 1024px) 100vw, 1024px\" \/><span aria-hidden=\"true\" class=\"wp-block-cover__background has-transparent-background-color has-background-dim-100 has-background-dim\"><\/span><div class=\"wp-block-cover__inner-container is-layout-flow wp-block-cover-is-layout-flow\">\n<div class=\"wp-block-group has-secondary-gradient-gradient-background has-background has-global-padding is-layout-constrained wp-block-group-is-layout-constrained\">\n<div style=\"height:15vh\" aria-hidden=\"true\" class=\"wp-block-spacer\"><\/div>\n<\/div>\n<\/div><\/div>\n<\/div>\n<\/div>\n\n\n<div style=\"padding-top:10px;padding-left:10px;\" class=\"alignfull wp-elements-c549f836684188f85e65cc5f157bd5e7 wp-block-wpseopress-breadcrumbs\"><nav  aria-label=\"breadcrumb\"><ol class=\"breadcrumb\" itemscope itemtype=\"https:\/\/schema.org\/BreadcrumbList\"><li class=\"breadcrumb-item active\" aria-current=\"page\" itemprop=\"itemListElement\" itemscope itemtype=\"https:\/\/schema.org\/ListItem\"><span itemprop=\"name\">Camping La Tremblade<\/span><meta itemprop=\"position\" content=\"1\"><\/li><\/ol><\/nav><\/div>\n\n\n<div style=\"height:var(--wp--preset--spacing--xxxl)\" aria-hidden=\"true\" class=\"wp-block-spacer\"><\/div>\n\n\n\n<div class=\"wp-block-group alignfull has-global-padding is-layout-constrained wp-container-core-group-is-layout-076db290 wp-block-group-is-layout-constrained\" style=\"margin-top:0;padding-top:0;padding-right:var(--wp--preset--spacing--l);padding-bottom:0;padding-left:var(--wp--preset--spacing--l)\">\n<div class=\"wp-block-group has-global-padding is-layout-constrained wp-container-core-group-is-layout-6d08aa83 wp-block-group-is-layout-constrained\" style=\"margin-top:0;margin-bottom:0;padding-top:0;padding-right:0;padding-bottom:0;padding-left:0\">\n<figure class=\"wp-block-image aligncenter size-large is-resized\"><img alt=\"Bonbon ray\u00e9 rose et blanc.\" decoding=\"async\" width=\"1024\" height=\"916\" src=\"https:\/\/www.camping-la-clairiere.com\/wp-content\/uploads\/2026\/04\/4af274f244d018dbb3c8e8a148bcd064e4a2990b-1024x916.png\" alt=\"\" class=\"wp-image-451\" style=\"width:50px\"\/><\/figure>\n<\/div>\n\n\n\n<div class=\"wp-block-group has-global-padding is-layout-constrained wp-container-core-group-is-layout-b2c8f158 wp-block-group-is-layout-constrained\" style=\"margin-top:0;margin-bottom:0;padding-top:0;padding-right:0;padding-left:0\">\n<h1 class=\"wp-block-heading has-text-align-center is-style-top-title is-style-top-title--1\" style=\"margin-bottom:0\">Een ruime villa voor een vakantie in alle vrijheid<\/h1>\n\n\n\n<p class=\"has-text-align-center is-style-title-below is-style-title-below--2\" style=\"padding-bottom:0\">Het comfort van een vakantiehuisje, op de camping.<\/p>\n\n\n\n<div class=\"wp-block-group has-global-padding is-layout-constrained wp-block-group-is-layout-constrained\">\n<p class=\"has-text-align-center\" style=\"margin-bottom:0px\"><br>Met de <strong>Villa 3ch 6\/8 Pers<\/strong> kun je genieten van een accommodatie die de ruimte, het comfort en de onafhankelijkheid van een echt vakantiehuis combineert. De villa is <strong>volledig gerenoveerd<\/strong> en <strong>de zachte, verfrissende kleuren<\/strong> zijn bijzonder aangenaam op warme zomerdagen. Alles is hier ontworpen om familie en vrienden in de best mogelijke omstandigheden te ontvangen, met royale kamers, volledige faciliteiten en een exterieur dat op natuurlijke wijze momenten van ontspanning verlengt. Een villa die je de camping op een andere manier laat beleven, met dat beetje extra comfort dat vakantie soms nog aangenamer maakt. Door te kiezen voor een <strong><a href=\"https:\/\/www.camping-la-clairiere.com\/nl\/al-onze-accommodaties\/\" data-type=\"page\" data-id=\"727\">camping in La Tremblade<\/a><\/strong>ontdek de regio Charente-Maritime.   <\/p>\n<\/div>\n<\/div>\n<\/div>\n\n\n\n<div style=\"height:var(--wp--preset--spacing--xxxl)\" aria-hidden=\"true\" class=\"wp-block-spacer\"><\/div>\n\n\n\n<div class=\"wp-block-group alignfull is-layout-flow wp-block-group-is-layout-flow\" style=\"padding-right:var(--wp--preset--spacing--l);padding-left:var(--wp--preset--spacing--l)\">\n\t<div class=\"alignfull has-global-padding is-layout-constrained wp-container-hrz-blocks-query-camping-rest-is-layout-0faa5006 wp-block-hrz-blocks-query-camping-rest-is-layout-constrained\">\n\t\t<ul class=\"hebergement-listing \">\n\t\t\t<style>:root { --query-color: var(--wp--preset--color--secondary); }<\/style>\t\t\t\t<li class=\"swiper-slide\">\n\t\t\t\t\t<div class=\"wp-block-group card-gamme is-style-default is-style-relative\"\n\t\t\t\t\t\t data-booking-product=\"148949\" data-booking-etab=\"19308\" data-capacity=\"8\"\t\t\t\t\t\t data-product-filters='[{\"code\":\"surface\",\"type\":\"number\",\"value\":100},{\"code\":\"pets-allowed\",\"type\":\"boolean\",\"value\":true},{\"code\":\"separated-bedrooms\",\"type\":\"number\",\"value\":3},{\"code\":\"non-bedroom-bedding\",\"type\":\"number\",\"value\":1},{\"code\":\"dishwasher\",\"type\":\"boolean\",\"value\":true},{\"code\":\"kitchens\",\"type\":\"number\",\"value\":1},{\"code\":\"bathrooms\",\"type\":\"number\",\"value\":1},{\"code\":\"toilets\",\"type\":\"number\",\"value\":1},{\"code\":\"air-conditioning\",\"type\":\"boolean\",\"value\":true},{\"code\":\"tv\",\"type\":\"boolean\",\"value\":true},{\"code\":\"terrace\",\"type\":\"boolean\",\"value\":true}]'>\n\t\t\t\t\t\t<div class=\"wp-block-group thumbnail-image\">\n\t\t\t\t\t\t\t<a href=\"https:\/\/www.camping-la-clairiere.com\/nl\/hebergements\/villa-huis-100-m%c2%b2-3-slaapkamers-airconditioning-inclusief-beddengoed-babypakket-gaskookplaat-en-gratis-wifi\/\" title=\"Villa - Huis 100 m\u00b2 - 3 slaapkamers - Airconditioning (inclusief beddengoed, babypakket, gaskookplaat en gratis wifi)\">\n\t\t\t\t\t\t\t\t<figure class=\"wp-block-image alignfull size-large\" style=\"margin:0;\">\n\t\t\t\t\t\t\t\t\t<img decoding=\"async\" src=\"https:\/\/www.camping-la-clairiere.com\/wp-content\/themes\/horizon-marketing\/assets\/img\/default-heb.webp\"\n\t\t\t\t\t\t\t\t\t\talt=\"Villa - Huis 100 m\u00b2 - 3 slaapkamers - Airconditioning (inclusief beddengoed, babypakket, gaskookplaat en gratis wifi)\" \/>\n\t\t\t\t\t\t\t\t<\/figure>\n\t\t\t\t\t\t\t\t<div class=\"full\">\n\t\t\t\t\t\t\t\t\t<p class=\"text\">Beschikbaar op andere data<\/p>\n\t\t\t\t\t\t\t\t<\/div>\n\t\t\t\t\t\t\t<\/a>\n\t\t\t\t\t\t<\/div>\n\n\n\t\t\t\t\t\t<div class=\"wp-block-group has-white-background-color has-background card-content\">\n\t\t\t\t\t\t\t<div class=\"wp-block-group content\">\n\t\t\t\t\t\t\t\t<h3 class=\"wp-block-heading has-secondary-color has-link-color has-secondary-color\">\n\t\t\t\t\t\t\t\t\tVilla - Huis 100 m\u00b2 - 3 slaapkamers - Airconditioning (inclusief beddengoed, babypakket, gaskookplaat en gratis wifi)\t\t\t\t\t\t\t\t<\/h3>\n\n\t\t\t\t\t\t\t\t\t\t\t\t\t\t\t<\/div>\n\n\t\t\t\t\t\t\t<div class=\"wp-block-group card-price has-background\">\n\t\t\t\t\t\t\t\t<div class=\"loader\">\n\t\t\t\t\t\t\t\t\t<span class=\"dot\"><\/span>\n\t\t\t\t\t\t\t\t\t<span class=\"dot\"><\/span>\n\t\t\t\t\t\t\t\t\t<span class=\"dot\"><\/span>\n\t\t\t\t\t\t\t\t<\/div>\n\t\t\t\t\t\t\t\t<div class=\"booking_default\">\n\t\t\t\t\t\t\t\t\t<p class=\"has-text-align-right\">Vanaf<\/p>\n\n\t\t\t\t\t\t\t\t\t<p class=\"has-text-align-right booking_price has-secondary-font-family\"><\/p>\n\t\t\t\t\t\t\t\t\t<p class=\"has-text-align-right booking_no_discount has-secondary-font-family\"><\/p>\n\n\t\t\t\t\t\t\t\t\t<p class=\"has-text-align-right dates\">\n\t\t\t\t\t\t\t\t\t\tVan <span class=\"start\"><\/span> naar <span class=\"end\"><\/span>\t\t\t\t\t\t\t\t\t<\/p>\n\t\t\t\t\t\t\t\t<\/div>\n\t\t\t\t\t\t\t\t<div class=\"wp-block-group booking_alt\">\n\t\t\t\t\t\t\t\t\t<p class=\"booking_alt_text\">Beschikbaar op andere data<\/p>\n\t\t\t\t\t\t\t\t\t<div class=\"booking_alt_content\">\n\t\t\t\t\t\t\t\t\t<\/div>\n\t\t\t\t\t\t\t\t<\/div>\n\t\t\t\t\t\t\t<\/div>\n\t\t\t\t\t\t<\/div>\n\n\t\t\t\t\t\t<div class=\"wp-block-buttons has-custom-font-size has-l-font-size\">\n\t\t\t\t\t\t\t<div\n\t\t\t\t\t\t\t\tclass=\"wp-block-button has-custom-width wp-block-button__width-100 has-custom-font-size booking-btn has-secondary-font-family\">\n\t\t\t\t\t\t\t\t<a href=\"https:\/\/www.camping-la-clairiere.com\/nl\/hebergements\/villa-huis-100-m%c2%b2-3-slaapkamers-airconditioning-inclusief-beddengoed-babypakket-gaskookplaat-en-gratis-wifi\/\"\n\t\t\t\t\t\t\t\t\tclass=\"wp-block-button__link has-white-color has-text-color has-background has-link-color has-text-align-center wp-element-button\">\n\t\t\t\t\t\t\t\t\tOntdek\t\t\t\t\t\t\t\t<\/a>\n\t\t\t\t\t\t\t<\/div>\n\t\t\t\t\t\t<\/div>\n\t\t\t\t\t\t<div class=\"booking_last\">\n\t\t\t\t\t\t\t<p class=\"booking_last_content\">\n\t\t\t\t\t\t\t\tAlleen <span class=\"booking_last_value\"><\/span> <br>beschikbaar\t\t\t\t\t\t\t<\/p>\n\t\t\t\t\t\t<\/div>\n\t\t\t\t\t\t<div class=\"booking_exclusive is-style-hover-image-effect\"><\/div>\n\t\t\t\t\t<\/div>\n\t\t\t\t<\/li>\n\n\t\t\t\t\t<\/ul>\n\n\t<\/div>\n\n<\/div>\n\n\n\n<div style=\"height:var(--wp--preset--spacing--xxxl)\" aria-hidden=\"true\" class=\"wp-block-spacer\"><\/div>\n\n\n\n<div class=\"wp-block-group alignfull has-global-padding is-layout-constrained wp-container-core-group-is-layout-076db290 wp-block-group-is-layout-constrained\" style=\"margin-top:0;padding-top:0;padding-right:var(--wp--preset--spacing--l);padding-bottom:0;padding-left:var(--wp--preset--spacing--l)\">\n<div class=\"wp-block-group has-global-padding is-layout-constrained wp-container-core-group-is-layout-6d08aa83 wp-block-group-is-layout-constrained\" style=\"margin-top:0;margin-bottom:0;padding-top:0;padding-right:0;padding-bottom:0;padding-left:0\">\n<figure class=\"wp-block-image aligncenter size-large is-resized\"><img alt=\"Bonbon ray\u00e9 rose et blanc.\" decoding=\"async\" width=\"1024\" height=\"916\" src=\"https:\/\/www.camping-la-clairiere.com\/wp-content\/uploads\/2026\/04\/4af274f244d018dbb3c8e8a148bcd064e4a2990b-1024x916.png\" alt=\"\" class=\"wp-image-451\" style=\"width:50px\"\/><\/figure>\n<\/div>\n\n\n\n<div class=\"wp-block-group has-global-padding is-layout-constrained wp-container-core-group-is-layout-b2c8f158 wp-block-group-is-layout-constrained\" style=\"margin-top:0;margin-bottom:0;padding-top:0;padding-right:0;padding-left:0\">\n<h2 class=\"wp-block-heading has-text-align-center is-style-top-title is-style-top-title--3\" style=\"margin-bottom:0\">La Villa 3ch 6\/8 Pers<\/h2>\n\n\n\n<p class=\"has-text-align-center is-style-title-below is-style-title-below--4\" style=\"padding-bottom:0\">Een gerenoveerd, comfortabel huis voor families en vrienden.<\/p>\n\n\n\n<div class=\"wp-block-group has-global-padding is-layout-constrained wp-block-group-is-layout-constrained\">\n<p class=\"has-text-align-center\" style=\"margin-bottom:0px\"><br>De <strong>Villa 3ch 6\/8 Pers<\/strong> biedt al het comfort van een vakantiehuis in een omgeving die is ontworpen met jouw verblijf in het achterhoofd. Het is met zorg gerenoveerd en heeft een lichte, rustgevende sfeer dankzij de <strong>zachte, verfrissende kleuren<\/strong>. De indeling maakt het voor iedereen gemakkelijk om optimaal gebruik te maken van de ruimte, of je nu weggaat met familie, vrienden of die vakantiegroep waar er altijd een paar mensen meer rond de tafel zitten dan verwacht.  <\/p>\n\n\n\n<p class=\"has-text-align-center\" style=\"margin-bottom:0px\">Er zijn <strong>drie slaapkamers<\/strong>, een <strong>badkamer<\/strong>, een <strong>toilet<\/strong>, <strong>twee toiletten<\/strong>, een <strong>bijkeuken<\/strong> en een <strong>grote woonkamer<\/strong>, waardoor het dagelijks leven gemakkelijker en comfortabeler wordt. Dankzij de <strong>volledig uitgeruste keuken<\/strong> kun je op je eigen tempo van de woonkamer genieten, terwijl het <strong>grote houten terras<\/strong> en <strong>de omheinde priv\u00e9tuin<\/strong> je uitnodigen om optimaal van het buitenleven te genieten. Het is gemakkelijk om af te wisselen tussen gedeelde momenten, momenten van rust en stilte en een echt gevoel van ruimte.  <br><br><\/p>\n\n\n\n<h2 class=\"wp-block-heading has-text-align-center is-style-top-title is-style-top-title--5\">Volledig uitgeruste accommodatie voor een ontspannen verblijf<\/h2>\n\n\n\n<p class=\"has-text-align-center is-style-title-below is-style-title-below--6\">Uitrusting ontworpen om comfort, praktisch gemak en vrijheid tijdens je vakantie te combineren.<\/p>\n\n\n\n<p class=\"has-text-align-center\">De villa beschikt over alle faciliteiten die je mag verwachten om je verblijf elke dag aangenamer te maken. <strong>Airconditioning<\/strong>, <strong>vaatwasser<\/strong>, <strong>tv<\/strong> en <strong>gratis Wi-Fi-verbinding<\/strong> zijn slechts enkele van de voorzieningen die zorgen voor een eenvoudig maar waardevol vakantiecomfort. Hier komt alles samen om je een goed gevoel te geven vanaf het moment dat je aankomt, en om het meeste uit je tijd hier te halen.  <\/p>\n\n\n\n<p class=\"has-text-align-center\">Met zijn ruime kamers, priv\u00e9 buitenruimtes en hoog uitrustingsniveau is de <strong>Villa 3ch 6\/8 Pers<\/strong> ideaal voor wie op zoek is naar meer ruimte en meer onafhankelijkheid tijdens hun verblijf. Het is de ideale manier om te genieten van een vriendelijke, comfortabele en ontspannen vakantie, in een accommodatie die duidelijk begrijpt dat in de zomer het sleutelwoord nog steeds is om je goed te voelen. <\/p>\n<\/div>\n<\/div>\n<\/div>\n\n\n\n<div style=\"height:var(--wp--preset--spacing--xxxxxl)\" aria-hidden=\"true\" class=\"wp-block-spacer\"><\/div>\n","protected":false},"excerpt":{"rendered":"<p>Een ruime villa voor een vakantie in alle vrijheid Het comfort van een vakantiehuisje, op de camping. Met de Villa 3ch 6\/8 Pers kun je genieten van een accommodatie die de ruimte, het comfort en de onafhankelijkheid van een echt vakantiehuis combineert. De villa is volledig gerenoveerd en de zachte, verfrissende kleuren zijn bijzonder aangenaam [&hellip;]<\/p>\n","protected":false},"author":1,"featured_media":0,"parent":0,"menu_order":0,"comment_status":"closed","ping_status":"closed","template":"page-full-width","meta":{"_acf_changed":false,"_seopress_robots_primary_cat":"","_seopress_titles_title":"Location Villa \u00e0 La Tremblade | Villas \u00e0 louer d\u00e8s 1798\u20ac","_seopress_titles_desc":"Optez pour la location d'une villa \u00e0 La Tremblade. Villa premium jusqu\u2019\u00e0 8 personnes pour vos vacances en bord de mer en Charente-Maritime.","_seopress_robots_index":"","footnotes":""},"class_list":["post-1852","page","type-page","status-publish","hentry"],"acf":[],"_links":{"self":[{"href":"https:\/\/www.camping-la-clairiere.com\/nl\/wp-json\/wp\/v2\/pages\/1852","targetHints":{"allow":["GET"]}}],"collection":[{"href":"https:\/\/www.camping-la-clairiere.com\/nl\/wp-json\/wp\/v2\/pages"}],"about":[{"href":"https:\/\/www.camping-la-clairiere.com\/nl\/wp-json\/wp\/v2\/types\/page"}],"author":[{"embeddable":true,"href":"https:\/\/www.camping-la-clairiere.com\/nl\/wp-json\/wp\/v2\/users\/1"}],"replies":[{"embeddable":true,"href":"https:\/\/www.camping-la-clairiere.com\/nl\/wp-json\/wp\/v2\/comments?post=1852"}],"version-history":[{"count":3,"href":"https:\/\/www.camping-la-clairiere.com\/nl\/wp-json\/wp\/v2\/pages\/1852\/revisions"}],"predecessor-version":[{"id":2327,"href":"https:\/\/www.camping-la-clairiere.com\/nl\/wp-json\/wp\/v2\/pages\/1852\/revisions\/2327"}],"wp:attachment":[{"href":"https:\/\/www.camping-la-clairiere.com\/nl\/wp-json\/wp\/v2\/media?parent=1852"}],"curies":[{"name":"wp","href":"https:\/\/api.w.org\/{rel}","templated":true}]}}