{"id":1813,"date":"2026-04-08T06:44:56","date_gmt":"2026-04-08T04:44:56","guid":{"rendered":"https:\/\/www.camping-la-clairiere.com\/juridische-informatie\/"},"modified":"2026-04-08T17:31:10","modified_gmt":"2026-04-08T15:31:10","slug":"juridische-informatie","status":"publish","type":"page","link":"https:\/\/www.camping-la-clairiere.com\/nl\/juridische-informatie\/","title":{"rendered":"Juridische informatie"},"content":{"rendered":"\n<div class=\"wp-block-group alignfull is-layout-flow wp-block-group-is-layout-flow\" style=\"margin-top:0;margin-bottom:0;padding-top:0;padding-right:0;padding-bottom:0;padding-left:0\">\n<div class=\"wp-block-group is-layout-flow wp-block-group-is-layout-flow\">\n<div class=\"wp-block-cover alignfull has-custom-content-position is-position-bottom-center\" style=\"padding-top:0;padding-right:0;padding-bottom:0;padding-left:0;min-height:100vh;aspect-ratio:unset;\"><img alt=\"Vue a\u00e9rienne d&#039;un complexe touristique avec piscine.\" decoding=\"async\" width=\"2560\" height=\"1440\" class=\"wp-block-cover__image-background wp-image-414 size-16\/9_2560x1440_desktop\" alt=\"\" src=\"https:\/\/www.camping-la-clairiere.com\/wp-content\/uploads\/2026\/04\/92a38a0f4bb9b32465a9c6d6c5916da7d5821a67-2560x1440.jpg\" data-object-fit=\"cover\" srcset=\"https:\/\/www.camping-la-clairiere.com\/wp-content\/uploads\/2026\/04\/92a38a0f4bb9b32465a9c6d6c5916da7d5821a67-2560x1440.jpg 2560w, https:\/\/www.camping-la-clairiere.com\/wp-content\/uploads\/2026\/04\/92a38a0f4bb9b32465a9c6d6c5916da7d5821a67-1920x1080.jpg 1920w, https:\/\/www.camping-la-clairiere.com\/wp-content\/uploads\/2026\/04\/92a38a0f4bb9b32465a9c6d6c5916da7d5821a67-1440x810.jpg 1440w, https:\/\/www.camping-la-clairiere.com\/wp-content\/uploads\/2026\/04\/92a38a0f4bb9b32465a9c6d6c5916da7d5821a67-1366x768.jpg 1366w, https:\/\/www.camping-la-clairiere.com\/wp-content\/uploads\/2026\/04\/92a38a0f4bb9b32465a9c6d6c5916da7d5821a67-1024x576.jpg 1024w, https:\/\/www.camping-la-clairiere.com\/wp-content\/uploads\/2026\/04\/92a38a0f4bb9b32465a9c6d6c5916da7d5821a67-800x450.jpg 800w, https:\/\/www.camping-la-clairiere.com\/wp-content\/uploads\/2026\/04\/92a38a0f4bb9b32465a9c6d6c5916da7d5821a67-640x360.jpg 640w, https:\/\/www.camping-la-clairiere.com\/wp-content\/uploads\/2026\/04\/92a38a0f4bb9b32465a9c6d6c5916da7d5821a67-375x210.jpg 375w, https:\/\/www.camping-la-clairiere.com\/wp-content\/uploads\/2026\/04\/92a38a0f4bb9b32465a9c6d6c5916da7d5821a67-200x112.jpg 200w, https:\/\/www.camping-la-clairiere.com\/wp-content\/uploads\/2026\/04\/92a38a0f4bb9b32465a9c6d6c5916da7d5821a67-100x56.jpg 100w\" sizes=\"(max-width: 2560px) 100vw, 2560px\" \/><span aria-hidden=\"true\" class=\"wp-block-cover__background has-transparent-background-color has-background-dim-100 has-background-dim\"><\/span><div class=\"wp-block-cover__inner-container is-layout-flow wp-block-cover-is-layout-flow\">\n<div class=\"wp-block-group has-secondary-gradient-gradient-background has-background has-global-padding is-layout-constrained wp-block-group-is-layout-constrained\">\n<div style=\"height:15vh\" aria-hidden=\"true\" class=\"wp-block-spacer\"><\/div>\n<\/div>\n<\/div><\/div>\n<\/div>\n<\/div>\n<div style=\"padding-top:10px;padding-left:10px;\" class=\"alignfull wp-elements-c549f836684188f85e65cc5f157bd5e7 wp-block-wpseopress-breadcrumbs\"><nav  aria-label=\"breadcrumb\"><ol class=\"breadcrumb\" itemscope itemtype=\"https:\/\/schema.org\/BreadcrumbList\"><li class=\"breadcrumb-item active\" aria-current=\"page\" itemprop=\"itemListElement\" itemscope itemtype=\"https:\/\/schema.org\/ListItem\"><span itemprop=\"name\">Camping La Tremblade<\/span><meta itemprop=\"position\" content=\"1\"><\/li><\/ol><\/nav><\/div>\n<div style=\"height:100px\" aria-hidden=\"true\" class=\"wp-block-spacer\"><\/div>\n\n<div class=\"wp-block-group alignfull has-global-padding is-layout-constrained wp-container-core-group-is-layout-076db290 wp-block-group-is-layout-constrained\" style=\"margin-top:0;padding-top:0;padding-right:var(--wp--preset--spacing--l);padding-bottom:0;padding-left:var(--wp--preset--spacing--l)\">\n<div class=\"wp-block-group has-global-padding is-layout-constrained wp-container-core-group-is-layout-6d08aa83 wp-block-group-is-layout-constrained\" style=\"margin-top:0;margin-bottom:0;padding-top:0;padding-right:0;padding-bottom:0;padding-left:0\">\n<figure class=\"wp-block-image aligncenter size-large is-resized\"><img alt=\"Bonbon ray\u00e9 rose et blanc.\" decoding=\"async\" width=\"1024\" height=\"916\" src=\"https:\/\/www.camping-la-clairiere.com\/wp-content\/uploads\/2026\/04\/4af274f244d018dbb3c8e8a148bcd064e4a2990b-1024x916.png\" alt=\"\" class=\"wp-image-451\" style=\"width:50px\"\/><\/figure>\n<\/div>\n\n\n\n<div class=\"wp-block-group has-global-padding is-layout-constrained wp-container-core-group-is-layout-b2c8f158 wp-block-group-is-layout-constrained\" style=\"margin-top:0;margin-bottom:0;padding-top:0;padding-right:0;padding-left:0\">\n<h1 class=\"wp-block-heading has-text-align-center is-style-top-title is-style-top-title--1\" style=\"margin-bottom:0\">Juridische informatie<\/h1>\n\n\n\n<div class=\"wp-block-group has-global-padding is-layout-constrained wp-block-group-is-layout-constrained\">\n<h2 class=\"wp-block-heading has-text-align-left is-style-title-below is-style-title-below--2\"><br\/>IDENTITEIT<\/h2>\n\n\n\n<p><strong>Naam website :<\/strong> Camping La Clairi\u00e8re<\/p>\n\n\n\n<p><strong>Adres: https:<\/strong> \/\/www.camping-la-clairiere.com<\/p>\n\n\n\n<p><strong>Eigenaar :<\/strong> L\u00e9onard CALDAROLA<\/p>\n\n\n\n<p><strong>Publicatiemanager:<\/strong> L\u00e9onard CALDAROLA<\/p>\n\n\n\n<p><strong>Ontwerp en productie:<\/strong> Horizon Marketing<\/p>\n\n\n\n<p><strong>Hosting :<\/strong> Infomaniak<\/p>\n\n\n\n<h2 class=\"wp-block-heading\">WETTELIJK PERSOON<\/h2>\n\n\n\n<p>Camping La Clairi\u00e8re<\/p>\n\n\n\n<p>05 46 36 36 63 - info@camping-la-clairiere.com<\/p>\n\n\n\n<h2 class=\"wp-block-heading\">GEBRUIKSVOORWAARDEN<\/h2>\n\n\n\n<p>Het gebruik van deze site impliceert de volledige aanvaarding van de algemene gebruiksvoorwaarden die hieronder worden beschreven. Deze gebruiksvoorwaarden kunnen te allen tijde worden gewijzigd of aangevuld. <\/p>\n\n\n\n<h2 class=\"wp-block-heading\">INFORMATIE<\/h2>\n\n\n\n<p>De informatie en documenten op deze site worden uitsluitend ter informatie verstrekt, zijn niet uitputtend en vallen niet onder de verantwoordelijkheid van de eigenaar van de site.<\/p>\n\n\n\n<p>De eigenaar van de site kan niet aansprakelijk worden gesteld voor rechtstreekse of onrechtstreekse schade die voortvloeit uit de toegang tot de site.<\/p>\n\n\n\n<h2 class=\"wp-block-heading\">INTERACTIVITEIT<\/h2>\n\n\n\n<p>Gebruikers van de site kunnen inhoud insturen, die op de site zal verschijnen in speciale gebieden (met name via het contactformulier). De ingezonden inhoud blijft de verantwoordelijkheid van de auteurs, die de volledige wettelijke aansprakelijkheid op zich nemen. <\/p>\n\n\n\n<p>De eigenaar van de site behoudt zich echter het recht voor om zonder kennisgeving of rechtvaardiging inhoud te verwijderen die door gebruikers is geplaatst en die niet voldoet aan het ethisch handvest van de site of aan de huidige wetgeving.<\/p>\n\n\n\n<h2 class=\"wp-block-heading\">INTELLECTUEEL EIGENDOM<\/h2>\n\n\n\n<p>Tenzij anders vermeld, blijven alle elementen die toegankelijk zijn op de site (teksten, afbeeldingen, grafieken, logo&#8217;s, pictogrammen, geluiden, software, enz.) het exclusieve eigendom van hun auteurs, met betrekking tot intellectuele eigendomsrechten of gebruiksrechten.<\/p>\n\n\n\n<p>Elke reproductie, representatie, wijziging, publicatie, aanpassing van alle of een deel van de elementen van de site, ongeacht het gebruikte middel of proces, is verboden, tenzij met de voorafgaande schriftelijke toestemming van de auteur.<\/p>\n\n\n\n<p>Elk ongeoorloofd gebruik van de site of een van de elementen op de site wordt beschouwd als een inbreuk en kan strafrechtelijk worden vervolgd.<\/p>\n\n\n\n<p>De merken en logo&#8217;s die op de site worden weergegeven, zijn geregistreerd door de bedrijven die er eigenaar van zijn.<\/p>\n\n\n\n<h2 class=\"wp-block-heading\">LINKS<\/h2>\n\n\n\n<h3 class=\"wp-block-heading\">Uitgaande links<\/h3>\n\n\n\n<p>De eigenaar van de site wijst alle verantwoordelijkheid af en is niet gebonden door het verwijzen, via hyperlinks, naar bronnen van derden die aanwezig zijn op het internetnetwerk, zowel wat betreft hun inhoud als hun relevantie.<\/p>\n\n\n\n<h3 class=\"wp-block-heading\">Inkomende links<\/h3>\n\n\n\n<p>De eigenaar van de site staat hyperlinks toe naar elke pagina op deze site, op voorwaarde dat deze een nieuw venster openen en op ondubbelzinnige wijze worden gepresenteerd om te voorkomen dat :<\/p>\n\n\n\n<ul class=\"wp-block-list\">\n<li>elk risico op verwarring tussen de citerende site en de site-eigenaar<\/li>\n\n\n\n<li>elke presentatie die tendentieus is of in strijd met de geldende wetgeving<\/li>\n<\/ul>\n\n\n\n<p>De eigenaar van de site behoudt zich het recht voor om de verwijdering van een link te vragen als hij van mening is dat de bronsite niet voldoet aan deze regels.<\/p>\n\n\n\n<h2 class=\"wp-block-heading\">VERTROUWELIJKHEID<\/h2>\n\n\n\n<p>Alle gebruikers hebben het recht op toegang tot, rectificatie van en verzet tegen alle persoonlijke gegevens die op hen betrekking hebben, door een schriftelijk en ondertekend verzoek in te dienen, vergezeld van een identiteitsbewijs.<\/p>\n\n\n\n<p class=\"has-text-align-left\" style=\"margin-bottom:0px\">Als je vragen hebt, kun je contact opnemen met de klachtenafdeling: info@camping-la-clairiere.com<\/p>\n\n\n\n<h2 class=\"wp-block-heading\">CONSUMENTENOMBUDSMAN<\/h2>\n\n\n\n<p>In overeenstemming met de bepalingen van artikel L 612-1 van de Franse consumentenwetgeving heeft elke campinggast het recht om gratis een beroep te doen op een consumentenbemiddelaar voor de minnelijke schikking van een geschil met de campingexploitant.<\/p>\n\n\n\n<p>Het platform voor geschillenbeslechting: <a href=\"https:\/\/ec.europa.eu\/consumers\/odr\/main\/index.cfm?event=main.home2.show&amp;lng=FR\">https:\/\/ec.europa.eu\/consumers\/odr\/main\/index.cfm?event=main.home2.show&amp;lng=FR<\/a><\/p>\n\n\n\n<h2 class=\"wp-block-heading\"><strong>KREDIETEN<\/strong><\/h2>\n\n\n\n<p>Horizon Marketing <br\/>Adobe Stock<\/p>\n<\/div>\n<\/div>\n<\/div>\n\n<div style=\"height:var(--wp--preset--spacing--xxxxxl)\" aria-hidden=\"true\" class=\"wp-block-spacer\"><\/div>\n","protected":false},"excerpt":{"rendered":"<p>Juridische informatie IDENTITEIT Naam website : Camping La Clairi\u00e8re Adres: https: \/\/www.camping-la-clairiere.com Eigenaar : L\u00e9onard CALDAROLA Publicatiemanager: L\u00e9onard CALDAROLA Ontwerp en productie: Horizon Marketing Hosting : Infomaniak WETTELIJK PERSOON Camping La Clairi\u00e8re 05 46 36 36 63 - info@camping-la-clairiere.com GEBRUIKSVOORWAARDEN Het gebruik van deze site impliceert de volledige aanvaarding van de algemene gebruiksvoorwaarden die hieronder [&hellip;]<\/p>\n","protected":false},"author":1,"featured_media":0,"parent":0,"menu_order":0,"comment_status":"closed","ping_status":"closed","template":"page-full-width","meta":{"_acf_changed":false,"_seopress_robots_primary_cat":"","_seopress_titles_title":"Wettelijke bepalingen | Camping La Clairi\u00e8re \u00e0 La Tremblade","_seopress_titles_desc":"Wettelijke informatie voor de 4-sterren camping La Clairi\u00e8re in La Tremblade in Charente-Martime.","_seopress_robots_index":"","footnotes":""},"class_list":["post-1813","page","type-page","status-publish","hentry"],"acf":[],"_links":{"self":[{"href":"https:\/\/www.camping-la-clairiere.com\/nl\/wp-json\/wp\/v2\/pages\/1813","targetHints":{"allow":["GET"]}}],"collection":[{"href":"https:\/\/www.camping-la-clairiere.com\/nl\/wp-json\/wp\/v2\/pages"}],"about":[{"href":"https:\/\/www.camping-la-clairiere.com\/nl\/wp-json\/wp\/v2\/types\/page"}],"author":[{"embeddable":true,"href":"https:\/\/www.camping-la-clairiere.com\/nl\/wp-json\/wp\/v2\/users\/1"}],"replies":[{"embeddable":true,"href":"https:\/\/www.camping-la-clairiere.com\/nl\/wp-json\/wp\/v2\/comments?post=1813"}],"version-history":[{"count":1,"href":"https:\/\/www.camping-la-clairiere.com\/nl\/wp-json\/wp\/v2\/pages\/1813\/revisions"}],"predecessor-version":[{"id":1814,"href":"https:\/\/www.camping-la-clairiere.com\/nl\/wp-json\/wp\/v2\/pages\/1813\/revisions\/1814"}],"wp:attachment":[{"href":"https:\/\/www.camping-la-clairiere.com\/nl\/wp-json\/wp\/v2\/media?parent=1813"}],"curies":[{"name":"wp","href":"https:\/\/api.w.org\/{rel}","templated":true}]}}