{"id":2243,"date":"2026-04-07T13:47:39","date_gmt":"2026-04-07T11:47:39","guid":{"rendered":"https:\/\/www.camping-la-clairiere.com\/villas\/"},"modified":"2026-04-09T11:40:25","modified_gmt":"2026-04-09T09:40:25","slug":"villas","status":"publish","type":"page","link":"https:\/\/www.camping-la-clairiere.com\/en\/villas\/","title":{"rendered":"Villas"},"content":{"rendered":"\n<div class=\"wp-block-group alignfull is-layout-flow wp-block-group-is-layout-flow\" style=\"margin-top:0;margin-bottom:0;padding-top:0;padding-right:0;padding-bottom:0;padding-left:0\">\n<div class=\"wp-block-group is-layout-flow wp-block-group-is-layout-flow\">\n<div class=\"wp-block-cover alignfull has-custom-content-position is-position-bottom-center\" style=\"padding-top:0;padding-right:0;padding-bottom:0;padding-left:0;min-height:100vh;aspect-ratio:unset;\"><img alt=\"\" decoding=\"async\" width=\"1024\" height=\"478\" class=\"wp-block-cover__image-background wp-image-1206 size-large\" alt=\"\" src=\"https:\/\/www.camping-la-clairiere.com\/wp-content\/uploads\/2026\/04\/villa-camping-la-clairiere-charente-maritimes_03-1024x478.webp\" data-object-fit=\"cover\" srcset=\"https:\/\/www.camping-la-clairiere.com\/wp-content\/uploads\/2026\/04\/villa-camping-la-clairiere-charente-maritimes_03-1024x478.webp 1024w, https:\/\/www.camping-la-clairiere.com\/wp-content\/uploads\/2026\/04\/villa-camping-la-clairiere-charente-maritimes_03-300x140.webp 300w, https:\/\/www.camping-la-clairiere.com\/wp-content\/uploads\/2026\/04\/villa-camping-la-clairiere-charente-maritimes_03-768x359.webp 768w, https:\/\/www.camping-la-clairiere.com\/wp-content\/uploads\/2026\/04\/villa-camping-la-clairiere-charente-maritimes_03.webp 2000w\" sizes=\"(max-width: 1024px) 100vw, 1024px\" \/><span aria-hidden=\"true\" class=\"wp-block-cover__background has-transparent-background-color has-background-dim-100 has-background-dim\"><\/span><div class=\"wp-block-cover__inner-container is-layout-flow wp-block-cover-is-layout-flow\">\n<div class=\"wp-block-group has-secondary-gradient-gradient-background has-background has-global-padding is-layout-constrained wp-block-group-is-layout-constrained\">\n<div style=\"height:15vh\" aria-hidden=\"true\" class=\"wp-block-spacer\"><\/div>\n<\/div>\n<\/div><\/div>\n<\/div>\n<\/div>\n\n\n<div style=\"padding-top:10px;padding-left:10px;\" class=\"alignfull wp-elements-c549f836684188f85e65cc5f157bd5e7 wp-block-wpseopress-breadcrumbs\"><nav  aria-label=\"breadcrumb\"><ol class=\"breadcrumb\" itemscope itemtype=\"https:\/\/schema.org\/BreadcrumbList\"><li class=\"breadcrumb-item active\" aria-current=\"page\" itemprop=\"itemListElement\" itemscope itemtype=\"https:\/\/schema.org\/ListItem\"><span itemprop=\"name\">Camping \u00e0 La Tremblade<\/span><meta itemprop=\"position\" content=\"1\"><\/li><\/ol><\/nav><\/div>\n\n\n<div style=\"height:var(--wp--preset--spacing--xxxl)\" aria-hidden=\"true\" class=\"wp-block-spacer\"><\/div>\n\n\n\n<div class=\"wp-block-group alignfull has-global-padding is-layout-constrained wp-container-core-group-is-layout-076db290 wp-block-group-is-layout-constrained\" style=\"margin-top:0;padding-top:0;padding-right:var(--wp--preset--spacing--l);padding-bottom:0;padding-left:var(--wp--preset--spacing--l)\">\n<div class=\"wp-block-group has-global-padding is-layout-constrained wp-container-core-group-is-layout-6d08aa83 wp-block-group-is-layout-constrained\" style=\"margin-top:0;margin-bottom:0;padding-top:0;padding-right:0;padding-bottom:0;padding-left:0\">\n<figure class=\"wp-block-image aligncenter size-large is-resized\"><img alt=\"Bonbon ray\u00e9 rose et blanc.\" decoding=\"async\" width=\"1024\" height=\"916\" src=\"https:\/\/www.camping-la-clairiere.com\/wp-content\/uploads\/2026\/04\/4af274f244d018dbb3c8e8a148bcd064e4a2990b-1024x916.png\" alt=\"\" class=\"wp-image-451\" style=\"width:50px\"\/><\/figure>\n<\/div>\n\n\n\n<div class=\"wp-block-group has-global-padding is-layout-constrained wp-container-core-group-is-layout-b2c8f158 wp-block-group-is-layout-constrained\" style=\"margin-top:0;margin-bottom:0;padding-top:0;padding-right:0;padding-left:0\">\n<h1 class=\"wp-block-heading has-text-align-center is-style-top-title is-style-top-title--1\" style=\"margin-bottom:0\">A spacious villa for vacations in total freedom<\/h1>\n\n\n\n<p class=\"has-text-align-center is-style-title-below is-style-title-below--2\" style=\"padding-bottom:0\">The comfort of a vacation home, at the campsite.<\/p>\n\n\n\n<div class=\"wp-block-group has-global-padding is-layout-constrained wp-block-group-is-layout-constrained\">\n<p class=\"has-text-align-center\" style=\"margin-bottom:0px\"><br>With the <strong>Villa 3ch 6\/8 Pers<\/strong>, you can enjoy the space, comfort and independence of a real vacation home. <strong>Completely renovated<\/strong>, it features <strong>soft, refreshing colors<\/strong>, particularly pleasant on hot summer days. Here, everything has been thought of to welcome family and friends in the best possible conditions, with generous rooms, complete facilities and an exterior that naturally extends moments of relaxation. A villa that lets you experience camping in a different way, with that little extra comfort that sometimes makes vacations even more enjoyable. By opting for a <strong><a href=\"https:\/\/www.camping-la-clairiere.com\/en\/all-our-accommodations\/\" data-type=\"page\" data-id=\"727\">camping rental in La Tremblade<\/a><\/strong>discover the Charente-Maritime region.   <\/p>\n<\/div>\n<\/div>\n<\/div>\n\n\n\n<div style=\"height:var(--wp--preset--spacing--xxxl)\" aria-hidden=\"true\" class=\"wp-block-spacer\"><\/div>\n\n\n\n<div class=\"wp-block-group alignfull is-layout-flow wp-block-group-is-layout-flow\" style=\"padding-right:var(--wp--preset--spacing--l);padding-left:var(--wp--preset--spacing--l)\">\n\t<div class=\"alignfull has-global-padding is-layout-constrained wp-container-hrz-blocks-query-camping-rest-is-layout-0faa5006 wp-block-hrz-blocks-query-camping-rest-is-layout-constrained\">\n\t\t<ul class=\"hebergement-listing \">\n\t\t\t<style>:root { --query-color: var(--wp--preset--color--secondary); }<\/style>\t\t\t\t<li class=\"swiper-slide\">\n\t\t\t\t\t<div class=\"wp-block-group card-gamme is-style-default is-style-relative\"\n\t\t\t\t\t\t data-booking-product=\"148949\" data-booking-etab=\"19308\" data-capacity=\"8\"\t\t\t\t\t\t data-product-filters='[{\"code\":\"surface\",\"type\":\"number\",\"value\":100},{\"code\":\"pets-allowed\",\"type\":\"boolean\",\"value\":true},{\"code\":\"separated-bedrooms\",\"type\":\"number\",\"value\":3},{\"code\":\"non-bedroom-bedding\",\"type\":\"number\",\"value\":1},{\"code\":\"dishwasher\",\"type\":\"boolean\",\"value\":true},{\"code\":\"kitchens\",\"type\":\"number\",\"value\":1},{\"code\":\"bathrooms\",\"type\":\"number\",\"value\":1},{\"code\":\"toilets\",\"type\":\"number\",\"value\":1},{\"code\":\"air-conditioning\",\"type\":\"boolean\",\"value\":true},{\"code\":\"tv\",\"type\":\"boolean\",\"value\":true},{\"code\":\"terrace\",\"type\":\"boolean\",\"value\":true}]'>\n\t\t\t\t\t\t<div class=\"wp-block-group thumbnail-image\">\n\t\t\t\t\t\t\t<a href=\"https:\/\/www.camping-la-clairiere.com\/en\/hebergements\/villa-house-100-m%c2%b2-3-bedrooms-air-conditioning-including-bed-linen-baby-kit-gas-hob-and-free-wifi\/\" title=\"Villa &#8211; House 100 m\u00b2 &#8211; 3 bedrooms &#8211; Air conditioning (including bed linen, baby kit, gas hob and free wifi)\">\n\t\t\t\t\t\t\t\t<figure class=\"wp-block-image alignfull size-large\" style=\"margin:0;\">\n\t\t\t\t\t\t\t\t\t<img decoding=\"async\" src=\"https:\/\/www.camping-la-clairiere.com\/wp-content\/themes\/horizon-marketing\/assets\/img\/default-heb.webp\"\n\t\t\t\t\t\t\t\t\t\talt=\"Villa &#8211; House 100 m\u00b2 &#8211; 3 bedrooms &#8211; Air conditioning (including bed linen, baby kit, gas hob and free wifi)\" \/>\n\t\t\t\t\t\t\t\t<\/figure>\n\t\t\t\t\t\t\t\t<div class=\"full\">\n\t\t\t\t\t\t\t\t\t<p class=\"text\">Available on other dates<\/p>\n\t\t\t\t\t\t\t\t<\/div>\n\t\t\t\t\t\t\t<\/a>\n\t\t\t\t\t\t<\/div>\n\n\n\t\t\t\t\t\t<div class=\"wp-block-group has-white-background-color has-background card-content\">\n\t\t\t\t\t\t\t<div class=\"wp-block-group content\">\n\t\t\t\t\t\t\t\t<h3 class=\"wp-block-heading has-secondary-color has-link-color has-secondary-color\">\n\t\t\t\t\t\t\t\t\tVilla &#8211; House 100 m\u00b2 &#8211; 3 bedrooms &#8211; Air conditioning (including bed linen, baby kit, gas hob and free wifi)\t\t\t\t\t\t\t\t<\/h3>\n\n\t\t\t\t\t\t\t\t\t\t\t\t\t\t\t<\/div>\n\n\t\t\t\t\t\t\t<div class=\"wp-block-group card-price has-background\">\n\t\t\t\t\t\t\t\t<div class=\"loader\">\n\t\t\t\t\t\t\t\t\t<span class=\"dot\"><\/span>\n\t\t\t\t\t\t\t\t\t<span class=\"dot\"><\/span>\n\t\t\t\t\t\t\t\t\t<span class=\"dot\"><\/span>\n\t\t\t\t\t\t\t\t<\/div>\n\t\t\t\t\t\t\t\t<div class=\"booking_default\">\n\t\t\t\t\t\t\t\t\t<p class=\"has-text-align-right\">From<\/p>\n\n\t\t\t\t\t\t\t\t\t<p class=\"has-text-align-right booking_price has-secondary-font-family\"><\/p>\n\t\t\t\t\t\t\t\t\t<p class=\"has-text-align-right booking_no_discount has-secondary-font-family\"><\/p>\n\n\t\t\t\t\t\t\t\t\t<p class=\"has-text-align-right dates\">\n\t\t\t\t\t\t\t\t\t\tFrom <span class=\"start\"><\/span> to <span class=\"end\"><\/span>\t\t\t\t\t\t\t\t\t<\/p>\n\t\t\t\t\t\t\t\t<\/div>\n\t\t\t\t\t\t\t\t<div class=\"wp-block-group booking_alt\">\n\t\t\t\t\t\t\t\t\t<p class=\"booking_alt_text\">Available on other dates<\/p>\n\t\t\t\t\t\t\t\t\t<div class=\"booking_alt_content\">\n\t\t\t\t\t\t\t\t\t<\/div>\n\t\t\t\t\t\t\t\t<\/div>\n\t\t\t\t\t\t\t<\/div>\n\t\t\t\t\t\t<\/div>\n\n\t\t\t\t\t\t<div class=\"wp-block-buttons has-custom-font-size has-l-font-size\">\n\t\t\t\t\t\t\t<div\n\t\t\t\t\t\t\t\tclass=\"wp-block-button has-custom-width wp-block-button__width-100 has-custom-font-size booking-btn has-secondary-font-family\">\n\t\t\t\t\t\t\t\t<a href=\"https:\/\/www.camping-la-clairiere.com\/en\/hebergements\/villa-house-100-m%c2%b2-3-bedrooms-air-conditioning-including-bed-linen-baby-kit-gas-hob-and-free-wifi\/\"\n\t\t\t\t\t\t\t\t\tclass=\"wp-block-button__link has-white-color has-text-color has-background has-link-color has-text-align-center wp-element-button\">\n\t\t\t\t\t\t\t\t\tDiscover\t\t\t\t\t\t\t\t<\/a>\n\t\t\t\t\t\t\t<\/div>\n\t\t\t\t\t\t<\/div>\n\t\t\t\t\t\t<div class=\"booking_last\">\n\t\t\t\t\t\t\t<p class=\"booking_last_content\">\n\t\t\t\t\t\t\t\tMore than <span class=\"booking_last_value\"><\/span> <br> available\t\t\t\t\t\t\t<\/p>\n\t\t\t\t\t\t<\/div>\n\t\t\t\t\t\t<div class=\"booking_exclusive is-style-hover-image-effect\"><\/div>\n\t\t\t\t\t<\/div>\n\t\t\t\t<\/li>\n\n\t\t\t\t\t<\/ul>\n\n\t<\/div>\n\n<\/div>\n\n\n\n<div style=\"height:var(--wp--preset--spacing--xxxl)\" aria-hidden=\"true\" class=\"wp-block-spacer\"><\/div>\n\n\n\n<div class=\"wp-block-group alignfull has-global-padding is-layout-constrained wp-container-core-group-is-layout-076db290 wp-block-group-is-layout-constrained\" style=\"margin-top:0;padding-top:0;padding-right:var(--wp--preset--spacing--l);padding-bottom:0;padding-left:var(--wp--preset--spacing--l)\">\n<div class=\"wp-block-group has-global-padding is-layout-constrained wp-container-core-group-is-layout-6d08aa83 wp-block-group-is-layout-constrained\" style=\"margin-top:0;margin-bottom:0;padding-top:0;padding-right:0;padding-bottom:0;padding-left:0\">\n<figure class=\"wp-block-image aligncenter size-large is-resized\"><img alt=\"Bonbon ray\u00e9 rose et blanc.\" decoding=\"async\" width=\"1024\" height=\"916\" src=\"https:\/\/www.camping-la-clairiere.com\/wp-content\/uploads\/2026\/04\/4af274f244d018dbb3c8e8a148bcd064e4a2990b-1024x916.png\" alt=\"\" class=\"wp-image-451\" style=\"width:50px\"\/><\/figure>\n<\/div>\n\n\n\n<div class=\"wp-block-group has-global-padding is-layout-constrained wp-container-core-group-is-layout-b2c8f158 wp-block-group-is-layout-constrained\" style=\"margin-top:0;margin-bottom:0;padding-top:0;padding-right:0;padding-left:0\">\n<h2 class=\"wp-block-heading has-text-align-center is-style-top-title is-style-top-title--3\" style=\"margin-bottom:0\">La Villa 3ch 6\/8 Pers<\/h2>\n\n\n\n<p class=\"has-text-align-center is-style-title-below is-style-title-below--4\" style=\"padding-bottom:0\">A renovated, comfortable home for families and friends.<\/p>\n\n\n\n<div class=\"wp-block-group has-global-padding is-layout-constrained wp-block-group-is-layout-constrained\">\n<p class=\"has-text-align-center\" style=\"margin-bottom:0px\"><br>The <strong>Villa 3ch 6\/8 Pers<\/strong> offers all the comforts of a vacation home in a setting designed with your stay in mind. Carefully renovated, it boasts a bright, soothing atmosphere thanks to its <strong>soft, refreshing colors<\/strong>. The layout makes it easy for everyone to make the most of the space, whether you&#8217;re going away with family, friends or that vacation configuration where there&#8217;s always a little more than expected around the table.  <\/p>\n\n\n\n<p class=\"has-text-align-center\" style=\"margin-bottom:0px\">You&#8217;ll find <strong>three bedrooms<\/strong>, a <strong>bathroom<\/strong>, a <strong>toilet<\/strong>, <strong>two WCs<\/strong>, a <strong>laundry room<\/strong> and a <strong>large living room<\/strong>, making daily life easier and more comfortable. The <strong>fully-equipped kitchen<\/strong> lets you enjoy the living room at your own pace, while the <strong>large wooden terrace<\/strong> and <strong>enclosed private garden<\/strong> invite you to take full advantage of the outdoors. It&#8217;s easy to alternate between shared moments, moments of calm and a real feeling of space.  <br><br><\/p>\n\n\n\n<h2 class=\"wp-block-heading has-text-align-center is-style-top-title is-style-top-title--5\">Fully equipped accommodation for a peaceful stay<\/h2>\n\n\n\n<p class=\"has-text-align-center is-style-title-below is-style-title-below--6\">Equipment designed to combine comfort, practicality and freedom during your vacations.<\/p>\n\n\n\n<p class=\"has-text-align-center\">The villa is equipped with all the amenities you&#8217;d expect to make your stay more enjoyable every day. <strong>Air-conditioning<\/strong>, <strong>dishwasher<\/strong>, <strong>TV<\/strong> and <strong>free wifi connection<\/strong> are just some of the features that contribute to the simple but precious comfort of a vacation. Here, everything comes together to make you feel good from the moment you arrive, and enjoy your time here to the full.  <\/p>\n\n\n\n<p class=\"has-text-align-center\">With its spacious layout, private outdoor areas and high level of equipment, the <strong>Villa 3ch 6\/8 Pers<\/strong> is ideal for those looking for more space and greater autonomy during their stay. An ideal formula for a convivial, comfortable and relaxed vacation, in accommodation that has clearly understood that in summer, the watchword is still to feel good. <\/p>\n<\/div>\n<\/div>\n<\/div>\n\n\n\n<div style=\"height:var(--wp--preset--spacing--xxxxxl)\" aria-hidden=\"true\" class=\"wp-block-spacer\"><\/div>\n","protected":false},"excerpt":{"rendered":"<p>A spacious villa for vacations in total freedom The comfort of a vacation home, at the campsite. With the Villa 3ch 6\/8 Pers, you can enjoy the space, comfort and independence of a real vacation home. Completely renovated, it features soft, refreshing colors, particularly pleasant on hot summer days. Here, everything has been thought of [&hellip;]<\/p>\n","protected":false},"author":1,"featured_media":0,"parent":0,"menu_order":0,"comment_status":"closed","ping_status":"closed","template":"page-full-width","meta":{"_acf_changed":false,"_seopress_robots_primary_cat":"","_seopress_titles_title":"Location Villa \u00e0 La Tremblade | Villas \u00e0 louer d\u00e8s 1798\u20ac","_seopress_titles_desc":"Optez pour la location d'une villa \u00e0 La Tremblade. Villa premium jusqu\u2019\u00e0 8 personnes pour vos vacances en bord de mer en Charente-Maritime.","_seopress_robots_index":"","footnotes":""},"class_list":["post-2243","page","type-page","status-publish","hentry"],"acf":[],"_links":{"self":[{"href":"https:\/\/www.camping-la-clairiere.com\/en\/wp-json\/wp\/v2\/pages\/2243","targetHints":{"allow":["GET"]}}],"collection":[{"href":"https:\/\/www.camping-la-clairiere.com\/en\/wp-json\/wp\/v2\/pages"}],"about":[{"href":"https:\/\/www.camping-la-clairiere.com\/en\/wp-json\/wp\/v2\/types\/page"}],"author":[{"embeddable":true,"href":"https:\/\/www.camping-la-clairiere.com\/en\/wp-json\/wp\/v2\/users\/1"}],"replies":[{"embeddable":true,"href":"https:\/\/www.camping-la-clairiere.com\/en\/wp-json\/wp\/v2\/comments?post=2243"}],"version-history":[{"count":2,"href":"https:\/\/www.camping-la-clairiere.com\/en\/wp-json\/wp\/v2\/pages\/2243\/revisions"}],"predecessor-version":[{"id":2328,"href":"https:\/\/www.camping-la-clairiere.com\/en\/wp-json\/wp\/v2\/pages\/2243\/revisions\/2328"}],"wp:attachment":[{"href":"https:\/\/www.camping-la-clairiere.com\/en\/wp-json\/wp\/v2\/media?parent=2243"}],"curies":[{"name":"wp","href":"https:\/\/api.w.org\/{rel}","templated":true}]}}