{"id":2037,"date":"2026-04-07T10:27:35","date_gmt":"2026-04-07T08:27:35","guid":{"rendered":"https:\/\/www.camping-la-clairiere.com\/seaside\/"},"modified":"2026-04-09T17:55:49","modified_gmt":"2026-04-09T15:55:49","slug":"seaside","status":"publish","type":"page","link":"https:\/\/www.camping-la-clairiere.com\/en\/seaside\/","title":{"rendered":"Seaside"},"content":{"rendered":"\n<div class=\"wp-block-group alignfull is-layout-flow wp-block-group-is-layout-flow\" style=\"margin-top:0;margin-bottom:0;padding-top:0;padding-right:0;padding-bottom:0;padding-left:0\">\n<div class=\"wp-block-group is-layout-flow wp-block-group-is-layout-flow\">\n<div class=\"wp-block-cover alignfull has-custom-content-position is-position-bottom-center\" style=\"padding-top:0;padding-right:0;padding-bottom:0;padding-left:0;min-height:100vh;aspect-ratio:unset;\"><img alt=\"V\u00e9lo rouge sur plage sableuse, ciel bleu nuageux.\" decoding=\"async\" width=\"2560\" height=\"1440\" class=\"wp-block-cover__image-background wp-image-806 size-16\/9_2560x1440_desktop\" alt=\"\" src=\"https:\/\/www.camping-la-clairiere.com\/wp-content\/uploads\/2026\/04\/bord-de-mer-camping-la-clairiere-charente-maritimes_02-2560x1440.webp\" data-object-fit=\"cover\" srcset=\"https:\/\/www.camping-la-clairiere.com\/wp-content\/uploads\/2026\/04\/bord-de-mer-camping-la-clairiere-charente-maritimes_02-2560x1440.webp 2560w, https:\/\/www.camping-la-clairiere.com\/wp-content\/uploads\/2026\/04\/bord-de-mer-camping-la-clairiere-charente-maritimes_02-1920x1080.webp 1920w, https:\/\/www.camping-la-clairiere.com\/wp-content\/uploads\/2026\/04\/bord-de-mer-camping-la-clairiere-charente-maritimes_02-1440x810.webp 1440w, https:\/\/www.camping-la-clairiere.com\/wp-content\/uploads\/2026\/04\/bord-de-mer-camping-la-clairiere-charente-maritimes_02-1366x768.webp 1366w, https:\/\/www.camping-la-clairiere.com\/wp-content\/uploads\/2026\/04\/bord-de-mer-camping-la-clairiere-charente-maritimes_02-1024x576.webp 1024w, https:\/\/www.camping-la-clairiere.com\/wp-content\/uploads\/2026\/04\/bord-de-mer-camping-la-clairiere-charente-maritimes_02-800x450.webp 800w, https:\/\/www.camping-la-clairiere.com\/wp-content\/uploads\/2026\/04\/bord-de-mer-camping-la-clairiere-charente-maritimes_02-640x360.webp 640w, https:\/\/www.camping-la-clairiere.com\/wp-content\/uploads\/2026\/04\/bord-de-mer-camping-la-clairiere-charente-maritimes_02-375x210.webp 375w, https:\/\/www.camping-la-clairiere.com\/wp-content\/uploads\/2026\/04\/bord-de-mer-camping-la-clairiere-charente-maritimes_02-200x112.webp 200w, https:\/\/www.camping-la-clairiere.com\/wp-content\/uploads\/2026\/04\/bord-de-mer-camping-la-clairiere-charente-maritimes_02-100x56.webp 100w\" sizes=\"(max-width: 2560px) 100vw, 2560px\" \/><span aria-hidden=\"true\" class=\"wp-block-cover__background has-transparent-background-color has-background-dim-100 has-background-dim\"><\/span><div class=\"wp-block-cover__inner-container is-layout-flow wp-block-cover-is-layout-flow\">\n<div class=\"wp-block-group has-secondary-gradient-gradient-background has-background has-global-padding is-layout-constrained wp-block-group-is-layout-constrained\">\n<div style=\"height:15vh\" aria-hidden=\"true\" class=\"wp-block-spacer\"><\/div>\n<\/div>\n<\/div><\/div>\n<\/div>\n<\/div>\n<div style=\"padding-top:10px;padding-left:10px;\" class=\"alignfull wp-elements-c549f836684188f85e65cc5f157bd5e7 wp-block-wpseopress-breadcrumbs\"><nav  aria-label=\"breadcrumb\"><ol class=\"breadcrumb\" itemscope itemtype=\"https:\/\/schema.org\/BreadcrumbList\"><li class=\"breadcrumb-item active\" aria-current=\"page\" itemprop=\"itemListElement\" itemscope itemtype=\"https:\/\/schema.org\/ListItem\"><span itemprop=\"name\">Camping \u00e0 La Tremblade<\/span><meta itemprop=\"position\" content=\"1\"><\/li><\/ol><\/nav><\/div>\n<div style=\"height:var(--wp--preset--spacing--xxxl)\" aria-hidden=\"true\" class=\"wp-block-spacer\"><\/div>\n\n<div class=\"wp-block-group alignfull has-global-padding is-layout-constrained wp-container-core-group-is-layout-076db290 wp-block-group-is-layout-constrained\" style=\"margin-top:0;padding-top:0;padding-right:var(--wp--preset--spacing--l);padding-bottom:0;padding-left:var(--wp--preset--spacing--l)\">\n<div class=\"wp-block-group has-global-padding is-layout-constrained wp-container-core-group-is-layout-6d08aa83 wp-block-group-is-layout-constrained\" style=\"margin-top:0;margin-bottom:0;padding-top:0;padding-right:0;padding-bottom:0;padding-left:0\">\n<figure class=\"wp-block-image aligncenter size-large is-resized\"><img alt=\"Bonbon ray\u00e9 rose et blanc.\" decoding=\"async\" width=\"1024\" height=\"916\" src=\"https:\/\/www.camping-la-clairiere.com\/wp-content\/uploads\/2026\/04\/4af274f244d018dbb3c8e8a148bcd064e4a2990b-1024x916.png\" alt=\"\" class=\"wp-image-451\" style=\"width:50px\"\/><\/figure>\n<\/div>\n\n\n\n<div class=\"wp-block-group has-global-padding is-layout-constrained wp-container-core-group-is-layout-72d38984 wp-block-group-is-layout-constrained\" style=\"margin-top:0;margin-bottom:0;padding-top:0;padding-right:0;padding-bottom:0;padding-left:0\">\n<h1 class=\"wp-block-heading has-text-align-center is-style-top-title is-style-top-title--1\" style=\"margin-bottom:0\">Seaside camping in Charente-Maritime<\/h1>\n\n\n\n<p class=\"has-text-align-center is-style-title-below is-style-title-below--2\" style=\"padding-bottom:0\">Campsite in Charente-Maritime by the sea<\/p>\n\n\n\n<div class=\"wp-block-group has-global-padding is-layout-constrained wp-block-group-is-layout-constrained\">\n<p class=\"has-text-align-center\" style=\"margin-bottom:0px\"><br\/>Welcome to Camping La Clairi\u00e8re, a place where the sea air blends with the gentle Charente-Maritime way of life. Just a stone&#8217;s throw from the ocean, our <strong><a href=\"https:\/\/www.camping-la-clairiere.com\/en\/\" data-type=\"page\" data-id=\"353\">campsite in La Tremblade<\/a><\/strong> offers a unique seaside experience, ideal for families, couples or groups of friends in search of relaxation and adventure. Here, every day is an invitation to discover, between sandy beaches and breathtaking coastal landscapes.  <\/p>\n<\/div>\n<\/div>\n<\/div>\n\n<div style=\"height:var(--wp--preset--spacing--xxxl)\" aria-hidden=\"true\" class=\"wp-block-spacer\"><\/div>\n\n<div class=\"wp-block-group alignfull has-global-padding is-layout-constrained wp-container-core-group-is-layout-72d38984 wp-block-group-is-layout-constrained\" style=\"margin-top:0;margin-bottom:0;padding-top:0;padding-right:0;padding-bottom:0;padding-left:0\">\n<div class=\"wp-block-group alignfull has-global-padding is-layout-constrained wp-container-core-group-is-layout-a0ad46d7 wp-block-group-is-layout-constrained\" style=\"margin-top:0;margin-bottom:0;padding-top:0;padding-right:0;padding-bottom:0;padding-left:0\">\n<div class=\"wp-block-columns hrz-responsive-col hrz-contenus-8 is-layout-flex wp-container-core-columns-is-layout-410e660c wp-block-columns-is-layout-flex\" style=\"padding-right:0;padding-left:0\">\n<div class=\"wp-block-column is-vertically-aligned-bottom fade has-global-padding is-content-justification-right is-layout-constrained wp-container-core-column-is-layout-85763710 wp-block-column-is-layout-constrained\" style=\"flex-basis:50%\">\n<div class=\"wp-block-group has-global-padding is-content-justification-right is-layout-constrained wp-container-core-group-is-layout-76cbeed5 wp-block-group-is-layout-constrained\">\n<div class=\"wp-block-group is-layout-flow wp-container-core-group-is-layout-a77db08e wp-block-group-is-layout-flow\">\n<div class=\"wp-block-group is-vertical is-content-justification-right is-layout-flex wp-container-core-group-is-layout-c0d519fa wp-block-group-is-layout-flex\">\n<figure class=\"wp-block-image size-large is-resized\"><img alt=\"Illustration d&#039;un palmier stylis\u00e9\" decoding=\"async\" width=\"666\" height=\"1024\" src=\"https:\/\/www.camping-la-clairiere.com\/wp-content\/uploads\/2026\/04\/170bcef585a64778b23fae9f4044894e36ebabca-scaled-e1775123071690-666x1024.png\" alt=\"\" class=\"wp-image-456\" style=\"width:50px\"\/><\/figure>\n\n\n\n<h2 class=\"wp-block-heading has-text-align-right is-style-top-title is-style-top-title--3\" style=\"margin-bottom:0\">Seaside just a stone&#8217;s throw from the campsite<\/h2>\n\n\n\n<p class=\"has-text-align-right is-style-title-below is-style-title-below--4\" style=\"padding-bottom:0\">The sea within easy reach<\/p>\n<\/div>\n<\/div>\n\n\n\n<div class=\"wp-block-group is-layout-flow wp-block-group-is-layout-flow\">\n<p class=\"has-text-align-right\">Imagine waking up in the morning to the gentle sound of the waves and the call of the ocean. Camping La Clairi\u00e8re puts you right next to the sea, so you can take full advantage of the pleasures of the seaside.   <\/p>\n<\/div>\n<\/div>\n\n\n\n<figure data-wp-context=\"{&quot;imageId&quot;:&quot;69d81f3f4f1d5&quot;}\" data-wp-interactive=\"core\/image\" data-wp-key=\"69d81f3f4f1d5\" class=\"wp-block-image size-full is-style-rounded is-style-rounded--5 wp-lightbox-container\"><img alt=\"Cabines de plage color\u00e9es sur sable ensoleill\u00e9.\" decoding=\"async\" width=\"2560\" height=\"1707\" data-wp-class--hide=\"state.isContentHidden\" data-wp-class--show=\"state.isContentVisible\" data-wp-init=\"callbacks.setButtonStyles\" data-wp-on--click=\"actions.showLightbox\" data-wp-on--load=\"callbacks.setButtonStyles\" data-wp-on-window--resize=\"callbacks.setButtonStyles\" src=\"https:\/\/www.camping-la-clairiere.com\/wp-content\/uploads\/2026\/04\/bord-de-mer-camping-la-clairiere-charente-maritimes_03-scaled.webp\" alt=\"\" class=\"wp-image-804\" srcset=\"https:\/\/www.camping-la-clairiere.com\/wp-content\/uploads\/2026\/04\/bord-de-mer-camping-la-clairiere-charente-maritimes_03-scaled.webp 2560w, https:\/\/www.camping-la-clairiere.com\/wp-content\/uploads\/2026\/04\/bord-de-mer-camping-la-clairiere-charente-maritimes_03-300x200.webp 300w, https:\/\/www.camping-la-clairiere.com\/wp-content\/uploads\/2026\/04\/bord-de-mer-camping-la-clairiere-charente-maritimes_03-1024x683.webp 1024w, https:\/\/www.camping-la-clairiere.com\/wp-content\/uploads\/2026\/04\/bord-de-mer-camping-la-clairiere-charente-maritimes_03-768x512.webp 768w, https:\/\/www.camping-la-clairiere.com\/wp-content\/uploads\/2026\/04\/bord-de-mer-camping-la-clairiere-charente-maritimes_03-1440x960.webp 1440w, https:\/\/www.camping-la-clairiere.com\/wp-content\/uploads\/2026\/04\/bord-de-mer-camping-la-clairiere-charente-maritimes_03-1080x720.webp 1080w, https:\/\/www.camping-la-clairiere.com\/wp-content\/uploads\/2026\/04\/bord-de-mer-camping-la-clairiere-charente-maritimes_03-720x480.webp 720w, https:\/\/www.camping-la-clairiere.com\/wp-content\/uploads\/2026\/04\/bord-de-mer-camping-la-clairiere-charente-maritimes_03-480x320.webp 480w, https:\/\/www.camping-la-clairiere.com\/wp-content\/uploads\/2026\/04\/bord-de-mer-camping-la-clairiere-charente-maritimes_03-240x160.webp 240w, https:\/\/www.camping-la-clairiere.com\/wp-content\/uploads\/2026\/04\/bord-de-mer-camping-la-clairiere-charente-maritimes_03-120x80.webp 120w\" sizes=\"(max-width: 2560px) 100vw, 2560px\" \/><button\n\t\t\tclass=\"lightbox-trigger\"\n\t\t\ttype=\"button\"\n\t\t\taria-haspopup=\"dialog\"\n\t\t\taria-label=\"Enlarge\"\n\t\t\tdata-wp-init=\"callbacks.initTriggerButton\"\n\t\t\tdata-wp-on--click=\"actions.showLightbox\"\n\t\t\tdata-wp-style--right=\"state.imageButtonRight\"\n\t\t\tdata-wp-style--top=\"state.imageButtonTop\"\n\t\t>\n\t\t\t<svg xmlns=\"http:\/\/www.w3.org\/2000\/svg\" width=\"12\" height=\"12\" fill=\"none\" viewBox=\"0 0 12 12\">\n\t\t\t\t<path fill=\"#fff\" d=\"M2 0a2 2 0 0 0-2 2v2h1.5V2a.5.5 0 0 1 .5-.5h2V0H2Zm2 10.5H2a.5.5 0 0 1-.5-.5V8H0v2a2 2 0 0 0 2 2h2v-1.5ZM8 12v-1.5h2a.5.5 0 0 0 .5-.5V8H12v2a2 2 0 0 1-2 2H8Zm2-12a2 2 0 0 1 2 2v2h-1.5V2a.5.5 0 0 0-.5-.5H8V0h2Z\" \/>\n\t\t\t<\/svg>\n\t\t<\/button><\/figure>\n<\/div>\n\n\n\n<div class=\"wp-block-column is-vertically-aligned-bottom anim-speed-m has-global-padding is-content-justification-left is-layout-constrained wp-container-core-column-is-layout-9f6ff739 wp-block-column-is-layout-constrained\" style=\"padding-bottom:0\">\n<div class=\"wp-block-group overflow-hidden has-global-padding is-layout-constrained wp-block-group-is-layout-constrained\" style=\"border-top-left-radius:25px;border-top-right-radius:25px;border-bottom-left-radius:25px;border-bottom-right-radius:25px\">\n<figure class=\"wp-block-image size-3\/4_600x800_desktop is-style-rounded is-style-rounded--6\"><img alt=\"Sentier c\u00f4tier surplombant l&#039;oc\u00e9an et les arbres\" decoding=\"async\" width=\"600\" height=\"800\" src=\"https:\/\/www.camping-la-clairiere.com\/wp-content\/uploads\/2026\/04\/bord-de-mer-camping-la-clairiere-charente-maritimes_01-600x800.webp\" alt=\"\" class=\"wp-image-805\" style=\"aspect-ratio:3\/4;object-fit:cover\" srcset=\"https:\/\/www.camping-la-clairiere.com\/wp-content\/uploads\/2026\/04\/bord-de-mer-camping-la-clairiere-charente-maritimes_01-600x800.webp 600w, https:\/\/www.camping-la-clairiere.com\/wp-content\/uploads\/2026\/04\/bord-de-mer-camping-la-clairiere-charente-maritimes_01-375x500.webp 375w, https:\/\/www.camping-la-clairiere.com\/wp-content\/uploads\/2026\/04\/bord-de-mer-camping-la-clairiere-charente-maritimes_01-133x177.webp 133w\" sizes=\"(max-width: 600px) 100vw, 600px\" \/><\/figure>\n<\/div>\n\n\n\n<p>Whether you&#8217;re into swimming, lounging on the beach or water sports, everything is within easy reach. The coastal paths invite you to enjoy beautiful walks, where each step reveals a new perspective on the marine horizon. It&#8217;s the perfect opportunity to recharge your batteries and reconnect with nature.  <\/p>\n<\/div>\n<\/div>\n\n\n\n<div style=\"height:209px\" aria-hidden=\"true\" class=\"wp-block-spacer\"><\/div>\n<\/div>\n<\/div>\n\n<div class=\"wp-block-group alignfull has-global-padding is-layout-constrained wp-container-core-group-is-layout-a3a765d0 wp-block-group-is-layout-constrained\" style=\"margin-top:0;padding-top:0;padding-right:0;padding-bottom:0;padding-left:0\">\n<div class=\"wp-block-group alignfull has-global-padding is-layout-constrained wp-container-core-group-is-layout-12243e0f wp-block-group-is-layout-constrained\">\n<div class=\"wp-block-columns are-vertically-aligned-center hrz-responsive-col hrz-reponsive-order is-layout-flex wp-container-core-columns-is-layout-99de5ce1 wp-block-columns-is-layout-flex\" style=\"margin-top:0;margin-bottom:0;padding-top:0;padding-right:0;padding-bottom:0;padding-left:0\">\n<div class=\"wp-block-column is-vertically-aligned-center fade has-global-padding is-layout-constrained wp-container-core-column-is-layout-e64fcb25 wp-block-column-is-layout-constrained\" style=\"padding-right:var(--wp--preset--spacing--m);padding-left:var(--wp--preset--spacing--m);flex-basis:50%\">\n<div class=\"wp-block-group has-global-padding is-layout-constrained wp-container-core-group-is-layout-c05bf992 wp-block-group-is-layout-constrained\" style=\"margin-top:0;margin-bottom:0;padding-top:40px\">\n<div class=\"wp-block-group is-layout-flow wp-container-core-group-is-layout-a77db08e wp-block-group-is-layout-flow\">\n<figure class=\"wp-block-image size-large is-resized\"><img alt=\"Ic\u00f4ne feuille verte stylis\u00e9e sur tronc marron.\" decoding=\"async\" width=\"666\" height=\"1024\" src=\"https:\/\/www.camping-la-clairiere.com\/wp-content\/uploads\/2026\/04\/170bcef585a64778b23fae9f4044894e36ebabca-1-666x1024.png\" alt=\"\" class=\"wp-image-452\" style=\"width:50px\"\/><\/figure>\n\n\n\n<h2 class=\"wp-block-heading has-text-align-left is-style-top-title has-real-white-color has-text-color has-link-color wp-elements-adce24c6c711424a690b9f38b7a1cfe8 is-style-top-title--7\" style=\"margin-bottom:0\">Discover the Charente-Maritime seaside<\/h2>\n\n\n\n<p class=\"has-text-align-left is-style-title-below has-real-white-color has-text-color has-link-color wp-elements-eda32a9c4ce918850a05ba8f858698ef is-style-title-below--8\" style=\"padding-bottom:0\">An ideal starting point for a trip to the ocean<\/p>\n<\/div>\n\n\n\n<p>Charente-Maritime is a region rich in discoveries, and Camping La Clairi\u00e8re is your ideal base for exploring its treasures. Nearby, the famous Fort Boyard stands proudly, while the islands of R\u00e9, Ol\u00e9ron and Aix promise unforgettable escapades.  Local markets abound with fresh, tasty produce, perfect for an impromptu picnic on the beach.  <br\/><br\/>And for culture lovers, the cities of La Rochelle and Rochefort offer a fascinating historical heritage to explore. Every day spent here is a new adventure. <\/p>\n<\/div>\n<\/div>\n\n\n\n<div class=\"wp-block-column is-vertically-aligned-center from-right is-layout-flow wp-block-column-is-layout-flow\" style=\"flex-basis:50%\">\n<figure data-wp-context=\"{&quot;imageId&quot;:&quot;69d81f3f53bd4&quot;}\" data-wp-interactive=\"core\/image\" data-wp-key=\"69d81f3f53bd4\" class=\"wp-block-image size-1\/1_1000x1000_desktop is-style-rounded is-style-rounded--9 wp-lightbox-container\" style=\"margin-top:var(--wp--preset--spacing--m);margin-bottom:var(--wp--preset--spacing--m)\"><img decoding=\"async\" width=\"1000\" height=\"1000\" data-wp-class--hide=\"state.isContentHidden\" data-wp-class--show=\"state.isContentVisible\" data-wp-init=\"callbacks.setButtonStyles\" data-wp-on--click=\"actions.showLightbox\" data-wp-on--load=\"callbacks.setButtonStyles\" data-wp-on-window--resize=\"callbacks.setButtonStyles\" src=\"https:\/\/www.camping-la-clairiere.com\/wp-content\/uploads\/2026\/04\/fort-boyard04-1000x1000.webp\" alt=\"Sailboat near an offshore fort\" class=\"wp-image-613\" style=\"aspect-ratio:1;object-fit:cover\" srcset=\"https:\/\/www.camping-la-clairiere.com\/wp-content\/uploads\/2026\/04\/fort-boyard04-1000x1000.webp 1000w, https:\/\/www.camping-la-clairiere.com\/wp-content\/uploads\/2026\/04\/fort-boyard04-150x150.webp 150w, https:\/\/www.camping-la-clairiere.com\/wp-content\/uploads\/2026\/04\/fort-boyard04-600x600.webp 600w, https:\/\/www.camping-la-clairiere.com\/wp-content\/uploads\/2026\/04\/fort-boyard04-400x400.webp 400w, https:\/\/www.camping-la-clairiere.com\/wp-content\/uploads\/2026\/04\/fort-boyard04-200x200.webp 200w, https:\/\/www.camping-la-clairiere.com\/wp-content\/uploads\/2026\/04\/fort-boyard04-100x100.webp 100w\" sizes=\"(max-width: 1000px) 100vw, 1000px\" \/><button\n\t\t\tclass=\"lightbox-trigger\"\n\t\t\ttype=\"button\"\n\t\t\taria-haspopup=\"dialog\"\n\t\t\taria-label=\"Enlarge\"\n\t\t\tdata-wp-init=\"callbacks.initTriggerButton\"\n\t\t\tdata-wp-on--click=\"actions.showLightbox\"\n\t\t\tdata-wp-style--right=\"state.imageButtonRight\"\n\t\t\tdata-wp-style--top=\"state.imageButtonTop\"\n\t\t>\n\t\t\t<svg xmlns=\"http:\/\/www.w3.org\/2000\/svg\" width=\"12\" height=\"12\" fill=\"none\" viewBox=\"0 0 12 12\">\n\t\t\t\t<path fill=\"#fff\" d=\"M2 0a2 2 0 0 0-2 2v2h1.5V2a.5.5 0 0 1 .5-.5h2V0H2Zm2 10.5H2a.5.5 0 0 1-.5-.5V8H0v2a2 2 0 0 0 2 2h2v-1.5ZM8 12v-1.5h2a.5.5 0 0 0 .5-.5V8H12v2a2 2 0 0 1-2 2H8Zm2-12a2 2 0 0 1 2 2v2h-1.5V2a.5.5 0 0 0-.5-.5H8V0h2Z\" \/>\n\t\t\t<\/svg>\n\t\t<\/button><\/figure>\n<\/div>\n<\/div>\n<\/div>\n<\/div>\n\n<div style=\"height:var(--wp--preset--spacing--xxxl)\" aria-hidden=\"true\" class=\"wp-block-spacer\"><\/div>\n\n<div class=\"wp-block-group alignfull has-global-padding is-layout-constrained wp-container-core-group-is-layout-7b139538 wp-block-group-is-layout-constrained\" style=\"margin-bottom:0;padding-right:var(--wp--preset--spacing--l);padding-left:var(--wp--preset--spacing--l)\">\n<div class=\"wp-block-cover alignfull has-custom-content-position is-position-bottom-center banner-m-50vh\" style=\"padding-top:0;padding-right:0;padding-bottom:0;padding-left:0;min-height:100vh;aspect-ratio:unset;\"><img alt=\"Terrasse en bois avec pergola et mobilier ext\u00e9rieur.\" decoding=\"async\" width=\"2560\" height=\"1440\" class=\"wp-block-cover__image-background wp-image-803 size-16\/9_2560x1440_desktop\" alt=\"\" src=\"https:\/\/www.camping-la-clairiere.com\/wp-content\/uploads\/2026\/04\/cottages-lagon-camping-la-clairiere-charente-maritimes-01-2560x1440.webp\" data-object-fit=\"cover\" srcset=\"https:\/\/www.camping-la-clairiere.com\/wp-content\/uploads\/2026\/04\/cottages-lagon-camping-la-clairiere-charente-maritimes-01-2560x1440.webp 2560w, https:\/\/www.camping-la-clairiere.com\/wp-content\/uploads\/2026\/04\/cottages-lagon-camping-la-clairiere-charente-maritimes-01-1920x1080.webp 1920w, https:\/\/www.camping-la-clairiere.com\/wp-content\/uploads\/2026\/04\/cottages-lagon-camping-la-clairiere-charente-maritimes-01-1440x810.webp 1440w, https:\/\/www.camping-la-clairiere.com\/wp-content\/uploads\/2026\/04\/cottages-lagon-camping-la-clairiere-charente-maritimes-01-1366x768.webp 1366w, https:\/\/www.camping-la-clairiere.com\/wp-content\/uploads\/2026\/04\/cottages-lagon-camping-la-clairiere-charente-maritimes-01-1024x576.webp 1024w, https:\/\/www.camping-la-clairiere.com\/wp-content\/uploads\/2026\/04\/cottages-lagon-camping-la-clairiere-charente-maritimes-01-800x450.webp 800w, https:\/\/www.camping-la-clairiere.com\/wp-content\/uploads\/2026\/04\/cottages-lagon-camping-la-clairiere-charente-maritimes-01-640x360.webp 640w, https:\/\/www.camping-la-clairiere.com\/wp-content\/uploads\/2026\/04\/cottages-lagon-camping-la-clairiere-charente-maritimes-01-375x210.webp 375w, https:\/\/www.camping-la-clairiere.com\/wp-content\/uploads\/2026\/04\/cottages-lagon-camping-la-clairiere-charente-maritimes-01-200x112.webp 200w, https:\/\/www.camping-la-clairiere.com\/wp-content\/uploads\/2026\/04\/cottages-lagon-camping-la-clairiere-charente-maritimes-01-100x56.webp 100w\" sizes=\"(max-width: 2560px) 100vw, 2560px\" \/><span aria-hidden=\"true\" class=\"wp-block-cover__background has-transparent-background-color has-background-dim-100 has-background-dim\"><\/span><div class=\"wp-block-cover__inner-container is-layout-flow wp-block-cover-is-layout-flow\">\n<div class=\"wp-block-group has-secondary-gradient-gradient-background has-background has-global-padding is-layout-constrained wp-block-group-is-layout-constrained\">\n<div style=\"height:15vh\" aria-hidden=\"true\" class=\"wp-block-spacer\"><\/div>\n<\/div>\n<\/div><\/div>\n\n\n\n<div class=\"wp-block-group fade has-global-padding is-layout-constrained wp-container-core-group-is-layout-b5ff96ae wp-block-group-is-layout-constrained\">\n<div class=\"wp-block-group is-layout-flow wp-container-core-group-is-layout-a77db08e wp-block-group-is-layout-flow\">\n<figure class=\"wp-block-image aligncenter size-large is-resized\"><img alt=\"Bonbon ray\u00e9 rose et blanc.\" decoding=\"async\" width=\"1024\" height=\"916\" src=\"https:\/\/www.camping-la-clairiere.com\/wp-content\/uploads\/2026\/04\/4af274f244d018dbb3c8e8a148bcd064e4a2990b-1024x916.png\" alt=\"\" class=\"wp-image-451\" style=\"width:50px\"\/><\/figure>\n\n\n\n<h2 class=\"wp-block-heading has-text-align-center is-style-top-title is-style-top-title--10\" style=\"margin-bottom:0\">Seaside accommodation rental in Charente-Maritime<\/h2>\n\n\n\n<p class=\"has-text-align-center is-style-title-below is-style-title-below--11\" style=\"padding-bottom:0\">A vacation of comfort and sea air<\/p>\n<\/div>\n\n\n\n<div class=\"wp-block-group is-layout-flow wp-block-group-is-layout-flow\">\n<p class=\"has-text-align-center has-real-white-color has-text-color has-link-color wp-elements-c9bd67839ceaa3eced7bb87570bb1bdb\">At Camping La Clairi\u00e8re, you&#8217;ll find a range of accommodation to suit your needs and budget. From spacious pitches for tents and caravans to comfortable mobile homes, every option is designed to offer you a pleasant, relaxing stay. Modern, well-maintained facilities guarantee optimum comfort, while the warm welcome from our on-site team will make you feel right at home. Book your accommodation now and get ready for a memorable seaside vacation.   <\/p>\n\n\n\n<p class=\"has-text-align-center has-real-white-color has-text-color has-link-color wp-elements-890cc20a237871f9f04901a82848b3c0\">In conclusion, Camping La Clairi\u00e8re is much more than just a place to stay. It&#8217;s a gateway to the beauty and diversity of the Charente-Maritime region, a place where every moment spent becomes a precious memory. Whether you&#8217;re looking for relaxation, adventure or discovery, this seaside campsite will meet all your expectations. So don&#8217;t wait any longer to book your next getaway and let yourself be seduced by the authentic charm of this exceptional region.   <\/p>\n<\/div>\n<\/div>\n<\/div>\n\n<div style=\"height:10rem\" aria-hidden=\"true\" class=\"wp-block-spacer\"><\/div>\n","protected":false},"excerpt":{"rendered":"<p>Seaside camping in Charente-Maritime Campsite in Charente-Maritime by the sea Welcome to Camping La Clairi\u00e8re, a place where the sea air blends with the gentle Charente-Maritime way of life. Just a stone&#8217;s throw from the ocean, our campsite in La Tremblade offers a unique seaside experience, ideal for families, couples or groups of friends in [&hellip;]<\/p>\n","protected":false},"author":1,"featured_media":0,"parent":0,"menu_order":0,"comment_status":"closed","ping_status":"closed","template":"page-full-width","meta":{"_acf_changed":false,"_seopress_robots_primary_cat":"","_seopress_titles_title":"Seaside campsite La Tremblade | Campsite near the most beautiful beaches of Charente-Maritime","_seopress_titles_desc":"Enjoy a fabulous stay at our seaside campsite in Charente-Maritime! Enjoy direct access to the beaches when you stay at Camping La Clairi\u00e8re! ","_seopress_robots_index":"","footnotes":""},"class_list":["post-2037","page","type-page","status-publish","hentry"],"acf":[],"_links":{"self":[{"href":"https:\/\/www.camping-la-clairiere.com\/en\/wp-json\/wp\/v2\/pages\/2037","targetHints":{"allow":["GET"]}}],"collection":[{"href":"https:\/\/www.camping-la-clairiere.com\/en\/wp-json\/wp\/v2\/pages"}],"about":[{"href":"https:\/\/www.camping-la-clairiere.com\/en\/wp-json\/wp\/v2\/types\/page"}],"author":[{"embeddable":true,"href":"https:\/\/www.camping-la-clairiere.com\/en\/wp-json\/wp\/v2\/users\/1"}],"replies":[{"embeddable":true,"href":"https:\/\/www.camping-la-clairiere.com\/en\/wp-json\/wp\/v2\/comments?post=2037"}],"version-history":[{"count":2,"href":"https:\/\/www.camping-la-clairiere.com\/en\/wp-json\/wp\/v2\/pages\/2037\/revisions"}],"predecessor-version":[{"id":2443,"href":"https:\/\/www.camping-la-clairiere.com\/en\/wp-json\/wp\/v2\/pages\/2037\/revisions\/2443"}],"wp:attachment":[{"href":"https:\/\/www.camping-la-clairiere.com\/en\/wp-json\/wp\/v2\/media?parent=2037"}],"curies":[{"name":"wp","href":"https:\/\/api.w.org\/{rel}","templated":true}]}}