{"id":1938,"date":"2026-04-01T10:24:06","date_gmt":"2026-04-01T08:24:06","guid":{"rendered":"https:\/\/www.camping-la-clairiere.com\/frequently-asked-questions\/"},"modified":"2026-04-09T17:07:41","modified_gmt":"2026-04-09T15:07:41","slug":"frequently-asked-questions","status":"publish","type":"page","link":"https:\/\/www.camping-la-clairiere.com\/en\/frequently-asked-questions\/","title":{"rendered":"Frequently asked questions"},"content":{"rendered":"\n<div class=\"wp-block-group alignfull is-layout-flow wp-block-group-is-layout-flow\" style=\"margin-top:0;margin-bottom:0;padding-top:0;padding-right:0;padding-bottom:0;padding-left:0\">\n<div class=\"wp-block-group is-layout-flow wp-block-group-is-layout-flow\">\n<div class=\"wp-block-cover alignfull has-custom-content-position is-position-bottom-center\" style=\"padding-top:0;padding-right:0;padding-bottom:0;padding-left:0;min-height:100vh;aspect-ratio:unset;\"><img alt=\"Sentier bois\u00e9 menant \u00e0 une plage ensoleill\u00e9e.\" decoding=\"async\" width=\"2560\" height=\"1440\" class=\"wp-block-cover__image-background wp-image-413 size-16\/9_2560x1440_desktop\" alt=\"\" src=\"https:\/\/www.camping-la-clairiere.com\/wp-content\/uploads\/2026\/04\/25f3d17d632554d75e1cf1188c2e5e1db496a9bf-2560x1440.jpg\" data-object-fit=\"cover\" srcset=\"https:\/\/www.camping-la-clairiere.com\/wp-content\/uploads\/2026\/04\/25f3d17d632554d75e1cf1188c2e5e1db496a9bf-2560x1440.jpg 2560w, https:\/\/www.camping-la-clairiere.com\/wp-content\/uploads\/2026\/04\/25f3d17d632554d75e1cf1188c2e5e1db496a9bf-1920x1080.jpg 1920w, https:\/\/www.camping-la-clairiere.com\/wp-content\/uploads\/2026\/04\/25f3d17d632554d75e1cf1188c2e5e1db496a9bf-1440x810.jpg 1440w, https:\/\/www.camping-la-clairiere.com\/wp-content\/uploads\/2026\/04\/25f3d17d632554d75e1cf1188c2e5e1db496a9bf-1366x768.jpg 1366w, https:\/\/www.camping-la-clairiere.com\/wp-content\/uploads\/2026\/04\/25f3d17d632554d75e1cf1188c2e5e1db496a9bf-1024x576.jpg 1024w, https:\/\/www.camping-la-clairiere.com\/wp-content\/uploads\/2026\/04\/25f3d17d632554d75e1cf1188c2e5e1db496a9bf-800x450.jpg 800w, https:\/\/www.camping-la-clairiere.com\/wp-content\/uploads\/2026\/04\/25f3d17d632554d75e1cf1188c2e5e1db496a9bf-640x360.jpg 640w, https:\/\/www.camping-la-clairiere.com\/wp-content\/uploads\/2026\/04\/25f3d17d632554d75e1cf1188c2e5e1db496a9bf-375x210.jpg 375w, https:\/\/www.camping-la-clairiere.com\/wp-content\/uploads\/2026\/04\/25f3d17d632554d75e1cf1188c2e5e1db496a9bf-200x112.jpg 200w, https:\/\/www.camping-la-clairiere.com\/wp-content\/uploads\/2026\/04\/25f3d17d632554d75e1cf1188c2e5e1db496a9bf-100x56.jpg 100w\" sizes=\"(max-width: 2560px) 100vw, 2560px\" \/><span aria-hidden=\"true\" class=\"wp-block-cover__background has-transparent-background-color has-background-dim-100 has-background-dim\"><\/span><div class=\"wp-block-cover__inner-container is-layout-flow wp-block-cover-is-layout-flow\">\n<div class=\"wp-block-group has-secondary-gradient-gradient-background has-background has-global-padding is-layout-constrained wp-block-group-is-layout-constrained\">\n<div style=\"height:15vh\" aria-hidden=\"true\" class=\"wp-block-spacer\"><\/div>\n<\/div>\n<\/div><\/div>\n<\/div>\n<\/div>\n\n\n<div style=\"padding-top:10px;padding-left:10px;\" class=\"alignfull wp-elements-c549f836684188f85e65cc5f157bd5e7 wp-block-wpseopress-breadcrumbs\"><nav  aria-label=\"breadcrumb\"><ol class=\"breadcrumb\" itemscope itemtype=\"https:\/\/schema.org\/BreadcrumbList\"><li class=\"breadcrumb-item active\" aria-current=\"page\" itemprop=\"itemListElement\" itemscope itemtype=\"https:\/\/schema.org\/ListItem\"><span itemprop=\"name\">Camping \u00e0 La Tremblade<\/span><meta itemprop=\"position\" content=\"1\"><\/li><\/ol><\/nav><\/div>\n\n\n<div style=\"height:var(--wp--preset--spacing--xxxl)\" aria-hidden=\"true\" class=\"wp-block-spacer\"><\/div>\n\n\n\n<div class=\"wp-block-group alignfull has-global-padding is-layout-constrained wp-container-core-group-is-layout-076db290 wp-block-group-is-layout-constrained\" style=\"margin-top:0;padding-top:0;padding-right:var(--wp--preset--spacing--l);padding-bottom:0;padding-left:var(--wp--preset--spacing--l)\">\n<div class=\"wp-block-group has-global-padding is-layout-constrained wp-container-core-group-is-layout-6d08aa83 wp-block-group-is-layout-constrained\" style=\"margin-top:0;margin-bottom:0;padding-top:0;padding-right:0;padding-bottom:0;padding-left:0\">\n<figure class=\"wp-block-image aligncenter size-large is-resized\"><img alt=\"Bonbon ray\u00e9 rose et blanc.\" decoding=\"async\" width=\"1024\" height=\"916\" src=\"https:\/\/www.camping-la-clairiere.com\/wp-content\/uploads\/2026\/04\/4af274f244d018dbb3c8e8a148bcd064e4a2990b-1024x916.png\" alt=\"\" class=\"wp-image-451\" style=\"width:50px\"\/><\/figure>\n<\/div>\n\n\n\n<div class=\"wp-block-group has-global-padding is-layout-constrained wp-container-core-group-is-layout-72d38984 wp-block-group-is-layout-constrained\" style=\"margin-top:0;margin-bottom:0;padding-top:0;padding-right:0;padding-bottom:0;padding-left:0\">\n<h1 class=\"wp-block-heading has-text-align-center is-style-top-title is-style-top-title--1\" style=\"margin-bottom:0\">Quickly find answers to your most frequently asked questions<\/h1>\n\n\n\n<p class=\"has-text-align-center is-style-title-below is-style-title-below--2\" style=\"padding-bottom:0\">All the information you need in one place.<\/p>\n\n\n\n<div class=\"wp-block-group has-global-padding is-layout-constrained wp-block-group-is-layout-constrained\">\n<p class=\"has-text-align-center\" style=\"margin-bottom:0px\"><br>This <strong>FAQ<\/strong> will help you find answers to the most frequently asked questions about our <strong><a href=\"https:\/\/www.camping-la-clairiere.com\/en\/\" data-type=\"page\" data-id=\"353\">campsite in La Tremblade<\/a><\/strong>stay, services and practical information. A simple, clear format to help you prepare your vacation or clear up any doubts before you arrive. Because having the right answer at the right time means you can leave with a little more peace of mind.  <\/p>\n<\/div>\n<\/div>\n<\/div>\n\n\n\n<div style=\"height:var(--wp--preset--spacing--xxxl)\" aria-hidden=\"true\" class=\"wp-block-spacer\"><\/div>\n\n\n\n<div class=\"wp-block-group alignfull is-layout-flow wp-block-group-is-layout-flow\" style=\"padding-right:var(--wp--preset--spacing--xxxxl);padding-left:var(--wp--preset--spacing--xxxxl)\">\n<div class=\"pfq\">\n  \n  \n  <nav class=\"pfq__themes\">\n    <h2>Themes<\/h2>\n    <ul>\n      \n        <li class=\"pfq__theme active\" data-pfq-group=\"group-0\">\n          <a href=\"#\">FAQ Camping la Clairi\u00e8re<\/a>\n        <\/li>\n\n          <\/ul>\n  <\/nav>\n\n  <div class=\"pfq__questions\">\n    \n      <div class=\"pfq__questions__group visible\" data-pfq-group=\"group-0\">\n\n        <h3>FAQ Camping la Clairi\u00e8re<\/h3>\n\n        \n          <div class=\"pfq__question\"  >\n            <h4 class=\"pfq__question__title\">Is the campsite affiliated to VACAF?<\/h4>\n            <div class=\"pfq__answer\"><p>No, the campsite is not VACAF approved.<\/p>\n<\/div>\n          <\/div>\n\n        \n          <div class=\"pfq__question\"  >\n            <h4 class=\"pfq__question__title\">Are pets allowed on the campsite?<\/h4>\n            <div class=\"pfq__answer\"><p>Dogs not belonging to categories 1 and 2 are accepted in cottages (except in our Premium cottages), in the villa and on bare pitches. Vaccination certificate required. There is a charge for this service (\u20ac6\/night). A cani-douche, dog waste bins and nature areas are available.   <\/p>\n<\/div>\n          <\/div>\n\n        \n          <div class=\"pfq__question\"  >\n            <h4 class=\"pfq__question__title\">How do I get to the campsite?<\/h4>\n            <div class=\"pfq__answer\"><ul>\n<li>By car: Via La Rochelle then Rochefort-en-mer or via Saintes then Saujon.<\/li>\n<li>By plane: Bordeaux or La Rochelle airports<\/li>\n<li>By train: First station at Royan or Saujon<\/li>\n<\/ul>\n<p>At the campsite, bicycles are still the most popular means of transport for our guests.<\/p>\n<\/div>\n          <\/div>\n\n        \n          <div class=\"pfq__question\"  >\n            <h4 class=\"pfq__question__title\">Can I choose my plot before I arrive?<\/h4>\n            <div class=\"pfq__answer\"><p>You can choose your pitch by criteria (quiet, shady, sunny) with the<\/p>\n<p>option &#8220;Preferred pitch at \u20ac20&#8221;.<\/p>\n<\/div>\n          <\/div>\n\n        \n          <div class=\"pfq__question\"  >\n            <h4 class=\"pfq__question__title\">Are bicycles available for hire?<\/h4>\n            <div class=\"pfq__answer\"><p>Yes, we offer bike rental, serviced daily by our service provider (at a charge).<\/p>\n<\/div>\n          <\/div>\n\n        \n          <div class=\"pfq__question\"  >\n            <h4 class=\"pfq__question__title\">What time can I get there?<\/h4>\n            <div class=\"pfq__answer\"><p>For mobile-home and villa rentals: 5pm to 7.30pm<br \/>\nFor bare pitches: 2pm to 7.30pm<br \/>\n<b>Don&#8217;t forget to check if you&#8217;re arriving on a Saturday or Sunday.<\/b><\/p>\n<\/div>\n          <\/div>\n\n        \n          <div class=\"pfq__question\"  >\n            <h4 class=\"pfq__question__title\">What time do I have to leave my mobile home or pitch?<\/h4>\n            <div class=\"pfq__answer\"><ul>\n<li>Mobile homes and villas: before 10 a.m.<\/li>\n<li>Bare pitches until 12pm.<\/li>\n<\/ul>\n<p>Wristbands must be returned to reception on the day of departure.<\/p>\n<\/div>\n          <\/div>\n\n        \n          <div class=\"pfq__question\"  >\n            <h4 class=\"pfq__question__title\">Can I get there first?<\/h4>\n            <div class=\"pfq__answer\"><p>We can&#8217;t guarantee your accommodation before 5pm, but in the meantime you can take advantage of our facilities and services. All you have to do is check in at reception and get your wristband. <\/p>\n<\/div>\n          <\/div>\n\n        \n          <div class=\"pfq__question\"  >\n            <h4 class=\"pfq__question__title\">If I arrive after reception opening hours, what should I do?<\/h4>\n            <div class=\"pfq__answer\"><p>Please let us know by e-mail or telephone, and we will inform you of the procedure to follow.<\/p>\n<p><b>Please note: Campers are not allowed to bring their cars, caravans or motorhomes in after 11pm.<\/b><\/p>\n<\/div>\n          <\/div>\n\n        \n          <div class=\"pfq__question\"  >\n            <h4 class=\"pfq__question__title\">How far is the campsite from the beach?<\/h4>\n            <div class=\"pfq__answer\"><p>The first beach is at Ronce-Les-Bains, which is only 2.5 km from the campsite.<\/p>\n<p>The Atlantic coast&#8217;s extensive beaches can be reached from Rone-Les-Bains.<\/p>\n<\/div>\n          <\/div>\n\n        \n          <div class=\"pfq__question\"  >\n            <h4 class=\"pfq__question__title\">Is the campsite far from Ile d&#039;Ol\u00e9ron? Royan? La Palmyre  <\/h4>\n            <div class=\"pfq__answer\"><p>L&#8217;ile d&#8217;Ol\u00e9ron and Royan are around 20 km from the campsite.<\/p>\n<p>La Palmyre is just 10 km away.<\/p>\n<\/div>\n          <\/div>\n\n        \n          <div class=\"pfq__question\"  >\n            <h4 class=\"pfq__question__title\">What equipment can I rent?<\/h4>\n            <div class=\"pfq__answer\"><p>Rental requests can be made at our reception desk or at the time of booking for the entire duration of your stay, subject to availability:<\/p>\n<ul>\n<li>baby kit including cot, high chair and bathtub on request (\u20ac7\/night)<\/li>\n<li>Plancha (\u20ac6\/night)<\/li>\n<li>Top fridge (\u20ac7\/night)<\/li>\n<li>Fridge-freezer (\u20ac9\/night)<\/li>\n<\/ul>\n<\/div>\n          <\/div>\n\n        \n          <div class=\"pfq__question\"  >\n            <h4 class=\"pfq__question__title\">Does the campsite have a gym?<\/h4>\n            <div class=\"pfq__answer\"><p>No, the campsite does not have a gym, but it does provide :<\/p>\n<ul>\n<li>Ping-pong tables<\/li>\n<li>A multi-sports park<\/li>\n<li>A tennis court<\/li>\n<li>A mini-golf course<\/li>\n<li>Baskets of sneakers<\/li>\n<li>A petanque court<\/li>\n<\/ul>\n<\/div>\n          <\/div>\n\n        \n          <div class=\"pfq__question\"  >\n            <h4 class=\"pfq__question__title\">Are there any animations?<\/h4>\n            <div class=\"pfq__answer\"><p>Yes during the day: sports activities in the morning and outdoor games in the afternoon<\/p>\n<p>In the evening: shows (music, magic, dance&#8230;), games (including aperitif games), mini-disco for toddlers, dance evenings and evenings at the lagoon.<\/p>\n<p>The entertainment program is available on our app, on the notice boards (reception and entrance) and at the bar.<\/p>\n<\/div>\n          <\/div>\n\n        \n          <div class=\"pfq__question\"  >\n            <h4 class=\"pfq__question__title\">How does Wifi work?<\/h4>\n            <div class=\"pfq__answer\"><p>Wifi is a paying service. You can connect and pay directly online&#8230; <\/p>\n<\/div>\n          <\/div>\n\n        \n          <div class=\"pfq__question\"  >\n            <h4 class=\"pfq__question__title\">What are the opening times for the pools? the lagoon? the toboggan?  <\/h4>\n            <div class=\"pfq__answer\"><ul>\n<li>The pool is open from 10.15 a.m. to 7.30 p.m.<\/li>\n<li>Le Lagon is open from 10.30 a.m. to 8 p.m.<\/li>\n<li>Le Toboggan is open from 11 a.m. to 7:30 p.m.<\/li>\n<\/ul>\n<\/div>\n          <\/div>\n\n        \n          <div class=\"pfq__question\"  >\n            <h4 class=\"pfq__question__title\">What should I wear for the pool? The lagoon or the slide? <\/h4>\n            <div class=\"pfq__answer\"><p>Meeting municipal pool hygiene standards, only briefs are permitted for men. For women: one- and\/or two-piece swimsuits; no other clothing is permitted. Babies must wear a special diaper.  <\/p>\n<\/div>\n          <\/div>\n\n        \n          <div class=\"pfq__question\"  >\n            <h4 class=\"pfq__question__title\">If I&#039;m a visitor, can I have access to the aquatic areas?  <\/h4>\n            <div class=\"pfq__answer\"><p>Only management is authorized to give permission, but visitors are generally not allowed access for security reasons.<\/p>\n<\/div>\n          <\/div>\n\n        \n          <div class=\"pfq__question\"  >\n            <h4 class=\"pfq__question__title\">Can I leave my children alone in aquatic areas if they know how to swim?<\/h4>\n            <div class=\"pfq__answer\"><p>No, children remain under the responsibility and supervision of their parents (even in the presence of a supervisor, whose presence is not mandatory at campsites).<\/p>\n<\/div>\n          <\/div>\n\n        \n          <div class=\"pfq__question\"  >\n            <h4 class=\"pfq__question__title\">Are there any supermarkets near the campsite?<\/h4>\n            <div class=\"pfq__answer\"><p>The nearest one is a 5-minute drive away<\/p>\n<p>A Proxi grocery store is available on site for your convenience.<\/p>\n<\/div>\n          <\/div>\n\n        \n          <div class=\"pfq__question\"  >\n            <h4 class=\"pfq__question__title\">How many people can sleep in the mobile home I&#039;ve rented?<\/h4>\n            <div class=\"pfq__answer\"><p>Please note that it is forbidden to exceed the maximum capacity of the rented mobile home. All mobile-home specifications are shown on our website. <\/p>\n<\/div>\n          <\/div>\n\n        \n          <div class=\"pfq__question\"  >\n            <h4 class=\"pfq__question__title\">What&#039;s inside my mobile home? What&#039;s in the rented mobile home? What should I bring?  <\/h4>\n            <div class=\"pfq__answer\"><p>Please feel free to consult our site by going to the Accommodation tab.<\/p>\n<\/div>\n          <\/div>\n\n        \n          <div class=\"pfq__question\"  >\n            <h4 class=\"pfq__question__title\">Do you accept minors camping with friends?<\/h4>\n            <div class=\"pfq__answer\"><p>Minors may not stay at a campsite without the presence of a parent or guardian. No exceptions will be accepted. <\/p>\n<\/div>\n          <\/div>\n\n        \n          <div class=\"pfq__question\"  >\n            <h4 class=\"pfq__question__title\">We&#039;ve rented a mobile home or pitch, and some friends want to join us. What should I do?<\/h4>\n            <div class=\"pfq__answer\"><p>You must notify the campsite in writing and request authorization, which will be granted only if the accommodation allows it, according to its capacity. A supplement is payable according to age. <\/p>\n<\/div>\n          <\/div>\n\n        \n          <div class=\"pfq__question\"  >\n            <h4 class=\"pfq__question__title\">I have two vehicles. Can I park them on my plot?<\/h4>\n            <div class=\"pfq__answer\"><p>Only one vehicle is allowed on the plot. All other vehicles must be parked in the free outdoor parking lot. <\/p>\n<\/div>\n          <\/div>\n\n        \n          <div class=\"pfq__question\"  >\n            <h4 class=\"pfq__question__title\">How can I pay my deposit?<\/h4>\n            <div class=\"pfq__answer\"><p>The deposit is payable on booking directly online or by bank transfer.<\/p>\n<\/div>\n          <\/div>\n\n        \n          <div class=\"pfq__question\"  >\n            <h4 class=\"pfq__question__title\">How can I pay for my stay?<\/h4>\n            <div class=\"pfq__answer\"><p>The balance of your stay must be paid 30 days before your arrival.<\/p>\n<p>You can pay directly online on our secure website, by bank transfer or ANCV.<\/p>\n<\/div>\n          <\/div>\n\n        \n          <div class=\"pfq__question\"  >\n            <h4 class=\"pfq__question__title\">How do I use my voucher?<\/h4>\n            <div class=\"pfq__answer\"><p>When booking online, please indicate the value of your voucher in the comments or contact the campsite with the voucher references.<\/p>\n<p>Once we have received your booking, we will apply your voucher and send you a booking confirmation.<\/p>\n<\/div>\n          <\/div>\n\n        \n          <div class=\"pfq__question\"  >\n            <h4 class=\"pfq__question__title\">What activities are available in the area?<\/h4>\n            <div class=\"pfq__answer\"><p align=\"justify\">Charente Maritime is a must for a vacation on the <strong>Atlantic coast<\/strong>. Visit the islands: Ile de R\u00e9, Ile d&#8217;Ol\u00e9ron and Ile d&#8217;Aix. They are <strong>easily accessible<\/strong> from La Tremblade and La Clairi\u00e8re campsite. Discover Royan, Rochefort&#8230;.   <\/p>\n<\/div>\n          <\/div>\n\n        \n          <div class=\"pfq__question\"  >\n            <h4 class=\"pfq__question__title\">How can I change or cancel my stay?<\/h4>\n            <div class=\"pfq__answer\"><p>By sending a letter or email to the campsite.<\/p>\n<p>The conditions for cancelling or modifying a stay are set out in our General Terms and Conditions of Sale, which can be viewed on our website.<\/p>\n<\/div>\n          <\/div>\n\n        \n          <div class=\"pfq__question\"  >\n            <h4 class=\"pfq__question__title\">What is the purpose of cancellation insurance?<\/h4>\n            <div class=\"pfq__answer\"><p>It allows you to be reimbursed the sums paid (after deduction of the deductible) in the event of unforeseen circumstances occurring before your departure.<br \/>\nIt covers cancellation costs at a rate of 4% of the total cost of the stay, whether in rental accommodation or on a bare pitch.<br \/>\nThis guarantee offered by the campsite must be taken out at the time of booking and applies in particular to the following situations (non-exhaustive list):<\/p>\n<p>&#8211; Serious illness, serious accident or death of a family member,<br \/>\n&#8211; Pregnancy complications<br \/>\n&#8211; Major property damage requiring your presence (fire, water damage, burglary, etc.),<br \/>\n&#8211; Redundancy,<br \/>\n&#8211; Accident or total theft of your vehicle or home&#8230;<\/p>\n<p>If you forget to add it, you can do so within 48 hours by contacting the campsite directly.<\/p>\n<\/div>\n          <\/div>\n\n        \n      <\/div>\n\n    \n  <\/div>\n<\/div>\n<\/div>\n\n\n\n<div style=\"height:10rem\" aria-hidden=\"true\" class=\"wp-block-spacer\"><\/div>\n","protected":false},"excerpt":{"rendered":"<p>Quickly find answers to your most frequently asked questions All the information you need in one place. This FAQ will help you find answers to the most frequently asked questions about our campsite in La Trembladestay, services and practical information. A simple, clear format to help you prepare your vacation or clear up any doubts [&hellip;]<\/p>\n","protected":false},"author":1,"featured_media":0,"parent":0,"menu_order":0,"comment_status":"closed","ping_status":"closed","template":"page-full-width","meta":{"_acf_changed":false,"_seopress_robots_primary_cat":"","_seopress_titles_title":"FAQ Camping La Clairi\u00e8re \u00e0 La Tremblade | All the answers to your questions","_seopress_titles_desc":"Consult our FAQ with all the information you need to prepare your stay at Camping La Clairi\u00e8re in La Tremblade, Charente-Maritime.","_seopress_robots_index":"","footnotes":""},"class_list":["post-1938","page","type-page","status-publish","hentry"],"acf":[],"_links":{"self":[{"href":"https:\/\/www.camping-la-clairiere.com\/en\/wp-json\/wp\/v2\/pages\/1938","targetHints":{"allow":["GET"]}}],"collection":[{"href":"https:\/\/www.camping-la-clairiere.com\/en\/wp-json\/wp\/v2\/pages"}],"about":[{"href":"https:\/\/www.camping-la-clairiere.com\/en\/wp-json\/wp\/v2\/types\/page"}],"author":[{"embeddable":true,"href":"https:\/\/www.camping-la-clairiere.com\/en\/wp-json\/wp\/v2\/users\/1"}],"replies":[{"embeddable":true,"href":"https:\/\/www.camping-la-clairiere.com\/en\/wp-json\/wp\/v2\/comments?post=1938"}],"version-history":[{"count":2,"href":"https:\/\/www.camping-la-clairiere.com\/en\/wp-json\/wp\/v2\/pages\/1938\/revisions"}],"predecessor-version":[{"id":2395,"href":"https:\/\/www.camping-la-clairiere.com\/en\/wp-json\/wp\/v2\/pages\/1938\/revisions\/2395"}],"wp:attachment":[{"href":"https:\/\/www.camping-la-clairiere.com\/en\/wp-json\/wp\/v2\/media?parent=1938"}],"curies":[{"name":"wp","href":"https:\/\/api.w.org\/{rel}","templated":true}]}}