{"id":1818,"date":"2026-04-08T06:44:56","date_gmt":"2026-04-08T04:44:56","guid":{"rendered":"https:\/\/www.camping-la-clairiere.com\/terms-of-use\/"},"modified":"2026-04-08T17:31:24","modified_gmt":"2026-04-08T15:31:24","slug":"terms-of-use","status":"publish","type":"page","link":"https:\/\/www.camping-la-clairiere.com\/en\/terms-of-use\/","title":{"rendered":"Terms of use"},"content":{"rendered":"\n<div class=\"wp-block-group alignfull is-layout-flow wp-block-group-is-layout-flow\" style=\"margin-top:0;margin-bottom:0;padding-top:0;padding-right:0;padding-bottom:0;padding-left:0\">\n<div class=\"wp-block-group is-layout-flow wp-block-group-is-layout-flow\">\n<div class=\"wp-block-cover alignfull has-custom-content-position is-position-bottom-center\" style=\"padding-top:0;padding-right:0;padding-bottom:0;padding-left:0;min-height:100vh;aspect-ratio:unset;\"><img alt=\"Vue a\u00e9rienne d&#039;un complexe touristique avec piscine.\" decoding=\"async\" width=\"2560\" height=\"1440\" class=\"wp-block-cover__image-background wp-image-414 size-16\/9_2560x1440_desktop\" alt=\"\" src=\"https:\/\/www.camping-la-clairiere.com\/wp-content\/uploads\/2026\/04\/92a38a0f4bb9b32465a9c6d6c5916da7d5821a67-2560x1440.jpg\" data-object-fit=\"cover\" srcset=\"https:\/\/www.camping-la-clairiere.com\/wp-content\/uploads\/2026\/04\/92a38a0f4bb9b32465a9c6d6c5916da7d5821a67-2560x1440.jpg 2560w, https:\/\/www.camping-la-clairiere.com\/wp-content\/uploads\/2026\/04\/92a38a0f4bb9b32465a9c6d6c5916da7d5821a67-1920x1080.jpg 1920w, https:\/\/www.camping-la-clairiere.com\/wp-content\/uploads\/2026\/04\/92a38a0f4bb9b32465a9c6d6c5916da7d5821a67-1440x810.jpg 1440w, https:\/\/www.camping-la-clairiere.com\/wp-content\/uploads\/2026\/04\/92a38a0f4bb9b32465a9c6d6c5916da7d5821a67-1366x768.jpg 1366w, https:\/\/www.camping-la-clairiere.com\/wp-content\/uploads\/2026\/04\/92a38a0f4bb9b32465a9c6d6c5916da7d5821a67-1024x576.jpg 1024w, https:\/\/www.camping-la-clairiere.com\/wp-content\/uploads\/2026\/04\/92a38a0f4bb9b32465a9c6d6c5916da7d5821a67-800x450.jpg 800w, https:\/\/www.camping-la-clairiere.com\/wp-content\/uploads\/2026\/04\/92a38a0f4bb9b32465a9c6d6c5916da7d5821a67-640x360.jpg 640w, https:\/\/www.camping-la-clairiere.com\/wp-content\/uploads\/2026\/04\/92a38a0f4bb9b32465a9c6d6c5916da7d5821a67-375x210.jpg 375w, https:\/\/www.camping-la-clairiere.com\/wp-content\/uploads\/2026\/04\/92a38a0f4bb9b32465a9c6d6c5916da7d5821a67-200x112.jpg 200w, https:\/\/www.camping-la-clairiere.com\/wp-content\/uploads\/2026\/04\/92a38a0f4bb9b32465a9c6d6c5916da7d5821a67-100x56.jpg 100w\" sizes=\"(max-width: 2560px) 100vw, 2560px\" \/><span aria-hidden=\"true\" class=\"wp-block-cover__background has-transparent-background-color has-background-dim-100 has-background-dim\"><\/span><div class=\"wp-block-cover__inner-container is-layout-flow wp-block-cover-is-layout-flow\">\n<div class=\"wp-block-group has-secondary-gradient-gradient-background has-background has-global-padding is-layout-constrained wp-block-group-is-layout-constrained\">\n<div style=\"height:15vh\" aria-hidden=\"true\" class=\"wp-block-spacer\"><\/div>\n<\/div>\n<\/div><\/div>\n<\/div>\n<\/div>\n<div style=\"padding-top:10px;padding-left:10px;\" class=\"alignfull wp-elements-c549f836684188f85e65cc5f157bd5e7 wp-block-wpseopress-breadcrumbs\"><nav  aria-label=\"breadcrumb\"><ol class=\"breadcrumb\" itemscope itemtype=\"https:\/\/schema.org\/BreadcrumbList\"><li class=\"breadcrumb-item active\" aria-current=\"page\" itemprop=\"itemListElement\" itemscope itemtype=\"https:\/\/schema.org\/ListItem\"><span itemprop=\"name\">Camping \u00e0 La Tremblade<\/span><meta itemprop=\"position\" content=\"1\"><\/li><\/ol><\/nav><\/div>\n<div style=\"height:100px\" aria-hidden=\"true\" class=\"wp-block-spacer\"><\/div>\n\n<div class=\"wp-block-group alignfull has-global-padding is-layout-constrained wp-container-core-group-is-layout-076db290 wp-block-group-is-layout-constrained\" style=\"margin-top:0;padding-top:0;padding-right:var(--wp--preset--spacing--l);padding-bottom:0;padding-left:var(--wp--preset--spacing--l)\">\n<div class=\"wp-block-group has-global-padding is-layout-constrained wp-container-core-group-is-layout-6d08aa83 wp-block-group-is-layout-constrained\" style=\"margin-top:0;margin-bottom:0;padding-top:0;padding-right:0;padding-bottom:0;padding-left:0\">\n<figure class=\"wp-block-image aligncenter size-large is-resized\"><img alt=\"Bonbon ray\u00e9 rose et blanc.\" decoding=\"async\" width=\"1024\" height=\"916\" src=\"https:\/\/www.camping-la-clairiere.com\/wp-content\/uploads\/2026\/04\/4af274f244d018dbb3c8e8a148bcd064e4a2990b-1024x916.png\" alt=\"\" class=\"wp-image-451\" style=\"width:50px\"\/><\/figure>\n<\/div>\n\n\n\n<div class=\"wp-block-group has-global-padding is-layout-constrained wp-container-core-group-is-layout-b2c8f158 wp-block-group-is-layout-constrained\" style=\"margin-top:0;margin-bottom:0;padding-top:0;padding-right:0;padding-left:0\">\n<h1 class=\"wp-block-heading has-text-align-center is-style-top-title is-style-top-title--1\" style=\"margin-bottom:0\">Terms of use<\/h1>\n\n\n\n<div class=\"wp-block-group has-global-padding is-layout-constrained wp-block-group-is-layout-constrained\">\n<h2 class=\"wp-block-heading has-text-align-left is-style-title-below is-style-title-below--2\"><br\/>IDENTITY<\/h2>\n\n\n\n<p><strong>Website name:<\/strong> Camping La Clairi\u00e8re<\/p>\n\n\n\n<p><strong>Address: https:<\/strong> \/\/www.camping-la-clairiere.com<\/p>\n\n\n\n<p><strong>Owner:<\/strong> L\u00e9onard CALDAROLA<\/p>\n\n\n\n<p><strong>Publication manager:<\/strong> L\u00e9onard CALDAROLA<\/p>\n\n\n\n<p><strong>Design and production:<\/strong> Horizon Marketing<\/p>\n\n\n\n<p><strong>Hosting :<\/strong> Infomaniak<\/p>\n\n\n\n<h2 class=\"wp-block-heading\">LEGAL ENTITY<\/h2>\n\n\n\n<p>Camping la Clairi\u00e8re<\/p>\n\n\n\n<p>05 46 36 36 63 &#8211; info@camping-la-clairiere.com<\/p>\n\n\n\n<h2 class=\"wp-block-heading\">CONDITIONS OF USE<\/h2>\n\n\n\n<p>Use of this site implies full acceptance of the general conditions of use described below. These conditions of use may be modified or supplemented at any time. <\/p>\n\n\n\n<h2 class=\"wp-block-heading\">INFORMATION<\/h2>\n\n\n\n<p>The information and documents on this site are provided for information purposes only, are not exhaustive and do not engage the responsibility of the site owner.<\/p>\n\n\n\n<p>The site owner cannot be held responsible for direct or indirect damage resulting from access to the site.<\/p>\n\n\n\n<h2 class=\"wp-block-heading\">INTERACTIVITY<\/h2>\n\n\n\n<p>Site users may submit content, which appears on the site in dedicated areas (notably via the contact form). The content submitted remains the responsibility of its authors, who assume full legal liability. <\/p>\n\n\n\n<p>Nevertheless, the site owner reserves the right to remove, without notice or justification, any content posted by users that does not comply with the site&#8217;s ethical charter or with current legislation.<\/p>\n\n\n\n<h2 class=\"wp-block-heading\">INTELLECTUAL PROPERTY<\/h2>\n\n\n\n<p>Unless otherwise stated, all elements accessible on the site (texts, images, graphics, logos, icons, sounds, software, etc.) remain the exclusive property of their authors, with regard to intellectual property rights or rights of use.<\/p>\n\n\n\n<p>Any reproduction, representation, modification, publication, adaptation of all or part of the elements of the site, whatever the means or the process used, is prohibited, except prior written authorization of the author.<\/p>\n\n\n\n<p>Any unauthorized use of the site or of any of the elements it contains is considered to constitute an infringement and is liable to prosecution.<\/p>\n\n\n\n<p>Trademarks and logos reproduced on the site are registered by the companies that own them.<\/p>\n\n\n\n<h2 class=\"wp-block-heading\">LINKS<\/h2>\n\n\n\n<h3 class=\"wp-block-heading\">Outgoing links<\/h3>\n\n\n\n<p>The owner of the site declines all responsibility and is not committed by the referencing via hypertext links, of third-party resources present on the Internet network, as regards both their content and their relevance.<\/p>\n\n\n\n<h3 class=\"wp-block-heading\">Inbound links<\/h3>\n\n\n\n<p>The site owner authorizes hypertext links to any page of this site, provided that these open a new window and are presented in an unambiguous manner in order to avoid :<\/p>\n\n\n\n<ul class=\"wp-block-list\">\n<li>any risk of confusion between the quoting site and the site owner<\/li>\n\n\n\n<li>any presentation that is tendentious or contrary to current legislation<\/li>\n<\/ul>\n\n\n\n<p>The site owner reserves the right to request the removal of a link if it considers that the source site does not comply with the rules thus defined.<\/p>\n\n\n\n<h2 class=\"wp-block-heading\">PRIVACY<\/h2>\n\n\n\n<p>All users have the right to access, rectify and oppose any personal data concerning them, by making a written and signed request, accompanied by proof of identity.<\/p>\n\n\n\n<p class=\"has-text-align-left\" style=\"margin-bottom:0px\">If you have any queries, please contact the complaints department: info@camping-la-clairiere.com<\/p>\n\n\n\n<h2 class=\"wp-block-heading\">CONSUMER OMBUDSMAN<\/h2>\n\n\n\n<p>In accordance with the provisions of article L 612-1 of the French Consumer Code, any campsite customer has the right to have recourse, free of charge, to a consumer mediator for the amicable resolution of a dispute with the campsite operator.<\/p>\n\n\n\n<p>The dispute resolution platform: <a href=\"https:\/\/ec.europa.eu\/consumers\/odr\/main\/index.cfm?event=main.home2.show&amp;lng=FR\">https:\/\/ec.europa.eu\/consumers\/odr\/main\/index.cfm?event=main.home2.show&amp;lng=FR<\/a><\/p>\n\n\n\n<h2 class=\"wp-block-heading\"><strong>CREDITS<\/strong><\/h2>\n\n\n\n<p>Horizon Marketing <br\/>Adobe Stock<\/p>\n<\/div>\n<\/div>\n<\/div>\n\n<div style=\"height:var(--wp--preset--spacing--xxxxxl)\" aria-hidden=\"true\" class=\"wp-block-spacer\"><\/div>\n","protected":false},"excerpt":{"rendered":"<p>Terms of use IDENTITY Website name: Camping La Clairi\u00e8re Address: https: \/\/www.camping-la-clairiere.com Owner: L\u00e9onard CALDAROLA Publication manager: L\u00e9onard CALDAROLA Design and production: Horizon Marketing Hosting : Infomaniak LEGAL ENTITY Camping la Clairi\u00e8re 05 46 36 36 63 &#8211; info@camping-la-clairiere.com CONDITIONS OF USE Use of this site implies full acceptance of the general conditions of use [&hellip;]<\/p>\n","protected":false},"author":1,"featured_media":0,"parent":0,"menu_order":0,"comment_status":"closed","ping_status":"closed","template":"page-full-width","meta":{"_acf_changed":false,"_seopress_robots_primary_cat":"","_seopress_titles_title":"Legal information | Camping La Clairi\u00e8re in La Tremblade","_seopress_titles_desc":"Legal information for the 4-star La Clairi\u00e8re campsite in La Tremblade, Charente-Martime.","_seopress_robots_index":"","footnotes":""},"class_list":["post-1818","page","type-page","status-publish","hentry"],"acf":[],"_links":{"self":[{"href":"https:\/\/www.camping-la-clairiere.com\/en\/wp-json\/wp\/v2\/pages\/1818","targetHints":{"allow":["GET"]}}],"collection":[{"href":"https:\/\/www.camping-la-clairiere.com\/en\/wp-json\/wp\/v2\/pages"}],"about":[{"href":"https:\/\/www.camping-la-clairiere.com\/en\/wp-json\/wp\/v2\/types\/page"}],"author":[{"embeddable":true,"href":"https:\/\/www.camping-la-clairiere.com\/en\/wp-json\/wp\/v2\/users\/1"}],"replies":[{"embeddable":true,"href":"https:\/\/www.camping-la-clairiere.com\/en\/wp-json\/wp\/v2\/comments?post=1818"}],"version-history":[{"count":1,"href":"https:\/\/www.camping-la-clairiere.com\/en\/wp-json\/wp\/v2\/pages\/1818\/revisions"}],"predecessor-version":[{"id":1819,"href":"https:\/\/www.camping-la-clairiere.com\/en\/wp-json\/wp\/v2\/pages\/1818\/revisions\/1819"}],"wp:attachment":[{"href":"https:\/\/www.camping-la-clairiere.com\/en\/wp-json\/wp\/v2\/media?parent=1818"}],"curies":[{"name":"wp","href":"https:\/\/api.w.org\/{rel}","templated":true}]}}