{"id":2251,"date":"2026-04-07T15:38:04","date_gmt":"2026-04-07T13:38:04","guid":{"rendered":"https:\/\/www.camping-la-clairiere.com\/plaetze\/standardsortiment\/"},"modified":"2026-04-09T09:07:06","modified_gmt":"2026-04-09T07:07:06","slug":"standardsortiment","status":"publish","type":"page","link":"https:\/\/www.camping-la-clairiere.com\/de\/plaetze\/standardsortiment\/","title":{"rendered":"Standardsortiment"},"content":{"rendered":"\n<div class=\"wp-block-group alignfull is-layout-flow wp-block-group-is-layout-flow\" style=\"margin-top:0;margin-bottom:0;padding-top:0;padding-right:0;padding-bottom:0;padding-left:0\">\n<div class=\"wp-block-group is-layout-flow wp-block-group-is-layout-flow\">\n<div class=\"wp-block-cover alignfull has-custom-content-position is-position-bottom-center\" style=\"padding-top:0;padding-right:0;padding-bottom:0;padding-left:0;min-height:100vh;aspect-ratio:unset;\"><img alt=\"Camping avec tente et camionnettes sous les arbres.\" decoding=\"async\" width=\"1024\" height=\"768\" class=\"wp-block-cover__image-background wp-image-788 size-large\" alt=\"\" src=\"https:\/\/www.camping-la-clairiere.com\/wp-content\/uploads\/2026\/04\/emplacements-camping-la-clairiere-charente-maritimes-03-1024x768.webp\" style=\"object-position:48% 95%\" data-object-fit=\"cover\" data-object-position=\"48% 95%\" srcset=\"https:\/\/www.camping-la-clairiere.com\/wp-content\/uploads\/2026\/04\/emplacements-camping-la-clairiere-charente-maritimes-03-1024x768.webp 1024w, https:\/\/www.camping-la-clairiere.com\/wp-content\/uploads\/2026\/04\/emplacements-camping-la-clairiere-charente-maritimes-03-300x225.webp 300w, https:\/\/www.camping-la-clairiere.com\/wp-content\/uploads\/2026\/04\/emplacements-camping-la-clairiere-charente-maritimes-03-768x576.webp 768w, https:\/\/www.camping-la-clairiere.com\/wp-content\/uploads\/2026\/04\/emplacements-camping-la-clairiere-charente-maritimes-03-1440x1080.webp 1440w, https:\/\/www.camping-la-clairiere.com\/wp-content\/uploads\/2026\/04\/emplacements-camping-la-clairiere-charente-maritimes-03-720x540.webp 720w, https:\/\/www.camping-la-clairiere.com\/wp-content\/uploads\/2026\/04\/emplacements-camping-la-clairiere-charente-maritimes-03-320x240.webp 320w, https:\/\/www.camping-la-clairiere.com\/wp-content\/uploads\/2026\/04\/emplacements-camping-la-clairiere-charente-maritimes-03-160x120.webp 160w\" sizes=\"(max-width: 1024px) 100vw, 1024px\" \/><span aria-hidden=\"true\" class=\"wp-block-cover__background has-transparent-background-color has-background-dim-100 has-background-dim\"><\/span><div class=\"wp-block-cover__inner-container is-layout-flow wp-block-cover-is-layout-flow\">\n<div class=\"wp-block-group has-secondary-gradient-gradient-background has-background has-global-padding is-layout-constrained wp-block-group-is-layout-constrained\">\n<div style=\"height:15vh\" aria-hidden=\"true\" class=\"wp-block-spacer\"><\/div>\n<\/div>\n<\/div><\/div>\n<\/div>\n<\/div>\n<div style=\"padding-top:10px;padding-left:10px;\" class=\"alignfull wp-elements-c549f836684188f85e65cc5f157bd5e7 wp-block-wpseopress-breadcrumbs\"><nav  aria-label=\"breadcrumb\"><ol class=\"breadcrumb\" itemscope itemtype=\"https:\/\/schema.org\/BreadcrumbList\"><li class=\"breadcrumb-item active\" aria-current=\"page\" itemprop=\"itemListElement\" itemscope itemtype=\"https:\/\/schema.org\/ListItem\"><span itemprop=\"name\">Camping \u00e0 La Tremblade<\/span><meta itemprop=\"position\" content=\"1\"><\/li><\/ol><\/nav><\/div>\n<div style=\"height:var(--wp--preset--spacing--xxxl)\" aria-hidden=\"true\" class=\"wp-block-spacer\"><\/div>\n\n<div class=\"wp-block-group alignfull has-global-padding is-layout-constrained wp-container-core-group-is-layout-076db290 wp-block-group-is-layout-constrained\" style=\"margin-top:0;padding-top:0;padding-right:var(--wp--preset--spacing--l);padding-bottom:0;padding-left:var(--wp--preset--spacing--l)\">\n<div class=\"wp-block-group has-global-padding is-layout-constrained wp-container-core-group-is-layout-6d08aa83 wp-block-group-is-layout-constrained\" style=\"margin-top:0;margin-bottom:0;padding-top:0;padding-right:0;padding-bottom:0;padding-left:0\">\n<figure class=\"wp-block-image aligncenter size-large is-resized\"><img alt=\"Bonbon ray\u00e9 rose et blanc.\" decoding=\"async\" width=\"1024\" height=\"916\" src=\"https:\/\/www.camping-la-clairiere.com\/wp-content\/uploads\/2026\/04\/4af274f244d018dbb3c8e8a148bcd064e4a2990b-1024x916.png\" alt=\"\" class=\"wp-image-451\" style=\"width:50px\"\/><\/figure>\n<\/div>\n\n\n\n<div class=\"wp-block-group has-global-padding is-layout-constrained wp-container-core-group-is-layout-b2c8f158 wp-block-group-is-layout-constrained\" style=\"margin-top:0;margin-bottom:0;padding-top:0;padding-right:0;padding-left:0\">\n<h1 class=\"wp-block-heading has-text-align-center is-style-top-title is-style-top-title--1\" style=\"margin-bottom:0\">Ein Standardsortiment, um das Camping in aller Freiheit zu erleben<\/h1>\n\n\n\n<p class=\"has-text-align-center is-style-title-below is-style-title-below--2\" style=\"padding-bottom:0\">Gro\u00dfz\u00fcgige, gr\u00fcne und gut ausgestattete Stellpl\u00e4tze.<\/p>\n\n\n\n<div class=\"wp-block-group has-global-padding is-layout-constrained wp-block-group-is-layout-constrained\">\n<p class=\"has-text-align-center\" style=\"margin-bottom:0px\"><br\/>Mit der <strong>Standardreihe<\/strong> bietet der Campingplatz <strong>Stellpl\u00e4tze<\/strong> an, die so konzipiert sind, dass sie Natur, Zweckm\u00e4\u00dfigkeit und das Vergn\u00fcgen eines Aufenthalts im Freien miteinander verbinden. Ger\u00e4umig, funktionell und in einer angenehmen Umgebung gelegen, erm\u00f6glichen sie es Ihnen, das Campingerlebnis in vollen Z\u00fcgen zu genie\u00dfen und gleichzeitig ein gutes Ma\u00df an Komfort im Alltag zu bewahren. Ob Sie mit dem Zelt, dem Wohnwagen oder dem Wohnmobil reisen, hier finden Sie alles, was Sie brauchen, um sich in einer gr\u00fcnen Umgebung niederzulassen, die Sie sofort dazu verleitet, einen Gang zur\u00fcckzuschalten.  <br\/><\/p>\n<\/div>\n<\/div>\n<\/div>\n\n<div style=\"height:var(--wp--preset--spacing--xxxl)\" aria-hidden=\"true\" class=\"wp-block-spacer\"><\/div>\n\n<div class=\"wp-block-group is-layout-flow wp-block-group-is-layout-flow\">\n\n<\/div>\n\n<div style=\"height:var(--wp--preset--spacing--xxxl)\" aria-hidden=\"true\" class=\"wp-block-spacer\"><\/div>\n\n<div class=\"wp-block-group has-global-padding is-layout-constrained wp-container-core-group-is-layout-41c22256 wp-block-group-is-layout-constrained\" style=\"padding-right:var(--wp--preset--spacing--l);padding-left:var(--wp--preset--spacing--l)\">\n<h2 class=\"wp-block-heading has-text-align-center is-style-top-title is-style-top-title--3\">Ger\u00e4umige und gut ausgestattete Stellpl\u00e4tze ohne Strom<\/h2>\n\n\n\n<p class=\"has-text-align-center is-style-title-below is-style-title-below--4\">Eine gr\u00fcne Umgebung, komfortable Parzellen und alle wichtigen Anschl\u00fcsse vor Ort.<\/p>\n\n\n\n<p class=\"has-text-align-center\">Die <strong>Stellpl\u00e4tze<\/strong> sind <strong>mindestens 100 m\u00b2<\/strong> gro\u00df und bieten einen angenehmen Platz, um sich bequem einzurichten und den Aufenthalt in aller Ruhe zu genie\u00dfen. Alle Parzellen sind mit <strong>Wasser- und Stromanschl\u00fcssen<\/strong> ausgestattet, so dass der Alltag schon bei der Ankunft bequem ist. Umgeben von <strong>Hecken<\/strong> und in einer <strong>gr\u00fcnen<\/strong> Umgebung bieten sie alles, was den Charme eines Campingplatzes ausmacht: Raum, Natur und ein echtes Gef\u00fchl von Freiheit.  <\/p>\n\n\n\n<p class=\"has-text-align-center\">Je nach Wunsch k\u00f6nnen Sie einen Platz <strong>im Schatten oder in der Sonne<\/strong>, <strong>in ruhiger Lage oder in der N\u00e4he der Aktivit\u00e4ten<\/strong> w\u00e4hlen <strong>.<\/strong> Diese M\u00f6glichkeit erlaubt es Ihnen, den Aufenthalt noch mehr an Ihre Urlaubsvorstellungen anzupassen. Hier kann jeder sein eigenes Pl\u00e4tzchen finden, was f\u00fcr einen Ferienplatz eine gute Qualit\u00e4t ist.  <br\/><br\/><\/p>\n\n\n\n<h2 class=\"wp-block-heading has-text-align-center is-style-top-title is-style-top-title--5\">Stellpl\u00e4tze mit privaten Sanit\u00e4ranlagen f\u00fcr noch mehr Komfort<\/h2>\n\n\n\n<p class=\"has-text-align-center is-style-title-below is-style-title-below--6\">Der Charme eines Campingplatzes inmitten der Natur, mit einem zus\u00e4tzlichen privaten Sanit\u00e4rbereich.<\/p>\n\n\n\n<p class=\"has-text-align-center\">Die Standardreihe bietet auch <strong>Stellpl\u00e4tze mit eigenem Sanit\u00e4rbereich<\/strong>, die die gleichen Vorteile wie die traditionellen Stellpl\u00e4tze haben: <strong>mindestens 100 m\u00b2<\/strong>, <strong>Wasser- und Stromanschluss<\/strong>, <strong>Hecken<\/strong> und eine <strong>gr\u00fcne Umgebung<\/strong>. Hinzu kommt ein echtes Plus f\u00fcr den Aufenthalt: ein privater Bereich, der es Ihnen erm\u00f6glicht, den Campingplatz mit noch mehr Komfort und Unabh\u00e4ngigkeit zu genie\u00dfen. <\/p>\n\n\n\n<p class=\"has-text-align-center\">Diese <strong>privaten Sanit\u00e4ranlagen<\/strong> sind aus <strong>Holz<\/strong> gefertigt, einem warmen und umweltfreundlichen Material, das zum Charme des Ganzen beitr\u00e4gt, um Ihnen die Natur n\u00e4her zu bringen. Sie sind mit einer <strong>Dusche<\/strong>, einem <strong>Waschbecken mit Spiegel<\/strong>, einer <strong>Toilette<\/strong> und einem <strong>Waschbecken<\/strong> im Freien ausgestattet. Eine ideale L\u00f6sung f\u00fcr alle, die das Campinggef\u00fchl lieben, aber auch ein wenig mehr Komfort im Alltag zu sch\u00e4tzen wissen. Schlie\u00dflich kann man die Natur lieben und gleichzeitig eine Schw\u00e4che f\u00fcr Praktisches haben.   <br\/><br\/><\/p>\n\n\n\n<h2 class=\"wp-block-heading has-text-align-center is-style-top-title is-style-top-title--7\">Ein Standardsortiment, das sich an Ihre Art zu campen anpasst<\/h2>\n\n\n\n<p class=\"has-text-align-center is-style-title-below is-style-title-below--8\">Zwei Formeln, um die freie Natur mit dem f\u00fcr Sie passenden Komfortniveau zu genie\u00dfen.<\/p>\n\n\n\n<p class=\"has-text-align-center\">Die Standardreihe mit ihren <strong>Stellpl\u00e4tzen<\/strong> und <strong>Stellpl\u00e4tzen mit privaten Sanit\u00e4ranlagen<\/strong> bietet Ihnen die M\u00f6glichkeit, die Formel zu w\u00e4hlen, die am besten zu Ihren Urlaubsgewohnheiten passt. Manche bevorzugen die Einfachheit eines gut ausgestatteten Stellplatzes, andere sch\u00e4tzen den zus\u00e4tzlichen Komfort einer privaten Sanit\u00e4ranlage. In jedem Fall bleibt die Umgebung die gleiche: eine nat\u00fcrliche, ger\u00e4umige und angenehme Umgebung, die dazu gedacht ist, den Campingplatz unter den besten Bedingungen zu erleben.  <\/p>\n\n\n\n<p class=\"has-text-align-center\">Diese Standardreihe bietet ein ausgewogenes Verh\u00e4ltnis zwischen Freiheit, Natur und praktischen Einrichtungen, damit Sie Ihren Urlaub in vollen Z\u00fcgen genie\u00dfen k\u00f6nnen. Eine einfache Art, den Geist des Campings wiederzufinden, ohne auf das verzichten zu m\u00fcssen, was den Urlaub im Alltag noch angenehmer macht. <\/p>\n<\/div>\n\n<div style=\"height:100px\" aria-hidden=\"true\" class=\"wp-block-spacer\"><\/div>\n","protected":false},"excerpt":{"rendered":"<p>Ein Standardsortiment, um das Camping in aller Freiheit zu erleben Gro\u00dfz\u00fcgige, gr\u00fcne und gut ausgestattete Stellpl\u00e4tze. Mit der Standardreihe bietet der Campingplatz Stellpl\u00e4tze an, die so konzipiert sind, dass sie Natur, Zweckm\u00e4\u00dfigkeit und das Vergn\u00fcgen eines Aufenthalts im Freien miteinander verbinden. Ger\u00e4umig, funktionell und in einer angenehmen Umgebung gelegen, erm\u00f6glichen sie es Ihnen, das Campingerlebnis [&hellip;]<\/p>\n","protected":false},"author":1,"featured_media":0,"parent":2058,"menu_order":0,"comment_status":"closed","ping_status":"closed","template":"page-full-width","meta":{"_acf_changed":false,"_seopress_robots_primary_cat":"","_seopress_titles_title":"Mieten Sie eine Unterkunft Komfortklasse in La Tremblade","_seopress_titles_desc":"Genie\u00dfen Sie Ihren Urlaub mit unserer Komfortlinie in La Tremblade. Komfortable Unterk\u00fcnfte zum besten Preis f\u00fcr Ihren Aufenthalt in der Charente-Maritime. ","_seopress_robots_index":"","footnotes":""},"class_list":["post-2251","page","type-page","status-publish","hentry"],"acf":[],"_links":{"self":[{"href":"https:\/\/www.camping-la-clairiere.com\/de\/wp-json\/wp\/v2\/pages\/2251","targetHints":{"allow":["GET"]}}],"collection":[{"href":"https:\/\/www.camping-la-clairiere.com\/de\/wp-json\/wp\/v2\/pages"}],"about":[{"href":"https:\/\/www.camping-la-clairiere.com\/de\/wp-json\/wp\/v2\/types\/page"}],"author":[{"embeddable":true,"href":"https:\/\/www.camping-la-clairiere.com\/de\/wp-json\/wp\/v2\/users\/1"}],"replies":[{"embeddable":true,"href":"https:\/\/www.camping-la-clairiere.com\/de\/wp-json\/wp\/v2\/comments?post=2251"}],"version-history":[{"count":1,"href":"https:\/\/www.camping-la-clairiere.com\/de\/wp-json\/wp\/v2\/pages\/2251\/revisions"}],"predecessor-version":[{"id":2252,"href":"https:\/\/www.camping-la-clairiere.com\/de\/wp-json\/wp\/v2\/pages\/2251\/revisions\/2252"}],"up":[{"embeddable":true,"href":"https:\/\/www.camping-la-clairiere.com\/de\/wp-json\/wp\/v2\/pages\/2058"}],"wp:attachment":[{"href":"https:\/\/www.camping-la-clairiere.com\/de\/wp-json\/wp\/v2\/media?parent=2251"}],"curies":[{"name":"wp","href":"https:\/\/api.w.org\/{rel}","templated":true}]}}