{"id":2239,"date":"2026-04-07T13:47:39","date_gmt":"2026-04-07T11:47:39","guid":{"rendered":"https:\/\/www.camping-la-clairiere.com\/villen\/"},"modified":"2026-04-09T11:38:48","modified_gmt":"2026-04-09T09:38:48","slug":"villen","status":"publish","type":"page","link":"https:\/\/www.camping-la-clairiere.com\/de\/villen\/","title":{"rendered":"Villen"},"content":{"rendered":"\n<div class=\"wp-block-group alignfull is-layout-flow wp-block-group-is-layout-flow\" style=\"margin-top:0;margin-bottom:0;padding-top:0;padding-right:0;padding-bottom:0;padding-left:0\">\n<div class=\"wp-block-group is-layout-flow wp-block-group-is-layout-flow\">\n<div class=\"wp-block-cover alignfull has-custom-content-position is-position-bottom-center\" style=\"padding-top:0;padding-right:0;padding-bottom:0;padding-left:0;min-height:100vh;aspect-ratio:unset;\"><img alt=\"\" decoding=\"async\" width=\"1024\" height=\"478\" class=\"wp-block-cover__image-background wp-image-1206 size-large\" alt=\"\" src=\"https:\/\/www.camping-la-clairiere.com\/wp-content\/uploads\/2026\/04\/villa-camping-la-clairiere-charente-maritimes_03-1024x478.webp\" data-object-fit=\"cover\" srcset=\"https:\/\/www.camping-la-clairiere.com\/wp-content\/uploads\/2026\/04\/villa-camping-la-clairiere-charente-maritimes_03-1024x478.webp 1024w, https:\/\/www.camping-la-clairiere.com\/wp-content\/uploads\/2026\/04\/villa-camping-la-clairiere-charente-maritimes_03-300x140.webp 300w, https:\/\/www.camping-la-clairiere.com\/wp-content\/uploads\/2026\/04\/villa-camping-la-clairiere-charente-maritimes_03-768x359.webp 768w, https:\/\/www.camping-la-clairiere.com\/wp-content\/uploads\/2026\/04\/villa-camping-la-clairiere-charente-maritimes_03.webp 2000w\" sizes=\"(max-width: 1024px) 100vw, 1024px\" \/><span aria-hidden=\"true\" class=\"wp-block-cover__background has-transparent-background-color has-background-dim-100 has-background-dim\"><\/span><div class=\"wp-block-cover__inner-container is-layout-flow wp-block-cover-is-layout-flow\">\n<div class=\"wp-block-group has-secondary-gradient-gradient-background has-background has-global-padding is-layout-constrained wp-block-group-is-layout-constrained\">\n<div style=\"height:15vh\" aria-hidden=\"true\" class=\"wp-block-spacer\"><\/div>\n<\/div>\n<\/div><\/div>\n<\/div>\n<\/div>\n\n\n<div style=\"padding-top:10px;padding-left:10px;\" class=\"alignfull wp-elements-c549f836684188f85e65cc5f157bd5e7 wp-block-wpseopress-breadcrumbs\"><nav  aria-label=\"breadcrumb\"><ol class=\"breadcrumb\" itemscope itemtype=\"https:\/\/schema.org\/BreadcrumbList\"><li class=\"breadcrumb-item active\" aria-current=\"page\" itemprop=\"itemListElement\" itemscope itemtype=\"https:\/\/schema.org\/ListItem\"><span itemprop=\"name\">Camping \u00e0 La Tremblade<\/span><meta itemprop=\"position\" content=\"1\"><\/li><\/ol><\/nav><\/div>\n\n\n<div style=\"height:var(--wp--preset--spacing--xxxl)\" aria-hidden=\"true\" class=\"wp-block-spacer\"><\/div>\n\n\n\n<div class=\"wp-block-group alignfull has-global-padding is-layout-constrained wp-container-core-group-is-layout-076db290 wp-block-group-is-layout-constrained\" style=\"margin-top:0;padding-top:0;padding-right:var(--wp--preset--spacing--l);padding-bottom:0;padding-left:var(--wp--preset--spacing--l)\">\n<div class=\"wp-block-group has-global-padding is-layout-constrained wp-container-core-group-is-layout-6d08aa83 wp-block-group-is-layout-constrained\" style=\"margin-top:0;margin-bottom:0;padding-top:0;padding-right:0;padding-bottom:0;padding-left:0\">\n<figure class=\"wp-block-image aligncenter size-large is-resized\"><img alt=\"Bonbon ray\u00e9 rose et blanc.\" decoding=\"async\" width=\"1024\" height=\"916\" src=\"https:\/\/www.camping-la-clairiere.com\/wp-content\/uploads\/2026\/04\/4af274f244d018dbb3c8e8a148bcd064e4a2990b-1024x916.png\" alt=\"\" class=\"wp-image-451\" style=\"width:50px\"\/><\/figure>\n<\/div>\n\n\n\n<div class=\"wp-block-group has-global-padding is-layout-constrained wp-container-core-group-is-layout-b2c8f158 wp-block-group-is-layout-constrained\" style=\"margin-top:0;margin-bottom:0;padding-top:0;padding-right:0;padding-left:0\">\n<h1 class=\"wp-block-heading has-text-align-center is-style-top-title is-style-top-title--1\" style=\"margin-bottom:0\">Eine ger\u00e4umige Villa, in der Sie Ihren Urlaub in v\u00f6lliger Freiheit genie\u00dfen k\u00f6nnen.<\/h1>\n\n\n\n<p class=\"has-text-align-center is-style-title-below is-style-title-below--2\" style=\"padding-bottom:0\">Der Komfort eines Ferienhauses auf dem Campingplatz.<\/p>\n\n\n\n<div class=\"wp-block-group has-global-padding is-layout-constrained wp-block-group-is-layout-constrained\">\n<p class=\"has-text-align-center\" style=\"margin-bottom:0px\"><br>Mit der <strong>Villa 3ch 6\/8 Pers<\/strong>. genie\u00dfen Sie eine Unterkunft, die den Raum, den Komfort und die Unabh\u00e4ngigkeit eines echten Ferienhauses vereint. Die Villa <strong>wurde komplett renoviert<\/strong> und besticht durch ihre <strong>sanften und erfrischenden Farben<\/strong>, die besonders an hei\u00dfen Sommertagen angenehm sind. Hier wurde an alles gedacht, um Familie und Verwandte unter den besten Bedingungen zu empfangen, mit gro\u00dfz\u00fcgigen R\u00e4umen, kompletter Ausstattung und einem Au\u00dfenbereich, der die Entspannungsmomente auf nat\u00fcrliche Weise verl\u00e4ngert. Eine Villa, die es Ihnen erm\u00f6glicht, den Campingplatz auf eine andere Art und Weise zu erleben, mit dem kleinen Extra an Komfort, das den Urlaub manchmal noch angenehmer macht. Entscheiden Sie sich f\u00fcr eine Ferienunterkunft in Tremblay. <strong><a href=\"https:\/\/www.camping-la-clairiere.com\/de\/alle-unsere-unterkuenfte\/\" data-type=\"page\" data-id=\"727\">Campingvermietung in La Tremblade<\/a><\/strong>k\u00f6nnen Sie die Charente-Maritime entdecken.   <\/p>\n<\/div>\n<\/div>\n<\/div>\n\n\n\n<div style=\"height:var(--wp--preset--spacing--xxxl)\" aria-hidden=\"true\" class=\"wp-block-spacer\"><\/div>\n\n\n\n<div class=\"wp-block-group alignfull is-layout-flow wp-block-group-is-layout-flow\" style=\"padding-right:var(--wp--preset--spacing--l);padding-left:var(--wp--preset--spacing--l)\">\n\t<div class=\"alignfull has-global-padding is-layout-constrained wp-container-hrz-blocks-query-camping-rest-is-layout-0faa5006 wp-block-hrz-blocks-query-camping-rest-is-layout-constrained\">\n\t\t<ul class=\"hebergement-listing \">\n\t\t\t<style>:root { --query-color: var(--wp--preset--color--secondary); }<\/style>\t\t\t\t<li class=\"swiper-slide\">\n\t\t\t\t\t<div class=\"wp-block-group card-gamme is-style-default is-style-relative\"\n\t\t\t\t\t\t data-booking-product=\"148949\" data-booking-etab=\"19308\" data-capacity=\"8\"\t\t\t\t\t\t data-product-filters='[{\"code\":\"surface\",\"type\":\"number\",\"value\":100},{\"code\":\"pets-allowed\",\"type\":\"boolean\",\"value\":true},{\"code\":\"separated-bedrooms\",\"type\":\"number\",\"value\":3},{\"code\":\"non-bedroom-bedding\",\"type\":\"number\",\"value\":1},{\"code\":\"dishwasher\",\"type\":\"boolean\",\"value\":true},{\"code\":\"kitchens\",\"type\":\"number\",\"value\":1},{\"code\":\"bathrooms\",\"type\":\"number\",\"value\":1},{\"code\":\"toilets\",\"type\":\"number\",\"value\":1},{\"code\":\"air-conditioning\",\"type\":\"boolean\",\"value\":true},{\"code\":\"tv\",\"type\":\"boolean\",\"value\":true},{\"code\":\"terrace\",\"type\":\"boolean\",\"value\":true}]'>\n\t\t\t\t\t\t<div class=\"wp-block-group thumbnail-image\">\n\t\t\t\t\t\t\t<a href=\"https:\/\/www.camping-la-clairiere.com\/de\/hebergements\/villa-haus-100-m%c2%b2-3-schlafzimmer-klimaanlage-inkl-bettwaesche-babyset-gasherd-und-kostenloses-wifi\/\" title=\"Villa - Haus 100 m\u00b2 - 3 Schlafzimmer - Klimaanlage (inkl. Bettw\u00e4sche, Babyset, Gasherd und kostenloses Wifi)\">\n\t\t\t\t\t\t\t\t<figure class=\"wp-block-image alignfull size-large\" style=\"margin:0;\">\n\t\t\t\t\t\t\t\t\t<img decoding=\"async\" src=\"https:\/\/www.camping-la-clairiere.com\/wp-content\/themes\/horizon-marketing\/assets\/img\/default-heb.webp\"\n\t\t\t\t\t\t\t\t\t\talt=\"Villa - Haus 100 m\u00b2 - 3 Schlafzimmer - Klimaanlage (inkl. Bettw\u00e4sche, Babyset, Gasherd und kostenloses Wifi)\" \/>\n\t\t\t\t\t\t\t\t<\/figure>\n\t\t\t\t\t\t\t\t<div class=\"full\">\n\t\t\t\t\t\t\t\t\t<p class=\"text\">Verf\u00fcgbar zu anderen Terminen<\/p>\n\t\t\t\t\t\t\t\t<\/div>\n\t\t\t\t\t\t\t<\/a>\n\t\t\t\t\t\t<\/div>\n\n\n\t\t\t\t\t\t<div class=\"wp-block-group has-white-background-color has-background card-content\">\n\t\t\t\t\t\t\t<div class=\"wp-block-group content\">\n\t\t\t\t\t\t\t\t<h3 class=\"wp-block-heading has-secondary-color has-link-color has-secondary-color\">\n\t\t\t\t\t\t\t\t\tVilla - Haus 100 m\u00b2 - 3 Schlafzimmer - Klimaanlage (inkl. Bettw\u00e4sche, Babyset, Gasherd und kostenloses Wifi)\t\t\t\t\t\t\t\t<\/h3>\n\n\t\t\t\t\t\t\t\t\t\t\t\t\t\t\t<\/div>\n\n\t\t\t\t\t\t\t<div class=\"wp-block-group card-price has-background\">\n\t\t\t\t\t\t\t\t<div class=\"loader\">\n\t\t\t\t\t\t\t\t\t<span class=\"dot\"><\/span>\n\t\t\t\t\t\t\t\t\t<span class=\"dot\"><\/span>\n\t\t\t\t\t\t\t\t\t<span class=\"dot\"><\/span>\n\t\t\t\t\t\t\t\t<\/div>\n\t\t\t\t\t\t\t\t<div class=\"booking_default\">\n\t\t\t\t\t\t\t\t\t<p class=\"has-text-align-right\">Ab<\/p>\n\n\t\t\t\t\t\t\t\t\t<p class=\"has-text-align-right booking_price has-secondary-font-family\"><\/p>\n\t\t\t\t\t\t\t\t\t<p class=\"has-text-align-right booking_no_discount has-secondary-font-family\"><\/p>\n\n\t\t\t\t\t\t\t\t\t<p class=\"has-text-align-right dates\">\n\t\t\t\t\t\t\t\t\t\tVon <span class=\"start\"><\/span> bis <span class=\"end\"><\/span>\t\t\t\t\t\t\t\t\t<\/p>\n\t\t\t\t\t\t\t\t<\/div>\n\t\t\t\t\t\t\t\t<div class=\"wp-block-group booking_alt\">\n\t\t\t\t\t\t\t\t\t<p class=\"booking_alt_text\">Verf\u00fcgbar zu anderen Terminen<\/p>\n\t\t\t\t\t\t\t\t\t<div class=\"booking_alt_content\">\n\t\t\t\t\t\t\t\t\t<\/div>\n\t\t\t\t\t\t\t\t<\/div>\n\t\t\t\t\t\t\t<\/div>\n\t\t\t\t\t\t<\/div>\n\n\t\t\t\t\t\t<div class=\"wp-block-buttons has-custom-font-size has-l-font-size\">\n\t\t\t\t\t\t\t<div\n\t\t\t\t\t\t\t\tclass=\"wp-block-button has-custom-width wp-block-button__width-100 has-custom-font-size booking-btn has-secondary-font-family\">\n\t\t\t\t\t\t\t\t<a href=\"https:\/\/www.camping-la-clairiere.com\/de\/hebergements\/villa-haus-100-m%c2%b2-3-schlafzimmer-klimaanlage-inkl-bettwaesche-babyset-gasherd-und-kostenloses-wifi\/\"\n\t\t\t\t\t\t\t\t\tclass=\"wp-block-button__link has-white-color has-text-color has-background has-link-color has-text-align-center wp-element-button\">\n\t\t\t\t\t\t\t\t\tEntdecken\t\t\t\t\t\t\t\t<\/a>\n\t\t\t\t\t\t\t<\/div>\n\t\t\t\t\t\t<\/div>\n\t\t\t\t\t\t<div class=\"booking_last\">\n\t\t\t\t\t\t\t<p class=\"booking_last_content\">\n\t\t\t\t\t\t\t\tNur noch <span class=\"booking_last_value\"><\/span> <br>verf\u00fcgbar\t\t\t\t\t\t\t<\/p>\n\t\t\t\t\t\t<\/div>\n\t\t\t\t\t\t<div class=\"booking_exclusive is-style-hover-image-effect\"><\/div>\n\t\t\t\t\t<\/div>\n\t\t\t\t<\/li>\n\n\t\t\t\t\t<\/ul>\n\n\t<\/div>\n\n<\/div>\n\n\n\n<div style=\"height:var(--wp--preset--spacing--xxxl)\" aria-hidden=\"true\" class=\"wp-block-spacer\"><\/div>\n\n\n\n<div class=\"wp-block-group alignfull has-global-padding is-layout-constrained wp-container-core-group-is-layout-076db290 wp-block-group-is-layout-constrained\" style=\"margin-top:0;padding-top:0;padding-right:var(--wp--preset--spacing--l);padding-bottom:0;padding-left:var(--wp--preset--spacing--l)\">\n<div class=\"wp-block-group has-global-padding is-layout-constrained wp-container-core-group-is-layout-6d08aa83 wp-block-group-is-layout-constrained\" style=\"margin-top:0;margin-bottom:0;padding-top:0;padding-right:0;padding-bottom:0;padding-left:0\">\n<figure class=\"wp-block-image aligncenter size-large is-resized\"><img alt=\"Bonbon ray\u00e9 rose et blanc.\" decoding=\"async\" width=\"1024\" height=\"916\" src=\"https:\/\/www.camping-la-clairiere.com\/wp-content\/uploads\/2026\/04\/4af274f244d018dbb3c8e8a148bcd064e4a2990b-1024x916.png\" alt=\"\" class=\"wp-image-451\" style=\"width:50px\"\/><\/figure>\n<\/div>\n\n\n\n<div class=\"wp-block-group has-global-padding is-layout-constrained wp-container-core-group-is-layout-b2c8f158 wp-block-group-is-layout-constrained\" style=\"margin-top:0;margin-bottom:0;padding-top:0;padding-right:0;padding-left:0\">\n<h2 class=\"wp-block-heading has-text-align-center is-style-top-title is-style-top-title--3\" style=\"margin-bottom:0\">Die Villa 3Sch 6\/8 Pers.<\/h2>\n\n\n\n<p class=\"has-text-align-center is-style-title-below is-style-title-below--4\" style=\"padding-bottom:0\">Ein renoviertes und komfortables Haus f\u00fcr einen Aufenthalt mit der Familie oder unter Freunden.<\/p>\n\n\n\n<div class=\"wp-block-group has-global-padding is-layout-constrained wp-block-group-is-layout-constrained\">\n<p class=\"has-text-align-center\" style=\"margin-bottom:0px\"><br>Die <strong>Villa 3S 6\/8 Pers<\/strong>. bietet allen Komfort eines Ferienhauses in einer Umgebung, die f\u00fcr den Aufenthalt gedacht ist. Die Villa wurde sorgf\u00e4ltig renoviert und bietet eine helle und beruhigende Atmosph\u00e4re mit <strong>sanften und erfrischenden Farben<\/strong>. Die Einteilung erm\u00f6glicht es jedem, den Raum mit Leichtigkeit zu nutzen, egal ob Sie mit der Familie, mit Freunden oder mit dieser Urlaubskonfiguration verreisen, bei der immer ein paar mehr Personen um den Tisch sitzen.  <\/p>\n\n\n\n<p class=\"has-text-align-center\" style=\"margin-bottom:0px\">Sie finden hier <strong>drei Schlafzimmer<\/strong>, ein <strong>Badezimmer<\/strong>, eine <strong>Toilette<\/strong>, <strong>zwei WCs<\/strong>, einen <strong>Hauswirtschaftsraum<\/strong> und ein <strong>gro\u00dfes Wohnzimmer<\/strong>, um Ihren Alltag einfacher und komfortabler zu gestalten. Die <strong>voll ausgestattete K\u00fcche<\/strong> erm\u00f6glicht es Ihnen, den Aufenthalt nach Ihrem eigenen Rhythmus zu gestalten, w\u00e4hrend die <strong>gro\u00dfe Holzterrasse<\/strong> und der <strong>private, geschlossene Garten<\/strong> dazu einladen, den Aufenthalt im Freien in vollen Z\u00fcgen zu genie\u00dfen. So k\u00f6nnen Sie problemlos zwischen gemeinsamen Momenten, ruhigen Momenten und einem echten Gef\u00fchl von Raum wechseln.  <br><br><\/p>\n\n\n\n<h2 class=\"wp-block-heading has-text-align-center is-style-top-title is-style-top-title--5\">Eine voll ausgestattete Unterkunft f\u00fcr einen ruhigen Aufenthalt<\/h2>\n\n\n\n<p class=\"has-text-align-center is-style-title-below is-style-title-below--6\">Die Einrichtungen sind so konzipiert, dass sie Komfort, Zweckm\u00e4\u00dfigkeit und Freiheit w\u00e4hrend des Urlaubs miteinander verbinden.<\/p>\n\n\n\n<p class=\"has-text-align-center\">Die Villa verf\u00fcgt \u00fcber alle Annehmlichkeiten, die Sie f\u00fcr einen angenehmen Aufenthalt ben\u00f6tigen. Sie k\u00f6nnen von der <strong>Klimaanlage<\/strong>, dem <strong>Geschirrsp\u00fcler<\/strong>, dem <strong>Fernseher<\/strong> und der <strong>kostenlosen Wifi-Verbindung<\/strong> profitieren, alles Elemente, die zu einem einfachen, aber wertvollen Komfort w\u00e4hrend des Urlaubs beitragen. Hier ist alles vorhanden, damit Sie sich von Anfang an wohl f\u00fchlen und die Zeit vor Ort genie\u00dfen k\u00f6nnen.  <\/p>\n\n\n\n<p class=\"has-text-align-center\">Mit ihren gro\u00dfz\u00fcgigen R\u00e4umen, den privaten Au\u00dfenbereichen und dem hohen Ausstattungsniveau ist die <strong>Villa 3Sch 6\/8 Pers<\/strong>. f\u00fcr diejenigen geeignet, die mehr Platz und mehr Autonomie w\u00e4hrend ihres Aufenthalts w\u00fcnschen. Eine ideale L\u00f6sung f\u00fcr einen geselligen, komfortablen und entspannten Urlaub in einer Unterkunft, die verstanden hat, dass es auch im Sommer darum geht, sich wohl zu f\u00fchlen. <\/p>\n<\/div>\n<\/div>\n<\/div>\n\n\n\n<div style=\"height:var(--wp--preset--spacing--xxxxxl)\" aria-hidden=\"true\" class=\"wp-block-spacer\"><\/div>\n","protected":false},"excerpt":{"rendered":"<p>Eine ger\u00e4umige Villa, in der Sie Ihren Urlaub in v\u00f6lliger Freiheit genie\u00dfen k\u00f6nnen. Der Komfort eines Ferienhauses auf dem Campingplatz. Mit der Villa 3ch 6\/8 Pers. genie\u00dfen Sie eine Unterkunft, die den Raum, den Komfort und die Unabh\u00e4ngigkeit eines echten Ferienhauses vereint. Die Villa wurde komplett renoviert und besticht durch ihre sanften und erfrischenden Farben, [&hellip;]<\/p>\n","protected":false},"author":1,"featured_media":0,"parent":0,"menu_order":0,"comment_status":"closed","ping_status":"closed","template":"page-full-width","meta":{"_acf_changed":false,"_seopress_robots_primary_cat":"","_seopress_titles_title":"Location Villa \u00e0 La Tremblade | Villas \u00e0 louer d\u00e8s 1798\u20ac","_seopress_titles_desc":"Optez pour la location d'une villa \u00e0 La Tremblade. Villa premium jusqu\u2019\u00e0 8 personnes pour vos vacances en bord de mer en Charente-Maritime.","_seopress_robots_index":"","footnotes":""},"class_list":["post-2239","page","type-page","status-publish","hentry"],"acf":[],"_links":{"self":[{"href":"https:\/\/www.camping-la-clairiere.com\/de\/wp-json\/wp\/v2\/pages\/2239","targetHints":{"allow":["GET"]}}],"collection":[{"href":"https:\/\/www.camping-la-clairiere.com\/de\/wp-json\/wp\/v2\/pages"}],"about":[{"href":"https:\/\/www.camping-la-clairiere.com\/de\/wp-json\/wp\/v2\/types\/page"}],"author":[{"embeddable":true,"href":"https:\/\/www.camping-la-clairiere.com\/de\/wp-json\/wp\/v2\/users\/1"}],"replies":[{"embeddable":true,"href":"https:\/\/www.camping-la-clairiere.com\/de\/wp-json\/wp\/v2\/comments?post=2239"}],"version-history":[{"count":2,"href":"https:\/\/www.camping-la-clairiere.com\/de\/wp-json\/wp\/v2\/pages\/2239\/revisions"}],"predecessor-version":[{"id":2326,"href":"https:\/\/www.camping-la-clairiere.com\/de\/wp-json\/wp\/v2\/pages\/2239\/revisions\/2326"}],"wp:attachment":[{"href":"https:\/\/www.camping-la-clairiere.com\/de\/wp-json\/wp\/v2\/media?parent=2239"}],"curies":[{"name":"wp","href":"https:\/\/api.w.org\/{rel}","templated":true}]}}