{"id":2215,"date":"2026-04-03T15:25:28","date_gmt":"2026-04-03T13:25:28","guid":{"rendered":"https:\/\/www.camping-la-clairiere.com\/aktivitaeten\/"},"modified":"2026-04-09T17:36:20","modified_gmt":"2026-04-09T15:36:20","slug":"aktivitaeten","status":"publish","type":"page","link":"https:\/\/www.camping-la-clairiere.com\/de\/aktivitaeten\/","title":{"rendered":"Aktivit\u00e4ten"},"content":{"rendered":"\n<div class=\"wp-block-group alignfull is-layout-flow wp-block-group-is-layout-flow\" style=\"margin-top:0;margin-bottom:0;padding-top:0;padding-right:0;padding-bottom:0;padding-left:0\">\n<div class=\"wp-block-group is-layout-flow wp-block-group-is-layout-flow\">\n<div class=\"wp-block-cover alignfull has-custom-content-position is-position-bottom-center\" style=\"padding-top:0;padding-right:0;padding-bottom:0;padding-left:0;min-height:100vh;aspect-ratio:unset;\"><img alt=\"Aventure en tyrolienne dans les arbres verts.\" decoding=\"async\" width=\"1024\" height=\"683\" class=\"wp-block-cover__image-background wp-image-688 size-large\" alt=\"\" src=\"https:\/\/www.camping-la-clairiere.com\/wp-content\/uploads\/2026\/04\/accrobranche-camping-la-clairiere-charente-maritimes-02-1024x683.webp\" data-object-fit=\"cover\" srcset=\"https:\/\/www.camping-la-clairiere.com\/wp-content\/uploads\/2026\/04\/accrobranche-camping-la-clairiere-charente-maritimes-02-1024x683.webp 1024w, https:\/\/www.camping-la-clairiere.com\/wp-content\/uploads\/2026\/04\/accrobranche-camping-la-clairiere-charente-maritimes-02-300x200.webp 300w, https:\/\/www.camping-la-clairiere.com\/wp-content\/uploads\/2026\/04\/accrobranche-camping-la-clairiere-charente-maritimes-02-768x512.webp 768w, https:\/\/www.camping-la-clairiere.com\/wp-content\/uploads\/2026\/04\/accrobranche-camping-la-clairiere-charente-maritimes-02-1440x960.webp 1440w, https:\/\/www.camping-la-clairiere.com\/wp-content\/uploads\/2026\/04\/accrobranche-camping-la-clairiere-charente-maritimes-02-1080x720.webp 1080w, https:\/\/www.camping-la-clairiere.com\/wp-content\/uploads\/2026\/04\/accrobranche-camping-la-clairiere-charente-maritimes-02-720x480.webp 720w, https:\/\/www.camping-la-clairiere.com\/wp-content\/uploads\/2026\/04\/accrobranche-camping-la-clairiere-charente-maritimes-02-480x320.webp 480w, https:\/\/www.camping-la-clairiere.com\/wp-content\/uploads\/2026\/04\/accrobranche-camping-la-clairiere-charente-maritimes-02-240x160.webp 240w, https:\/\/www.camping-la-clairiere.com\/wp-content\/uploads\/2026\/04\/accrobranche-camping-la-clairiere-charente-maritimes-02-120x80.webp 120w, https:\/\/www.camping-la-clairiere.com\/wp-content\/uploads\/2026\/04\/accrobranche-camping-la-clairiere-charente-maritimes-02.webp 2048w\" sizes=\"(max-width: 1024px) 100vw, 1024px\" \/><span aria-hidden=\"true\" class=\"wp-block-cover__background has-transparent-background-color has-background-dim-100 has-background-dim\"><\/span><div class=\"wp-block-cover__inner-container is-layout-flow wp-block-cover-is-layout-flow\">\n<div class=\"wp-block-group has-secondary-gradient-gradient-background has-background has-global-padding is-layout-constrained wp-block-group-is-layout-constrained\">\n<div style=\"height:15vh\" aria-hidden=\"true\" class=\"wp-block-spacer\"><\/div>\n<\/div>\n<\/div><\/div>\n<\/div>\n<\/div>\n<div style=\"padding-top:10px;padding-left:10px;\" class=\"alignfull wp-elements-c549f836684188f85e65cc5f157bd5e7 wp-block-wpseopress-breadcrumbs\"><nav  aria-label=\"breadcrumb\"><ol class=\"breadcrumb\" itemscope itemtype=\"https:\/\/schema.org\/BreadcrumbList\"><li class=\"breadcrumb-item active\" aria-current=\"page\" itemprop=\"itemListElement\" itemscope itemtype=\"https:\/\/schema.org\/ListItem\"><span itemprop=\"name\">Camping \u00e0 La Tremblade<\/span><meta itemprop=\"position\" content=\"1\"><\/li><\/ol><\/nav><\/div>\n<div style=\"height:var(--wp--preset--spacing--xxxl)\" aria-hidden=\"true\" class=\"wp-block-spacer\"><\/div>\n\n<div class=\"wp-block-group alignfull has-global-padding is-layout-constrained wp-container-core-group-is-layout-076db290 wp-block-group-is-layout-constrained\" style=\"margin-top:0;padding-top:0;padding-right:var(--wp--preset--spacing--l);padding-bottom:0;padding-left:var(--wp--preset--spacing--l)\">\n<div class=\"wp-block-group has-global-padding is-layout-constrained wp-container-core-group-is-layout-6d08aa83 wp-block-group-is-layout-constrained\" style=\"margin-top:0;margin-bottom:0;padding-top:0;padding-right:0;padding-bottom:0;padding-left:0\">\n<figure class=\"wp-block-image aligncenter size-large is-resized\"><img alt=\"Bonbon ray\u00e9 rose et blanc.\" decoding=\"async\" width=\"1024\" height=\"916\" src=\"https:\/\/www.camping-la-clairiere.com\/wp-content\/uploads\/2026\/04\/4af274f244d018dbb3c8e8a148bcd064e4a2990b-1024x916.png\" alt=\"\" class=\"wp-image-451\" style=\"width:50px\"\/><\/figure>\n<\/div>\n\n\n\n<div class=\"wp-block-group has-global-padding is-layout-constrained wp-container-core-group-is-layout-72d38984 wp-block-group-is-layout-constrained\" style=\"margin-top:0;margin-bottom:0;padding-top:0;padding-right:0;padding-bottom:0;padding-left:0\">\n<h1 class=\"wp-block-heading has-text-align-center is-style-top-title is-style-top-title--1\" style=\"margin-bottom:0\">Campingplatz mit Aktivit\u00e4ten in La Tremblade<\/h1>\n\n\n\n<p class=\"has-text-align-center is-style-title-below is-style-title-below--2\" style=\"padding-bottom:0\">Aktivit\u00e4ten f\u00fcr die ganze Familie in La Tremblade in der Charente-Maritime<\/p>\n\n\n\n<div class=\"wp-block-group has-global-padding is-layout-constrained wp-block-group-is-layout-constrained\">\n<p class=\"has-text-align-center\" style=\"margin-bottom:0px\"><br\/>Willkommen auf dem Campingplatz <strong><a href=\"https:\/\/www.camping-la-clairiere.com\/de\/\" data-type=\"page\" data-id=\"353\">Campingplatz La Clairi\u00e8re<\/a><\/strong>im Herzen der Charente-Maritime, in La Tremblade. Hier findet jedes Familienmitglied sein Gl\u00fcck mit einer Vielzahl von Aktivit\u00e4ten, die f\u00fcr jedes Alter und jeden Geschmack gedacht sind. Ob Sie nun auf der Suche nach Entspannung oder Abenteuer sind, unser Campingplatz verspricht Ihnen unvergessliche Momente, die Sie gemeinsam erleben k\u00f6nnen.  <\/p>\n<\/div>\n<\/div>\n<\/div>\n\n<div style=\"height:var(--wp--preset--spacing--xxxl)\" aria-hidden=\"true\" class=\"wp-block-spacer\"><\/div>\n\n<div class=\"wp-block-group alignfull has-global-padding is-layout-constrained wp-container-core-group-is-layout-72d38984 wp-block-group-is-layout-constrained\" style=\"margin-top:0;margin-bottom:0;padding-top:0;padding-right:0;padding-bottom:0;padding-left:0\">\n<div class=\"wp-block-group alignfull has-global-padding is-layout-constrained wp-container-core-group-is-layout-a0ad46d7 wp-block-group-is-layout-constrained\" style=\"margin-top:0;margin-bottom:0;padding-top:0;padding-right:0;padding-bottom:0;padding-left:0\">\n<div class=\"wp-block-columns hrz-responsive-col hrz-contenus-8 is-layout-flex wp-container-core-columns-is-layout-410e660c wp-block-columns-is-layout-flex\" style=\"padding-right:0;padding-left:0\">\n<div class=\"wp-block-column is-vertically-aligned-bottom fade has-global-padding is-content-justification-right is-layout-constrained wp-container-core-column-is-layout-85763710 wp-block-column-is-layout-constrained\" style=\"flex-basis:50%\">\n<div class=\"wp-block-group has-global-padding is-content-justification-right is-layout-constrained wp-container-core-group-is-layout-76cbeed5 wp-block-group-is-layout-constrained\">\n<div class=\"wp-block-group is-layout-flow wp-container-core-group-is-layout-a77db08e wp-block-group-is-layout-flow\">\n<div class=\"wp-block-group is-vertical is-content-justification-right is-layout-flex wp-container-core-group-is-layout-c0d519fa wp-block-group-is-layout-flex\">\n<figure class=\"wp-block-image size-large is-resized\"><img alt=\"Illustration d&#039;un palmier stylis\u00e9\" decoding=\"async\" width=\"666\" height=\"1024\" src=\"https:\/\/www.camping-la-clairiere.com\/wp-content\/uploads\/2026\/04\/170bcef585a64778b23fae9f4044894e36ebabca-scaled-e1775123071690-666x1024.png\" alt=\"\" class=\"wp-image-456\" style=\"width:50px\"\/><\/figure>\n\n\n\n<h2 class=\"wp-block-heading has-text-align-right is-style-top-title is-style-top-title--3\" style=\"margin-bottom:0\">Zahlreiche Aktivit\u00e4ten auf dem Campingplatz<\/h2>\n\n\n\n<p class=\"has-text-align-right is-style-title-below is-style-title-below--4\" style=\"padding-bottom:0\">Freude an Bewegung, Spa\u00df und Austausch<\/p>\n<\/div>\n<\/div>\n\n\n\n<div class=\"wp-block-group is-layout-flow wp-block-group-is-layout-flow\">\n<p class=\"has-text-align-right\">Auf dem Campingplatz La Clairi\u00e8re gibt es keine Langeweile. F\u00fcr Badefreunde ist unser Wasserpark ein wahres Paradies. Mit der Lagune, dem beheizten Pool, der Rutsche und dem Planschbecken k\u00f6nnen sich Gro\u00df und Klein in aller Sicherheit vergn\u00fcgen. Sportbegeisterte werden unseren Multisportplatz zu sch\u00e4tzen wissen, auf dem regelm\u00e4\u00dfig Fu\u00dfball-, Basketball- und Volleyballturniere organisiert werden.     <\/p>\n\n\n\n<p class=\"has-text-align-right\">F\u00fcr Kinder gibt es einen speziellen Kinderclub, in dem sie an kreativen Workshops, Spielen im Freien und Schatzsuchen teilnehmen k\u00f6nnen. W\u00e4hrenddessen k\u00f6nnen sich die Eltern beim Aquafun entspannen oder im Zen-Bereich relaxen. <\/p>\n<\/div>\n<\/div>\n\n\n\n<figure data-wp-context=\"{&quot;imageId&quot;:&quot;69d81ef40ca9a&quot;}\" data-wp-interactive=\"core\/image\" data-wp-key=\"69d81ef40ca9a\" class=\"wp-block-image size-full is-style-rounded is-style-rounded--5 wp-lightbox-container\"><img decoding=\"async\" width=\"2560\" height=\"1920\" data-wp-class--hide=\"state.isContentHidden\" data-wp-class--show=\"state.isContentVisible\" data-wp-init=\"callbacks.setButtonStyles\" data-wp-on--click=\"actions.showLightbox\" data-wp-on--load=\"callbacks.setButtonStyles\" data-wp-on-window--resize=\"callbacks.setButtonStyles\" src=\"https:\/\/www.camping-la-clairiere.com\/wp-content\/uploads\/2026\/04\/espace-aquatique-camping-la-clairiere-charente-maritimes-03-scaled.webp\" alt=\"Wasserspielplatz im Freien, umgeben von B&#xE4;umen.\" class=\"wp-image-761\" srcset=\"https:\/\/www.camping-la-clairiere.com\/wp-content\/uploads\/2026\/04\/espace-aquatique-camping-la-clairiere-charente-maritimes-03-scaled.webp 2560w, https:\/\/www.camping-la-clairiere.com\/wp-content\/uploads\/2026\/04\/espace-aquatique-camping-la-clairiere-charente-maritimes-03-300x225.webp 300w, https:\/\/www.camping-la-clairiere.com\/wp-content\/uploads\/2026\/04\/espace-aquatique-camping-la-clairiere-charente-maritimes-03-1024x768.webp 1024w, https:\/\/www.camping-la-clairiere.com\/wp-content\/uploads\/2026\/04\/espace-aquatique-camping-la-clairiere-charente-maritimes-03-768x576.webp 768w, https:\/\/www.camping-la-clairiere.com\/wp-content\/uploads\/2026\/04\/espace-aquatique-camping-la-clairiere-charente-maritimes-03-1440x1080.webp 1440w, https:\/\/www.camping-la-clairiere.com\/wp-content\/uploads\/2026\/04\/espace-aquatique-camping-la-clairiere-charente-maritimes-03-720x540.webp 720w, https:\/\/www.camping-la-clairiere.com\/wp-content\/uploads\/2026\/04\/espace-aquatique-camping-la-clairiere-charente-maritimes-03-320x240.webp 320w, https:\/\/www.camping-la-clairiere.com\/wp-content\/uploads\/2026\/04\/espace-aquatique-camping-la-clairiere-charente-maritimes-03-160x120.webp 160w\" sizes=\"(max-width: 2560px) 100vw, 2560px\" \/><button\n\t\t\tclass=\"lightbox-trigger\"\n\t\t\ttype=\"button\"\n\t\t\taria-haspopup=\"dialog\"\n\t\t\taria-label=\"Enlarge\"\n\t\t\tdata-wp-init=\"callbacks.initTriggerButton\"\n\t\t\tdata-wp-on--click=\"actions.showLightbox\"\n\t\t\tdata-wp-style--right=\"state.imageButtonRight\"\n\t\t\tdata-wp-style--top=\"state.imageButtonTop\"\n\t\t>\n\t\t\t<svg xmlns=\"http:\/\/www.w3.org\/2000\/svg\" width=\"12\" height=\"12\" fill=\"none\" viewBox=\"0 0 12 12\">\n\t\t\t\t<path fill=\"#fff\" d=\"M2 0a2 2 0 0 0-2 2v2h1.5V2a.5.5 0 0 1 .5-.5h2V0H2Zm2 10.5H2a.5.5 0 0 1-.5-.5V8H0v2a2 2 0 0 0 2 2h2v-1.5ZM8 12v-1.5h2a.5.5 0 0 0 .5-.5V8H12v2a2 2 0 0 1-2 2H8Zm2-12a2 2 0 0 1 2 2v2h-1.5V2a.5.5 0 0 0-.5-.5H8V0h2Z\" \/>\n\t\t\t<\/svg>\n\t\t<\/button><\/figure>\n<\/div>\n\n\n\n<div class=\"wp-block-column is-vertically-aligned-bottom anim-speed-m has-global-padding is-content-justification-left is-layout-constrained wp-container-core-column-is-layout-9f6ff739 wp-block-column-is-layout-constrained\" style=\"padding-bottom:0\">\n<div class=\"wp-block-group overflow-hidden has-global-padding is-layout-constrained wp-block-group-is-layout-constrained\" style=\"border-top-left-radius:25px;border-top-right-radius:25px;border-bottom-left-radius:25px;border-bottom-right-radius:25px\">\n<figure class=\"wp-block-image size-large is-style-rounded is-style-rounded--6\"><img decoding=\"async\" width=\"1024\" height=\"683\" src=\"https:\/\/www.camping-la-clairiere.com\/wp-content\/uploads\/2026\/04\/espace-aquatique-camping-la-clairiere-charente-maritimes-05-1024x683.webp\" alt=\"Blaue Wasserrutsche in einem Wasserpark.\" class=\"wp-image-762\" style=\"aspect-ratio:3\/4;object-fit:cover\" srcset=\"https:\/\/www.camping-la-clairiere.com\/wp-content\/uploads\/2026\/04\/espace-aquatique-camping-la-clairiere-charente-maritimes-05-1024x683.webp 1024w, https:\/\/www.camping-la-clairiere.com\/wp-content\/uploads\/2026\/04\/espace-aquatique-camping-la-clairiere-charente-maritimes-05-300x200.webp 300w, https:\/\/www.camping-la-clairiere.com\/wp-content\/uploads\/2026\/04\/espace-aquatique-camping-la-clairiere-charente-maritimes-05-768x512.webp 768w, https:\/\/www.camping-la-clairiere.com\/wp-content\/uploads\/2026\/04\/espace-aquatique-camping-la-clairiere-charente-maritimes-05-1440x960.webp 1440w, https:\/\/www.camping-la-clairiere.com\/wp-content\/uploads\/2026\/04\/espace-aquatique-camping-la-clairiere-charente-maritimes-05-1080x720.webp 1080w, https:\/\/www.camping-la-clairiere.com\/wp-content\/uploads\/2026\/04\/espace-aquatique-camping-la-clairiere-charente-maritimes-05-720x480.webp 720w, https:\/\/www.camping-la-clairiere.com\/wp-content\/uploads\/2026\/04\/espace-aquatique-camping-la-clairiere-charente-maritimes-05-480x320.webp 480w, https:\/\/www.camping-la-clairiere.com\/wp-content\/uploads\/2026\/04\/espace-aquatique-camping-la-clairiere-charente-maritimes-05-240x160.webp 240w, https:\/\/www.camping-la-clairiere.com\/wp-content\/uploads\/2026\/04\/espace-aquatique-camping-la-clairiere-charente-maritimes-05-120x80.webp 120w\" sizes=\"(max-width: 1024px) 100vw, 1024px\" \/><\/figure>\n<\/div>\n\n\n\n<p>Am Abend belebt sich der Campingplatz mit Shows, Themenabenden und Konzerten, die alle Urlauber in einer freundlichen und herzlichen Atmosph\u00e4re zusammenbringen. Dies ist die perfekte Gelegenheit, um andere Familien zu treffen und Momente der Freude und des Lachens zu teilen. <br\/><br\/>Auch au\u00dferhalb des Campingplatzes gibt es in La Tremblade und seiner Umgebung viel zu entdecken. Zwischen Waldspazierg\u00e4ngen, Besuchen der Salzg\u00e4rten und Bootsausfl\u00fcgen zu den nahegelegenen Inseln ist jeder Tag ein neues Abenteuer. <br\/><br\/>Mit der Wahl des Campingplatzes La Clairi\u00e8re entscheiden Sie sich f\u00fcr einen Aufenthalt voller Aktivit\u00e4ten und Entdeckungen in einer au\u00dfergew\u00f6hnlichen nat\u00fcrlichen Umgebung. Ob Sie mit der Familie, mit Freunden oder als Paar unterwegs sind, unser Campingplatz ist der ideale Ort, um wertvolle Erinnerungen zu schaffen und einen Urlaub nach Ihrem eigenen Rhythmus zu erleben. <\/p>\n<\/div>\n<\/div>\n<\/div>\n\n\n\n<div style=\"height:209px\" aria-hidden=\"true\" class=\"wp-block-spacer\"><\/div>\n<\/div>\n\n<div style=\"height:10rem\" aria-hidden=\"true\" class=\"wp-block-spacer\"><\/div>\n","protected":false},"excerpt":{"rendered":"<p>Campingplatz mit Aktivit\u00e4ten in La Tremblade Aktivit\u00e4ten f\u00fcr die ganze Familie in La Tremblade in der Charente-Maritime Willkommen auf dem Campingplatz Campingplatz La Clairi\u00e8reim Herzen der Charente-Maritime, in La Tremblade. Hier findet jedes Familienmitglied sein Gl\u00fcck mit einer Vielzahl von Aktivit\u00e4ten, die f\u00fcr jedes Alter und jeden Geschmack gedacht sind. Ob Sie nun auf der [&hellip;]<\/p>\n","protected":false},"author":1,"featured_media":0,"parent":0,"menu_order":0,"comment_status":"closed","ping_status":"closed","template":"page-full-width","meta":{"_acf_changed":false,"_seopress_robots_primary_cat":"","_seopress_titles_title":"Campingplatz mit Aktivit\u00e4ten in La Tremblade | 4 Sterne Aktivit\u00e4ten & Freizeit","_seopress_titles_desc":"Profitieren Sie in La Tremblade von den Sporteinrichtungen, Freizeitaktivit\u00e4ten und Animationen, die der Campingplatz La Clairi\u00e8re anbietet.","_seopress_robots_index":"","footnotes":""},"class_list":["post-2215","page","type-page","status-publish","hentry"],"acf":[],"_links":{"self":[{"href":"https:\/\/www.camping-la-clairiere.com\/de\/wp-json\/wp\/v2\/pages\/2215","targetHints":{"allow":["GET"]}}],"collection":[{"href":"https:\/\/www.camping-la-clairiere.com\/de\/wp-json\/wp\/v2\/pages"}],"about":[{"href":"https:\/\/www.camping-la-clairiere.com\/de\/wp-json\/wp\/v2\/types\/page"}],"author":[{"embeddable":true,"href":"https:\/\/www.camping-la-clairiere.com\/de\/wp-json\/wp\/v2\/users\/1"}],"replies":[{"embeddable":true,"href":"https:\/\/www.camping-la-clairiere.com\/de\/wp-json\/wp\/v2\/comments?post=2215"}],"version-history":[{"count":2,"href":"https:\/\/www.camping-la-clairiere.com\/de\/wp-json\/wp\/v2\/pages\/2215\/revisions"}],"predecessor-version":[{"id":2417,"href":"https:\/\/www.camping-la-clairiere.com\/de\/wp-json\/wp\/v2\/pages\/2215\/revisions\/2417"}],"wp:attachment":[{"href":"https:\/\/www.camping-la-clairiere.com\/de\/wp-json\/wp\/v2\/media?parent=2215"}],"curies":[{"name":"wp","href":"https:\/\/api.w.org\/{rel}","templated":true}]}}