{"id":2189,"date":"2026-04-03T15:41:28","date_gmt":"2026-04-03T13:41:28","guid":{"rendered":"https:\/\/www.camping-la-clairiere.com\/kinderclub\/"},"modified":"2026-04-09T09:06:36","modified_gmt":"2026-04-09T07:06:36","slug":"kinderclub","status":"publish","type":"page","link":"https:\/\/www.camping-la-clairiere.com\/de\/kinderclub\/","title":{"rendered":"Kinderclub"},"content":{"rendered":"\n<div class=\"wp-block-group alignfull is-layout-flow wp-block-group-is-layout-flow\" style=\"margin-top:0;margin-bottom:0;padding-top:0;padding-right:0;padding-bottom:0;padding-left:0\">\n<div class=\"wp-block-group is-layout-flow wp-block-group-is-layout-flow\">\n<div class=\"wp-block-cover alignfull has-custom-content-position is-position-bottom-center\" style=\"padding-top:0;padding-right:0;padding-bottom:0;padding-left:0;min-height:100vh;aspect-ratio:unset;\"><img alt=\"Enfants unis, mains ensemble en cercle color\u00e9.\" decoding=\"async\" width=\"2560\" height=\"1440\" class=\"wp-block-cover__image-background wp-image-724 size-16\/9_2560x1440_desktop\" alt=\"\" src=\"https:\/\/www.camping-la-clairiere.com\/wp-content\/uploads\/2026\/04\/club-enfants-camping-la-clairiere-charente-maritimes_01-2560x1440.webp\" data-object-fit=\"cover\" srcset=\"https:\/\/www.camping-la-clairiere.com\/wp-content\/uploads\/2026\/04\/club-enfants-camping-la-clairiere-charente-maritimes_01-2560x1440.webp 2560w, https:\/\/www.camping-la-clairiere.com\/wp-content\/uploads\/2026\/04\/club-enfants-camping-la-clairiere-charente-maritimes_01-1920x1080.webp 1920w, https:\/\/www.camping-la-clairiere.com\/wp-content\/uploads\/2026\/04\/club-enfants-camping-la-clairiere-charente-maritimes_01-1440x810.webp 1440w, https:\/\/www.camping-la-clairiere.com\/wp-content\/uploads\/2026\/04\/club-enfants-camping-la-clairiere-charente-maritimes_01-1366x768.webp 1366w, https:\/\/www.camping-la-clairiere.com\/wp-content\/uploads\/2026\/04\/club-enfants-camping-la-clairiere-charente-maritimes_01-1024x576.webp 1024w, https:\/\/www.camping-la-clairiere.com\/wp-content\/uploads\/2026\/04\/club-enfants-camping-la-clairiere-charente-maritimes_01-800x450.webp 800w, https:\/\/www.camping-la-clairiere.com\/wp-content\/uploads\/2026\/04\/club-enfants-camping-la-clairiere-charente-maritimes_01-640x360.webp 640w, https:\/\/www.camping-la-clairiere.com\/wp-content\/uploads\/2026\/04\/club-enfants-camping-la-clairiere-charente-maritimes_01-375x210.webp 375w, https:\/\/www.camping-la-clairiere.com\/wp-content\/uploads\/2026\/04\/club-enfants-camping-la-clairiere-charente-maritimes_01-200x112.webp 200w, https:\/\/www.camping-la-clairiere.com\/wp-content\/uploads\/2026\/04\/club-enfants-camping-la-clairiere-charente-maritimes_01-100x56.webp 100w\" sizes=\"(max-width: 2560px) 100vw, 2560px\" \/><span aria-hidden=\"true\" class=\"wp-block-cover__background has-transparent-background-color has-background-dim-100 has-background-dim\"><\/span><div class=\"wp-block-cover__inner-container is-layout-flow wp-block-cover-is-layout-flow\">\n<div class=\"wp-block-group has-secondary-gradient-gradient-background has-background has-global-padding is-layout-constrained wp-block-group-is-layout-constrained\">\n<div style=\"height:15vh\" aria-hidden=\"true\" class=\"wp-block-spacer\"><\/div>\n<\/div>\n<\/div><\/div>\n<\/div>\n<\/div>\n<div style=\"padding-top:10px;padding-left:10px;\" class=\"alignfull wp-elements-c549f836684188f85e65cc5f157bd5e7 wp-block-wpseopress-breadcrumbs\"><nav  aria-label=\"breadcrumb\"><ol class=\"breadcrumb\" itemscope itemtype=\"https:\/\/schema.org\/BreadcrumbList\"><li class=\"breadcrumb-item active\" aria-current=\"page\" itemprop=\"itemListElement\" itemscope itemtype=\"https:\/\/schema.org\/ListItem\"><span itemprop=\"name\">Camping \u00e0 La Tremblade<\/span><meta itemprop=\"position\" content=\"1\"><\/li><\/ol><\/nav><\/div>\n<div style=\"height:var(--wp--preset--spacing--xxxl)\" aria-hidden=\"true\" class=\"wp-block-spacer\"><\/div>\n\n<div class=\"wp-block-group alignfull has-global-padding is-layout-constrained wp-container-core-group-is-layout-076db290 wp-block-group-is-layout-constrained\" style=\"margin-top:0;padding-top:0;padding-right:var(--wp--preset--spacing--l);padding-bottom:0;padding-left:var(--wp--preset--spacing--l)\">\n<div class=\"wp-block-group has-global-padding is-layout-constrained wp-container-core-group-is-layout-6d08aa83 wp-block-group-is-layout-constrained\" style=\"margin-top:0;margin-bottom:0;padding-top:0;padding-right:0;padding-bottom:0;padding-left:0\">\n<figure class=\"wp-block-image aligncenter size-large is-resized\"><img alt=\"Bonbon ray\u00e9 rose et blanc.\" decoding=\"async\" width=\"1024\" height=\"916\" src=\"https:\/\/www.camping-la-clairiere.com\/wp-content\/uploads\/2026\/04\/4af274f244d018dbb3c8e8a148bcd064e4a2990b-1024x916.png\" alt=\"\" class=\"wp-image-451\" style=\"width:50px\"\/><\/figure>\n<\/div>\n\n\n\n<div class=\"wp-block-group has-global-padding is-layout-constrained wp-container-core-group-is-layout-72d38984 wp-block-group-is-layout-constrained\" style=\"margin-top:0;margin-bottom:0;padding-top:0;padding-right:0;padding-bottom:0;padding-left:0\">\n<h1 class=\"wp-block-heading has-text-align-center is-style-top-title is-style-top-title--1\" style=\"margin-bottom:0\">Campingplatz mit Kinderclub in La Tremblade<\/h1>\n\n\n\n<p class=\"has-text-align-center is-style-title-below is-style-title-below--2\" style=\"padding-bottom:0\">Jugendcamping in La Tremblade in der Charente-Maritime<\/p>\n\n\n\n<div class=\"wp-block-group has-global-padding is-layout-constrained wp-block-group-is-layout-constrained\">\n<p class=\"has-text-align-center\" style=\"margin-bottom:0px\"><br\/>Willkommen auf dem Campingplatz Tremblay. <strong><a href=\"https:\/\/www.camping-la-clairiere.com\/\" data-type=\"page\" data-id=\"353\">Campingplatz La Clairi\u00e8re in La Tremblade.<\/a><\/strong>Der Campingplatz liegt im Herzen der Charente-Maritime. Dieser Campingplatz ist der ideale Ort f\u00fcr Familien auf der Suche nach Entspannung und Abenteuer. Mit seiner au\u00dfergew\u00f6hnlichen nat\u00fcrlichen Umgebung und seinen modernen Einrichtungen bietet er den J\u00fcngsten viel Raum zum Spielen und Entdecken. Hier wird es den Kindern nie langweilig, denn es gibt ein speziell auf sie zugeschnittenes Aktivit\u00e4tenprogramm. Der Campingplatz ist ein echter Spielplatz, wo jeder Tag ein neues Abenteuer ist.    <\/p>\n<\/div>\n<\/div>\n<\/div>\n\n<div style=\"height:var(--wp--preset--spacing--xxxl)\" aria-hidden=\"true\" class=\"wp-block-spacer\"><\/div>\n\n<div class=\"wp-block-group alignfull has-global-padding is-layout-constrained wp-container-core-group-is-layout-72d38984 wp-block-group-is-layout-constrained\" style=\"margin-top:0;margin-bottom:0;padding-top:0;padding-right:0;padding-bottom:0;padding-left:0\">\n<div class=\"wp-block-group alignfull has-global-padding is-layout-constrained wp-container-core-group-is-layout-a0ad46d7 wp-block-group-is-layout-constrained\" style=\"margin-top:0;margin-bottom:0;padding-top:0;padding-right:0;padding-bottom:0;padding-left:0\">\n<div class=\"wp-block-columns hrz-responsive-col hrz-contenus-8 is-layout-flex wp-container-core-columns-is-layout-410e660c wp-block-columns-is-layout-flex\" style=\"padding-right:0;padding-left:0\">\n<div class=\"wp-block-column is-vertically-aligned-bottom fade has-global-padding is-content-justification-right is-layout-constrained wp-container-core-column-is-layout-85763710 wp-block-column-is-layout-constrained\" style=\"flex-basis:50%\">\n<div class=\"wp-block-group has-global-padding is-content-justification-right is-layout-constrained wp-container-core-group-is-layout-76cbeed5 wp-block-group-is-layout-constrained\">\n<div class=\"wp-block-group is-layout-flow wp-container-core-group-is-layout-a77db08e wp-block-group-is-layout-flow\">\n<div class=\"wp-block-group is-vertical is-content-justification-right is-layout-flex wp-container-core-group-is-layout-c0d519fa wp-block-group-is-layout-flex\">\n<figure class=\"wp-block-image size-large is-resized\"><img alt=\"Illustration d&#039;un palmier stylis\u00e9\" decoding=\"async\" width=\"666\" height=\"1024\" src=\"https:\/\/www.camping-la-clairiere.com\/wp-content\/uploads\/2026\/04\/170bcef585a64778b23fae9f4044894e36ebabca-scaled-e1775123071690-666x1024.png\" alt=\"\" class=\"wp-image-456\" style=\"width:50px\"\/><\/figure>\n\n\n\n<h2 class=\"wp-block-heading has-text-align-right is-style-top-title is-style-top-title--3\" style=\"margin-bottom:0\">Zahlreiche Animationen f\u00fcr die jungen Camper im Kinderclub des Campingplatzes<\/h2>\n\n\n\n<p class=\"has-text-align-right is-style-title-below is-style-title-below--4\" style=\"padding-bottom:0\">Ein spielerisches Universum, um mit Spa\u00df aufzuwachsen<\/p>\n<\/div>\n<\/div>\n\n\n\n<div class=\"wp-block-group is-layout-flow wp-block-group-is-layout-flow\">\n<p class=\"has-text-align-right\">Der Kinderclub auf dem Campingplatz La Clairi\u00e8re ist ein Ort, an dem die Fantasie befl\u00fcgelt wird. Die passionierten Animateure bieten eine Vielzahl von Aktivit\u00e4ten an, die die Aufmerksamkeit der kleinen Camper fesseln. Von kreativen Workshops bis hin zu Spielen im Freien ist jede Aktivit\u00e4t darauf ausgerichtet, die Neugier und den Teamgeist zu f\u00f6rdern. Die Kinder k\u00f6nnen sich mit Basteln besch\u00e4ftigen, an Schatzsuchen teilnehmen oder sich bei Mini-Olympiaden am\u00fcsieren. Der Club ist ein sicherer Ort, an dem die Kinder neue Freunde finden und unvergessliche Momente erleben k\u00f6nnen.    <\/p>\n<\/div>\n<\/div>\n\n\n\n<figure data-wp-context=\"{&quot;imageId&quot;:&quot;69d81ee4c85b5&quot;}\" data-wp-interactive=\"core\/image\" data-wp-key=\"69d81ee4c85b5\" class=\"wp-block-image size-full is-style-rounded is-style-rounded--5 wp-lightbox-container\"><img alt=\"Personne tenant un ballon de football jaune.\" decoding=\"async\" width=\"2560\" height=\"1707\" data-wp-class--hide=\"state.isContentHidden\" data-wp-class--show=\"state.isContentVisible\" data-wp-init=\"callbacks.setButtonStyles\" data-wp-on--click=\"actions.showLightbox\" data-wp-on--load=\"callbacks.setButtonStyles\" data-wp-on-window--resize=\"callbacks.setButtonStyles\" src=\"https:\/\/www.camping-la-clairiere.com\/wp-content\/uploads\/2026\/04\/club-enfants-camping-la-clairiere-charente-maritimes_02-scaled.webp\" alt=\"\" class=\"wp-image-723\" srcset=\"https:\/\/www.camping-la-clairiere.com\/wp-content\/uploads\/2026\/04\/club-enfants-camping-la-clairiere-charente-maritimes_02-scaled.webp 2560w, https:\/\/www.camping-la-clairiere.com\/wp-content\/uploads\/2026\/04\/club-enfants-camping-la-clairiere-charente-maritimes_02-300x200.webp 300w, https:\/\/www.camping-la-clairiere.com\/wp-content\/uploads\/2026\/04\/club-enfants-camping-la-clairiere-charente-maritimes_02-1024x683.webp 1024w, https:\/\/www.camping-la-clairiere.com\/wp-content\/uploads\/2026\/04\/club-enfants-camping-la-clairiere-charente-maritimes_02-768x512.webp 768w, https:\/\/www.camping-la-clairiere.com\/wp-content\/uploads\/2026\/04\/club-enfants-camping-la-clairiere-charente-maritimes_02-1440x960.webp 1440w, https:\/\/www.camping-la-clairiere.com\/wp-content\/uploads\/2026\/04\/club-enfants-camping-la-clairiere-charente-maritimes_02-1080x720.webp 1080w, https:\/\/www.camping-la-clairiere.com\/wp-content\/uploads\/2026\/04\/club-enfants-camping-la-clairiere-charente-maritimes_02-720x480.webp 720w, https:\/\/www.camping-la-clairiere.com\/wp-content\/uploads\/2026\/04\/club-enfants-camping-la-clairiere-charente-maritimes_02-480x320.webp 480w, https:\/\/www.camping-la-clairiere.com\/wp-content\/uploads\/2026\/04\/club-enfants-camping-la-clairiere-charente-maritimes_02-240x160.webp 240w, https:\/\/www.camping-la-clairiere.com\/wp-content\/uploads\/2026\/04\/club-enfants-camping-la-clairiere-charente-maritimes_02-120x80.webp 120w\" sizes=\"(max-width: 2560px) 100vw, 2560px\" \/><button\n\t\t\tclass=\"lightbox-trigger\"\n\t\t\ttype=\"button\"\n\t\t\taria-haspopup=\"dialog\"\n\t\t\taria-label=\"Enlarge\"\n\t\t\tdata-wp-init=\"callbacks.initTriggerButton\"\n\t\t\tdata-wp-on--click=\"actions.showLightbox\"\n\t\t\tdata-wp-style--right=\"state.imageButtonRight\"\n\t\t\tdata-wp-style--top=\"state.imageButtonTop\"\n\t\t>\n\t\t\t<svg xmlns=\"http:\/\/www.w3.org\/2000\/svg\" width=\"12\" height=\"12\" fill=\"none\" viewBox=\"0 0 12 12\">\n\t\t\t\t<path fill=\"#fff\" d=\"M2 0a2 2 0 0 0-2 2v2h1.5V2a.5.5 0 0 1 .5-.5h2V0H2Zm2 10.5H2a.5.5 0 0 1-.5-.5V8H0v2a2 2 0 0 0 2 2h2v-1.5ZM8 12v-1.5h2a.5.5 0 0 0 .5-.5V8H12v2a2 2 0 0 1-2 2H8Zm2-12a2 2 0 0 1 2 2v2h-1.5V2a.5.5 0 0 0-.5-.5H8V0h2Z\" \/>\n\t\t\t<\/svg>\n\t\t<\/button><\/figure>\n<\/div>\n\n\n\n<div class=\"wp-block-column is-vertically-aligned-bottom anim-speed-m has-global-padding is-content-justification-left is-layout-constrained wp-container-core-column-is-layout-9f6ff739 wp-block-column-is-layout-constrained\" style=\"padding-bottom:0\">\n<div class=\"wp-block-group overflow-hidden has-global-padding is-layout-constrained wp-block-group-is-layout-constrained\" style=\"border-top-left-radius:25px;border-top-right-radius:25px;border-bottom-left-radius:25px;border-bottom-right-radius:25px\">\n<figure class=\"wp-block-image size-3\/4_600x800_desktop is-style-rounded is-style-rounded--6\"><img alt=\"Famille profitant des jeux d&#039;eau au parc aquatique.\" decoding=\"async\" width=\"600\" height=\"800\" src=\"https:\/\/www.camping-la-clairiere.com\/wp-content\/uploads\/2026\/04\/espace-aquatique-camping-la-clairiere-charente-maritimes-04-600x800.webp\" alt=\"\" class=\"wp-image-715\" style=\"aspect-ratio:3\/4;object-fit:cover\" srcset=\"https:\/\/www.camping-la-clairiere.com\/wp-content\/uploads\/2026\/04\/espace-aquatique-camping-la-clairiere-charente-maritimes-04-600x800.webp 600w, https:\/\/www.camping-la-clairiere.com\/wp-content\/uploads\/2026\/04\/espace-aquatique-camping-la-clairiere-charente-maritimes-04-375x500.webp 375w, https:\/\/www.camping-la-clairiere.com\/wp-content\/uploads\/2026\/04\/espace-aquatique-camping-la-clairiere-charente-maritimes-04-133x177.webp 133w\" sizes=\"(max-width: 600px) 100vw, 600px\" \/><\/figure>\n<\/div>\n\n\n\n<p>Die Einrichtungen des Campingplatzes, wie der Swimmingpool und die Spielpl\u00e4tze, erg\u00e4nzen das Angebot des Kinderclubs perfekt. Die kleinen Abenteurer k\u00f6nnen sich im Wasser abk\u00fchlen oder sich auf den Spielger\u00e4ten austoben. W\u00e4hrenddessen k\u00f6nnen die Eltern wohlverdiente Momente der Entspannung genie\u00dfen und wissen, dass ihre Kinder in guten H\u00e4nden sind.  <br\/><br\/>Zusammenfassend l\u00e4sst sich sagen, dass der Campingplatz La Clairi\u00e8re in La Tremblade mehr als nur ein Urlaubsort ist. Es ist ein Ort, an dem Kinder sich entfalten und unvergessliche Erinnerungen schaffen k\u00f6nnen. Der Kinderclub ist das Herzst\u00fcck dieses Erlebnisses und bietet den jungen Campern eine perfekte Mischung aus Unterhaltung und Lernen. Packen Sie also Ihre Koffer und entdecken Sie alles, was der Campingplatz La Clairi\u00e8re f\u00fcr einen gelungenen Familienurlaub zu bieten hat.   <\/p>\n<\/div>\n<\/div>\n<\/div>\n\n\n\n<div style=\"height:209px\" aria-hidden=\"true\" class=\"wp-block-spacer\"><\/div>\n<\/div>\n\n<div style=\"height:10rem\" aria-hidden=\"true\" class=\"wp-block-spacer\"><\/div>\n","protected":false},"excerpt":{"rendered":"<p>Campingplatz mit Kinderclub in La Tremblade Jugendcamping in La Tremblade in der Charente-Maritime Willkommen auf dem Campingplatz Tremblay. Campingplatz La Clairi\u00e8re in La Tremblade.Der Campingplatz liegt im Herzen der Charente-Maritime. Dieser Campingplatz ist der ideale Ort f\u00fcr Familien auf der Suche nach Entspannung und Abenteuer. Mit seiner au\u00dfergew\u00f6hnlichen nat\u00fcrlichen Umgebung und seinen modernen Einrichtungen bietet [&hellip;]<\/p>\n","protected":false},"author":1,"featured_media":0,"parent":0,"menu_order":0,"comment_status":"closed","ping_status":"closed","template":"page-full-width","meta":{"_acf_changed":false,"_seopress_robots_primary_cat":"","_seopress_titles_title":"Campingplatz mit Kinderclub in La Tremblade | Kinderfreundlicher Campingplatz in Charente-Maritime","_seopress_titles_desc":"Finden Sie den perfekten Campingplatz in La Tremblade mit Kinderclub. Ein unvergesslicher Urlaub in der Charente-Maritime mit Aktivit\u00e4ten f\u00fcr junge Camper. ","_seopress_robots_index":"","footnotes":""},"class_list":["post-2189","page","type-page","status-publish","hentry"],"acf":[],"_links":{"self":[{"href":"https:\/\/www.camping-la-clairiere.com\/de\/wp-json\/wp\/v2\/pages\/2189","targetHints":{"allow":["GET"]}}],"collection":[{"href":"https:\/\/www.camping-la-clairiere.com\/de\/wp-json\/wp\/v2\/pages"}],"about":[{"href":"https:\/\/www.camping-la-clairiere.com\/de\/wp-json\/wp\/v2\/types\/page"}],"author":[{"embeddable":true,"href":"https:\/\/www.camping-la-clairiere.com\/de\/wp-json\/wp\/v2\/users\/1"}],"replies":[{"embeddable":true,"href":"https:\/\/www.camping-la-clairiere.com\/de\/wp-json\/wp\/v2\/comments?post=2189"}],"version-history":[{"count":1,"href":"https:\/\/www.camping-la-clairiere.com\/de\/wp-json\/wp\/v2\/pages\/2189\/revisions"}],"predecessor-version":[{"id":2193,"href":"https:\/\/www.camping-la-clairiere.com\/de\/wp-json\/wp\/v2\/pages\/2189\/revisions\/2193"}],"wp:attachment":[{"href":"https:\/\/www.camping-la-clairiere.com\/de\/wp-json\/wp\/v2\/media?parent=2189"}],"curies":[{"name":"wp","href":"https:\/\/api.w.org\/{rel}","templated":true}]}}