{"id":2181,"date":"2026-04-03T11:46:15","date_gmt":"2026-04-03T09:46:15","guid":{"rendered":"https:\/\/www.camping-la-clairiere.com\/dienste\/"},"modified":"2026-04-09T17:14:06","modified_gmt":"2026-04-09T15:14:06","slug":"dienste","status":"publish","type":"page","link":"https:\/\/www.camping-la-clairiere.com\/de\/dienste\/","title":{"rendered":"Dienste"},"content":{"rendered":"\n<div class=\"wp-block-group alignfull is-layout-flow wp-block-group-is-layout-flow\" style=\"margin-top:0;margin-bottom:0;padding-top:0;padding-right:0;padding-bottom:0;padding-left:0\">\n<div class=\"wp-block-group is-layout-flow wp-block-group-is-layout-flow\">\n<div class=\"wp-block-cover alignfull has-custom-content-position is-position-bottom-center\" style=\"padding-top:0;padding-right:0;padding-bottom:0;padding-left:0;min-height:100vh;aspect-ratio:unset;\"><img alt=\"Entr\u00e9e magasin Proxi avec \u00e9talages et drapeau.\" decoding=\"async\" width=\"2560\" height=\"1440\" class=\"wp-block-cover__image-background wp-image-1018 size-16\/9_2560x1440_desktop\" alt=\"\" src=\"https:\/\/www.camping-la-clairiere.com\/wp-content\/uploads\/2026\/04\/epicerie-camping-la-clairiere-charente-maritimes-05-2560x1440.webp\" data-object-fit=\"cover\" srcset=\"https:\/\/www.camping-la-clairiere.com\/wp-content\/uploads\/2026\/04\/epicerie-camping-la-clairiere-charente-maritimes-05-2560x1440.webp 2560w, https:\/\/www.camping-la-clairiere.com\/wp-content\/uploads\/2026\/04\/epicerie-camping-la-clairiere-charente-maritimes-05-1920x1080.webp 1920w, https:\/\/www.camping-la-clairiere.com\/wp-content\/uploads\/2026\/04\/epicerie-camping-la-clairiere-charente-maritimes-05-1440x810.webp 1440w, https:\/\/www.camping-la-clairiere.com\/wp-content\/uploads\/2026\/04\/epicerie-camping-la-clairiere-charente-maritimes-05-1366x768.webp 1366w, https:\/\/www.camping-la-clairiere.com\/wp-content\/uploads\/2026\/04\/epicerie-camping-la-clairiere-charente-maritimes-05-1024x576.webp 1024w, https:\/\/www.camping-la-clairiere.com\/wp-content\/uploads\/2026\/04\/epicerie-camping-la-clairiere-charente-maritimes-05-800x450.webp 800w, https:\/\/www.camping-la-clairiere.com\/wp-content\/uploads\/2026\/04\/epicerie-camping-la-clairiere-charente-maritimes-05-640x360.webp 640w, https:\/\/www.camping-la-clairiere.com\/wp-content\/uploads\/2026\/04\/epicerie-camping-la-clairiere-charente-maritimes-05-375x210.webp 375w, https:\/\/www.camping-la-clairiere.com\/wp-content\/uploads\/2026\/04\/epicerie-camping-la-clairiere-charente-maritimes-05-200x112.webp 200w, https:\/\/www.camping-la-clairiere.com\/wp-content\/uploads\/2026\/04\/epicerie-camping-la-clairiere-charente-maritimes-05-100x56.webp 100w\" sizes=\"(max-width: 2560px) 100vw, 2560px\" \/><span aria-hidden=\"true\" class=\"wp-block-cover__background has-transparent-background-color has-background-dim-100 has-background-dim\"><\/span><div class=\"wp-block-cover__inner-container is-layout-flow wp-block-cover-is-layout-flow\">\n<div class=\"wp-block-group has-secondary-gradient-gradient-background has-background has-global-padding is-layout-constrained wp-block-group-is-layout-constrained\">\n<div style=\"height:15vh\" aria-hidden=\"true\" class=\"wp-block-spacer\"><\/div>\n<\/div>\n<\/div><\/div>\n<\/div>\n<\/div>\n<div style=\"padding-top:10px;padding-left:10px;\" class=\"alignfull wp-elements-c549f836684188f85e65cc5f157bd5e7 wp-block-wpseopress-breadcrumbs\"><nav  aria-label=\"breadcrumb\"><ol class=\"breadcrumb\" itemscope itemtype=\"https:\/\/schema.org\/BreadcrumbList\"><li class=\"breadcrumb-item active\" aria-current=\"page\" itemprop=\"itemListElement\" itemscope itemtype=\"https:\/\/schema.org\/ListItem\"><span itemprop=\"name\">Camping \u00e0 La Tremblade<\/span><meta itemprop=\"position\" content=\"1\"><\/li><\/ol><\/nav><\/div>\n<div style=\"height:var(--wp--preset--spacing--xxxl)\" aria-hidden=\"true\" class=\"wp-block-spacer\"><\/div>\n\n<div class=\"wp-block-group alignfull has-global-padding is-layout-constrained wp-container-core-group-is-layout-076db290 wp-block-group-is-layout-constrained\" style=\"margin-top:0;padding-top:0;padding-right:var(--wp--preset--spacing--l);padding-bottom:0;padding-left:var(--wp--preset--spacing--l)\">\n<div class=\"wp-block-group has-global-padding is-layout-constrained wp-container-core-group-is-layout-6d08aa83 wp-block-group-is-layout-constrained\" style=\"margin-top:0;margin-bottom:0;padding-top:0;padding-right:0;padding-bottom:0;padding-left:0\">\n<figure class=\"wp-block-image aligncenter size-large is-resized\"><img alt=\"Bonbon ray\u00e9 rose et blanc.\" decoding=\"async\" width=\"1024\" height=\"916\" src=\"https:\/\/www.camping-la-clairiere.com\/wp-content\/uploads\/2026\/04\/4af274f244d018dbb3c8e8a148bcd064e4a2990b-1024x916.png\" alt=\"\" class=\"wp-image-451\" style=\"width:50px\"\/><\/figure>\n<\/div>\n\n\n\n<div class=\"wp-block-group has-global-padding is-layout-constrained wp-container-core-group-is-layout-72d38984 wp-block-group-is-layout-constrained\" style=\"margin-top:0;margin-bottom:0;padding-top:0;padding-right:0;padding-bottom:0;padding-left:0\">\n<h1 class=\"wp-block-heading has-text-align-center is-style-top-title is-style-top-title--1\" style=\"margin-bottom:0\">4-Sterne-Campingplatz in La Tremblade<\/h1>\n\n\n\n<p class=\"has-text-align-center is-style-title-below is-style-title-below--2\" style=\"padding-bottom:0\">Ein geselliger Urlaub an der frischen Luft<\/p>\n\n\n\n<div class=\"wp-block-group has-global-padding is-layout-constrained wp-block-group-is-layout-constrained\">\n<p class=\"has-text-align-center\" style=\"margin-bottom:0px\"><br\/>Willkommen auf dem Campingplatz La Clairi\u00e8re, Ihrem idealen Urlaubsziel in der Charente-Maritime. Unser <strong><a href=\"https:\/\/www.camping-la-clairiere.com\/de\/\" data-type=\"page\" data-id=\"353\">Campingplatz in La Tremblade<\/a><\/strong> bietet Ihnen einen au\u00dfergew\u00f6hnlichen Rahmen, um sich zu entspannen und unvergessliche Momente mit der Familie oder Freunden zu genie\u00dfen. Entdecken Sie unsere hochwertigen Dienstleistungen, die Ihren Aufenthalt so komfortabel und angenehm wie m\u00f6glich machen.  <\/p>\n<\/div>\n<\/div>\n<\/div>\n\n<div style=\"height:var(--wp--preset--spacing--xxxl)\" aria-hidden=\"true\" class=\"wp-block-spacer\"><\/div>\n\n<div class=\"wp-block-group alignfull has-global-padding is-layout-constrained wp-container-core-group-is-layout-72d38984 wp-block-group-is-layout-constrained\" style=\"margin-top:0;margin-bottom:0;padding-top:0;padding-right:0;padding-bottom:0;padding-left:0\">\n<div class=\"wp-block-group alignfull has-global-padding is-layout-constrained wp-container-core-group-is-layout-a0ad46d7 wp-block-group-is-layout-constrained\" style=\"margin-top:0;margin-bottom:0;padding-top:0;padding-right:0;padding-bottom:0;padding-left:0\">\n<div class=\"wp-block-columns hrz-responsive-col hrz-contenus-8 is-layout-flex wp-container-core-columns-is-layout-410e660c wp-block-columns-is-layout-flex\" style=\"padding-right:0;padding-left:0\">\n<div class=\"wp-block-column is-vertically-aligned-bottom fade has-global-padding is-content-justification-right is-layout-constrained wp-container-core-column-is-layout-85763710 wp-block-column-is-layout-constrained\" style=\"flex-basis:50%\">\n<div class=\"wp-block-group has-global-padding is-content-justification-right is-layout-constrained wp-container-core-group-is-layout-76cbeed5 wp-block-group-is-layout-constrained\">\n<div class=\"wp-block-group is-layout-flow wp-container-core-group-is-layout-a77db08e wp-block-group-is-layout-flow\">\n<div class=\"wp-block-group is-vertical is-content-justification-right is-layout-flex wp-container-core-group-is-layout-c0d519fa wp-block-group-is-layout-flex\">\n<figure class=\"wp-block-image size-large is-resized\"><img alt=\"Illustration d&#039;un palmier stylis\u00e9\" decoding=\"async\" width=\"666\" height=\"1024\" src=\"https:\/\/www.camping-la-clairiere.com\/wp-content\/uploads\/2026\/04\/170bcef585a64778b23fae9f4044894e36ebabca-scaled-e1775123071690-666x1024.png\" alt=\"\" class=\"wp-image-456\" style=\"width:50px\"\/><\/figure>\n\n\n\n<h2 class=\"wp-block-heading has-text-align-right is-style-top-title is-style-top-title--3\" style=\"margin-bottom:0\">4-Sterne-Campingplatz mit Service in La Tremblade in der Charente-Maritime<\/h2>\n\n\n\n<p class=\"has-text-align-right is-style-title-below is-style-title-below--4\" style=\"padding-bottom:0\">Komfort, Freizeit und Entspannung an einem Ort<\/p>\n<\/div>\n<\/div>\n\n\n\n<div class=\"wp-block-group is-layout-flow wp-block-group-is-layout-flow\">\n<p class=\"has-text-align-right\">Auf Camping La Clairi\u00e8re ist es uns wichtig, Ihnen ein Campingerlebnis zu bieten, das Komfort und Freundlichkeit miteinander verbindet. Unsere modernen und gut gepflegten Einrichtungen sind so konzipiert, dass sie alle Ihre Bed\u00fcrfnisse erf\u00fcllen. Ob Sie nun ein Liebhaber des traditionellen Campings sind oder den Komfort eines Mobilheims bevorzugen, wir haben das Richtige f\u00fcr Sie.  <\/p>\n\n\n\n<p class=\"has-text-align-right\">Unsere ger\u00e4umigen und schattigen Stellpl\u00e4tze sind ideal, um Ihr Zelt aufzustellen oder Ihren Wohnwagen zu parken. Wenn Sie sich f\u00fcr ein Mobilheim entscheiden, werden Sie die funktionale Einrichtung und die private Terrasse zu sch\u00e4tzen wissen, die ideal ist, um die lauen Sommerabende zu genie\u00dfen. F\u00fcr Glamping-Liebhaber bieten unsere ungew\u00f6hnlichen Unterk\u00fcnfte ein einzigartiges Erlebnis inmitten der Natur.  <\/p>\n<\/div>\n<\/div>\n\n\n\n<figure data-wp-context=\"{&quot;imageId&quot;:&quot;69d81ee63daab&quot;}\" data-wp-interactive=\"core\/image\" data-wp-key=\"69d81ee63daab\" class=\"wp-block-image size-full is-style-rounded is-style-rounded--5 wp-lightbox-container\"><img alt=\"Jardin ensoleill\u00e9 avec arbres et pelouse verte\" decoding=\"async\" width=\"1920\" height=\"2560\" data-wp-class--hide=\"state.isContentHidden\" data-wp-class--show=\"state.isContentVisible\" data-wp-init=\"callbacks.setButtonStyles\" data-wp-on--click=\"actions.showLightbox\" data-wp-on--load=\"callbacks.setButtonStyles\" data-wp-on-window--resize=\"callbacks.setButtonStyles\" src=\"https:\/\/www.camping-la-clairiere.com\/wp-content\/uploads\/2026\/04\/emplacements-nus-camping-la-clairiere-charente-maritimes-09-scaled.webp\" alt=\"\" class=\"wp-image-597\" srcset=\"https:\/\/www.camping-la-clairiere.com\/wp-content\/uploads\/2026\/04\/emplacements-nus-camping-la-clairiere-charente-maritimes-09-scaled.webp 1920w, https:\/\/www.camping-la-clairiere.com\/wp-content\/uploads\/2026\/04\/emplacements-nus-camping-la-clairiere-charente-maritimes-09-225x300.webp 225w, https:\/\/www.camping-la-clairiere.com\/wp-content\/uploads\/2026\/04\/emplacements-nus-camping-la-clairiere-charente-maritimes-09-768x1024.webp 768w, https:\/\/www.camping-la-clairiere.com\/wp-content\/uploads\/2026\/04\/emplacements-nus-camping-la-clairiere-charente-maritimes-09-600x800.webp 600w, https:\/\/www.camping-la-clairiere.com\/wp-content\/uploads\/2026\/04\/emplacements-nus-camping-la-clairiere-charente-maritimes-09-375x500.webp 375w, https:\/\/www.camping-la-clairiere.com\/wp-content\/uploads\/2026\/04\/emplacements-nus-camping-la-clairiere-charente-maritimes-09-133x177.webp 133w\" sizes=\"(max-width: 1920px) 100vw, 1920px\" \/><button\n\t\t\tclass=\"lightbox-trigger\"\n\t\t\ttype=\"button\"\n\t\t\taria-haspopup=\"dialog\"\n\t\t\taria-label=\"Enlarge\"\n\t\t\tdata-wp-init=\"callbacks.initTriggerButton\"\n\t\t\tdata-wp-on--click=\"actions.showLightbox\"\n\t\t\tdata-wp-style--right=\"state.imageButtonRight\"\n\t\t\tdata-wp-style--top=\"state.imageButtonTop\"\n\t\t>\n\t\t\t<svg xmlns=\"http:\/\/www.w3.org\/2000\/svg\" width=\"12\" height=\"12\" fill=\"none\" viewBox=\"0 0 12 12\">\n\t\t\t\t<path fill=\"#fff\" d=\"M2 0a2 2 0 0 0-2 2v2h1.5V2a.5.5 0 0 1 .5-.5h2V0H2Zm2 10.5H2a.5.5 0 0 1-.5-.5V8H0v2a2 2 0 0 0 2 2h2v-1.5ZM8 12v-1.5h2a.5.5 0 0 0 .5-.5V8H12v2a2 2 0 0 1-2 2H8Zm2-12a2 2 0 0 1 2 2v2h-1.5V2a.5.5 0 0 0-.5-.5H8V0h2Z\" \/>\n\t\t\t<\/svg>\n\t\t<\/button><\/figure>\n<\/div>\n\n\n\n<div class=\"wp-block-column is-vertically-aligned-bottom anim-speed-m has-global-padding is-content-justification-left is-layout-constrained wp-container-core-column-is-layout-9f6ff739 wp-block-column-is-layout-constrained\" style=\"padding-bottom:0\">\n<div class=\"wp-block-group overflow-hidden has-global-padding is-layout-constrained wp-block-group-is-layout-constrained\" style=\"border-top-left-radius:25px;border-top-right-radius:25px;border-bottom-left-radius:25px;border-bottom-right-radius:25px\">\n<figure class=\"wp-block-image size-3\/4_600x800_desktop is-style-rounded is-style-rounded--6\"><img alt=\"Salon lumineux avec table, chaises et ext\u00e9rieur.\" decoding=\"async\" width=\"600\" height=\"800\" src=\"https:\/\/www.camping-la-clairiere.com\/wp-content\/uploads\/2026\/04\/cottages-lagon-camping-la-clairiere-charente-maritimes-02-600x800.webp\" alt=\"\" class=\"wp-image-596\" style=\"aspect-ratio:3\/4;object-fit:cover\" srcset=\"https:\/\/www.camping-la-clairiere.com\/wp-content\/uploads\/2026\/04\/cottages-lagon-camping-la-clairiere-charente-maritimes-02-600x800.webp 600w, https:\/\/www.camping-la-clairiere.com\/wp-content\/uploads\/2026\/04\/cottages-lagon-camping-la-clairiere-charente-maritimes-02-375x500.webp 375w, https:\/\/www.camping-la-clairiere.com\/wp-content\/uploads\/2026\/04\/cottages-lagon-camping-la-clairiere-charente-maritimes-02-133x177.webp 133w\" sizes=\"(max-width: 600px) 100vw, 600px\" \/><\/figure>\n<\/div>\n\n\n\n<p>Der Campingplatz verf\u00fcgt \u00fcber einen beheizten Swimmingpool, in dem sich Gro\u00df und Klein erfrischen und am\u00fcsieren k\u00f6nnen. Sportbegeisterte werden sich auf dem Sportplatz wohlf\u00fchlen und die Kinder k\u00f6nnen sich auf dem Spielplatz austoben. Am Abend bietet unser Animationsteam ein abwechslungsreiches Programm f\u00fcr die ganze Familie, von Shows bis hin zu Tanzabenden.  <\/p>\n<\/div>\n<\/div>\n<\/div>\n\n\n\n<div style=\"height:209px\" aria-hidden=\"true\" class=\"wp-block-spacer\"><\/div>\n<\/div>\n\n<div class=\"wp-block-group alignfull has-global-padding is-layout-constrained wp-container-core-group-is-layout-a3a765d0 wp-block-group-is-layout-constrained\" style=\"margin-top:0;padding-top:0;padding-right:0;padding-bottom:0;padding-left:0\">\n<div class=\"wp-block-group alignfull has-global-padding is-layout-constrained wp-container-core-group-is-layout-12243e0f wp-block-group-is-layout-constrained\">\n<div class=\"wp-block-columns are-vertically-aligned-center hrz-responsive-col hrz-reponsive-order is-layout-flex wp-container-core-columns-is-layout-99de5ce1 wp-block-columns-is-layout-flex\" style=\"margin-top:0;margin-bottom:0;padding-top:0;padding-right:0;padding-bottom:0;padding-left:0\">\n<div class=\"wp-block-column is-vertically-aligned-center fade has-global-padding is-layout-constrained wp-container-core-column-is-layout-e64fcb25 wp-block-column-is-layout-constrained\" style=\"padding-right:var(--wp--preset--spacing--m);padding-left:var(--wp--preset--spacing--m);flex-basis:50%\">\n<div class=\"wp-block-group has-global-padding is-layout-constrained wp-container-core-group-is-layout-c05bf992 wp-block-group-is-layout-constrained\" style=\"margin-top:0;margin-bottom:0;padding-top:40px\">\n<div class=\"wp-block-group is-layout-flow wp-container-core-group-is-layout-a77db08e wp-block-group-is-layout-flow\">\n<figure class=\"wp-block-image size-large is-resized\"><img alt=\"Ic\u00f4ne feuille verte stylis\u00e9e sur tronc marron.\" decoding=\"async\" width=\"666\" height=\"1024\" src=\"https:\/\/www.camping-la-clairiere.com\/wp-content\/uploads\/2026\/04\/170bcef585a64778b23fae9f4044894e36ebabca-1-666x1024.png\" alt=\"\" class=\"wp-image-452\" style=\"width:50px\"\/><\/figure>\n\n\n\n<h2 class=\"wp-block-heading has-text-align-left is-style-top-title has-real-white-color has-text-color has-link-color wp-elements-a51df712da83a9c4b9668004e66911c2 is-style-top-title--7\" style=\"margin-bottom:0\">Dienstleistungen der Rezeption<\/h2>\n\n\n\n<p class=\"has-text-align-left is-style-title-below has-real-white-color has-text-color has-link-color wp-elements-011a0e3578df002c8b487750304e2bf3 is-style-title-below--8\" style=\"padding-bottom:0\">N\u00fctzliche Dienste f\u00fcr einen sorgenfreien Urlaub<\/p>\n<\/div>\n\n\n\n<p>Die Rezeption des Campingplatzes La Clairi\u00e8re ist das Herzst\u00fcck unseres herzlichen Empfangs. Unser Team steht Ihnen zur Verf\u00fcgung, um Sie zu informieren und Ihnen zu helfen, Ihren Tag zu organisieren. Ob Sie touristische Informationen ben\u00f6tigen, eine Aktivit\u00e4t buchen m\u00f6chten oder einfach nur Tipps f\u00fcr die besten Sehensw\u00fcrdigkeiten in der Umgebung brauchen, wir sind f\u00fcr Sie da.  <br\/><br\/>Wir bieten auch einen Fahrradverleih an, der ideal ist, um die Radwege in der Region zu erkunden. F\u00fcr Ihren Komfort gibt es einen gut sortierten Lebensmittelladen, in dem Sie frische und lokale Produkte kaufen k\u00f6nnen. Unsere Snackbar empf\u00e4ngt Sie den ganzen Tag \u00fcber mit einer abwechslungsreichen Speisekarte, die Gro\u00df und Klein begeistern wird.  <br\/><br\/>Um in Verbindung zu bleiben, bietet Ihnen der Campingplatz einen kostenpflichtigen WI-FI-Zugang, der jederzeit direkt von Ihrem Smartphone aus zug\u00e4nglich ist (im Preis der Cottages Premium inbegriffen). Und f\u00fcr diejenigen, die mit leichtem Gep\u00e4ck reisen m\u00f6chten, bieten wir den Verleih von Bettw\u00e4sche und Campingausr\u00fcstung an. Unser W\u00e4scheservice erm\u00f6glicht es Ihnen, Ihren Aufenthalt in vollen Z\u00fcgen zu genie\u00dfen, ohne sich um die W\u00e4sche k\u00fcmmern zu m\u00fcssen.<br\/><br\/>Wenn Sie sich f\u00fcr den Campingplatz La Clairi\u00e8re entscheiden, entscheiden Sie sich f\u00fcr einen Aufenthalt, bei dem alles auf Ihren Komfort und Ihr Vergn\u00fcgen ausgerichtet ist. Unser engagiertes Team und unsere qualitativ hochwertigen Dienstleistungen garantieren Ihnen einen gelungenen Urlaub in einer nat\u00fcrlichen und einladenden Umgebung. Warten Sie nicht l\u00e4nger, sondern buchen Sie Ihren Aufenthalt und entdecken Sie, was unser Campingplatz zu bieten hat.  <\/p>\n<\/div>\n<\/div>\n\n\n\n<div class=\"wp-block-column is-vertically-aligned-center from-right is-layout-flow wp-block-column-is-layout-flow\" style=\"flex-basis:50%\">\n<figure data-wp-context=\"{&quot;imageId&quot;:&quot;69d81ee6429e3&quot;}\" data-wp-interactive=\"core\/image\" data-wp-key=\"69d81ee6429e3\" class=\"wp-block-image size-1\/1_1000x1000_desktop is-style-rounded is-style-rounded--9 wp-lightbox-container\" style=\"margin-top:var(--wp--preset--spacing--m);margin-bottom:var(--wp--preset--spacing--m)\"><img alt=\"Accueil de La Clairi\u00e8re Beach avec brochures touristiques.\" decoding=\"async\" width=\"1000\" height=\"1000\" data-wp-class--hide=\"state.isContentHidden\" data-wp-class--show=\"state.isContentVisible\" data-wp-init=\"callbacks.setButtonStyles\" data-wp-on--click=\"actions.showLightbox\" data-wp-on--load=\"callbacks.setButtonStyles\" data-wp-on-window--resize=\"callbacks.setButtonStyles\" src=\"https:\/\/www.camping-la-clairiere.com\/wp-content\/uploads\/2026\/04\/reception-camping-la-clairiere-charente-maritimes-01-1000x1000.webp\" alt=\"\" class=\"wp-image-594\" style=\"aspect-ratio:1;object-fit:cover\" srcset=\"https:\/\/www.camping-la-clairiere.com\/wp-content\/uploads\/2026\/04\/reception-camping-la-clairiere-charente-maritimes-01-1000x1000.webp 1000w, https:\/\/www.camping-la-clairiere.com\/wp-content\/uploads\/2026\/04\/reception-camping-la-clairiere-charente-maritimes-01-150x150.webp 150w, https:\/\/www.camping-la-clairiere.com\/wp-content\/uploads\/2026\/04\/reception-camping-la-clairiere-charente-maritimes-01-600x600.webp 600w, https:\/\/www.camping-la-clairiere.com\/wp-content\/uploads\/2026\/04\/reception-camping-la-clairiere-charente-maritimes-01-400x400.webp 400w, https:\/\/www.camping-la-clairiere.com\/wp-content\/uploads\/2026\/04\/reception-camping-la-clairiere-charente-maritimes-01-200x200.webp 200w, https:\/\/www.camping-la-clairiere.com\/wp-content\/uploads\/2026\/04\/reception-camping-la-clairiere-charente-maritimes-01-100x100.webp 100w\" sizes=\"(max-width: 1000px) 100vw, 1000px\" \/><button\n\t\t\tclass=\"lightbox-trigger\"\n\t\t\ttype=\"button\"\n\t\t\taria-haspopup=\"dialog\"\n\t\t\taria-label=\"Enlarge\"\n\t\t\tdata-wp-init=\"callbacks.initTriggerButton\"\n\t\t\tdata-wp-on--click=\"actions.showLightbox\"\n\t\t\tdata-wp-style--right=\"state.imageButtonRight\"\n\t\t\tdata-wp-style--top=\"state.imageButtonTop\"\n\t\t>\n\t\t\t<svg xmlns=\"http:\/\/www.w3.org\/2000\/svg\" width=\"12\" height=\"12\" fill=\"none\" viewBox=\"0 0 12 12\">\n\t\t\t\t<path fill=\"#fff\" d=\"M2 0a2 2 0 0 0-2 2v2h1.5V2a.5.5 0 0 1 .5-.5h2V0H2Zm2 10.5H2a.5.5 0 0 1-.5-.5V8H0v2a2 2 0 0 0 2 2h2v-1.5ZM8 12v-1.5h2a.5.5 0 0 0 .5-.5V8H12v2a2 2 0 0 1-2 2H8Zm2-12a2 2 0 0 1 2 2v2h-1.5V2a.5.5 0 0 0-.5-.5H8V0h2Z\" \/>\n\t\t\t<\/svg>\n\t\t<\/button><\/figure>\n<\/div>\n<\/div>\n<\/div>\n<\/div>\n\n<div style=\"height:10rem\" aria-hidden=\"true\" class=\"wp-block-spacer\"><\/div>\n","protected":false},"excerpt":{"rendered":"<p>4-Sterne-Campingplatz in La Tremblade Ein geselliger Urlaub an der frischen Luft Willkommen auf dem Campingplatz La Clairi\u00e8re, Ihrem idealen Urlaubsziel in der Charente-Maritime. Unser Campingplatz in La Tremblade bietet Ihnen einen au\u00dfergew\u00f6hnlichen Rahmen, um sich zu entspannen und unvergessliche Momente mit der Familie oder Freunden zu genie\u00dfen. Entdecken Sie unsere hochwertigen Dienstleistungen, die Ihren Aufenthalt [&hellip;]<\/p>\n","protected":false},"author":1,"featured_media":0,"parent":0,"menu_order":0,"comment_status":"closed","ping_status":"closed","template":"page-full-width","meta":{"_acf_changed":false,"_seopress_robots_primary_cat":"","_seopress_titles_title":"4-Sterne-Campingplatz La Tremblade | Campingplatz mit Schwimmbad und Mobilheim in Charente-Maritime","_seopress_titles_desc":"Verbringen Sie einen Traumurlaub auf einem 4-Sterne-Campingplatz in La Tremblade mit erstklassigen Leistungen in einer au\u00dfergew\u00f6hnlichen Umgebung am Meer in der Charente-Maritime.","_seopress_robots_index":"","footnotes":""},"class_list":["post-2181","page","type-page","status-publish","hentry"],"acf":[],"_links":{"self":[{"href":"https:\/\/www.camping-la-clairiere.com\/de\/wp-json\/wp\/v2\/pages\/2181","targetHints":{"allow":["GET"]}}],"collection":[{"href":"https:\/\/www.camping-la-clairiere.com\/de\/wp-json\/wp\/v2\/pages"}],"about":[{"href":"https:\/\/www.camping-la-clairiere.com\/de\/wp-json\/wp\/v2\/types\/page"}],"author":[{"embeddable":true,"href":"https:\/\/www.camping-la-clairiere.com\/de\/wp-json\/wp\/v2\/users\/1"}],"replies":[{"embeddable":true,"href":"https:\/\/www.camping-la-clairiere.com\/de\/wp-json\/wp\/v2\/comments?post=2181"}],"version-history":[{"count":3,"href":"https:\/\/www.camping-la-clairiere.com\/de\/wp-json\/wp\/v2\/pages\/2181\/revisions"}],"predecessor-version":[{"id":2400,"href":"https:\/\/www.camping-la-clairiere.com\/de\/wp-json\/wp\/v2\/pages\/2181\/revisions\/2400"}],"wp:attachment":[{"href":"https:\/\/www.camping-la-clairiere.com\/de\/wp-json\/wp\/v2\/media?parent=2181"}],"curies":[{"name":"wp","href":"https:\/\/api.w.org\/{rel}","templated":true}]}}