{"id":2086,"date":"2026-04-07T14:12:01","date_gmt":"2026-04-07T12:12:01","guid":{"rendered":"https:\/\/www.camping-la-clairiere.com\/werden-sie-einwohner\/"},"modified":"2026-04-08T17:53:46","modified_gmt":"2026-04-08T15:53:46","slug":"werden-sie-einwohner","status":"publish","type":"page","link":"https:\/\/www.camping-la-clairiere.com\/de\/werden-sie-einwohner\/","title":{"rendered":"Werden Sie Einwohner"},"content":{"rendered":"\n<div class=\"wp-block-group alignfull is-layout-flow wp-block-group-is-layout-flow\" style=\"margin-top:0;margin-bottom:0;padding-top:0;padding-right:0;padding-bottom:0;padding-left:0\">\n<div class=\"wp-block-group is-layout-flow wp-block-group-is-layout-flow\">\n<div class=\"wp-block-cover alignfull has-custom-content-position is-position-bottom-center\" style=\"padding-top:0;padding-right:0;padding-bottom:0;padding-left:0;min-height:100vh;aspect-ratio:unset;\"><img alt=\"Mobil-home avec terrasse dans un camping ombrag\u00e9.\" decoding=\"async\" width=\"2560\" height=\"1440\" class=\"wp-block-cover__image-background wp-image-742 size-16\/9_2560x1440_desktop\" alt=\"\" src=\"https:\/\/www.camping-la-clairiere.com\/wp-content\/uploads\/2026\/04\/hebergements-camping-la-clairiere-charente-maritimes-03-2560x1440.webp\" data-object-fit=\"cover\" srcset=\"https:\/\/www.camping-la-clairiere.com\/wp-content\/uploads\/2026\/04\/hebergements-camping-la-clairiere-charente-maritimes-03-2560x1440.webp 2560w, https:\/\/www.camping-la-clairiere.com\/wp-content\/uploads\/2026\/04\/hebergements-camping-la-clairiere-charente-maritimes-03-1920x1080.webp 1920w, https:\/\/www.camping-la-clairiere.com\/wp-content\/uploads\/2026\/04\/hebergements-camping-la-clairiere-charente-maritimes-03-1440x810.webp 1440w, https:\/\/www.camping-la-clairiere.com\/wp-content\/uploads\/2026\/04\/hebergements-camping-la-clairiere-charente-maritimes-03-1366x768.webp 1366w, https:\/\/www.camping-la-clairiere.com\/wp-content\/uploads\/2026\/04\/hebergements-camping-la-clairiere-charente-maritimes-03-1024x576.webp 1024w, https:\/\/www.camping-la-clairiere.com\/wp-content\/uploads\/2026\/04\/hebergements-camping-la-clairiere-charente-maritimes-03-800x450.webp 800w, https:\/\/www.camping-la-clairiere.com\/wp-content\/uploads\/2026\/04\/hebergements-camping-la-clairiere-charente-maritimes-03-640x360.webp 640w, https:\/\/www.camping-la-clairiere.com\/wp-content\/uploads\/2026\/04\/hebergements-camping-la-clairiere-charente-maritimes-03-375x210.webp 375w, https:\/\/www.camping-la-clairiere.com\/wp-content\/uploads\/2026\/04\/hebergements-camping-la-clairiere-charente-maritimes-03-200x112.webp 200w, https:\/\/www.camping-la-clairiere.com\/wp-content\/uploads\/2026\/04\/hebergements-camping-la-clairiere-charente-maritimes-03-100x56.webp 100w\" sizes=\"(max-width: 2560px) 100vw, 2560px\" \/><span aria-hidden=\"true\" class=\"wp-block-cover__background has-transparent-background-color has-background-dim-100 has-background-dim\"><\/span><div class=\"wp-block-cover__inner-container is-layout-flow wp-block-cover-is-layout-flow\">\n<div class=\"wp-block-group has-secondary-gradient-gradient-background has-background has-global-padding is-layout-constrained wp-block-group-is-layout-constrained\">\n<div style=\"height:15vh\" aria-hidden=\"true\" class=\"wp-block-spacer\"><\/div>\n<\/div>\n<\/div><\/div>\n<\/div>\n<\/div>\n<div style=\"padding-top:10px;padding-left:10px;\" class=\"alignfull wp-elements-c549f836684188f85e65cc5f157bd5e7 wp-block-wpseopress-breadcrumbs\"><nav  aria-label=\"breadcrumb\"><ol class=\"breadcrumb\" itemscope itemtype=\"https:\/\/schema.org\/BreadcrumbList\"><li class=\"breadcrumb-item active\" aria-current=\"page\" itemprop=\"itemListElement\" itemscope itemtype=\"https:\/\/schema.org\/ListItem\"><span itemprop=\"name\">Camping \u00e0 La Tremblade<\/span><meta itemprop=\"position\" content=\"1\"><\/li><\/ol><\/nav><\/div>\n<div style=\"height:var(--wp--preset--spacing--xxxl)\" aria-hidden=\"true\" class=\"wp-block-spacer\"><\/div>\n\n<div class=\"wp-block-group alignfull has-global-padding is-layout-constrained wp-container-core-group-is-layout-076db290 wp-block-group-is-layout-constrained\" style=\"margin-top:0;padding-top:0;padding-right:var(--wp--preset--spacing--l);padding-bottom:0;padding-left:var(--wp--preset--spacing--l)\">\n<div class=\"wp-block-group has-global-padding is-layout-constrained wp-container-core-group-is-layout-6d08aa83 wp-block-group-is-layout-constrained\" style=\"margin-top:0;margin-bottom:0;padding-top:0;padding-right:0;padding-bottom:0;padding-left:0\">\n<figure class=\"wp-block-image aligncenter size-large is-resized\"><img alt=\"Bonbon ray\u00e9 rose et blanc.\" decoding=\"async\" width=\"1024\" height=\"916\" src=\"https:\/\/www.camping-la-clairiere.com\/wp-content\/uploads\/2026\/04\/4af274f244d018dbb3c8e8a148bcd064e4a2990b-1024x916.png\" alt=\"\" class=\"wp-image-451\" style=\"width:50px\"\/><\/figure>\n<\/div>\n\n\n\n<div class=\"wp-block-group has-global-padding is-layout-constrained wp-container-core-group-is-layout-b2c8f158 wp-block-group-is-layout-constrained\" style=\"margin-top:0;margin-bottom:0;padding-top:0;padding-right:0;padding-left:0\">\n<h1 class=\"wp-block-heading has-text-align-center is-style-top-title is-style-top-title--1\" style=\"margin-bottom:0\">Werden Sie Bewohner und nutzen Sie den Campingplatz w\u00e4hrend der gesamten Saison.<\/h1>\n\n\n\n<p class=\"has-text-align-center is-style-title-below is-style-title-below--2\" style=\"padding-bottom:0\">Eine praktische Formel, mit der Sie jederzeit zur\u00fcckkehren k\u00f6nnen.<\/p>\n\n\n\n<div class=\"wp-block-group has-global-padding is-layout-constrained wp-block-group-is-layout-constrained\">\n<p class=\"has-text-align-center\" style=\"margin-bottom:0px\"><br\/>Unser <strong><a href=\"https:\/\/www.camping-la-clairiere.com\/de\/\" data-type=\"page\" data-id=\"353\">Campingplatz in La Tremblade<\/a><\/strong> empf\u00e4ngt seit vielen Jahren seine <strong>G\u00e4ste<\/strong> in einer angenehmen und freundlichen Umgebung. Sie mieten einen <strong>Jahresplatz von ca. 130 m\u00b2<\/strong> und genie\u00dfen Ihren Aufenthalt vom <strong>15. April bis zum 30. September<\/strong>. Sie k\u00f6nnen auch Ihre <strong>Familie<\/strong> und <strong>Freunde<\/strong> gegen eine Geb\u00fchr pro <strong>Nacht<\/strong> oder pro <strong>Tag<\/strong> empfangen. Und da der Urlaub auch mit <strong>Tieren<\/strong> verbracht werden sollte, sind auch Ihre <strong>Haustiere willkommen<\/strong>. Eine sch\u00f6ne Art und Weise, Saison f\u00fcr Saison ein pied-\u00e0-terre auf dem Campingplatz zu genie\u00dfen.    <\/p>\n<\/div>\n<\/div>\n<\/div>\n\n<div style=\"height:var(--wp--preset--spacing--xxxxxl)\" aria-hidden=\"true\" class=\"wp-block-spacer\"><\/div>\n","protected":false},"excerpt":{"rendered":"<p>Werden Sie Bewohner und nutzen Sie den Campingplatz w\u00e4hrend der gesamten Saison. Eine praktische Formel, mit der Sie jederzeit zur\u00fcckkehren k\u00f6nnen. Unser Campingplatz in La Tremblade empf\u00e4ngt seit vielen Jahren seine G\u00e4ste in einer angenehmen und freundlichen Umgebung. Sie mieten einen Jahresplatz von ca. 130 m\u00b2 und genie\u00dfen Ihren Aufenthalt vom 15. April bis zum [&hellip;]<\/p>\n","protected":false},"author":1,"featured_media":0,"parent":0,"menu_order":0,"comment_status":"closed","ping_status":"closed","template":"page-full-width","meta":{"_acf_changed":false,"_seopress_robots_primary_cat":"","_seopress_titles_title":"Resident werden auf dem Campingplatz La Tremblade | Mieten Sie einen Stellplatz f\u00fcr das ganze Jahr","_seopress_titles_desc":"Der Campingplatz empf\u00e4ngt seine G\u00e4ste seit vielen Jahren in einer angenehmen und freundlichen Umgebung. Sie mieten einen Jahresplatz von ca. 130 m\u00b2 und nutzen Ihren Wohnsitz vom 15. April bis zum 30. September. ","_seopress_robots_index":"","footnotes":""},"class_list":["post-2086","page","type-page","status-publish","hentry"],"acf":[],"_links":{"self":[{"href":"https:\/\/www.camping-la-clairiere.com\/de\/wp-json\/wp\/v2\/pages\/2086","targetHints":{"allow":["GET"]}}],"collection":[{"href":"https:\/\/www.camping-la-clairiere.com\/de\/wp-json\/wp\/v2\/pages"}],"about":[{"href":"https:\/\/www.camping-la-clairiere.com\/de\/wp-json\/wp\/v2\/types\/page"}],"author":[{"embeddable":true,"href":"https:\/\/www.camping-la-clairiere.com\/de\/wp-json\/wp\/v2\/users\/1"}],"replies":[{"embeddable":true,"href":"https:\/\/www.camping-la-clairiere.com\/de\/wp-json\/wp\/v2\/comments?post=2086"}],"version-history":[{"count":1,"href":"https:\/\/www.camping-la-clairiere.com\/de\/wp-json\/wp\/v2\/pages\/2086\/revisions"}],"predecessor-version":[{"id":2087,"href":"https:\/\/www.camping-la-clairiere.com\/de\/wp-json\/wp\/v2\/pages\/2086\/revisions\/2087"}],"wp:attachment":[{"href":"https:\/\/www.camping-la-clairiere.com\/de\/wp-json\/wp\/v2\/media?parent=2086"}],"curies":[{"name":"wp","href":"https:\/\/api.w.org\/{rel}","templated":true}]}}