{"id":2082,"date":"2026-03-30T18:17:34","date_gmt":"2026-03-30T16:17:34","guid":{"rendered":"https:\/\/www.camping-la-clairiere.com\/datenschutzbestimmungen\/"},"modified":"2026-04-09T09:11:12","modified_gmt":"2026-04-09T07:11:12","slug":"datenschutzbestimmungen","status":"publish","type":"page","link":"https:\/\/www.camping-la-clairiere.com\/de\/datenschutzbestimmungen\/","title":{"rendered":"Datenschutzbestimmungen"},"content":{"rendered":"\n<div class=\"wp-block-group alignfull is-layout-flow wp-block-group-is-layout-flow\" style=\"margin-top:0;margin-bottom:0;padding-top:0;padding-right:0;padding-bottom:0;padding-left:0\">\n<div class=\"wp-block-group is-layout-flow wp-block-group-is-layout-flow\">\n<div class=\"wp-block-cover alignfull has-custom-content-position is-position-bottom-center\" style=\"padding-top:0;padding-right:0;padding-bottom:0;padding-left:0;min-height:100vh;aspect-ratio:unset;\"><img alt=\"Camping avec tentes et arbres en for\u00eat.\" decoding=\"async\" class=\"wp-block-cover__image-background wp-image-789 size-16\/9_2560x1440_desktop\" alt=\"\" src=\"https:\/\/www.camping-helios.com\/wp-content\/uploads\/2026\/02\/header-camping-helios-vias-plage-herault_03-2560x1440.webp\" data-object-fit=\"cover\"\/><span aria-hidden=\"true\" class=\"wp-block-cover__background has-transparent-background-color has-background-dim-100 has-background-dim\"><\/span><div class=\"wp-block-cover__inner-container is-layout-flow wp-block-cover-is-layout-flow\">\n<div class=\"wp-block-group has-secondary-gradient-gradient-background has-background has-global-padding is-layout-constrained wp-block-group-is-layout-constrained\">\n<div style=\"height:15vh\" aria-hidden=\"true\" class=\"wp-block-spacer\"><\/div>\n<\/div>\n<\/div><\/div>\n<\/div>\n<\/div>\n<div style=\"padding-top:10px;padding-left:10px;\" class=\"alignfull wp-elements-c549f836684188f85e65cc5f157bd5e7 wp-block-wpseopress-breadcrumbs\"><nav  aria-label=\"breadcrumb\"><ol class=\"breadcrumb\" itemscope itemtype=\"https:\/\/schema.org\/BreadcrumbList\"><li class=\"breadcrumb-item active\" aria-current=\"page\" itemprop=\"itemListElement\" itemscope itemtype=\"https:\/\/schema.org\/ListItem\"><span itemprop=\"name\">Camping \u00e0 La Tremblade<\/span><meta itemprop=\"position\" content=\"1\"><\/li><\/ol><\/nav><\/div>\n<div style=\"height:100px\" aria-hidden=\"true\" class=\"wp-block-spacer\"><\/div>\n\n<div class=\"wp-block-group alignfull has-global-padding is-layout-constrained wp-container-core-group-is-layout-09e5ca7d wp-block-group-is-layout-constrained\" style=\"margin-top:0;padding-right:var(--wp--preset--spacing--l);padding-left:var(--wp--preset--spacing--l)\">\n<div class=\"wp-block-group has-global-padding is-layout-constrained wp-container-core-group-is-layout-6d08aa83 wp-block-group-is-layout-constrained\" style=\"margin-top:0;margin-bottom:0;padding-top:0;padding-right:0;padding-bottom:0;padding-left:0\">\n<figure class=\"wp-block-image aligncenter size-large is-resized\"><img alt=\"Bonbon ray\u00e9 rose et blanc.\" decoding=\"async\" width=\"1024\" height=\"916\" src=\"https:\/\/www.camping-la-clairiere.com\/wp-content\/uploads\/2026\/04\/4af274f244d018dbb3c8e8a148bcd064e4a2990b-1024x916.png\" alt=\"\" class=\"wp-image-451\" style=\"width:50px\"\/><\/figure>\n<\/div>\n\n\n\n<div class=\"wp-block-group has-global-padding is-layout-constrained wp-block-group-is-layout-constrained\">\n<h1 class=\"wp-block-heading has-text-align-center is-style-top-title is-style-top-title--1\"><strong>Datenschutzbestimmungen<\/strong><br\/><\/h1>\n\n\n\n<p class=\"has-text-align-center\">Lesen Sie hier die Datenschutzbestimmungen unseres Campingplatzes La Clairi\u00e8re in La Tremblade.<\/p>\n<\/div>\n<\/div>\n\n<div style=\"height:100px\" aria-hidden=\"true\" class=\"wp-block-spacer\"><\/div>\n\n<div class=\"wp-block-group has-global-padding is-layout-constrained wp-container-core-group-is-layout-41c22256 wp-block-group-is-layout-constrained\" style=\"padding-right:var(--wp--preset--spacing--l);padding-left:var(--wp--preset--spacing--l)\">\n<h2 class=\"wp-block-heading\"><br\/><strong>Sammeln von Informationen<\/strong><br\/><\/h2>\n\n\n\n<p>Wir sammeln Informationen, wenn Sie auf der Website surfen, eine Bestellung aufgeben und eines der Formulare ausf\u00fcllen.<\/p>\n\n\n\n<p>Dar\u00fcber hinaus erhalten und speichern wir automatisch Informationen von Ihrem Computer und Browser, wie z.B. :<\/p>\n\n\n\n<p>IP-Adresse<\/p>\n\n\n\n<p>Art der verwendeten Hardware und des Browsers<\/p>\n\n\n\n<p>Seite(n), die Sie aufrufen<br\/><\/p>\n\n\n\n<h2 class=\"wp-block-heading\"><strong>Nutzung von Informationen<\/strong><br\/><\/h2>\n\n\n\n<p>Alle Informationen, die wir von Ihnen sammeln, k\u00f6nnen f\u00fcr folgende Zwecke verwendet werden:<\/p>\n\n\n\n<p>Personalisierung Ihrer Erfahrung und Erf\u00fcllung Ihrer individuellen Bed\u00fcrfnisse<\/p>\n\n\n\n<p>Bereitstellung von personalisierten Werbeinhalten<\/p>\n\n\n\n<p>Verbesserung unserer Website<\/p>\n\n\n\n<p>Verbesserung des Kundenservice und Ihres Betreuungsbedarfs<\/p>\n\n\n\n<p>Sie per E-Mail kontaktieren<\/p>\n\n\n\n<p>Einen Wettbewerb, eine Bef\u00f6rderung oder eine Umfrage verwalten<br\/><\/p>\n\n\n\n<h2 class=\"wp-block-heading\"><strong>Offenlegung gegen\u00fcber Dritten<\/strong><br\/><\/h2>\n\n\n\n<p>Wir verkaufen, tauschen oder \u00fcbertragen Ihre pers\u00f6nlich identifizierbaren Informationen nicht an Dritte. Dies schlie\u00dft nicht vertrauensw\u00fcrdige Dritte ein, die uns beim Betrieb unserer Website helfen, solange diese Parteien sich damit einverstanden erkl\u00e4ren, diese Informationen vertraulich zu behandeln. <\/p>\n\n\n\n<p>Nicht-private Informationen k\u00f6nnen jedoch anderen Parteien f\u00fcr Marketing, Werbung oder andere Zwecke zur Verf\u00fcgung gestellt werden.<br\/><\/p>\n\n\n\n<h2 class=\"wp-block-heading\"><strong>Schutz von Informationen<\/strong><br\/><\/h2>\n\n\n\n<p>Wir setzen eine Vielzahl von Sicherheitsma\u00dfnahmen ein, um die Sicherheit Ihrer pers\u00f6nlichen Daten zu gew\u00e4hrleisten:<\/p>\n\n\n\n<p>SSL-Protokoll<\/p>\n\n\n\n<p>Verwaltung des Zugangs durch Login\/Passwort<\/p>\n\n\n\n<p>Software zur Netzwerk\u00fcberwachung<\/p>\n\n\n\n<p>Mehrere Computer-Backups<\/p>\n\n\n\n<p>Firewall<\/p>\n\n\n\n<p>Wir sch\u00fctzen Ihre Informationen auch offline. Nur Mitarbeiter, die eine bestimmte Arbeit ausf\u00fchren m\u00fcssen (z.B. Rechnungsstellung oder Kundenservice), haben Zugang zu pers\u00f6nlich identifizierbaren Informationen. Die Computer und Server, die zur Speicherung von personenbezogenen Daten verwendet werden, werden in einer sicheren Umgebung aufbewahrt.  <br\/><\/p>\n\n\n\n<h2 class=\"wp-block-heading\"><strong>Cookies<\/strong><br\/><\/h2>\n\n\n\n<p>Cookies sind Textdateien, die in Ihrem Browser gespeichert werden und oft verschl\u00fcsselt sind. Sie werden erstellt, wenn der Browser eines Nutzers eine bestimmte Website l\u00e4dt: Die Website sendet Informationen an den Browser, der daraufhin eine Textdatei erstellt. Jedes Mal, wenn der Nutzer die gleiche Website erneut besucht, ruft der Browser diese Datei ab und sendet sie an den Server der Website.  <\/p>\n\n\n\n<p>Es gibt zwei Arten von Cookies, die nicht denselben Zwecken dienen: technische Cookies und Werbe-Cookies:<br\/><\/p>\n\n\n\n<p>Cookies sind Textdateien, die in Ihrem Browser gespeichert werden und oft verschl\u00fcsselt sind. Sie werden erstellt, wenn der Browser eines Nutzers eine bestimmte Website l\u00e4dt: Die Website sendet Informationen an den Browser, der daraufhin eine Textdatei erstellt. Jedes Mal, wenn der Nutzer die gleiche Website erneut besucht, ruft der Browser diese Datei ab und sendet sie an den Server der Website.  <\/p>\n\n\n\n<p>Es gibt zwei Arten von Cookies, die nicht denselben Zwecken dienen: technische Cookies und Werbe-Cookies:<br\/><\/p>\n\n\n\n<p>Wir verwenden technische Cookies und Werbe-Cookies.<br\/><\/p>\n\n\n\n<p>Wir verwenden Google Analytics, ein statistisches Tool zur Analyse der Besucherzahlen, das ein Cookie generiert, mit dem die Anzahl der Besuche, die Anzahl der Seitenaufrufe und die Aktivit\u00e4ten der Besucher gemessen werden k\u00f6nnen. Ihre IP-Adresse wird ebenfalls gesammelt, um die Stadt zu bestimmen, von der aus Sie sich einloggen. <br\/><\/p>\n\n\n\n<p>Wir m\u00f6chten Sie daran erinnern, dass Sie die Hinterlegung von technischen und Werbe-Cookies verhindern k\u00f6nnen, indem Sie Ihren Browser entsprechend konfigurieren. Weitere Informationen \u00fcber die Verwendung von Cookies finden Sie auf der Website der CNIL: http: <a href=\"http:\/\/www.cnil.fr\/vos-droits\/vos-traces\/les-cookies\/\">\/\/www.cnil.fr\/vos-droits\/vos-traces\/les-cookies\/<\/a> <br\/><\/p>\n\n\n\n<p>Eine solche Verweigerung kann jedoch den ordnungsgem\u00e4\u00dfen Betrieb der Website verhindern.<br\/><\/p>\n\n\n\n<h2 class=\"wp-block-heading\"><strong>Abmelden<\/strong><br\/><\/h2>\n\n\n\n<p>Wir verwenden die von Ihnen angegebene E-Mail-Adresse, um Ihnen Informationen und Updates zu Ihrer Bestellung, gelegentliche Nachrichten, Produktinformationen, Neuheiten usw. zu senden. Wenn Sie sich jederzeit abmelden und keine weiteren E-Mails mehr erhalten m\u00f6chten, k\u00f6nnen Sie dies einfach durch Ausf\u00fcllen <a href=\"https:\/\/www.camping-la-clairiere.com\/de\/kontakt-und-zugang\/\"><strong>dieses Formulars<\/strong><\/a> tun. <br\/><\/p>\n\n\n\n<h2 class=\"wp-block-heading\"><strong>Recht auf Zugang, \u00c4nderung und L\u00f6schung Ihrer Daten<\/strong><br\/><\/h2>\n\n\n\n<p>Wenn Sie zu irgendeinem Zeitpunkt Zugang zu Ihren pers\u00f6nlichen Informationen w\u00fcnschen oder diese \u00e4ndern oder l\u00f6schen m\u00f6chten, k\u00f6nnen Sie dies direkt \u00fcber dieses Formular beantragen.<\/p>\n\n\n\n<p>Wir verpflichten uns, Ihnen das Recht auf Widerspruch und R\u00fccknahme Ihrer pers\u00f6nlichen Daten zu gew\u00e4hren. Das Widerspruchsrecht ist die M\u00f6glichkeit f\u00fcr Internetnutzer, die Verwendung ihrer pers\u00f6nlichen Daten f\u00fcr bestimmte Zwecke, die bei der Erhebung angegeben wurden, zu verweigern. <\/p>\n\n\n\n<p>Um diese Rechte auszu\u00fcben, k\u00f6nnen Sie uns kontaktieren:<br\/><\/p>\n\n\n\n<p>La Clairi\u00e8re<\/p>\n\n\n\n<p>Rue du Bois de la Pesse<br\/>17390 La Tremblade, FRANCE<\/p>\n\n\n\n<p>+33 (0)5 46 36 36 63<\/p>\n\n\n\n<p>info@camping-la-clairiere.com<br\/><\/p>\n\n\n\n<h2 class=\"wp-block-heading\"><strong>Aufbewahrung von Daten<\/strong><br\/><\/h2>\n\n\n\n<p>Die pers\u00f6nlichen Daten unserer Internetnutzer werden maximal 36 Monate lang aufbewahrt.<br\/><\/p>\n\n\n\n<h2 class=\"wp-block-heading\"><strong>Zustimmung<\/strong><br\/><\/h2>\n\n\n\n<p>Durch die Nutzung unserer Website erkl\u00e4ren Sie sich mit unserer Datenschutzrichtlinie einverstanden.<\/p>\n<\/div>\n\n<div style=\"height:10rem\" aria-hidden=\"true\" class=\"wp-block-spacer\"><\/div>\n","protected":false},"excerpt":{"rendered":"<p>Datenschutzbestimmungen Lesen Sie hier die Datenschutzbestimmungen unseres Campingplatzes La Clairi\u00e8re in La Tremblade. Sammeln von Informationen Wir sammeln Informationen, wenn Sie auf der Website surfen, eine Bestellung aufgeben und eines der Formulare ausf\u00fcllen. Dar\u00fcber hinaus erhalten und speichern wir automatisch Informationen von Ihrem Computer und Browser, wie z.B. : IP-Adresse Art der verwendeten Hardware und [&hellip;]<\/p>\n","protected":false},"author":1,"featured_media":0,"parent":0,"menu_order":0,"comment_status":"closed","ping_status":"closed","template":"page-full-width","meta":{"_acf_changed":false,"_seopress_robots_primary_cat":"","_seopress_titles_title":"Datenschutzerkl\u00e4rung | Camping La Clairi\u00e8re in La Tremblade","_seopress_titles_desc":"Diese Datenschutzrichtlinie beschreibt die pers\u00f6nlichen Daten, die gesammelt oder generiert (verarbeitet) werden, wenn Sie die Website nutzen.","_seopress_robots_index":"","footnotes":""},"class_list":["post-2082","page","type-page","status-publish","hentry"],"acf":[],"_links":{"self":[{"href":"https:\/\/www.camping-la-clairiere.com\/de\/wp-json\/wp\/v2\/pages\/2082","targetHints":{"allow":["GET"]}}],"collection":[{"href":"https:\/\/www.camping-la-clairiere.com\/de\/wp-json\/wp\/v2\/pages"}],"about":[{"href":"https:\/\/www.camping-la-clairiere.com\/de\/wp-json\/wp\/v2\/types\/page"}],"author":[{"embeddable":true,"href":"https:\/\/www.camping-la-clairiere.com\/de\/wp-json\/wp\/v2\/users\/1"}],"replies":[{"embeddable":true,"href":"https:\/\/www.camping-la-clairiere.com\/de\/wp-json\/wp\/v2\/comments?post=2082"}],"version-history":[{"count":2,"href":"https:\/\/www.camping-la-clairiere.com\/de\/wp-json\/wp\/v2\/pages\/2082\/revisions"}],"predecessor-version":[{"id":2259,"href":"https:\/\/www.camping-la-clairiere.com\/de\/wp-json\/wp\/v2\/pages\/2082\/revisions\/2259"}],"wp:attachment":[{"href":"https:\/\/www.camping-la-clairiere.com\/de\/wp-json\/wp\/v2\/media?parent=2082"}],"curies":[{"name":"wp","href":"https:\/\/api.w.org\/{rel}","templated":true}]}}