{"id":2068,"date":"2026-04-07T10:27:35","date_gmt":"2026-04-07T08:27:35","guid":{"rendered":"https:\/\/www.camping-la-clairiere.com\/meer\/"},"modified":"2026-04-09T17:55:49","modified_gmt":"2026-04-09T15:55:49","slug":"meer","status":"publish","type":"page","link":"https:\/\/www.camping-la-clairiere.com\/de\/meer\/","title":{"rendered":"Meer"},"content":{"rendered":"\n<div class=\"wp-block-group alignfull is-layout-flow wp-block-group-is-layout-flow\" style=\"margin-top:0;margin-bottom:0;padding-top:0;padding-right:0;padding-bottom:0;padding-left:0\">\n<div class=\"wp-block-group is-layout-flow wp-block-group-is-layout-flow\">\n<div class=\"wp-block-cover alignfull has-custom-content-position is-position-bottom-center\" style=\"padding-top:0;padding-right:0;padding-bottom:0;padding-left:0;min-height:100vh;aspect-ratio:unset;\"><img alt=\"V\u00e9lo rouge sur plage sableuse, ciel bleu nuageux.\" decoding=\"async\" width=\"2560\" height=\"1440\" class=\"wp-block-cover__image-background wp-image-806 size-16\/9_2560x1440_desktop\" alt=\"\" src=\"https:\/\/www.camping-la-clairiere.com\/wp-content\/uploads\/2026\/04\/bord-de-mer-camping-la-clairiere-charente-maritimes_02-2560x1440.webp\" data-object-fit=\"cover\" srcset=\"https:\/\/www.camping-la-clairiere.com\/wp-content\/uploads\/2026\/04\/bord-de-mer-camping-la-clairiere-charente-maritimes_02-2560x1440.webp 2560w, https:\/\/www.camping-la-clairiere.com\/wp-content\/uploads\/2026\/04\/bord-de-mer-camping-la-clairiere-charente-maritimes_02-1920x1080.webp 1920w, https:\/\/www.camping-la-clairiere.com\/wp-content\/uploads\/2026\/04\/bord-de-mer-camping-la-clairiere-charente-maritimes_02-1440x810.webp 1440w, https:\/\/www.camping-la-clairiere.com\/wp-content\/uploads\/2026\/04\/bord-de-mer-camping-la-clairiere-charente-maritimes_02-1366x768.webp 1366w, https:\/\/www.camping-la-clairiere.com\/wp-content\/uploads\/2026\/04\/bord-de-mer-camping-la-clairiere-charente-maritimes_02-1024x576.webp 1024w, https:\/\/www.camping-la-clairiere.com\/wp-content\/uploads\/2026\/04\/bord-de-mer-camping-la-clairiere-charente-maritimes_02-800x450.webp 800w, https:\/\/www.camping-la-clairiere.com\/wp-content\/uploads\/2026\/04\/bord-de-mer-camping-la-clairiere-charente-maritimes_02-640x360.webp 640w, https:\/\/www.camping-la-clairiere.com\/wp-content\/uploads\/2026\/04\/bord-de-mer-camping-la-clairiere-charente-maritimes_02-375x210.webp 375w, https:\/\/www.camping-la-clairiere.com\/wp-content\/uploads\/2026\/04\/bord-de-mer-camping-la-clairiere-charente-maritimes_02-200x112.webp 200w, https:\/\/www.camping-la-clairiere.com\/wp-content\/uploads\/2026\/04\/bord-de-mer-camping-la-clairiere-charente-maritimes_02-100x56.webp 100w\" sizes=\"(max-width: 2560px) 100vw, 2560px\" \/><span aria-hidden=\"true\" class=\"wp-block-cover__background has-transparent-background-color has-background-dim-100 has-background-dim\"><\/span><div class=\"wp-block-cover__inner-container is-layout-flow wp-block-cover-is-layout-flow\">\n<div class=\"wp-block-group has-secondary-gradient-gradient-background has-background has-global-padding is-layout-constrained wp-block-group-is-layout-constrained\">\n<div style=\"height:15vh\" aria-hidden=\"true\" class=\"wp-block-spacer\"><\/div>\n<\/div>\n<\/div><\/div>\n<\/div>\n<\/div>\n<div style=\"padding-top:10px;padding-left:10px;\" class=\"alignfull wp-elements-c549f836684188f85e65cc5f157bd5e7 wp-block-wpseopress-breadcrumbs\"><nav  aria-label=\"breadcrumb\"><ol class=\"breadcrumb\" itemscope itemtype=\"https:\/\/schema.org\/BreadcrumbList\"><li class=\"breadcrumb-item active\" aria-current=\"page\" itemprop=\"itemListElement\" itemscope itemtype=\"https:\/\/schema.org\/ListItem\"><span itemprop=\"name\">Camping \u00e0 La Tremblade<\/span><meta itemprop=\"position\" content=\"1\"><\/li><\/ol><\/nav><\/div>\n<div style=\"height:var(--wp--preset--spacing--xxxl)\" aria-hidden=\"true\" class=\"wp-block-spacer\"><\/div>\n\n<div class=\"wp-block-group alignfull has-global-padding is-layout-constrained wp-container-core-group-is-layout-076db290 wp-block-group-is-layout-constrained\" style=\"margin-top:0;padding-top:0;padding-right:var(--wp--preset--spacing--l);padding-bottom:0;padding-left:var(--wp--preset--spacing--l)\">\n<div class=\"wp-block-group has-global-padding is-layout-constrained wp-container-core-group-is-layout-6d08aa83 wp-block-group-is-layout-constrained\" style=\"margin-top:0;margin-bottom:0;padding-top:0;padding-right:0;padding-bottom:0;padding-left:0\">\n<figure class=\"wp-block-image aligncenter size-large is-resized\"><img alt=\"Bonbon ray\u00e9 rose et blanc.\" decoding=\"async\" width=\"1024\" height=\"916\" src=\"https:\/\/www.camping-la-clairiere.com\/wp-content\/uploads\/2026\/04\/4af274f244d018dbb3c8e8a148bcd064e4a2990b-1024x916.png\" alt=\"\" class=\"wp-image-451\" style=\"width:50px\"\/><\/figure>\n<\/div>\n\n\n\n<div class=\"wp-block-group has-global-padding is-layout-constrained wp-container-core-group-is-layout-72d38984 wp-block-group-is-layout-constrained\" style=\"margin-top:0;margin-bottom:0;padding-top:0;padding-right:0;padding-bottom:0;padding-left:0\">\n<h1 class=\"wp-block-heading has-text-align-center is-style-top-title is-style-top-title--1\" style=\"margin-bottom:0\">Campingplatz am Meer in der Charente-Maritime<\/h1>\n\n\n\n<p class=\"has-text-align-center is-style-title-below is-style-title-below--2\" style=\"padding-bottom:0\">Campingplatz in Charente-Maritime am Meer<\/p>\n\n\n\n<div class=\"wp-block-group has-global-padding is-layout-constrained wp-block-group-is-layout-constrained\">\n<p class=\"has-text-align-center\" style=\"margin-bottom:0px\"><br\/>Willkommen auf dem Campingplatz La Clairi\u00e8re, einem Ort, an dem sich die Seeluft mit der sanften Lebensart der Charente-Maritime vermischt. Unser Campingplatz liegt nur wenige Schritte vom Ozean entfernt. <strong><a href=\"https:\/\/www.camping-la-clairiere.com\/de\/\" data-type=\"page\" data-id=\"353\">Campingplatz in La Tremblade<\/a><\/strong> bietet Ihnen ein einzigartiges Erlebnis am Meer, ideal f\u00fcr Familien, Paare oder Gruppen von Freunden auf der Suche nach Entspannung und Abenteuer. Hier ist jeder Tag eine Einladung zur Entdeckung, zwischen feinen Sandstr\u00e4nden und atemberaubenden K\u00fcstenlandschaften.  <\/p>\n<\/div>\n<\/div>\n<\/div>\n\n<div style=\"height:var(--wp--preset--spacing--xxxl)\" aria-hidden=\"true\" class=\"wp-block-spacer\"><\/div>\n\n<div class=\"wp-block-group alignfull has-global-padding is-layout-constrained wp-container-core-group-is-layout-72d38984 wp-block-group-is-layout-constrained\" style=\"margin-top:0;margin-bottom:0;padding-top:0;padding-right:0;padding-bottom:0;padding-left:0\">\n<div class=\"wp-block-group alignfull has-global-padding is-layout-constrained wp-container-core-group-is-layout-a0ad46d7 wp-block-group-is-layout-constrained\" style=\"margin-top:0;margin-bottom:0;padding-top:0;padding-right:0;padding-bottom:0;padding-left:0\">\n<div class=\"wp-block-columns hrz-responsive-col hrz-contenus-8 is-layout-flex wp-container-core-columns-is-layout-410e660c wp-block-columns-is-layout-flex\" style=\"padding-right:0;padding-left:0\">\n<div class=\"wp-block-column is-vertically-aligned-bottom fade has-global-padding is-content-justification-right is-layout-constrained wp-container-core-column-is-layout-85763710 wp-block-column-is-layout-constrained\" style=\"flex-basis:50%\">\n<div class=\"wp-block-group has-global-padding is-content-justification-right is-layout-constrained wp-container-core-group-is-layout-76cbeed5 wp-block-group-is-layout-constrained\">\n<div class=\"wp-block-group is-layout-flow wp-container-core-group-is-layout-a77db08e wp-block-group-is-layout-flow\">\n<div class=\"wp-block-group is-vertical is-content-justification-right is-layout-flex wp-container-core-group-is-layout-c0d519fa wp-block-group-is-layout-flex\">\n<figure class=\"wp-block-image size-large is-resized\"><img alt=\"Illustration d&#039;un palmier stylis\u00e9\" decoding=\"async\" width=\"666\" height=\"1024\" src=\"https:\/\/www.camping-la-clairiere.com\/wp-content\/uploads\/2026\/04\/170bcef585a64778b23fae9f4044894e36ebabca-scaled-e1775123071690-666x1024.png\" alt=\"\" class=\"wp-image-456\" style=\"width:50px\"\/><\/figure>\n\n\n\n<h2 class=\"wp-block-heading has-text-align-right is-style-top-title is-style-top-title--3\" style=\"margin-bottom:0\">Meeresufer in unmittelbarer N\u00e4he des Campingplatzes<\/h2>\n\n\n\n<p class=\"has-text-align-right is-style-title-below is-style-title-below--4\" style=\"padding-bottom:0\">Das Meer in Reichweite<\/p>\n<\/div>\n<\/div>\n\n\n\n<div class=\"wp-block-group is-layout-flow wp-block-group-is-layout-flow\">\n<p class=\"has-text-align-right\">Stellen Sie sich vor, wie Sie am Morgen vom sanften Rauschen der Wellen und dem Ruf des Ozeans geweckt werden. Der Campingplatz La Clairi\u00e8re befindet sich in unmittelbarer N\u00e4he des Meeres, so dass Sie die Freuden des Bades in vollen Z\u00fcgen genie\u00dfen k\u00f6nnen.   <\/p>\n<\/div>\n<\/div>\n\n\n\n<figure data-wp-context=\"{&quot;imageId&quot;:&quot;69d81ef008e0e&quot;}\" data-wp-interactive=\"core\/image\" data-wp-key=\"69d81ef008e0e\" class=\"wp-block-image size-full is-style-rounded is-style-rounded--5 wp-lightbox-container\"><img alt=\"Cabines de plage color\u00e9es sur sable ensoleill\u00e9.\" decoding=\"async\" width=\"2560\" height=\"1707\" data-wp-class--hide=\"state.isContentHidden\" data-wp-class--show=\"state.isContentVisible\" data-wp-init=\"callbacks.setButtonStyles\" data-wp-on--click=\"actions.showLightbox\" data-wp-on--load=\"callbacks.setButtonStyles\" data-wp-on-window--resize=\"callbacks.setButtonStyles\" src=\"https:\/\/www.camping-la-clairiere.com\/wp-content\/uploads\/2026\/04\/bord-de-mer-camping-la-clairiere-charente-maritimes_03-scaled.webp\" alt=\"\" class=\"wp-image-804\" srcset=\"https:\/\/www.camping-la-clairiere.com\/wp-content\/uploads\/2026\/04\/bord-de-mer-camping-la-clairiere-charente-maritimes_03-scaled.webp 2560w, https:\/\/www.camping-la-clairiere.com\/wp-content\/uploads\/2026\/04\/bord-de-mer-camping-la-clairiere-charente-maritimes_03-300x200.webp 300w, https:\/\/www.camping-la-clairiere.com\/wp-content\/uploads\/2026\/04\/bord-de-mer-camping-la-clairiere-charente-maritimes_03-1024x683.webp 1024w, https:\/\/www.camping-la-clairiere.com\/wp-content\/uploads\/2026\/04\/bord-de-mer-camping-la-clairiere-charente-maritimes_03-768x512.webp 768w, https:\/\/www.camping-la-clairiere.com\/wp-content\/uploads\/2026\/04\/bord-de-mer-camping-la-clairiere-charente-maritimes_03-1440x960.webp 1440w, https:\/\/www.camping-la-clairiere.com\/wp-content\/uploads\/2026\/04\/bord-de-mer-camping-la-clairiere-charente-maritimes_03-1080x720.webp 1080w, https:\/\/www.camping-la-clairiere.com\/wp-content\/uploads\/2026\/04\/bord-de-mer-camping-la-clairiere-charente-maritimes_03-720x480.webp 720w, https:\/\/www.camping-la-clairiere.com\/wp-content\/uploads\/2026\/04\/bord-de-mer-camping-la-clairiere-charente-maritimes_03-480x320.webp 480w, https:\/\/www.camping-la-clairiere.com\/wp-content\/uploads\/2026\/04\/bord-de-mer-camping-la-clairiere-charente-maritimes_03-240x160.webp 240w, https:\/\/www.camping-la-clairiere.com\/wp-content\/uploads\/2026\/04\/bord-de-mer-camping-la-clairiere-charente-maritimes_03-120x80.webp 120w\" sizes=\"(max-width: 2560px) 100vw, 2560px\" \/><button\n\t\t\tclass=\"lightbox-trigger\"\n\t\t\ttype=\"button\"\n\t\t\taria-haspopup=\"dialog\"\n\t\t\taria-label=\"Enlarge\"\n\t\t\tdata-wp-init=\"callbacks.initTriggerButton\"\n\t\t\tdata-wp-on--click=\"actions.showLightbox\"\n\t\t\tdata-wp-style--right=\"state.imageButtonRight\"\n\t\t\tdata-wp-style--top=\"state.imageButtonTop\"\n\t\t>\n\t\t\t<svg xmlns=\"http:\/\/www.w3.org\/2000\/svg\" width=\"12\" height=\"12\" fill=\"none\" viewBox=\"0 0 12 12\">\n\t\t\t\t<path fill=\"#fff\" d=\"M2 0a2 2 0 0 0-2 2v2h1.5V2a.5.5 0 0 1 .5-.5h2V0H2Zm2 10.5H2a.5.5 0 0 1-.5-.5V8H0v2a2 2 0 0 0 2 2h2v-1.5ZM8 12v-1.5h2a.5.5 0 0 0 .5-.5V8H12v2a2 2 0 0 1-2 2H8Zm2-12a2 2 0 0 1 2 2v2h-1.5V2a.5.5 0 0 0-.5-.5H8V0h2Z\" \/>\n\t\t\t<\/svg>\n\t\t<\/button><\/figure>\n<\/div>\n\n\n\n<div class=\"wp-block-column is-vertically-aligned-bottom anim-speed-m has-global-padding is-content-justification-left is-layout-constrained wp-container-core-column-is-layout-9f6ff739 wp-block-column-is-layout-constrained\" style=\"padding-bottom:0\">\n<div class=\"wp-block-group overflow-hidden has-global-padding is-layout-constrained wp-block-group-is-layout-constrained\" style=\"border-top-left-radius:25px;border-top-right-radius:25px;border-bottom-left-radius:25px;border-bottom-right-radius:25px\">\n<figure class=\"wp-block-image size-3\/4_600x800_desktop is-style-rounded is-style-rounded--6\"><img alt=\"Sentier c\u00f4tier surplombant l&#039;oc\u00e9an et les arbres\" decoding=\"async\" width=\"600\" height=\"800\" src=\"https:\/\/www.camping-la-clairiere.com\/wp-content\/uploads\/2026\/04\/bord-de-mer-camping-la-clairiere-charente-maritimes_01-600x800.webp\" alt=\"\" class=\"wp-image-805\" style=\"aspect-ratio:3\/4;object-fit:cover\" srcset=\"https:\/\/www.camping-la-clairiere.com\/wp-content\/uploads\/2026\/04\/bord-de-mer-camping-la-clairiere-charente-maritimes_01-600x800.webp 600w, https:\/\/www.camping-la-clairiere.com\/wp-content\/uploads\/2026\/04\/bord-de-mer-camping-la-clairiere-charente-maritimes_01-375x500.webp 375w, https:\/\/www.camping-la-clairiere.com\/wp-content\/uploads\/2026\/04\/bord-de-mer-camping-la-clairiere-charente-maritimes_01-133x177.webp 133w\" sizes=\"(max-width: 600px) 100vw, 600px\" \/><\/figure>\n<\/div>\n\n\n\n<p>Ob Sie nun gerne baden, am Strand faulenzen oder Wassersport betreiben, alles ist in Reichweite. Die K\u00fcstenpfade laden Sie zu sch\u00f6nen Spazierg\u00e4ngen ein, bei denen jeder Schritt eine neue Perspektive auf den Meereshorizont er\u00f6ffnet. Dies ist die perfekte Gelegenheit, um neue Energie zu tanken und sich wieder mit der Natur zu verbinden.  <\/p>\n<\/div>\n<\/div>\n\n\n\n<div style=\"height:209px\" aria-hidden=\"true\" class=\"wp-block-spacer\"><\/div>\n<\/div>\n<\/div>\n\n<div class=\"wp-block-group alignfull has-global-padding is-layout-constrained wp-container-core-group-is-layout-a3a765d0 wp-block-group-is-layout-constrained\" style=\"margin-top:0;padding-top:0;padding-right:0;padding-bottom:0;padding-left:0\">\n<div class=\"wp-block-group alignfull has-global-padding is-layout-constrained wp-container-core-group-is-layout-12243e0f wp-block-group-is-layout-constrained\">\n<div class=\"wp-block-columns are-vertically-aligned-center hrz-responsive-col hrz-reponsive-order is-layout-flex wp-container-core-columns-is-layout-99de5ce1 wp-block-columns-is-layout-flex\" style=\"margin-top:0;margin-bottom:0;padding-top:0;padding-right:0;padding-bottom:0;padding-left:0\">\n<div class=\"wp-block-column is-vertically-aligned-center fade has-global-padding is-layout-constrained wp-container-core-column-is-layout-e64fcb25 wp-block-column-is-layout-constrained\" style=\"padding-right:var(--wp--preset--spacing--m);padding-left:var(--wp--preset--spacing--m);flex-basis:50%\">\n<div class=\"wp-block-group has-global-padding is-layout-constrained wp-container-core-group-is-layout-c05bf992 wp-block-group-is-layout-constrained\" style=\"margin-top:0;margin-bottom:0;padding-top:40px\">\n<div class=\"wp-block-group is-layout-flow wp-container-core-group-is-layout-a77db08e wp-block-group-is-layout-flow\">\n<figure class=\"wp-block-image size-large is-resized\"><img alt=\"Ic\u00f4ne feuille verte stylis\u00e9e sur tronc marron.\" decoding=\"async\" width=\"666\" height=\"1024\" src=\"https:\/\/www.camping-la-clairiere.com\/wp-content\/uploads\/2026\/04\/170bcef585a64778b23fae9f4044894e36ebabca-1-666x1024.png\" alt=\"\" class=\"wp-image-452\" style=\"width:50px\"\/><\/figure>\n\n\n\n<h2 class=\"wp-block-heading has-text-align-left is-style-top-title has-real-white-color has-text-color has-link-color wp-elements-f83d725e8cf7384d68e9cd84f7be008f is-style-top-title--7\" style=\"margin-bottom:0\">Entdecken Sie die K\u00fcste in der Charente-Maritime<\/h2>\n\n\n\n<p class=\"has-text-align-left is-style-title-below has-real-white-color has-text-color has-link-color wp-elements-77d4a0847e98587c9064c1afc791a383 is-style-title-below--8\" style=\"padding-bottom:0\">Ein idealer Ausgangspunkt f\u00fcr den Ozean<\/p>\n<\/div>\n\n\n\n<p>Die Charente-Maritime ist eine Region, in der es viel zu entdecken gibt und der Campingplatz La Clairi\u00e8re ist der ideale Ausgangspunkt, um diese Sch\u00e4tze zu erkunden. In der N\u00e4he befindet sich das ber\u00fchmte Fort Boyard, w\u00e4hrend die Inseln R\u00e9, Ol\u00e9ron und Aix unvergessliche Ausfl\u00fcge versprechen.  Die lokalen M\u00e4rkte sind voll von frischen und schmackhaften Produkten, die perfekt f\u00fcr ein improvisiertes Picknick am Strand sind.  <br\/><br\/>Und f\u00fcr Kulturliebhaber bieten die St\u00e4dte La Rochelle und Rochefort ein faszinierendes historisches Erbe, das es zu erkunden gilt. Jeder Tag, den Sie hier verbringen, ist ein neues Abenteuer, das es zu erleben gilt. <\/p>\n<\/div>\n<\/div>\n\n\n\n<div class=\"wp-block-column is-vertically-aligned-center from-right is-layout-flow wp-block-column-is-layout-flow\" style=\"flex-basis:50%\">\n<figure data-wp-context=\"{&quot;imageId&quot;:&quot;69d81ef012baf&quot;}\" data-wp-interactive=\"core\/image\" data-wp-key=\"69d81ef012baf\" class=\"wp-block-image size-1\/1_1000x1000_desktop is-style-rounded is-style-rounded--9 wp-lightbox-container\" style=\"margin-top:var(--wp--preset--spacing--m);margin-bottom:var(--wp--preset--spacing--m)\"><img decoding=\"async\" width=\"1000\" height=\"1000\" data-wp-class--hide=\"state.isContentHidden\" data-wp-class--show=\"state.isContentVisible\" data-wp-init=\"callbacks.setButtonStyles\" data-wp-on--click=\"actions.showLightbox\" data-wp-on--load=\"callbacks.setButtonStyles\" data-wp-on-window--resize=\"callbacks.setButtonStyles\" src=\"https:\/\/www.camping-la-clairiere.com\/wp-content\/uploads\/2026\/04\/fort-boyard04-1000x1000.webp\" alt=\"Segelschiff in der N&#xE4;he einer Festung auf See\" class=\"wp-image-613\" style=\"aspect-ratio:1;object-fit:cover\" srcset=\"https:\/\/www.camping-la-clairiere.com\/wp-content\/uploads\/2026\/04\/fort-boyard04-1000x1000.webp 1000w, https:\/\/www.camping-la-clairiere.com\/wp-content\/uploads\/2026\/04\/fort-boyard04-150x150.webp 150w, https:\/\/www.camping-la-clairiere.com\/wp-content\/uploads\/2026\/04\/fort-boyard04-600x600.webp 600w, https:\/\/www.camping-la-clairiere.com\/wp-content\/uploads\/2026\/04\/fort-boyard04-400x400.webp 400w, https:\/\/www.camping-la-clairiere.com\/wp-content\/uploads\/2026\/04\/fort-boyard04-200x200.webp 200w, https:\/\/www.camping-la-clairiere.com\/wp-content\/uploads\/2026\/04\/fort-boyard04-100x100.webp 100w\" sizes=\"(max-width: 1000px) 100vw, 1000px\" \/><button\n\t\t\tclass=\"lightbox-trigger\"\n\t\t\ttype=\"button\"\n\t\t\taria-haspopup=\"dialog\"\n\t\t\taria-label=\"Enlarge\"\n\t\t\tdata-wp-init=\"callbacks.initTriggerButton\"\n\t\t\tdata-wp-on--click=\"actions.showLightbox\"\n\t\t\tdata-wp-style--right=\"state.imageButtonRight\"\n\t\t\tdata-wp-style--top=\"state.imageButtonTop\"\n\t\t>\n\t\t\t<svg xmlns=\"http:\/\/www.w3.org\/2000\/svg\" width=\"12\" height=\"12\" fill=\"none\" viewBox=\"0 0 12 12\">\n\t\t\t\t<path fill=\"#fff\" d=\"M2 0a2 2 0 0 0-2 2v2h1.5V2a.5.5 0 0 1 .5-.5h2V0H2Zm2 10.5H2a.5.5 0 0 1-.5-.5V8H0v2a2 2 0 0 0 2 2h2v-1.5ZM8 12v-1.5h2a.5.5 0 0 0 .5-.5V8H12v2a2 2 0 0 1-2 2H8Zm2-12a2 2 0 0 1 2 2v2h-1.5V2a.5.5 0 0 0-.5-.5H8V0h2Z\" \/>\n\t\t\t<\/svg>\n\t\t<\/button><\/figure>\n<\/div>\n<\/div>\n<\/div>\n<\/div>\n\n<div style=\"height:var(--wp--preset--spacing--xxxl)\" aria-hidden=\"true\" class=\"wp-block-spacer\"><\/div>\n\n<div class=\"wp-block-group alignfull has-global-padding is-layout-constrained wp-container-core-group-is-layout-7b139538 wp-block-group-is-layout-constrained\" style=\"margin-bottom:0;padding-right:var(--wp--preset--spacing--l);padding-left:var(--wp--preset--spacing--l)\">\n<div class=\"wp-block-cover alignfull has-custom-content-position is-position-bottom-center banner-m-50vh\" style=\"padding-top:0;padding-right:0;padding-bottom:0;padding-left:0;min-height:100vh;aspect-ratio:unset;\"><img alt=\"Terrasse en bois avec pergola et mobilier ext\u00e9rieur.\" decoding=\"async\" width=\"2560\" height=\"1440\" class=\"wp-block-cover__image-background wp-image-803 size-16\/9_2560x1440_desktop\" alt=\"\" src=\"https:\/\/www.camping-la-clairiere.com\/wp-content\/uploads\/2026\/04\/cottages-lagon-camping-la-clairiere-charente-maritimes-01-2560x1440.webp\" data-object-fit=\"cover\" srcset=\"https:\/\/www.camping-la-clairiere.com\/wp-content\/uploads\/2026\/04\/cottages-lagon-camping-la-clairiere-charente-maritimes-01-2560x1440.webp 2560w, https:\/\/www.camping-la-clairiere.com\/wp-content\/uploads\/2026\/04\/cottages-lagon-camping-la-clairiere-charente-maritimes-01-1920x1080.webp 1920w, https:\/\/www.camping-la-clairiere.com\/wp-content\/uploads\/2026\/04\/cottages-lagon-camping-la-clairiere-charente-maritimes-01-1440x810.webp 1440w, https:\/\/www.camping-la-clairiere.com\/wp-content\/uploads\/2026\/04\/cottages-lagon-camping-la-clairiere-charente-maritimes-01-1366x768.webp 1366w, https:\/\/www.camping-la-clairiere.com\/wp-content\/uploads\/2026\/04\/cottages-lagon-camping-la-clairiere-charente-maritimes-01-1024x576.webp 1024w, https:\/\/www.camping-la-clairiere.com\/wp-content\/uploads\/2026\/04\/cottages-lagon-camping-la-clairiere-charente-maritimes-01-800x450.webp 800w, https:\/\/www.camping-la-clairiere.com\/wp-content\/uploads\/2026\/04\/cottages-lagon-camping-la-clairiere-charente-maritimes-01-640x360.webp 640w, https:\/\/www.camping-la-clairiere.com\/wp-content\/uploads\/2026\/04\/cottages-lagon-camping-la-clairiere-charente-maritimes-01-375x210.webp 375w, https:\/\/www.camping-la-clairiere.com\/wp-content\/uploads\/2026\/04\/cottages-lagon-camping-la-clairiere-charente-maritimes-01-200x112.webp 200w, https:\/\/www.camping-la-clairiere.com\/wp-content\/uploads\/2026\/04\/cottages-lagon-camping-la-clairiere-charente-maritimes-01-100x56.webp 100w\" sizes=\"(max-width: 2560px) 100vw, 2560px\" \/><span aria-hidden=\"true\" class=\"wp-block-cover__background has-transparent-background-color has-background-dim-100 has-background-dim\"><\/span><div class=\"wp-block-cover__inner-container is-layout-flow wp-block-cover-is-layout-flow\">\n<div class=\"wp-block-group has-secondary-gradient-gradient-background has-background has-global-padding is-layout-constrained wp-block-group-is-layout-constrained\">\n<div style=\"height:15vh\" aria-hidden=\"true\" class=\"wp-block-spacer\"><\/div>\n<\/div>\n<\/div><\/div>\n\n\n\n<div class=\"wp-block-group fade has-global-padding is-layout-constrained wp-container-core-group-is-layout-b5ff96ae wp-block-group-is-layout-constrained\">\n<div class=\"wp-block-group is-layout-flow wp-container-core-group-is-layout-a77db08e wp-block-group-is-layout-flow\">\n<figure class=\"wp-block-image aligncenter size-large is-resized\"><img alt=\"Bonbon ray\u00e9 rose et blanc.\" decoding=\"async\" width=\"1024\" height=\"916\" src=\"https:\/\/www.camping-la-clairiere.com\/wp-content\/uploads\/2026\/04\/4af274f244d018dbb3c8e8a148bcd064e4a2990b-1024x916.png\" alt=\"\" class=\"wp-image-451\" style=\"width:50px\"\/><\/figure>\n\n\n\n<h2 class=\"wp-block-heading has-text-align-center is-style-top-title is-style-top-title--10\" style=\"margin-bottom:0\">Mieten Sie eine Unterkunft am Meer in Charente-Maritime<\/h2>\n\n\n\n<p class=\"has-text-align-center is-style-title-below is-style-title-below--11\" style=\"padding-bottom:0\">Ein Urlaub zwischen Komfort und Seeluft<\/p>\n<\/div>\n\n\n\n<div class=\"wp-block-group is-layout-flow wp-block-group-is-layout-flow\">\n<p class=\"has-text-align-center has-real-white-color has-text-color has-link-color wp-elements-362def11ae1e23a1def0bddf9438b91a\">Auf dem Campingplatz La Clairi\u00e8re finden Sie eine Reihe von Unterk\u00fcnften, die Ihren W\u00fcnschen und Ihrem Budget entsprechen. Von ger\u00e4umigen Stellpl\u00e4tzen f\u00fcr Zelte und Wohnwagen bis hin zu komfortablen Mobilheimen ist alles vorhanden, um Ihnen einen angenehmen und erholsamen Aufenthalt zu bieten. Die modernen und gut gepflegten Einrichtungen sorgen f\u00fcr optimalen Komfort, w\u00e4hrend das freundliche Team vor Ort daf\u00fcr sorgt, dass Sie sich wie zu Hause f\u00fchlen. Buchen Sie jetzt Ihre Unterkunft und bereiten Sie sich auf einen unvergesslichen Urlaub am Meer vor.   <\/p>\n\n\n\n<p class=\"has-text-align-center has-real-white-color has-text-color has-link-color wp-elements-efdd34d5dabba2d7dbd4475d9da77747\">Zusammenfassend l\u00e4sst sich sagen, dass der Campingplatz La Clairi\u00e8re mehr als nur ein Ort zum \u00dcbernachten ist. Er ist ein Tor zur Sch\u00f6nheit und Vielfalt der Charente-Maritime, ein Ort, an dem jeder Augenblick zu einer wertvollen Erinnerung wird. Ob Sie nun auf der Suche nach Entspannung, Abenteuer oder Entdeckungen sind, dieser Campingplatz am Meer wird all Ihre Erwartungen erf\u00fcllen. Warten Sie nicht l\u00e4nger und buchen Sie Ihren n\u00e4chsten Urlaub und lassen Sie sich vom authentischen Charme dieser au\u00dfergew\u00f6hnlichen Region verf\u00fchren.   <\/p>\n<\/div>\n<\/div>\n<\/div>\n\n<div style=\"height:10rem\" aria-hidden=\"true\" class=\"wp-block-spacer\"><\/div>\n","protected":false},"excerpt":{"rendered":"<p>Campingplatz am Meer in der Charente-Maritime Campingplatz in Charente-Maritime am Meer Willkommen auf dem Campingplatz La Clairi\u00e8re, einem Ort, an dem sich die Seeluft mit der sanften Lebensart der Charente-Maritime vermischt. Unser Campingplatz liegt nur wenige Schritte vom Ozean entfernt. Campingplatz in La Tremblade bietet Ihnen ein einzigartiges Erlebnis am Meer, ideal f\u00fcr Familien, Paare [&hellip;]<\/p>\n","protected":false},"author":1,"featured_media":0,"parent":0,"menu_order":0,"comment_status":"closed","ping_status":"closed","template":"page-full-width","meta":{"_acf_changed":false,"_seopress_robots_primary_cat":"","_seopress_titles_title":"Campingplatz am Meer La Tremblade | Campingplatz in der N\u00e4he der sch\u00f6nsten Str\u00e4nde der Charente-Maritime","_seopress_titles_desc":"Verbringen Sie einen herrlichen Aufenthalt auf unserem Campingplatz am Meer in der Charente-Maritime! Genie\u00dfen Sie den direkten Zugang zu den Str\u00e4nden, wenn Sie auf dem Campingplatz La Clairi\u00e8re wohnen! ","_seopress_robots_index":"","footnotes":""},"class_list":["post-2068","page","type-page","status-publish","hentry"],"acf":[],"_links":{"self":[{"href":"https:\/\/www.camping-la-clairiere.com\/de\/wp-json\/wp\/v2\/pages\/2068","targetHints":{"allow":["GET"]}}],"collection":[{"href":"https:\/\/www.camping-la-clairiere.com\/de\/wp-json\/wp\/v2\/pages"}],"about":[{"href":"https:\/\/www.camping-la-clairiere.com\/de\/wp-json\/wp\/v2\/types\/page"}],"author":[{"embeddable":true,"href":"https:\/\/www.camping-la-clairiere.com\/de\/wp-json\/wp\/v2\/users\/1"}],"replies":[{"embeddable":true,"href":"https:\/\/www.camping-la-clairiere.com\/de\/wp-json\/wp\/v2\/comments?post=2068"}],"version-history":[{"count":2,"href":"https:\/\/www.camping-la-clairiere.com\/de\/wp-json\/wp\/v2\/pages\/2068\/revisions"}],"predecessor-version":[{"id":2442,"href":"https:\/\/www.camping-la-clairiere.com\/de\/wp-json\/wp\/v2\/pages\/2068\/revisions\/2442"}],"wp:attachment":[{"href":"https:\/\/www.camping-la-clairiere.com\/de\/wp-json\/wp\/v2\/media?parent=2068"}],"curies":[{"name":"wp","href":"https:\/\/api.w.org\/{rel}","templated":true}]}}