{"id":2058,"date":"2026-04-03T16:47:16","date_gmt":"2026-04-03T14:47:16","guid":{"rendered":"https:\/\/www.camping-la-clairiere.com\/plaetze\/"},"modified":"2026-04-09T11:32:21","modified_gmt":"2026-04-09T09:32:21","slug":"plaetze","status":"publish","type":"page","link":"https:\/\/www.camping-la-clairiere.com\/de\/plaetze\/","title":{"rendered":"Pl\u00e4tze"},"content":{"rendered":"\n<div class=\"wp-block-group alignfull is-layout-flow wp-block-group-is-layout-flow\" style=\"margin-top:0;margin-bottom:0;padding-top:0;padding-right:0;padding-bottom:0;padding-left:0\">\n<div class=\"wp-block-group is-layout-flow wp-block-group-is-layout-flow\">\n<div class=\"wp-block-cover alignfull has-custom-content-position is-position-bottom-center\" style=\"padding-top:0;padding-right:0;padding-bottom:0;padding-left:0;min-height:100vh;aspect-ratio:unset;\"><img alt=\"Camping avec tente et camionnettes sous les arbres.\" decoding=\"async\" width=\"2560\" height=\"1440\" class=\"wp-block-cover__image-background wp-image-788 size-16\/9_2560x1440_desktop\" alt=\"\" src=\"https:\/\/www.camping-la-clairiere.com\/wp-content\/uploads\/2026\/04\/emplacements-camping-la-clairiere-charente-maritimes-03-2560x1440.webp\" data-object-fit=\"cover\" srcset=\"https:\/\/www.camping-la-clairiere.com\/wp-content\/uploads\/2026\/04\/emplacements-camping-la-clairiere-charente-maritimes-03-2560x1440.webp 2560w, https:\/\/www.camping-la-clairiere.com\/wp-content\/uploads\/2026\/04\/emplacements-camping-la-clairiere-charente-maritimes-03-1920x1080.webp 1920w, https:\/\/www.camping-la-clairiere.com\/wp-content\/uploads\/2026\/04\/emplacements-camping-la-clairiere-charente-maritimes-03-1440x810.webp 1440w, https:\/\/www.camping-la-clairiere.com\/wp-content\/uploads\/2026\/04\/emplacements-camping-la-clairiere-charente-maritimes-03-1366x768.webp 1366w, https:\/\/www.camping-la-clairiere.com\/wp-content\/uploads\/2026\/04\/emplacements-camping-la-clairiere-charente-maritimes-03-1024x576.webp 1024w, https:\/\/www.camping-la-clairiere.com\/wp-content\/uploads\/2026\/04\/emplacements-camping-la-clairiere-charente-maritimes-03-800x450.webp 800w, https:\/\/www.camping-la-clairiere.com\/wp-content\/uploads\/2026\/04\/emplacements-camping-la-clairiere-charente-maritimes-03-640x360.webp 640w, https:\/\/www.camping-la-clairiere.com\/wp-content\/uploads\/2026\/04\/emplacements-camping-la-clairiere-charente-maritimes-03-375x210.webp 375w, https:\/\/www.camping-la-clairiere.com\/wp-content\/uploads\/2026\/04\/emplacements-camping-la-clairiere-charente-maritimes-03-200x112.webp 200w, https:\/\/www.camping-la-clairiere.com\/wp-content\/uploads\/2026\/04\/emplacements-camping-la-clairiere-charente-maritimes-03-100x56.webp 100w\" sizes=\"(max-width: 2560px) 100vw, 2560px\" \/><span aria-hidden=\"true\" class=\"wp-block-cover__background has-transparent-background-color has-background-dim-100 has-background-dim\"><\/span><div class=\"wp-block-cover__inner-container is-layout-flow wp-block-cover-is-layout-flow\">\n<div class=\"wp-block-group has-secondary-gradient-gradient-background has-background has-global-padding is-layout-constrained wp-block-group-is-layout-constrained\">\n<div style=\"height:15vh\" aria-hidden=\"true\" class=\"wp-block-spacer\"><\/div>\n<\/div>\n<\/div><\/div>\n<\/div>\n<\/div>\n\n\n<div style=\"padding-top:10px;padding-left:10px;\" class=\"alignfull wp-elements-c549f836684188f85e65cc5f157bd5e7 wp-block-wpseopress-breadcrumbs\"><nav  aria-label=\"breadcrumb\"><ol class=\"breadcrumb\" itemscope itemtype=\"https:\/\/schema.org\/BreadcrumbList\"><li class=\"breadcrumb-item active\" aria-current=\"page\" itemprop=\"itemListElement\" itemscope itemtype=\"https:\/\/schema.org\/ListItem\"><span itemprop=\"name\">Camping \u00e0 La Tremblade<\/span><meta itemprop=\"position\" content=\"1\"><\/li><\/ol><\/nav><\/div>\n\n\n<div style=\"height:var(--wp--preset--spacing--xxxl)\" aria-hidden=\"true\" class=\"wp-block-spacer\"><\/div>\n\n\n\n<div class=\"wp-block-group alignfull has-global-padding is-layout-constrained wp-container-core-group-is-layout-9951e3b4 wp-block-group-is-layout-constrained\" style=\"margin-top:0;padding-top:0;padding-right:0;padding-bottom:0;padding-left:0\">\n<div class=\"wp-block-group has-global-padding is-layout-constrained wp-container-core-group-is-layout-6d08aa83 wp-block-group-is-layout-constrained\" style=\"margin-top:0;margin-bottom:0;padding-top:0;padding-right:0;padding-bottom:0;padding-left:0\">\n<figure class=\"wp-block-image aligncenter size-large is-resized\"><img alt=\"Bonbon ray\u00e9 rose et blanc.\" decoding=\"async\" width=\"1024\" height=\"916\" src=\"https:\/\/www.camping-la-clairiere.com\/wp-content\/uploads\/2026\/04\/4af274f244d018dbb3c8e8a148bcd064e4a2990b-1024x916.png\" alt=\"\" class=\"wp-image-451\" style=\"width:50px\"\/><\/figure>\n<\/div>\n\n\n\n<div class=\"wp-block-group has-global-padding is-layout-constrained wp-container-core-group-is-layout-b2c8f158 wp-block-group-is-layout-constrained\" style=\"margin-top:0;margin-bottom:0;padding-top:0;padding-right:0;padding-left:0\">\n<h1 class=\"wp-block-heading has-text-align-center is-style-top-title is-style-top-title--1\" style=\"margin-bottom:0\">Campingplatz in La Tremblade in der Charente-Maritime<\/h1>\n\n\n\n<p class=\"has-text-align-center is-style-title-below is-style-title-below--2\" style=\"padding-bottom:0\">Ein Blick auf den Campingplatz in Bildern.<\/p>\n\n\n\n<div class=\"wp-block-group has-global-padding is-layout-constrained wp-block-group-is-layout-constrained\">\n<p class=\"has-text-align-center\" style=\"margin-bottom:0px\"><br>Willkommen auf dem Campingplatz La Clairi\u00e8re, einem Ort, an dem sich die Seeluft der Charente-Maritime mit der Lebensfreude von La Tremblade vermischt. Hier ist jeder Platz eine Einladung zum Entspannen und Entdecken. Ob Sie nun ein erfahrener Camper oder ein Neuling auf der Suche nach einem Abenteuer sind, unsere Campingpl\u00e4tze bieten Ihnen den idealen Rahmen, um Ihre Koffer abzustellen und Ihren Aufenthalt in vollen Z\u00fcgen zu genie\u00dfen. Entscheiden Sie sich f\u00fcr einen Campingplatz in Tremblay. <strong><a href=\"https:\/\/www.camping-la-clairiere.com\/de\/alle-unsere-unterkuenfte\/\" data-type=\"page\" data-id=\"727\">Campingplatz in La Tremblade<\/a><\/strong>k\u00f6nnen Sie die Charente-Maritime erkunden.   <\/p>\n<\/div>\n<\/div>\n<\/div>\n\n\n\n<div style=\"height:var(--wp--preset--spacing--xxxl)\" aria-hidden=\"true\" class=\"wp-block-spacer\"><\/div>\n\n\n\n<div class=\"wp-block-group alignfull is-layout-flow wp-block-group-is-layout-flow\" style=\"padding-right:var(--wp--preset--spacing--l);padding-bottom:var(--wp--preset--spacing--xxxxl);padding-left:var(--wp--preset--spacing--l)\">\n\t<div class=\"alignfull has-global-padding is-layout-constrained wp-container-hrz-blocks-query-camping-rest-is-layout-0faa5006 wp-block-hrz-blocks-query-camping-rest-is-layout-constrained\">\n\t\t<ul class=\"hebergement-listing \">\n\t\t\t<style>:root { --query-color: var(--wp--preset--color--secondary); }<\/style>\t\t\t\t<li class=\"swiper-slide\">\n\t\t\t\t\t<div class=\"wp-block-group card-gamme is-style-default is-style-relative\"\n\t\t\t\t\t\t data-booking-product=\"148935\" data-booking-etab=\"19308\" data-capacity=\"6\"\t\t\t\t\t\t data-product-filters='[{\"code\":\"surface\",\"type\":\"number\",\"value\":200},{\"code\":\"pets-allowed\",\"type\":\"boolean\",\"value\":true},{\"code\":\"electricity\",\"type\":\"boolean\",\"value\":true},{\"code\":\"running-water\",\"type\":\"boolean\",\"value\":true},{\"code\":\"mini-individual-toilet-block\",\"type\":\"boolean\",\"value\":true}]'>\n\t\t\t\t\t\t<div class=\"wp-block-group thumbnail-image\">\n\t\t\t\t\t\t\t<a href=\"https:\/\/www.camping-la-clairiere.com\/de\/hebergements\/komfortstellplatz-1-fahrzeug-wasser-und-strom-private-sanitaeranlagen-pmr\/\" title=\"Komfortstellplatz + 1 Fahrzeug - Wasser und Strom - Private Sanit\u00e4ranlagen PMR\">\n\t\t\t\t\t\t\t\t<figure class=\"wp-block-image alignfull size-large\" style=\"margin:0;\">\n\t\t\t\t\t\t\t\t\t<img decoding=\"async\" src=\"https:\/\/www.camping-la-clairiere.com\/wp-content\/uploads\/2026\/04\/00001348367-1024x498.jpg\"\n\t\t\t\t\t\t\t\t\t\talt=\"Komfortstellplatz + 1 Fahrzeug - Wasser und Strom - Private Sanit\u00e4ranlagen PMR\" \/>\n\t\t\t\t\t\t\t\t<\/figure>\n\t\t\t\t\t\t\t\t<div class=\"full\">\n\t\t\t\t\t\t\t\t\t<p class=\"text\">Verf\u00fcgbar zu anderen Terminen<\/p>\n\t\t\t\t\t\t\t\t<\/div>\n\t\t\t\t\t\t\t<\/a>\n\t\t\t\t\t\t<\/div>\n\n\n\t\t\t\t\t\t<div class=\"wp-block-group has-white-background-color has-background card-content\">\n\t\t\t\t\t\t\t<div class=\"wp-block-group content\">\n\t\t\t\t\t\t\t\t<h3 class=\"wp-block-heading has-secondary-color has-link-color has-secondary-color\">\n\t\t\t\t\t\t\t\t\tKomfortstellplatz + 1 Fahrzeug - Wasser und Strom - Private Sanit\u00e4ranlagen PMR\t\t\t\t\t\t\t\t<\/h3>\n\n\t\t\t\t\t\t\t\t\t\t\t\t\t\t\t<\/div>\n\n\t\t\t\t\t\t\t<div class=\"wp-block-group card-price has-background\">\n\t\t\t\t\t\t\t\t<div class=\"loader\">\n\t\t\t\t\t\t\t\t\t<span class=\"dot\"><\/span>\n\t\t\t\t\t\t\t\t\t<span class=\"dot\"><\/span>\n\t\t\t\t\t\t\t\t\t<span class=\"dot\"><\/span>\n\t\t\t\t\t\t\t\t<\/div>\n\t\t\t\t\t\t\t\t<div class=\"booking_default\">\n\t\t\t\t\t\t\t\t\t<p class=\"has-text-align-right\">Ab<\/p>\n\n\t\t\t\t\t\t\t\t\t<p class=\"has-text-align-right booking_price has-secondary-font-family\"><\/p>\n\t\t\t\t\t\t\t\t\t<p class=\"has-text-align-right booking_no_discount has-secondary-font-family\"><\/p>\n\n\t\t\t\t\t\t\t\t\t<p class=\"has-text-align-right dates\">\n\t\t\t\t\t\t\t\t\t\tVon <span class=\"start\"><\/span> bis <span class=\"end\"><\/span>\t\t\t\t\t\t\t\t\t<\/p>\n\t\t\t\t\t\t\t\t<\/div>\n\t\t\t\t\t\t\t\t<div class=\"wp-block-group booking_alt\">\n\t\t\t\t\t\t\t\t\t<p class=\"booking_alt_text\">Verf\u00fcgbar zu anderen Terminen<\/p>\n\t\t\t\t\t\t\t\t\t<div class=\"booking_alt_content\">\n\t\t\t\t\t\t\t\t\t<\/div>\n\t\t\t\t\t\t\t\t<\/div>\n\t\t\t\t\t\t\t<\/div>\n\t\t\t\t\t\t<\/div>\n\n\t\t\t\t\t\t<div class=\"wp-block-buttons has-custom-font-size has-l-font-size\">\n\t\t\t\t\t\t\t<div\n\t\t\t\t\t\t\t\tclass=\"wp-block-button has-custom-width wp-block-button__width-100 has-custom-font-size booking-btn has-secondary-font-family\">\n\t\t\t\t\t\t\t\t<a href=\"https:\/\/www.camping-la-clairiere.com\/de\/hebergements\/komfortstellplatz-1-fahrzeug-wasser-und-strom-private-sanitaeranlagen-pmr\/\"\n\t\t\t\t\t\t\t\t\tclass=\"wp-block-button__link has-white-color has-text-color has-background has-link-color has-text-align-center wp-element-button\">\n\t\t\t\t\t\t\t\t\tEntdecken\t\t\t\t\t\t\t\t<\/a>\n\t\t\t\t\t\t\t<\/div>\n\t\t\t\t\t\t<\/div>\n\t\t\t\t\t\t<div class=\"booking_last\">\n\t\t\t\t\t\t\t<p class=\"booking_last_content\">\n\t\t\t\t\t\t\t\tNur noch <span class=\"booking_last_value\"><\/span> <br>verf\u00fcgbar\t\t\t\t\t\t\t<\/p>\n\t\t\t\t\t\t<\/div>\n\t\t\t\t\t\t<div class=\"booking_exclusive is-style-hover-image-effect\"><\/div>\n\t\t\t\t\t<\/div>\n\t\t\t\t<\/li>\n\n\t\t\t\t\t\t\t<li class=\"swiper-slide\">\n\t\t\t\t\t<div class=\"wp-block-group card-gamme is-style-default is-style-relative\"\n\t\t\t\t\t\t data-booking-product=\"148934\" data-booking-etab=\"19308\" data-capacity=\"6\"\t\t\t\t\t\t data-product-filters='[{\"code\":\"surface\",\"type\":\"number\",\"value\":100},{\"code\":\"pets-allowed\",\"type\":\"boolean\",\"value\":true},{\"code\":\"electricity\",\"type\":\"boolean\",\"value\":true},{\"code\":\"running-water\",\"type\":\"boolean\",\"value\":true},{\"code\":\"mini-individual-toilet-block\",\"type\":\"boolean\",\"value\":true}]'>\n\t\t\t\t\t\t<div class=\"wp-block-group thumbnail-image\">\n\t\t\t\t\t\t\t<a href=\"https:\/\/www.camping-la-clairiere.com\/de\/hebergements\/komfortstellplatz-1-fahrzeug-wasser-und-strom-private-sanitaeranlagen\/\" title=\"Komfortstellplatz + 1 Fahrzeug - Wasser und Strom - Private Sanit\u00e4ranlagen\">\n\t\t\t\t\t\t\t\t<figure class=\"wp-block-image alignfull size-large\" style=\"margin:0;\">\n\t\t\t\t\t\t\t\t\t<img decoding=\"async\" src=\"https:\/\/www.camping-la-clairiere.com\/wp-content\/uploads\/2026\/04\/00001353784-1024x768.jpg\"\n\t\t\t\t\t\t\t\t\t\talt=\"Komfortstellplatz + 1 Fahrzeug - Wasser und Strom - Private Sanit\u00e4ranlagen\" \/>\n\t\t\t\t\t\t\t\t<\/figure>\n\t\t\t\t\t\t\t\t<div class=\"full\">\n\t\t\t\t\t\t\t\t\t<p class=\"text\">Verf\u00fcgbar zu anderen Terminen<\/p>\n\t\t\t\t\t\t\t\t<\/div>\n\t\t\t\t\t\t\t<\/a>\n\t\t\t\t\t\t<\/div>\n\n\n\t\t\t\t\t\t<div class=\"wp-block-group has-white-background-color has-background card-content\">\n\t\t\t\t\t\t\t<div class=\"wp-block-group content\">\n\t\t\t\t\t\t\t\t<h3 class=\"wp-block-heading has-secondary-color has-link-color has-secondary-color\">\n\t\t\t\t\t\t\t\t\tKomfortstellplatz + 1 Fahrzeug - Wasser und Strom - Private Sanit\u00e4ranlagen\t\t\t\t\t\t\t\t<\/h3>\n\n\t\t\t\t\t\t\t\t\t\t\t\t\t\t\t<\/div>\n\n\t\t\t\t\t\t\t<div class=\"wp-block-group card-price has-background\">\n\t\t\t\t\t\t\t\t<div class=\"loader\">\n\t\t\t\t\t\t\t\t\t<span class=\"dot\"><\/span>\n\t\t\t\t\t\t\t\t\t<span class=\"dot\"><\/span>\n\t\t\t\t\t\t\t\t\t<span class=\"dot\"><\/span>\n\t\t\t\t\t\t\t\t<\/div>\n\t\t\t\t\t\t\t\t<div class=\"booking_default\">\n\t\t\t\t\t\t\t\t\t<p class=\"has-text-align-right\">Ab<\/p>\n\n\t\t\t\t\t\t\t\t\t<p class=\"has-text-align-right booking_price has-secondary-font-family\"><\/p>\n\t\t\t\t\t\t\t\t\t<p class=\"has-text-align-right booking_no_discount has-secondary-font-family\"><\/p>\n\n\t\t\t\t\t\t\t\t\t<p class=\"has-text-align-right dates\">\n\t\t\t\t\t\t\t\t\t\tVon <span class=\"start\"><\/span> bis <span class=\"end\"><\/span>\t\t\t\t\t\t\t\t\t<\/p>\n\t\t\t\t\t\t\t\t<\/div>\n\t\t\t\t\t\t\t\t<div class=\"wp-block-group booking_alt\">\n\t\t\t\t\t\t\t\t\t<p class=\"booking_alt_text\">Verf\u00fcgbar zu anderen Terminen<\/p>\n\t\t\t\t\t\t\t\t\t<div class=\"booking_alt_content\">\n\t\t\t\t\t\t\t\t\t<\/div>\n\t\t\t\t\t\t\t\t<\/div>\n\t\t\t\t\t\t\t<\/div>\n\t\t\t\t\t\t<\/div>\n\n\t\t\t\t\t\t<div class=\"wp-block-buttons has-custom-font-size has-l-font-size\">\n\t\t\t\t\t\t\t<div\n\t\t\t\t\t\t\t\tclass=\"wp-block-button has-custom-width wp-block-button__width-100 has-custom-font-size booking-btn has-secondary-font-family\">\n\t\t\t\t\t\t\t\t<a href=\"https:\/\/www.camping-la-clairiere.com\/de\/hebergements\/komfortstellplatz-1-fahrzeug-wasser-und-strom-private-sanitaeranlagen\/\"\n\t\t\t\t\t\t\t\t\tclass=\"wp-block-button__link has-white-color has-text-color has-background has-link-color has-text-align-center wp-element-button\">\n\t\t\t\t\t\t\t\t\tEntdecken\t\t\t\t\t\t\t\t<\/a>\n\t\t\t\t\t\t\t<\/div>\n\t\t\t\t\t\t<\/div>\n\t\t\t\t\t\t<div class=\"booking_last\">\n\t\t\t\t\t\t\t<p class=\"booking_last_content\">\n\t\t\t\t\t\t\t\tNur noch <span class=\"booking_last_value\"><\/span> <br>verf\u00fcgbar\t\t\t\t\t\t\t<\/p>\n\t\t\t\t\t\t<\/div>\n\t\t\t\t\t\t<div class=\"booking_exclusive is-style-hover-image-effect\"><\/div>\n\t\t\t\t\t<\/div>\n\t\t\t\t<\/li>\n\n\t\t\t\t\t\t\t<li class=\"swiper-slide\">\n\t\t\t\t\t<div class=\"wp-block-group card-gamme is-style-default is-style-relative\"\n\t\t\t\t\t\t data-booking-product=\"148931\" data-booking-etab=\"19308\" data-capacity=\"6\"\t\t\t\t\t\t data-product-filters='[{\"code\":\"surface\",\"type\":\"number\",\"value\":100},{\"code\":\"pets-allowed\",\"type\":\"boolean\",\"value\":true},{\"code\":\"electricity\",\"type\":\"boolean\",\"value\":true},{\"code\":\"running-water\",\"type\":\"boolean\",\"value\":true}]'>\n\t\t\t\t\t\t<div class=\"wp-block-group thumbnail-image\">\n\t\t\t\t\t\t\t<a href=\"https:\/\/www.camping-la-clairiere.com\/de\/hebergements\/stellplatz-confort-1-fahrzeug-wasser-und-strom\/\" title=\"Stellplatz Confort + 1 Fahrzeug - Wasser und Strom\">\n\t\t\t\t\t\t\t\t<figure class=\"wp-block-image alignfull size-large\" style=\"margin:0;\">\n\t\t\t\t\t\t\t\t\t<img decoding=\"async\" src=\"https:\/\/www.camping-la-clairiere.com\/wp-content\/uploads\/2026\/04\/00001353782-1024x498.jpg\"\n\t\t\t\t\t\t\t\t\t\talt=\"Stellplatz Confort + 1 Fahrzeug - Wasser und Strom\" \/>\n\t\t\t\t\t\t\t\t<\/figure>\n\t\t\t\t\t\t\t\t<div class=\"full\">\n\t\t\t\t\t\t\t\t\t<p class=\"text\">Verf\u00fcgbar zu anderen Terminen<\/p>\n\t\t\t\t\t\t\t\t<\/div>\n\t\t\t\t\t\t\t<\/a>\n\t\t\t\t\t\t<\/div>\n\n\n\t\t\t\t\t\t<div class=\"wp-block-group has-white-background-color has-background card-content\">\n\t\t\t\t\t\t\t<div class=\"wp-block-group content\">\n\t\t\t\t\t\t\t\t<h3 class=\"wp-block-heading has-secondary-color has-link-color has-secondary-color\">\n\t\t\t\t\t\t\t\t\tStellplatz Confort + 1 Fahrzeug - Wasser und Strom\t\t\t\t\t\t\t\t<\/h3>\n\n\t\t\t\t\t\t\t\t\t\t\t\t\t\t\t<\/div>\n\n\t\t\t\t\t\t\t<div class=\"wp-block-group card-price has-background\">\n\t\t\t\t\t\t\t\t<div class=\"loader\">\n\t\t\t\t\t\t\t\t\t<span class=\"dot\"><\/span>\n\t\t\t\t\t\t\t\t\t<span class=\"dot\"><\/span>\n\t\t\t\t\t\t\t\t\t<span class=\"dot\"><\/span>\n\t\t\t\t\t\t\t\t<\/div>\n\t\t\t\t\t\t\t\t<div class=\"booking_default\">\n\t\t\t\t\t\t\t\t\t<p class=\"has-text-align-right\">Ab<\/p>\n\n\t\t\t\t\t\t\t\t\t<p class=\"has-text-align-right booking_price has-secondary-font-family\"><\/p>\n\t\t\t\t\t\t\t\t\t<p class=\"has-text-align-right booking_no_discount has-secondary-font-family\"><\/p>\n\n\t\t\t\t\t\t\t\t\t<p class=\"has-text-align-right dates\">\n\t\t\t\t\t\t\t\t\t\tVon <span class=\"start\"><\/span> bis <span class=\"end\"><\/span>\t\t\t\t\t\t\t\t\t<\/p>\n\t\t\t\t\t\t\t\t<\/div>\n\t\t\t\t\t\t\t\t<div class=\"wp-block-group booking_alt\">\n\t\t\t\t\t\t\t\t\t<p class=\"booking_alt_text\">Verf\u00fcgbar zu anderen Terminen<\/p>\n\t\t\t\t\t\t\t\t\t<div class=\"booking_alt_content\">\n\t\t\t\t\t\t\t\t\t<\/div>\n\t\t\t\t\t\t\t\t<\/div>\n\t\t\t\t\t\t\t<\/div>\n\t\t\t\t\t\t<\/div>\n\n\t\t\t\t\t\t<div class=\"wp-block-buttons has-custom-font-size has-l-font-size\">\n\t\t\t\t\t\t\t<div\n\t\t\t\t\t\t\t\tclass=\"wp-block-button has-custom-width wp-block-button__width-100 has-custom-font-size booking-btn has-secondary-font-family\">\n\t\t\t\t\t\t\t\t<a href=\"https:\/\/www.camping-la-clairiere.com\/de\/hebergements\/stellplatz-confort-1-fahrzeug-wasser-und-strom\/\"\n\t\t\t\t\t\t\t\t\tclass=\"wp-block-button__link has-white-color has-text-color has-background has-link-color has-text-align-center wp-element-button\">\n\t\t\t\t\t\t\t\t\tEntdecken\t\t\t\t\t\t\t\t<\/a>\n\t\t\t\t\t\t\t<\/div>\n\t\t\t\t\t\t<\/div>\n\t\t\t\t\t\t<div class=\"booking_last\">\n\t\t\t\t\t\t\t<p class=\"booking_last_content\">\n\t\t\t\t\t\t\t\tNur noch <span class=\"booking_last_value\"><\/span> <br>verf\u00fcgbar\t\t\t\t\t\t\t<\/p>\n\t\t\t\t\t\t<\/div>\n\t\t\t\t\t\t<div class=\"booking_exclusive is-style-hover-image-effect\"><\/div>\n\t\t\t\t\t<\/div>\n\t\t\t\t<\/li>\n\n\t\t\t\t\t<\/ul>\n\n\t<\/div>\n\n<\/div>\n\n\n\n<div style=\"height:var(--wp--preset--spacing--xxxl)\" aria-hidden=\"true\" class=\"wp-block-spacer\"><\/div>\n\n\n\n<div class=\"wp-block-group has-global-padding is-layout-constrained wp-container-core-group-is-layout-41c22256 wp-block-group-is-layout-constrained\" style=\"padding-right:var(--wp--preset--spacing--l);padding-left:var(--wp--preset--spacing--l)\">\n<h2 class=\"wp-block-heading has-text-align-center is-style-top-title is-style-top-title--3\">Unsere verschiedenen Arten von Unterk\u00fcnften in La Tremblade in der Charente-Maritime<\/h2>\n\n\n\n<p class=\"has-text-align-center\">Wenn Sie etwas mehr Komfort bevorzugen, bietet der Campingplatz La Clairi\u00e8re auch eine Reihe von Unterk\u00fcnften f\u00fcr jeden Geschmack. Von Mobilheimen \u00fcber voll ausgestattete Chalets bis hin zu ungew\u00f6hnlichen Unterk\u00fcnften f\u00fcr die Abenteuerlustigen, hier findet jeder sein Gl\u00fcck. Diese Optionen erm\u00f6glichen es Ihnen, die gesellige Atmosph\u00e4re des Campingplatzes zu genie\u00dfen und gleichzeitig den Komfort eines echten Ferienhauses zu haben.  <\/p>\n\n\n\n<p class=\"has-text-align-center\">Jede Unterkunft ist so konzipiert, dass sie Ihnen einen angenehmen Lebensraum bietet, mit einer gepflegten Ausstattung und Dekoration. So k\u00f6nnen Sie sich in aller Ruhe entspannen und gleichzeitig von den zahlreichen Aktivit\u00e4ten profitieren, die vor Ort angeboten werden: Schwimmbad, Kinderspielplatz, Abendunterhaltung und vieles mehr. <\/p>\n\n\n\n<p class=\"has-text-align-center\">Zusammenfassend l\u00e4sst sich sagen, dass der Campingplatz La Clairi\u00e8re in La Tremblade der ideale Ort f\u00fcr Ihren Urlaub in der Charente-Maritime ist, egal ob Sie ein Anh\u00e4nger des traditionellen Campings sind oder den Komfort einer komplett ausgestatteten Unterkunft bevorzugen. Mit seinen gut durchdachten Stellpl\u00e4tzen, seinem Service und seiner au\u00dfergew\u00f6hnlichen nat\u00fcrlichen Umgebung brauchen Sie nur noch Ihren Aufenthalt zu buchen und jeden Augenblick zu genie\u00dfen. Bis bald auf dem Campingplatz La Clairi\u00e8re!  <\/p>\n<\/div>\n\n\n\n<div style=\"height:var(--wp--preset--spacing--xxxl)\" aria-hidden=\"true\" class=\"wp-block-spacer\"><\/div>\n\n\n\n<div class=\"wp-block-group has-global-padding is-layout-constrained wp-container-core-group-is-layout-41c22256 wp-block-group-is-layout-constrained\" style=\"padding-right:var(--wp--preset--spacing--l);padding-left:var(--wp--preset--spacing--l)\">\n<h2 class=\"wp-block-heading has-text-align-center is-style-top-title is-style-top-title--4\">  Mieten Sie einen Wohnmobilstellplatz in La Tremblade in der Charente-Maritime<\/h2>\n\n\n\n<p class=\"has-text-align-center\">Auf Camping La Clairi\u00e8re wissen wir, dass jeder Camper seine eigenen Vorlieben hat. Deshalb bieten wir eine Vielzahl von Stellpl\u00e4tzen an, die auf Ihre Bed\u00fcrfnisse zugeschnitten sind. Ob Sie mit Ihrem Zelt, Wohnwagen oder Wohnmobil anreisen, bei uns finden Sie den perfekten Platz. Unsere Stellpl\u00e4tze sind ger\u00e4umig, gut abgegrenzt und schattig und bieten somit optimalen Komfort f\u00fcr Ihren Urlaub. Sie werden die N\u00e4he der gepflegten Sanit\u00e4ranlagen und den einfachen Zugang zu Wasser- und Stromanschl\u00fcssen zu sch\u00e4tzen wissen.      <\/p>\n\n\n\n<p class=\"has-text-align-center\">Stellen Sie sich vor, Sie werden morgens von Vogelgezwitscher geweckt und sind bereit f\u00fcr einen neuen Tag voller Erkundungen oder zum Faulenzen. Der Strand ist nur wenige Minuten entfernt und die Radwege laden Sie dazu ein, die Umgebung in Ihrem eigenen Tempo zu erkunden. Nach einem ereignisreichen Tag k\u00f6nnen Sie die Ruhe Ihres Stellplatzes genie\u00dfen und ein Abendessen im Freien unter den Sternen genie\u00dfen.  <br><\/p>\n<\/div>\n\n\n\n<div style=\"height:var(--wp--preset--spacing--xxxl)\" aria-hidden=\"true\" class=\"wp-block-spacer\"><\/div>\n\n\n\n<div class=\"wp-block-group has-global-padding is-layout-constrained wp-container-core-group-is-layout-41c22256 wp-block-group-is-layout-constrained\" style=\"padding-right:var(--wp--preset--spacing--l);padding-left:var(--wp--preset--spacing--l)\">\n<h2 class=\"wp-block-heading has-text-align-center is-style-top-title is-style-top-title--5\">Servicebereich f\u00fcr Wohnmobile in Charente-Maritime<\/h2>\n\n\n\n<p class=\"has-text-align-center\">F\u00fcr Wohnmobilisten ist unser Servicebereich so konzipiert, dass er Ihnen das Leben leichter macht. Er befindet sich in der N\u00e4he der Stellpl\u00e4tze und erm\u00f6glicht Ihnen, Ihr Fahrzeug einfach zu entleeren und zu bef\u00fcllen. Die Entleerung ist auf Ihrem Stellplatz m\u00f6glich, der auch \u00fcber einen Wasseranschluss verf\u00fcgt. So k\u00f6nnen Sie Ihren Aufenthalt ohne logistische Sorgen genie\u00dfen und sich auf das Wesentliche konzentrieren: die Entdeckung und das Vergn\u00fcgen.   <\/p>\n\n\n\n<p class=\"has-text-align-center\">Die Charente-Maritime ist voller Sch\u00e4tze, die es zu erkunden gilt und unser Campingplatz ist der ideale Ausgangspunkt f\u00fcr Ihr Abenteuer. Ob Sie die ber\u00fchmten Inseln R\u00e9 und Ol\u00e9ron besuchen oder sich in den malerischen Gassen der umliegenden D\u00f6rfer verlieren m\u00f6chten, Sie haben die Qual der Wahl. Und was gibt es Sch\u00f6neres, als nach einem Tag voller Entdeckungen in den Komfort Ihres Wohnmobils zur\u00fcckzukehren, bereit, am n\u00e4chsten Tag zu neuen Abenteuern aufzubrechen?  <br><\/p>\n<\/div>\n\n\n\n<div style=\"height:var(--wp--preset--spacing--xxxxxl)\" aria-hidden=\"true\" class=\"wp-block-spacer\"><\/div>\n","protected":false},"excerpt":{"rendered":"<p>Campingplatz in La Tremblade in der Charente-Maritime Ein Blick auf den Campingplatz in Bildern. Willkommen auf dem Campingplatz La Clairi\u00e8re, einem Ort, an dem sich die Seeluft der Charente-Maritime mit der Lebensfreude von La Tremblade vermischt. Hier ist jeder Platz eine Einladung zum Entspannen und Entdecken. Ob Sie nun ein erfahrener Camper oder ein Neuling [&hellip;]<\/p>\n","protected":false},"author":1,"featured_media":0,"parent":0,"menu_order":0,"comment_status":"closed","ping_status":"closed","template":"page-full-width","meta":{"_acf_changed":false,"_seopress_robots_primary_cat":"","_seopress_titles_title":"Camping-Stellplatz in La Tremblade | Stellpl\u00e4tze f\u00fcr Zelte ab 230\u20ac","_seopress_titles_desc":"Buchen Sie Ihren Stellplatz f\u00fcr Zelt, Wohnwagen oder Wohnmobil in La Tremblade f\u00fcr Ihren Urlaub in der Charente-Maritime.","_seopress_robots_index":"","footnotes":""},"class_list":["post-2058","page","type-page","status-publish","hentry"],"acf":[],"_links":{"self":[{"href":"https:\/\/www.camping-la-clairiere.com\/de\/wp-json\/wp\/v2\/pages\/2058","targetHints":{"allow":["GET"]}}],"collection":[{"href":"https:\/\/www.camping-la-clairiere.com\/de\/wp-json\/wp\/v2\/pages"}],"about":[{"href":"https:\/\/www.camping-la-clairiere.com\/de\/wp-json\/wp\/v2\/types\/page"}],"author":[{"embeddable":true,"href":"https:\/\/www.camping-la-clairiere.com\/de\/wp-json\/wp\/v2\/users\/1"}],"replies":[{"embeddable":true,"href":"https:\/\/www.camping-la-clairiere.com\/de\/wp-json\/wp\/v2\/comments?post=2058"}],"version-history":[{"count":5,"href":"https:\/\/www.camping-la-clairiere.com\/de\/wp-json\/wp\/v2\/pages\/2058\/revisions"}],"predecessor-version":[{"id":2313,"href":"https:\/\/www.camping-la-clairiere.com\/de\/wp-json\/wp\/v2\/pages\/2058\/revisions\/2313"}],"wp:attachment":[{"href":"https:\/\/www.camping-la-clairiere.com\/de\/wp-json\/wp\/v2\/media?parent=2058"}],"curies":[{"name":"wp","href":"https:\/\/api.w.org\/{rel}","templated":true}]}}