{"id":1984,"date":"2026-04-03T16:11:01","date_gmt":"2026-04-03T14:11:01","guid":{"rendered":"https:\/\/www.camping-la-clairiere.com\/wellnessbereich\/"},"modified":"2026-04-09T17:38:18","modified_gmt":"2026-04-09T15:38:18","slug":"wellnessbereich","status":"publish","type":"page","link":"https:\/\/www.camping-la-clairiere.com\/de\/wellnessbereich\/","title":{"rendered":"Wellnessbereich"},"content":{"rendered":"\n<div class=\"wp-block-group alignfull is-layout-flow wp-block-group-is-layout-flow\" style=\"margin-top:0;margin-bottom:0;padding-top:0;padding-right:0;padding-bottom:0;padding-left:0\">\n<div class=\"wp-block-group is-layout-flow wp-block-group-is-layout-flow\">\n<div class=\"wp-block-cover alignfull has-custom-content-position is-position-bottom-center\" style=\"padding-top:0;padding-right:0;padding-bottom:0;padding-left:0;min-height:100vh;aspect-ratio:unset;\"><img alt=\"Ambiance spa avec huiles essentielles, bougie et serviette.\" decoding=\"async\" width=\"2560\" height=\"1440\" class=\"wp-block-cover__image-background wp-image-750 size-16\/9_2560x1440_desktop\" alt=\"\" src=\"https:\/\/www.camping-la-clairiere.com\/wp-content\/uploads\/2026\/04\/bien-etre-camping-la-clairiere-charente-maritimes_04-2560x1440.webp\" data-object-fit=\"cover\" srcset=\"https:\/\/www.camping-la-clairiere.com\/wp-content\/uploads\/2026\/04\/bien-etre-camping-la-clairiere-charente-maritimes_04-2560x1440.webp 2560w, https:\/\/www.camping-la-clairiere.com\/wp-content\/uploads\/2026\/04\/bien-etre-camping-la-clairiere-charente-maritimes_04-1920x1080.webp 1920w, https:\/\/www.camping-la-clairiere.com\/wp-content\/uploads\/2026\/04\/bien-etre-camping-la-clairiere-charente-maritimes_04-1440x810.webp 1440w, https:\/\/www.camping-la-clairiere.com\/wp-content\/uploads\/2026\/04\/bien-etre-camping-la-clairiere-charente-maritimes_04-1366x768.webp 1366w, https:\/\/www.camping-la-clairiere.com\/wp-content\/uploads\/2026\/04\/bien-etre-camping-la-clairiere-charente-maritimes_04-1024x576.webp 1024w, https:\/\/www.camping-la-clairiere.com\/wp-content\/uploads\/2026\/04\/bien-etre-camping-la-clairiere-charente-maritimes_04-800x450.webp 800w, https:\/\/www.camping-la-clairiere.com\/wp-content\/uploads\/2026\/04\/bien-etre-camping-la-clairiere-charente-maritimes_04-640x360.webp 640w, https:\/\/www.camping-la-clairiere.com\/wp-content\/uploads\/2026\/04\/bien-etre-camping-la-clairiere-charente-maritimes_04-375x210.webp 375w, https:\/\/www.camping-la-clairiere.com\/wp-content\/uploads\/2026\/04\/bien-etre-camping-la-clairiere-charente-maritimes_04-200x112.webp 200w, https:\/\/www.camping-la-clairiere.com\/wp-content\/uploads\/2026\/04\/bien-etre-camping-la-clairiere-charente-maritimes_04-100x56.webp 100w\" sizes=\"(max-width: 2560px) 100vw, 2560px\" \/><span aria-hidden=\"true\" class=\"wp-block-cover__background has-transparent-background-color has-background-dim-100 has-background-dim\"><\/span><div class=\"wp-block-cover__inner-container is-layout-flow wp-block-cover-is-layout-flow\">\n<div class=\"wp-block-group has-secondary-gradient-gradient-background has-background has-global-padding is-layout-constrained wp-block-group-is-layout-constrained\">\n<div style=\"height:15vh\" aria-hidden=\"true\" class=\"wp-block-spacer\"><\/div>\n<\/div>\n<\/div><\/div>\n<\/div>\n<\/div>\n<div style=\"padding-top:10px;padding-left:10px;\" class=\"alignfull wp-elements-c549f836684188f85e65cc5f157bd5e7 wp-block-wpseopress-breadcrumbs\"><nav  aria-label=\"breadcrumb\"><ol class=\"breadcrumb\" itemscope itemtype=\"https:\/\/schema.org\/BreadcrumbList\"><li class=\"breadcrumb-item active\" aria-current=\"page\" itemprop=\"itemListElement\" itemscope itemtype=\"https:\/\/schema.org\/ListItem\"><span itemprop=\"name\">Camping \u00e0 La Tremblade<\/span><meta itemprop=\"position\" content=\"1\"><\/li><\/ol><\/nav><\/div>\n<div style=\"height:var(--wp--preset--spacing--xxxl)\" aria-hidden=\"true\" class=\"wp-block-spacer\"><\/div>\n\n<div class=\"wp-block-group alignfull has-global-padding is-layout-constrained wp-container-core-group-is-layout-076db290 wp-block-group-is-layout-constrained\" style=\"margin-top:0;padding-top:0;padding-right:var(--wp--preset--spacing--l);padding-bottom:0;padding-left:var(--wp--preset--spacing--l)\">\n<div class=\"wp-block-group has-global-padding is-layout-constrained wp-container-core-group-is-layout-6d08aa83 wp-block-group-is-layout-constrained\" style=\"margin-top:0;margin-bottom:0;padding-top:0;padding-right:0;padding-bottom:0;padding-left:0\">\n<figure class=\"wp-block-image aligncenter size-large is-resized\"><img alt=\"Bonbon ray\u00e9 rose et blanc.\" decoding=\"async\" width=\"1024\" height=\"916\" src=\"https:\/\/www.camping-la-clairiere.com\/wp-content\/uploads\/2026\/04\/4af274f244d018dbb3c8e8a148bcd064e4a2990b-1024x916.png\" alt=\"\" class=\"wp-image-451\" style=\"width:50px\"\/><\/figure>\n<\/div>\n\n\n\n<div class=\"wp-block-group has-global-padding is-layout-constrained wp-container-core-group-is-layout-72d38984 wp-block-group-is-layout-constrained\" style=\"margin-top:0;margin-bottom:0;padding-top:0;padding-right:0;padding-bottom:0;padding-left:0\">\n<h1 class=\"wp-block-heading has-text-align-center is-style-top-title is-style-top-title--1\" style=\"margin-bottom:0\">Ein Wellnessbereich, um wirklich zu entschleunigen<\/h1>\n\n\n\n<p class=\"has-text-align-center is-style-title-below is-style-title-below--2\" style=\"padding-bottom:0\">Massagen, Entspannung, sanfte Klammer.<\/p>\n\n\n\n<div class=\"wp-block-group has-global-padding is-layout-constrained wp-block-group-is-layout-constrained\">\n<p class=\"has-text-align-center\" style=\"margin-bottom:0px\"><br\/>Hier kann man im Urlaub auch mal die F\u00fc\u00dfe hochlegen. Mit seinem <strong>intimen Wellnessbereich<\/strong> bietet unser Campingplatz einen angenehmen Aufenthalt. <strong><a href=\"https:\/\/www.camping-la-clairiere.com\/de\/\" data-type=\"page\" data-id=\"353\">Campingplatz in La Tremblade<\/a><\/strong> eine Auszeit f\u00fcr alle, die sich gerne in einer ruhigen und beruhigenden Atmosph\u00e4re um sich selbst k\u00fcmmern m\u00f6chten. Vor Ort laden <strong>Massage-<\/strong> und <strong>Entspannungssitzungen<\/strong> dazu ein, sich zu zentrieren, durchzuatmen und den sanfteren Rhythmus zu finden, den man oft schon in den ersten Tagen des Urlaubs sucht. Die Umgebung bietet sich nat\u00fcrlich f\u00fcr diese Pause an, mit einer ruhigen Atmosph\u00e4re, die Lust darauf macht, weniger zu tun&#8230; und mehr zu genie\u00dfen.   <\/p>\n<\/div>\n<\/div>\n<\/div>\n\n<div style=\"height:var(--wp--preset--spacing--xxxl)\" aria-hidden=\"true\" class=\"wp-block-spacer\"><\/div>\n\n<div class=\"wp-block-group alignfull has-global-padding is-layout-constrained wp-container-core-group-is-layout-72d38984 wp-block-group-is-layout-constrained\" style=\"margin-top:0;margin-bottom:0;padding-top:0;padding-right:0;padding-bottom:0;padding-left:0\">\n<div class=\"wp-block-group alignfull has-global-padding is-layout-constrained wp-container-core-group-is-layout-a0ad46d7 wp-block-group-is-layout-constrained\" style=\"margin-top:0;margin-bottom:0;padding-top:0;padding-right:0;padding-bottom:0;padding-left:0\">\n<div class=\"wp-block-columns hrz-responsive-col hrz-contenus-8 is-layout-flex wp-container-core-columns-is-layout-410e660c wp-block-columns-is-layout-flex\" style=\"padding-right:0;padding-left:0\">\n<div class=\"wp-block-column is-vertically-aligned-bottom fade has-global-padding is-content-justification-right is-layout-constrained wp-container-core-column-is-layout-85763710 wp-block-column-is-layout-constrained\" style=\"flex-basis:50%\">\n<div class=\"wp-block-group has-global-padding is-content-justification-right is-layout-constrained wp-container-core-group-is-layout-76cbeed5 wp-block-group-is-layout-constrained\">\n<div class=\"wp-block-group is-layout-flow wp-container-core-group-is-layout-a77db08e wp-block-group-is-layout-flow\">\n<div class=\"wp-block-group is-vertical is-content-justification-right is-layout-flex wp-container-core-group-is-layout-c0d519fa wp-block-group-is-layout-flex\">\n<figure class=\"wp-block-image size-large is-resized\"><img alt=\"Illustration d&#039;un palmier stylis\u00e9\" decoding=\"async\" width=\"666\" height=\"1024\" src=\"https:\/\/www.camping-la-clairiere.com\/wp-content\/uploads\/2026\/04\/170bcef585a64778b23fae9f4044894e36ebabca-scaled-e1775123071690-666x1024.png\" alt=\"\" class=\"wp-image-456\" style=\"width:50px\"\/><\/figure>\n\n\n\n<h2 class=\"wp-block-heading has-text-align-right is-style-top-title is-style-top-title--3\" style=\"margin-bottom:0\">Ein Ort der Entspannung<\/h2>\n\n\n\n<p class=\"has-text-align-right is-style-title-below is-style-title-below--4\" style=\"padding-bottom:0\">Ein intimer Raum f\u00fcr eine echte Pause w\u00e4hrend des Aufenthalts.<\/p>\n<\/div>\n<\/div>\n\n\n\n<div class=\"wp-block-group is-layout-flow wp-block-group-is-layout-flow\">\n<p class=\"has-text-align-right\">Der<strong>intime Wellnessbereich<\/strong> vermittelt sofort ein Gef\u00fchl der Ruhe. Hier l\u00e4dt alles dazu ein, sich zu verlangsamen, sich f\u00fcr einen Moment vom \u00fcblichen Rhythmus zu entfernen und eine ged\u00e4mpfte Umgebung zu genie\u00dfen. Dieses vertraulichere Format tr\u00e4gt zum Charme des Ortes bei und erm\u00f6glicht eine einfache Erfahrung in einer Atmosph\u00e4re, die zum Entspannen einl\u00e4dt.  <\/p>\n<\/div>\n<\/div>\n\n\n\n<figure data-wp-context=\"{&quot;imageId&quot;:&quot;69d81f15b39bd&quot;}\" data-wp-interactive=\"core\/image\" data-wp-key=\"69d81f15b39bd\" class=\"wp-block-image size-full is-style-rounded is-style-rounded--5 wp-lightbox-container\"><img alt=\"Salle de massage avec d\u00e9cor floral apaisant.\" decoding=\"async\" width=\"1080\" height=\"810\" data-wp-class--hide=\"state.isContentHidden\" data-wp-class--show=\"state.isContentVisible\" data-wp-init=\"callbacks.setButtonStyles\" data-wp-on--click=\"actions.showLightbox\" data-wp-on--load=\"callbacks.setButtonStyles\" data-wp-on-window--resize=\"callbacks.setButtonStyles\" src=\"https:\/\/www.camping-la-clairiere.com\/wp-content\/uploads\/2026\/04\/Espace-zen-1.jpg\" alt=\"\" class=\"wp-image-1022\" srcset=\"https:\/\/www.camping-la-clairiere.com\/wp-content\/uploads\/2026\/04\/Espace-zen-1.jpg 1080w, https:\/\/www.camping-la-clairiere.com\/wp-content\/uploads\/2026\/04\/Espace-zen-1-300x225.jpg 300w, https:\/\/www.camping-la-clairiere.com\/wp-content\/uploads\/2026\/04\/Espace-zen-1-1024x768.jpg 1024w, https:\/\/www.camping-la-clairiere.com\/wp-content\/uploads\/2026\/04\/Espace-zen-1-768x576.jpg 768w, https:\/\/www.camping-la-clairiere.com\/wp-content\/uploads\/2026\/04\/Espace-zen-1-720x540.jpg 720w, https:\/\/www.camping-la-clairiere.com\/wp-content\/uploads\/2026\/04\/Espace-zen-1-320x240.jpg 320w, https:\/\/www.camping-la-clairiere.com\/wp-content\/uploads\/2026\/04\/Espace-zen-1-160x120.jpg 160w\" sizes=\"(max-width: 1080px) 100vw, 1080px\" \/><button\n\t\t\tclass=\"lightbox-trigger\"\n\t\t\ttype=\"button\"\n\t\t\taria-haspopup=\"dialog\"\n\t\t\taria-label=\"Enlarge\"\n\t\t\tdata-wp-init=\"callbacks.initTriggerButton\"\n\t\t\tdata-wp-on--click=\"actions.showLightbox\"\n\t\t\tdata-wp-style--right=\"state.imageButtonRight\"\n\t\t\tdata-wp-style--top=\"state.imageButtonTop\"\n\t\t>\n\t\t\t<svg xmlns=\"http:\/\/www.w3.org\/2000\/svg\" width=\"12\" height=\"12\" fill=\"none\" viewBox=\"0 0 12 12\">\n\t\t\t\t<path fill=\"#fff\" d=\"M2 0a2 2 0 0 0-2 2v2h1.5V2a.5.5 0 0 1 .5-.5h2V0H2Zm2 10.5H2a.5.5 0 0 1-.5-.5V8H0v2a2 2 0 0 0 2 2h2v-1.5ZM8 12v-1.5h2a.5.5 0 0 0 .5-.5V8H12v2a2 2 0 0 1-2 2H8Zm2-12a2 2 0 0 1 2 2v2h-1.5V2a.5.5 0 0 0-.5-.5H8V0h2Z\" \/>\n\t\t\t<\/svg>\n\t\t<\/button><\/figure>\n<\/div>\n\n\n\n<div class=\"wp-block-column is-vertically-aligned-bottom anim-speed-m has-global-padding is-content-justification-left is-layout-constrained wp-container-core-column-is-layout-9f6ff739 wp-block-column-is-layout-constrained\" style=\"padding-bottom:0\">\n<div class=\"wp-block-group overflow-hidden has-global-padding is-layout-constrained wp-block-group-is-layout-constrained\" style=\"border-top-left-radius:25px;border-top-right-radius:25px;border-bottom-left-radius:25px;border-bottom-right-radius:25px\">\n<figure class=\"wp-block-image size-3\/4_600x800_desktop is-style-rounded is-style-rounded--6\"><img alt=\"Int\u00e9rieur avec tableau bougies et plantes sur un meuble.\" decoding=\"async\" width=\"600\" height=\"800\" src=\"https:\/\/www.camping-la-clairiere.com\/wp-content\/uploads\/2026\/04\/espace-zen-3-600x800.jpg\" alt=\"\" class=\"wp-image-1023\" style=\"aspect-ratio:3\/4;object-fit:cover\" srcset=\"https:\/\/www.camping-la-clairiere.com\/wp-content\/uploads\/2026\/04\/espace-zen-3-600x800.jpg 600w, https:\/\/www.camping-la-clairiere.com\/wp-content\/uploads\/2026\/04\/espace-zen-3-375x500.jpg 375w, https:\/\/www.camping-la-clairiere.com\/wp-content\/uploads\/2026\/04\/espace-zen-3-133x177.jpg 133w, https:\/\/www.camping-la-clairiere.com\/wp-content\/uploads\/2026\/04\/espace-zen-3-608x810.jpg 608w\" sizes=\"(max-width: 600px) 100vw, 600px\" \/><\/figure>\n<\/div>\n\n\n\n<p>Dieser Ansatz eignet sich sowohl f\u00fcr Urlauber, die sich gerne einen Moment f\u00fcr sich selbst g\u00f6nnen, als auch f\u00fcr diejenigen, die das Vergn\u00fcgen des Nichtstuns entdecken m\u00f6chten&#8230; aber auf eine etwas offiziellere Art und Weise. Zwischen zwei Aktivit\u00e4ten, nach einem Spaziergang oder einfach nur zum Durchatmen bietet dieser Raum eine willkommene Atempause w\u00e4hrend des Aufenthalts. <\/p>\n<\/div>\n<\/div>\n<\/div>\n\n\n\n<div style=\"height:209px\" aria-hidden=\"true\" class=\"wp-block-spacer\"><\/div>\n<\/div>\n\n<div class=\"wp-block-group alignfull has-global-padding is-layout-constrained wp-container-core-group-is-layout-a3a765d0 wp-block-group-is-layout-constrained\" style=\"margin-top:0;padding-top:0;padding-right:0;padding-bottom:0;padding-left:0\">\n<div class=\"wp-block-group alignfull has-global-padding is-layout-constrained wp-container-core-group-is-layout-12243e0f wp-block-group-is-layout-constrained\">\n<div class=\"wp-block-columns are-vertically-aligned-center hrz-responsive-col hrz-reponsive-order is-layout-flex wp-container-core-columns-is-layout-99de5ce1 wp-block-columns-is-layout-flex\" style=\"margin-top:0;margin-bottom:0;padding-top:0;padding-right:0;padding-bottom:0;padding-left:0\">\n<div class=\"wp-block-column is-vertically-aligned-center fade has-global-padding is-layout-constrained wp-container-core-column-is-layout-e64fcb25 wp-block-column-is-layout-constrained\" style=\"padding-right:var(--wp--preset--spacing--m);padding-left:var(--wp--preset--spacing--m);flex-basis:50%\">\n<div class=\"wp-block-group has-global-padding is-layout-constrained wp-container-core-group-is-layout-c05bf992 wp-block-group-is-layout-constrained\" style=\"margin-top:0;margin-bottom:0;padding-top:40px\">\n<div class=\"wp-block-group is-layout-flow wp-container-core-group-is-layout-a77db08e wp-block-group-is-layout-flow\">\n<figure class=\"wp-block-image size-large is-resized\"><img alt=\"Ic\u00f4ne feuille verte stylis\u00e9e sur tronc marron.\" decoding=\"async\" width=\"666\" height=\"1024\" src=\"https:\/\/www.camping-la-clairiere.com\/wp-content\/uploads\/2026\/04\/170bcef585a64778b23fae9f4044894e36ebabca-1-666x1024.png\" alt=\"\" class=\"wp-image-452\" style=\"width:50px\"\/><\/figure>\n\n\n\n<h2 class=\"wp-block-heading has-text-align-left is-style-top-title has-real-white-color has-text-color has-link-color wp-elements-db5cb5725113f2693e98bfb277a0e215 is-style-top-title--7\" style=\"margin-bottom:0\">Massagen zur L\u00f6sung von Verspannungen<\/h2>\n\n\n\n<p class=\"has-text-align-left is-style-title-below has-real-white-color has-text-color has-link-color wp-elements-c06b65baf0cac37a0f2b5694d3ac8a08 is-style-title-below--8\" style=\"padding-bottom:0\">Diese Sitzungen sind darauf ausgerichtet, Komfort, Entspannung und Leichtigkeit wiederzufinden.<\/p>\n<\/div>\n\n\n\n<p><strong>Massagesitzungen<\/strong> sind ein nat\u00fcrlicher Bestandteil dieser Atmosph\u00e4re des Wohlbefindens. Sie helfen, Spannungen zu l\u00f6sen, ein Gef\u00fchl des Komforts zu finden und sich einen Moment zu g\u00f6nnen, in dem man wirklich f\u00fcr sich selbst da ist. Im Urlaub ist diese Art von Pause etwas ganz Besonderes: Sie k\u00f6nnen leichter abschalten, besser atmen und entdecken mit Freude, dass es schon ein tolles Programm sein kann, wenn man einen Moment lang nichts vorhat.  <br\/><br\/>Diese Begegnung mit der Ruhe ist eine perfekte Erg\u00e4nzung zum Rest des Aufenthalts. Sie bringt eine sanftere, umh\u00fcllendere Dimension, die den Tag angenehm ausgleicht. Zwischen Natur, Entspannung und langsamerem Rhythmus wird die Massage hier zu einer einfachen M\u00f6glichkeit, das Urlaubsgef\u00fchl bis in die Schultern zu verl\u00e4ngern. Und ehrlich gesagt, die haben es oft wohlverdient.   <\/p>\n<\/div>\n<\/div>\n\n\n\n<div class=\"wp-block-column is-vertically-aligned-center from-right is-layout-flow wp-block-column-is-layout-flow\" style=\"flex-basis:50%\">\n<figure data-wp-context=\"{&quot;imageId&quot;:&quot;69d81f15b88aa&quot;}\" data-wp-interactive=\"core\/image\" data-wp-key=\"69d81f15b88aa\" class=\"wp-block-image size-1\/1_1000x1000_desktop is-style-rounded is-style-rounded--9 wp-lightbox-container\" style=\"margin-top:var(--wp--preset--spacing--m);margin-bottom:var(--wp--preset--spacing--m)\"><img alt=\"Massage relaxant avec bougies allum\u00e9es\" decoding=\"async\" width=\"1000\" height=\"1000\" data-wp-class--hide=\"state.isContentHidden\" data-wp-class--show=\"state.isContentVisible\" data-wp-init=\"callbacks.setButtonStyles\" data-wp-on--click=\"actions.showLightbox\" data-wp-on--load=\"callbacks.setButtonStyles\" data-wp-on-window--resize=\"callbacks.setButtonStyles\" src=\"https:\/\/www.camping-la-clairiere.com\/wp-content\/uploads\/2026\/04\/bien-etre-camping-la-clairiere-charente-maritimes_01-1000x1000.webp\" alt=\"\" class=\"wp-image-747\" style=\"aspect-ratio:1;object-fit:cover\" srcset=\"https:\/\/www.camping-la-clairiere.com\/wp-content\/uploads\/2026\/04\/bien-etre-camping-la-clairiere-charente-maritimes_01-1000x1000.webp 1000w, https:\/\/www.camping-la-clairiere.com\/wp-content\/uploads\/2026\/04\/bien-etre-camping-la-clairiere-charente-maritimes_01-150x150.webp 150w, https:\/\/www.camping-la-clairiere.com\/wp-content\/uploads\/2026\/04\/bien-etre-camping-la-clairiere-charente-maritimes_01-600x600.webp 600w, https:\/\/www.camping-la-clairiere.com\/wp-content\/uploads\/2026\/04\/bien-etre-camping-la-clairiere-charente-maritimes_01-400x400.webp 400w, https:\/\/www.camping-la-clairiere.com\/wp-content\/uploads\/2026\/04\/bien-etre-camping-la-clairiere-charente-maritimes_01-200x200.webp 200w, https:\/\/www.camping-la-clairiere.com\/wp-content\/uploads\/2026\/04\/bien-etre-camping-la-clairiere-charente-maritimes_01-100x100.webp 100w\" sizes=\"(max-width: 1000px) 100vw, 1000px\" \/><button\n\t\t\tclass=\"lightbox-trigger\"\n\t\t\ttype=\"button\"\n\t\t\taria-haspopup=\"dialog\"\n\t\t\taria-label=\"Enlarge\"\n\t\t\tdata-wp-init=\"callbacks.initTriggerButton\"\n\t\t\tdata-wp-on--click=\"actions.showLightbox\"\n\t\t\tdata-wp-style--right=\"state.imageButtonRight\"\n\t\t\tdata-wp-style--top=\"state.imageButtonTop\"\n\t\t>\n\t\t\t<svg xmlns=\"http:\/\/www.w3.org\/2000\/svg\" width=\"12\" height=\"12\" fill=\"none\" viewBox=\"0 0 12 12\">\n\t\t\t\t<path fill=\"#fff\" d=\"M2 0a2 2 0 0 0-2 2v2h1.5V2a.5.5 0 0 1 .5-.5h2V0H2Zm2 10.5H2a.5.5 0 0 1-.5-.5V8H0v2a2 2 0 0 0 2 2h2v-1.5ZM8 12v-1.5h2a.5.5 0 0 0 .5-.5V8H12v2a2 2 0 0 1-2 2H8Zm2-12a2 2 0 0 1 2 2v2h-1.5V2a.5.5 0 0 0-.5-.5H8V0h2Z\" \/>\n\t\t\t<\/svg>\n\t\t<\/button><\/figure>\n<\/div>\n<\/div>\n<\/div>\n<\/div>\n\n<div style=\"height:var(--wp--preset--spacing--xxxl)\" aria-hidden=\"true\" class=\"wp-block-spacer\"><\/div>\n\n<div class=\"wp-block-group alignfull has-global-padding is-layout-constrained wp-block-group-is-layout-constrained\" style=\"margin-bottom:0\">\n<div class=\"wp-block-cover alignfull has-custom-content-position is-position-bottom-center banner-m-50vh\" style=\"padding-top:0;padding-right:0;padding-bottom:0;padding-left:0;min-height:100vh;aspect-ratio:unset;\"><img alt=\"Personne m\u00e9ditant en position de lotus int\u00e9rieurement.\" decoding=\"async\" width=\"2560\" height=\"1440\" class=\"wp-block-cover__image-background wp-image-749 size-16\/9_2560x1440_desktop\" alt=\"\" src=\"https:\/\/www.camping-la-clairiere.com\/wp-content\/uploads\/2026\/04\/bien-etre-camping-la-clairiere-charente-maritimes_03-2560x1440.webp\" data-object-fit=\"cover\" srcset=\"https:\/\/www.camping-la-clairiere.com\/wp-content\/uploads\/2026\/04\/bien-etre-camping-la-clairiere-charente-maritimes_03-2560x1440.webp 2560w, https:\/\/www.camping-la-clairiere.com\/wp-content\/uploads\/2026\/04\/bien-etre-camping-la-clairiere-charente-maritimes_03-1920x1080.webp 1920w, https:\/\/www.camping-la-clairiere.com\/wp-content\/uploads\/2026\/04\/bien-etre-camping-la-clairiere-charente-maritimes_03-1440x810.webp 1440w, https:\/\/www.camping-la-clairiere.com\/wp-content\/uploads\/2026\/04\/bien-etre-camping-la-clairiere-charente-maritimes_03-1366x768.webp 1366w, https:\/\/www.camping-la-clairiere.com\/wp-content\/uploads\/2026\/04\/bien-etre-camping-la-clairiere-charente-maritimes_03-1024x576.webp 1024w, https:\/\/www.camping-la-clairiere.com\/wp-content\/uploads\/2026\/04\/bien-etre-camping-la-clairiere-charente-maritimes_03-800x450.webp 800w, https:\/\/www.camping-la-clairiere.com\/wp-content\/uploads\/2026\/04\/bien-etre-camping-la-clairiere-charente-maritimes_03-640x360.webp 640w, https:\/\/www.camping-la-clairiere.com\/wp-content\/uploads\/2026\/04\/bien-etre-camping-la-clairiere-charente-maritimes_03-375x210.webp 375w, https:\/\/www.camping-la-clairiere.com\/wp-content\/uploads\/2026\/04\/bien-etre-camping-la-clairiere-charente-maritimes_03-200x112.webp 200w, https:\/\/www.camping-la-clairiere.com\/wp-content\/uploads\/2026\/04\/bien-etre-camping-la-clairiere-charente-maritimes_03-100x56.webp 100w\" sizes=\"(max-width: 2560px) 100vw, 2560px\" \/><span aria-hidden=\"true\" class=\"wp-block-cover__background has-transparent-background-color has-background-dim-100 has-background-dim\"><\/span><div class=\"wp-block-cover__inner-container is-layout-flow wp-block-cover-is-layout-flow\">\n<div class=\"wp-block-group has-secondary-gradient-gradient-background has-background has-global-padding is-layout-constrained wp-block-group-is-layout-constrained\">\n<div style=\"height:15vh\" aria-hidden=\"true\" class=\"wp-block-spacer\"><\/div>\n<\/div>\n<\/div><\/div>\n\n\n\n<div class=\"wp-block-group fade has-global-padding is-layout-constrained wp-container-core-group-is-layout-507c5e1b wp-block-group-is-layout-constrained\" style=\"padding-right:var(--wp--preset--spacing--l);padding-left:var(--wp--preset--spacing--l)\">\n<div class=\"wp-block-group is-layout-flow wp-container-core-group-is-layout-a77db08e wp-block-group-is-layout-flow\">\n<figure class=\"wp-block-image aligncenter size-large is-resized\"><img alt=\"Bonbon ray\u00e9 rose et blanc.\" decoding=\"async\" width=\"1024\" height=\"916\" src=\"https:\/\/www.camping-la-clairiere.com\/wp-content\/uploads\/2026\/04\/4af274f244d018dbb3c8e8a148bcd064e4a2990b-1024x916.png\" alt=\"\" class=\"wp-image-451\" style=\"width:50px\"\/><\/figure>\n\n\n\n<h2 class=\"wp-block-heading has-text-align-center is-style-top-title is-style-top-title--10\" style=\"margin-bottom:0\">Entspannungssitzungen, um die Seele baumeln zu lassen<\/h2>\n\n\n\n<p class=\"has-text-align-center is-style-title-below is-style-title-below--11\" style=\"padding-bottom:0\">Eine beruhigende Blase, um sich zu zentrieren und den Augenblick zu genie\u00dfen.<\/p>\n<\/div>\n\n\n\n<div class=\"wp-block-group is-layout-flow wp-block-group-is-layout-flow\">\n<p class=\"has-text-align-center has-real-white-color has-text-color has-link-color wp-elements-5434f9bb730c4a000e04e443cf12af23\">Auch die <strong>Entspannungssitzungen<\/strong> erm\u00f6glichen eine echte Unterbrechung des Tages. Sie laden dazu ein, sich auszuruhen, Druck abzubauen und ein Gef\u00fchl der Gelassenheit zu finden, das dann den gesamten Aufenthalt begleitet. In einer Urlaubsumgebung sind solche Momente noch sinnvoller: Sie lassen sich treiben, verlangsamen sich auf nat\u00fcrliche Weise und genie\u00dfen eine Umgebung, die Ihnen hilft, den Kopf frei zu bekommen oder zumindest das geistige Chaos zu beseitigen.  <br\/><br\/>Dieser Vorschlag verst\u00e4rkt die ruhige Identit\u00e4t des Campingplatzes und bietet einen Ort, an dem das Wohlbefinden nicht nur von der Umgebung abh\u00e4ngt, sondern auch von den Momenten, die man f\u00fcr sich selbst w\u00e4hlt. So kann jeder seinen Urlaub nach seinem eigenen Rhythmus erleben, mit dynamischen und ruhigen Momenten, je nach Tageslaune. <\/p>\n<\/div>\n<\/div>\n<\/div>\n\n<div style=\"height:var(--wp--preset--spacing--xxxl)\" aria-hidden=\"true\" class=\"wp-block-spacer\"><\/div>\n\n<div style=\"height:10rem\" aria-hidden=\"true\" class=\"wp-block-spacer\"><\/div>\n","protected":false},"excerpt":{"rendered":"<p>Ein Wellnessbereich, um wirklich zu entschleunigen Massagen, Entspannung, sanfte Klammer. Hier kann man im Urlaub auch mal die F\u00fc\u00dfe hochlegen. Mit seinem intimen Wellnessbereich bietet unser Campingplatz einen angenehmen Aufenthalt. Campingplatz in La Tremblade eine Auszeit f\u00fcr alle, die sich gerne in einer ruhigen und beruhigenden Atmosph\u00e4re um sich selbst k\u00fcmmern m\u00f6chten. Vor Ort laden [&hellip;]<\/p>\n","protected":false},"author":1,"featured_media":0,"parent":0,"menu_order":0,"comment_status":"closed","ping_status":"closed","template":"page-full-width","meta":{"_acf_changed":false,"_seopress_robots_primary_cat":"","_seopress_titles_title":"Campingplatz mit Wellnessbereich in La Tremblade | Massagen & Entspannung auf dem Campingplatz","_seopress_titles_desc":"Entspannung und Wohlbefinden auf dem Campingplatz in La Tremblade! Entdecken Sie unsere Massagen und Entspannungssitzungen, die Ihnen ultimativen Komfort und Entspannung bieten! ","_seopress_robots_index":"","footnotes":""},"class_list":["post-1984","page","type-page","status-publish","hentry"],"acf":[],"_links":{"self":[{"href":"https:\/\/www.camping-la-clairiere.com\/de\/wp-json\/wp\/v2\/pages\/1984","targetHints":{"allow":["GET"]}}],"collection":[{"href":"https:\/\/www.camping-la-clairiere.com\/de\/wp-json\/wp\/v2\/pages"}],"about":[{"href":"https:\/\/www.camping-la-clairiere.com\/de\/wp-json\/wp\/v2\/types\/page"}],"author":[{"embeddable":true,"href":"https:\/\/www.camping-la-clairiere.com\/de\/wp-json\/wp\/v2\/users\/1"}],"replies":[{"embeddable":true,"href":"https:\/\/www.camping-la-clairiere.com\/de\/wp-json\/wp\/v2\/comments?post=1984"}],"version-history":[{"count":2,"href":"https:\/\/www.camping-la-clairiere.com\/de\/wp-json\/wp\/v2\/pages\/1984\/revisions"}],"predecessor-version":[{"id":2421,"href":"https:\/\/www.camping-la-clairiere.com\/de\/wp-json\/wp\/v2\/pages\/1984\/revisions\/2421"}],"wp:attachment":[{"href":"https:\/\/www.camping-la-clairiere.com\/de\/wp-json\/wp\/v2\/media?parent=1984"}],"curies":[{"name":"wp","href":"https:\/\/api.w.org\/{rel}","templated":true}]}}