{"id":1934,"date":"2026-04-01T10:24:06","date_gmt":"2026-04-01T08:24:06","guid":{"rendered":"https:\/\/www.camping-la-clairiere.com\/haeufig-gestellte-fragen\/"},"modified":"2026-04-09T17:08:23","modified_gmt":"2026-04-09T15:08:23","slug":"haeufig-gestellte-fragen","status":"publish","type":"page","link":"https:\/\/www.camping-la-clairiere.com\/de\/haeufig-gestellte-fragen\/","title":{"rendered":"H\u00e4ufig gestellte Fragen"},"content":{"rendered":"\n<div class=\"wp-block-group alignfull is-layout-flow wp-block-group-is-layout-flow\" style=\"margin-top:0;margin-bottom:0;padding-top:0;padding-right:0;padding-bottom:0;padding-left:0\">\n<div class=\"wp-block-group is-layout-flow wp-block-group-is-layout-flow\">\n<div class=\"wp-block-cover alignfull has-custom-content-position is-position-bottom-center\" style=\"padding-top:0;padding-right:0;padding-bottom:0;padding-left:0;min-height:100vh;aspect-ratio:unset;\"><img alt=\"Sentier bois\u00e9 menant \u00e0 une plage ensoleill\u00e9e.\" decoding=\"async\" width=\"2560\" height=\"1440\" class=\"wp-block-cover__image-background wp-image-413 size-16\/9_2560x1440_desktop\" alt=\"\" src=\"https:\/\/www.camping-la-clairiere.com\/wp-content\/uploads\/2026\/04\/25f3d17d632554d75e1cf1188c2e5e1db496a9bf-2560x1440.jpg\" data-object-fit=\"cover\" srcset=\"https:\/\/www.camping-la-clairiere.com\/wp-content\/uploads\/2026\/04\/25f3d17d632554d75e1cf1188c2e5e1db496a9bf-2560x1440.jpg 2560w, https:\/\/www.camping-la-clairiere.com\/wp-content\/uploads\/2026\/04\/25f3d17d632554d75e1cf1188c2e5e1db496a9bf-1920x1080.jpg 1920w, https:\/\/www.camping-la-clairiere.com\/wp-content\/uploads\/2026\/04\/25f3d17d632554d75e1cf1188c2e5e1db496a9bf-1440x810.jpg 1440w, https:\/\/www.camping-la-clairiere.com\/wp-content\/uploads\/2026\/04\/25f3d17d632554d75e1cf1188c2e5e1db496a9bf-1366x768.jpg 1366w, https:\/\/www.camping-la-clairiere.com\/wp-content\/uploads\/2026\/04\/25f3d17d632554d75e1cf1188c2e5e1db496a9bf-1024x576.jpg 1024w, https:\/\/www.camping-la-clairiere.com\/wp-content\/uploads\/2026\/04\/25f3d17d632554d75e1cf1188c2e5e1db496a9bf-800x450.jpg 800w, https:\/\/www.camping-la-clairiere.com\/wp-content\/uploads\/2026\/04\/25f3d17d632554d75e1cf1188c2e5e1db496a9bf-640x360.jpg 640w, https:\/\/www.camping-la-clairiere.com\/wp-content\/uploads\/2026\/04\/25f3d17d632554d75e1cf1188c2e5e1db496a9bf-375x210.jpg 375w, https:\/\/www.camping-la-clairiere.com\/wp-content\/uploads\/2026\/04\/25f3d17d632554d75e1cf1188c2e5e1db496a9bf-200x112.jpg 200w, https:\/\/www.camping-la-clairiere.com\/wp-content\/uploads\/2026\/04\/25f3d17d632554d75e1cf1188c2e5e1db496a9bf-100x56.jpg 100w\" sizes=\"(max-width: 2560px) 100vw, 2560px\" \/><span aria-hidden=\"true\" class=\"wp-block-cover__background has-transparent-background-color has-background-dim-100 has-background-dim\"><\/span><div class=\"wp-block-cover__inner-container is-layout-flow wp-block-cover-is-layout-flow\">\n<div class=\"wp-block-group has-secondary-gradient-gradient-background has-background has-global-padding is-layout-constrained wp-block-group-is-layout-constrained\">\n<div style=\"height:15vh\" aria-hidden=\"true\" class=\"wp-block-spacer\"><\/div>\n<\/div>\n<\/div><\/div>\n<\/div>\n<\/div>\n\n\n<div style=\"padding-top:10px;padding-left:10px;\" class=\"alignfull wp-elements-c549f836684188f85e65cc5f157bd5e7 wp-block-wpseopress-breadcrumbs\"><nav  aria-label=\"breadcrumb\"><ol class=\"breadcrumb\" itemscope itemtype=\"https:\/\/schema.org\/BreadcrumbList\"><li class=\"breadcrumb-item active\" aria-current=\"page\" itemprop=\"itemListElement\" itemscope itemtype=\"https:\/\/schema.org\/ListItem\"><span itemprop=\"name\">Camping \u00e0 La Tremblade<\/span><meta itemprop=\"position\" content=\"1\"><\/li><\/ol><\/nav><\/div>\n\n\n<div style=\"height:var(--wp--preset--spacing--xxxl)\" aria-hidden=\"true\" class=\"wp-block-spacer\"><\/div>\n\n\n\n<div class=\"wp-block-group alignfull has-global-padding is-layout-constrained wp-container-core-group-is-layout-076db290 wp-block-group-is-layout-constrained\" style=\"margin-top:0;padding-top:0;padding-right:var(--wp--preset--spacing--l);padding-bottom:0;padding-left:var(--wp--preset--spacing--l)\">\n<div class=\"wp-block-group has-global-padding is-layout-constrained wp-container-core-group-is-layout-6d08aa83 wp-block-group-is-layout-constrained\" style=\"margin-top:0;margin-bottom:0;padding-top:0;padding-right:0;padding-bottom:0;padding-left:0\">\n<figure class=\"wp-block-image aligncenter size-large is-resized\"><img alt=\"Bonbon ray\u00e9 rose et blanc.\" decoding=\"async\" width=\"1024\" height=\"916\" src=\"https:\/\/www.camping-la-clairiere.com\/wp-content\/uploads\/2026\/04\/4af274f244d018dbb3c8e8a148bcd064e4a2990b-1024x916.png\" alt=\"\" class=\"wp-image-451\" style=\"width:50px\"\/><\/figure>\n<\/div>\n\n\n\n<div class=\"wp-block-group has-global-padding is-layout-constrained wp-container-core-group-is-layout-72d38984 wp-block-group-is-layout-constrained\" style=\"margin-top:0;margin-bottom:0;padding-top:0;padding-right:0;padding-bottom:0;padding-left:0\">\n<h1 class=\"wp-block-heading has-text-align-center is-style-top-title is-style-top-title--1\" style=\"margin-bottom:0\">Finden Sie schnell Antworten auf Ihre h\u00e4ufigsten Fragen.<\/h1>\n\n\n\n<p class=\"has-text-align-center is-style-title-below is-style-title-below--2\" style=\"padding-bottom:0\">N\u00fctzliche Informationen an einem Ort.<\/p>\n\n\n\n<div class=\"wp-block-group has-global-padding is-layout-constrained wp-block-group-is-layout-constrained\">\n<p class=\"has-text-align-center\" style=\"margin-bottom:0px\"><br>Hier finden Sie Antworten auf <strong>die<\/strong> am h\u00e4ufigsten gestellten Fragen zu unserem Campingplatz. <strong><a href=\"https:\/\/www.camping-la-clairiere.com\/de\/\" data-type=\"page\" data-id=\"353\">Campingplatz in La Tremblade<\/a><\/strong>Hier finden Sie Informationen \u00fcber den Aufenthalt, die Dienstleistungen und die praktischen Informationen. Ein einfaches und klares Format, um Ihnen bei der Vorbereitung Ihres Urlaubs zu helfen oder um Zweifel vor Ihrer Ankunft auszur\u00e4umen. Denn die richtige Antwort zur richtigen Zeit zu haben, bedeutet, dass Sie schon ein wenig beruhigter abreisen k\u00f6nnen.  <\/p>\n<\/div>\n<\/div>\n<\/div>\n\n\n\n<div style=\"height:var(--wp--preset--spacing--xxxl)\" aria-hidden=\"true\" class=\"wp-block-spacer\"><\/div>\n\n\n\n<div class=\"wp-block-group alignfull is-layout-flow wp-block-group-is-layout-flow\" style=\"padding-right:var(--wp--preset--spacing--xxxxl);padding-left:var(--wp--preset--spacing--xxxxl)\">\n<div class=\"pfq\">\n  \n  \n  <nav class=\"pfq__themes\">\n    <h2>Themen<\/h2>\n    <ul>\n      \n        <li class=\"pfq__theme active\" data-pfq-group=\"group-0\">\n          <a href=\"#\">FAQ Campingplatz la Clairi\u00e8re<\/a>\n        <\/li>\n\n          <\/ul>\n  <\/nav>\n\n  <div class=\"pfq__questions\">\n    \n      <div class=\"pfq__questions__group visible\" data-pfq-group=\"group-0\">\n\n        <h3>FAQ Campingplatz la Clairi\u00e8re<\/h3>\n\n        \n          <div class=\"pfq__question\"  >\n            <h4 class=\"pfq__question__title\">Ist der Campingplatz ein VACAF-Mitglied?<\/h4>\n            <div class=\"pfq__answer\"><p>Nein, der Campingplatz hat keine VACAF-Zulassung.<\/p>\n<\/div>\n          <\/div>\n\n        \n          <div class=\"pfq__question\"  >\n            <h4 class=\"pfq__question__title\">Sind Tiere auf dem Campingplatz erlaubt?<\/h4>\n            <div class=\"pfq__answer\"><p>Hunde der Kategorien 1 und 2 sind in den Cottages (au\u00dfer in unseren Premium), in der Villa und auf den Stellpl\u00e4tzen erlaubt. Die Vorlage des Impfpasses ist obligatorisch. Dies ist eine kostenpflichtige Leistung (6\u20ac\/Nacht). Zur Verf\u00fcgung stehen eine Hundedusche, Hundekotbeutel-S\u00e4ulen und Naturbereiche.   <\/p>\n<\/div>\n          <\/div>\n\n        \n          <div class=\"pfq__question\"  >\n            <h4 class=\"pfq__question__title\">Wie gelangen Sie zum Campingplatz?<\/h4>\n            <div class=\"pfq__answer\"><ul>\n<li>Mit dem Auto: \u00dcber La Rochelle, dann Rochefort-en-mer oder \u00fcber Saintes, dann Saujon.<\/li>\n<li>Mit dem Flugzeug: Flughafen Bordeaux oder La Rochelle<\/li>\n<li>Mit dem Zug: Erster Bahnhof in Royan oder Saujon<\/li>\n<\/ul>\n<p>Auf dem Campingplatz bleibt das Fahrrad das meistgenutzte Fortbewegungsmittel unserer Urlauber<\/p>\n<\/div>\n          <\/div>\n\n        \n          <div class=\"pfq__question\"  >\n            <h4 class=\"pfq__question__title\">Kann ich meine Parzelle vor meiner Ankunft ausw\u00e4hlen?<\/h4>\n            <div class=\"pfq__answer\"><p>Sie k\u00f6nnen Ihren Stellplatz nach Kriterien ausw\u00e4hlen (ruhig, schattig, sonnig) mit der Option<\/p>\n<p>&#8222;Bevorzugter Stellplatz 20 \u20ac&#8220;.<\/p>\n<\/div>\n          <\/div>\n\n        \n          <div class=\"pfq__question\"  >\n            <h4 class=\"pfq__question__title\">Kann man Fahrr\u00e4der mieten?<\/h4>\n            <div class=\"pfq__answer\"><p>Ja, wir vermieten Fahrr\u00e4der, die t\u00e4glich von unserem Dienstleister gewartet werden (kostenpflichtig).<\/p>\n<\/div>\n          <\/div>\n\n        \n          <div class=\"pfq__question\"  >\n            <h4 class=\"pfq__question__title\">Wann kann ich ankommen?<\/h4>\n            <div class=\"pfq__answer\"><p>F\u00fcr Mobilheime und Villen: 17.00 bis 19.30 Uhr.<br \/>\nF\u00fcr Stellpl\u00e4tze: 14.00 bis 19.30 Uhr<br \/>\n<b>Vergessen Sie nicht zu \u00fcberpr\u00fcfen, ob Sie an einem Samstag oder Sonntag anreisen<\/b>.<\/p>\n<\/div>\n          <\/div>\n\n        \n          <div class=\"pfq__question\"  >\n            <h4 class=\"pfq__question__title\">Um wie viel Uhr muss ich mein Mobilheim oder meinen Stellplatz verlassen?<\/h4>\n            <div class=\"pfq__answer\"><ul>\n<li>Mobilheime und Villa: vor 10 Uhr<\/li>\n<li>Unbelegte Stellpl\u00e4tze bis 12.00 Uhr.<\/li>\n<\/ul>\n<p>Die Armb\u00e4nder m\u00fcssen am Tag der Abreise an der Rezeption zur\u00fcckgegeben werden.<\/p>\n<\/div>\n          <\/div>\n\n        \n          <div class=\"pfq__question\"  >\n            <h4 class=\"pfq__question__title\">Kann ich fr\u00fcher ankommen?<\/h4>\n            <div class=\"pfq__answer\"><p>Wir k\u00f6nnen Ihnen Ihre Unterkunft nicht vor 17.00 Uhr garantieren, aber um die Wartezeit zu \u00fcberbr\u00fccken, k\u00f6nnen Sie unsere Einrichtungen und Dienstleistungen nutzen. Sie m\u00fcssen sich nur an der Rezeption anmelden und Ihr Armband erhalten. <\/p>\n<\/div>\n          <\/div>\n\n        \n          <div class=\"pfq__question\"  >\n            <h4 class=\"pfq__question__title\">Was muss ich tun, wenn ich nach den \u00d6ffnungszeiten der Rezeption ankomme?<\/h4>\n            <div class=\"pfq__answer\"><p>Sie m\u00fcssen uns vorzugsweise per E-Mail oder telefonisch benachrichtigen, damit wir Ihnen das weitere Vorgehen mitteilen k\u00f6nnen.<\/p>\n<p><b>Achtung: Nach 23 Uhr d\u00fcrfen Camper nicht mehr mit ihrem Auto, Wohnwagen oder Wohnmobil zur\u00fcckfahren<\/b>.<\/p>\n<\/div>\n          <\/div>\n\n        \n          <div class=\"pfq__question\"  >\n            <h4 class=\"pfq__question__title\">Ist der Campingplatz weit vom Strand entfernt?<\/h4>\n            <div class=\"pfq__answer\"><p>Der erste Strand befindet sich in Ronce-Les-Bains, das nur 2,5 km vom Campingplatz entfernt ist.<\/p>\n<p>Die gro\u00dfen Str\u00e4nde der Atlantikk\u00fcste sind von Rone-Les-Bains aus erreichbar.<\/p>\n<\/div>\n          <\/div>\n\n        \n          <div class=\"pfq__question\"  >\n            <h4 class=\"pfq__question__title\">Wie weit ist der Campingplatz von der Ile d&#039;Ol\u00e9ron entfernt? Royan ? La Palmyre  <\/h4>\n            <div class=\"pfq__answer\"><p>Die Ile d&#8217;Ol\u00e9ron und Royan liegen etwa 20 Kilometer vom Campingplatz entfernt.<\/p>\n<p>La Palmyre ist nur 10 Kilometer entfernt.<\/p>\n<\/div>\n          <\/div>\n\n        \n          <div class=\"pfq__question\"  >\n            <h4 class=\"pfq__question__title\">Welches Material kann man mieten?<\/h4>\n            <div class=\"pfq__answer\"><p>Die Mietanfragen werden an unserer Rezeption oder zum Zeitpunkt der Buchung f\u00fcr die gesamte Dauer des Aufenthalts und je nach Verf\u00fcgbarkeit gestellt:<\/p>\n<ul>\n<li>Babyset mit Kinderbett, Hochstuhl und Badewanne auf Anfrage (7\u20ac pro Nacht)<\/li>\n<li>Plancha (6\u20ac\/Nacht)<\/li>\n<li>Top-K\u00fchlschrank (7\u20ac\/Nacht)<\/li>\n<li>Gefrierschrank (9\u20ac\/Nacht)<\/li>\n<\/ul>\n<\/div>\n          <\/div>\n\n        \n          <div class=\"pfq__question\"  >\n            <h4 class=\"pfq__question__title\">Hat der Campingplatz einen Fitnessraum?<\/h4>\n            <div class=\"pfq__answer\"><p>Nein, der Campingplatz verf\u00fcgt nicht \u00fcber einen Fitnessraum, aber er bietet :<\/p>\n<ul>\n<li>Tischtennisplatten<\/li>\n<li>Ein Multisportpark<\/li>\n<li>Ein Tennisplatz<\/li>\n<li>Ein Minigolfplatz<\/li>\n<li>Basketballk\u00f6rbe<\/li>\n<li>Ein Boulespielplatz<\/li>\n<\/ul>\n<\/div>\n          <\/div>\n\n        \n          <div class=\"pfq__question\"  >\n            <h4 class=\"pfq__question__title\">Gibt es Animationen?<\/h4>\n            <div class=\"pfq__answer\"><p>Ja, tags\u00fcber: Sport am Morgen und Spiele im Freien am Nachmittag<\/p>\n<p>Abends: Shows (Musik, Zauberei, T\u00e4nze&#8230;), Spiele (darunter Aperitif-Spiele), Mini-Disco f\u00fcr die Kleinen, Tanzabende und Lagunenabende.<\/p>\n<p>Das Animationsprogramm finden Sie auf unserer App, an den Anschlagtafeln (Empfang und Eingang) und in der Bar.<\/p>\n<\/div>\n          <\/div>\n\n        \n          <div class=\"pfq__question\"  >\n            <h4 class=\"pfq__question__title\">Wie funktioniert Wifi?<\/h4>\n            <div class=\"pfq__answer\"><p>Wifi ist eine kostenpflichtige Dienstleistung. Sie k\u00f6nnen sich direkt online einloggen und bezahlen. <\/p>\n<\/div>\n          <\/div>\n\n        \n          <div class=\"pfq__question\"  >\n            <h4 class=\"pfq__question__title\">Wie sind die \u00d6ffnungszeiten der Pools, der Lagune, der Rutsche?  <\/h4>\n            <div class=\"pfq__answer\"><ul>\n<li>Das Schwimmbad ist von 10.15 bis 19.30 Uhr ge\u00f6ffnet.<\/li>\n<li>Die Lagune ist von 10.30 bis 20.00 Uhr ge\u00f6ffnet.<\/li>\n<li>Der Toboggan ist von 11.00 bis 19.30 Uhr ge\u00f6ffnet.<\/li>\n<\/ul>\n<\/div>\n          <\/div>\n\n        \n          <div class=\"pfq__question\"  >\n            <h4 class=\"pfq__question__title\">Was soll ich tragen, wenn ich zum Pool, zur Lagune oder zur Rutsche gehe? <\/h4>\n            <div class=\"pfq__answer\"><p>Entsprechend den Hygienevorschriften f\u00fcr st\u00e4dtische Schwimmb\u00e4der sind f\u00fcr M\u00e4nner nur Badeslips erlaubt. F\u00fcr Frauen: ein- und\/oder zweiteilige Badeanz\u00fcge, andere Kleidung ist nicht erlaubt. Babys m\u00fcssen eine spezielle Windel tragen.  <\/p>\n<\/div>\n          <\/div>\n\n        \n          <div class=\"pfq__question\"  >\n            <h4 class=\"pfq__question__title\">Kann ich als Besucher die Wasserfl\u00e4chen nutzen?  <\/h4>\n            <div class=\"pfq__answer\"><p>Nur die Direktion kann ihre Zustimmung erteilen, aber im Allgemeinen wird der Zugang f\u00fcr Besucher aus Sicherheitsgr\u00fcnden nicht gestattet.<\/p>\n<\/div>\n          <\/div>\n\n        \n          <div class=\"pfq__question\"  >\n            <h4 class=\"pfq__question__title\">Kann ich meine Kinder allein im Wasserbereich lassen, wenn sie schwimmen k\u00f6nnen?<\/h4>\n            <div class=\"pfq__answer\"><p>Nein, die Kinder bleiben unter der Verantwortung und Aufsicht der Eltern (selbst wenn eine Aufsichtsperson anwesend ist, deren Anwesenheit auf den Campingpl\u00e4tzen nicht obligatorisch ist).<\/p>\n<\/div>\n          <\/div>\n\n        \n          <div class=\"pfq__question\"  >\n            <h4 class=\"pfq__question__title\">Gibt es Superm\u00e4rkte in der N\u00e4he des Campingplatzes?<\/h4>\n            <div class=\"pfq__answer\"><p>Der n\u00e4chste ist 5 Minuten mit dem Auto entfernt<\/p>\n<p>Ein Proxi-Markt steht Ihnen auf dem Campingplatz zur Verf\u00fcgung.<\/p>\n<\/div>\n          <\/div>\n\n        \n          <div class=\"pfq__question\"  >\n            <h4 class=\"pfq__question__title\">Wie viele Personen k\u00f6nnen in dem Mobilheim, das ich gemietet habe, schlafen?<\/h4>\n            <div class=\"pfq__answer\"><p>Bitte beachten Sie, dass es nicht gestattet ist, die maximale Kapazit\u00e4t des Mobilheims zu \u00fcberschreiten. Alle Eigenschaften des Mobilheims sind auf unserer Website angegeben. <\/p>\n<\/div>\n          <\/div>\n\n        \n          <div class=\"pfq__question\"  >\n            <h4 class=\"pfq__question__title\">Wie ist mein Mobilheim aufgebaut? Was befindet sich in dem gemieteten Mobilheim? Was muss ich mitbringen?  <\/h4>\n            <div class=\"pfq__answer\"><p>Besuchen Sie unsere Website, indem Sie auf die Registerkarte Unterkunft gehen.<\/p>\n<\/div>\n          <\/div>\n\n        \n          <div class=\"pfq__question\"  >\n            <h4 class=\"pfq__question__title\">K\u00f6nnen Sie einen Minderj\u00e4hrigen auf dem Campingplatz mit Freunden akzeptieren?<\/h4>\n            <div class=\"pfq__answer\"><p>Minderj\u00e4hrige d\u00fcrfen nur in Begleitung eines Elternteils oder eines gesetzlichen Vertreters auf dem Campingplatz \u00fcbernachten. Es k\u00f6nnen keine Ausnahmen akzeptiert werden. <\/p>\n<\/div>\n          <\/div>\n\n        \n          <div class=\"pfq__question\"  >\n            <h4 class=\"pfq__question__title\">Wir haben ein Mobilheim oder einen Stellplatz gemietet, Freunde m\u00f6chten sich mit uns treffen, was muss ich tun?<\/h4>\n            <div class=\"pfq__answer\"><p>Sie m\u00fcssen den Campingplatz schriftlich informieren und eine Genehmigung beantragen, die nur akzeptiert wird, wenn die Unterkunft dies entsprechend ihrer Kapazit\u00e4t zul\u00e4sst. Je nach Alter der Personen wird ein Zuschlag erhoben. <\/p>\n<\/div>\n          <\/div>\n\n        \n          <div class=\"pfq__question\"  >\n            <h4 class=\"pfq__question__title\">Ich habe zwei Fahrzeuge, kann ich sie auf meinem Grundst\u00fcck parken?<\/h4>\n            <div class=\"pfq__answer\"><p>Auf der Parzelle ist nur ein Fahrzeug erlaubt. Alle anderen Fahrzeuge m\u00fcssen auf dem kostenlosen Au\u00dfenparkplatz abgestellt werden. <\/p>\n<\/div>\n          <\/div>\n\n        \n          <div class=\"pfq__question\"  >\n            <h4 class=\"pfq__question__title\">Wie kann ich meine Anzahlung bezahlen?<\/h4>\n            <div class=\"pfq__answer\"><p>Die Anzahlung ist bei der Buchung direkt online oder per \u00dcberweisung zu leisten.<\/p>\n<\/div>\n          <\/div>\n\n        \n          <div class=\"pfq__question\"  >\n            <h4 class=\"pfq__question__title\">Wie kann ich meinen Aufenthalt bezahlen?<\/h4>\n            <div class=\"pfq__answer\"><p>Der Restbetrag f\u00fcr Ihren Aufenthalt muss 30 Tage vor Ihrer Ankunft bezahlt werden.<\/p>\n<p>Sie k\u00f6nnen direkt online auf unserer sicheren Website per \u00dcberweisung oder ANCV bezahlen.<\/p>\n<\/div>\n          <\/div>\n\n        \n          <div class=\"pfq__question\"  >\n            <h4 class=\"pfq__question__title\">Wie kann ich meinen Wertgutschein einl\u00f6sen?<\/h4>\n            <div class=\"pfq__answer\"><p>Geben Sie bei Ihrer Online-Buchung den Wert Ihres Gutscheins als Kommentar an oder kontaktieren Sie den Campingplatz unter Angabe der Referenznummer des Gutscheins.<\/p>\n<p>Sobald wir Ihre Buchung erhalten haben, l\u00f6sen wir Ihren Gutschein ein und senden Ihnen eine Buchungsbest\u00e4tigung.<\/p>\n<\/div>\n          <\/div>\n\n        \n          <div class=\"pfq__question\"  >\n            <h4 class=\"pfq__question__title\">Welche Aktivit\u00e4ten kann man in der Region unternehmen?<\/h4>\n            <div class=\"pfq__answer\"><p align=\"justify\">Die Charente Maritime erweist sich als ein unumg\u00e4nglicher Zwischenstopp f\u00fcr einen Urlaub an der <strong>Atlantikk\u00fcste<\/strong>. Besuchen Sie die Inseln: Ile de R\u00e9, Ile d&#8217;Ol\u00e9ron und Ile d&#8217;Aix. Sie sind von La Tremblade und dem Campingplatz La Clairi\u00e8re aus <strong>leicht zu erreichen<\/strong>. Entdecken Sie Royan, Rochefort&#8230;.   <\/p>\n<\/div>\n          <\/div>\n\n        \n          <div class=\"pfq__question\"  >\n            <h4 class=\"pfq__question__title\">Wie kann ich meinen Aufenthalt \u00e4ndern oder stornieren?<\/h4>\n            <div class=\"pfq__answer\"><p>Indem Sie dem Campingplatz einen Brief oder eine E-Mail schicken.<\/p>\n<p>Die Bedingungen f\u00fcr die Stornierung oder \u00c4nderung des Aufenthalts finden Sie in unseren Allgemeinen Gesch\u00e4ftsbedingungen, die Sie auf unserer Website einsehen k\u00f6nnen.<\/p>\n<\/div>\n          <\/div>\n\n        \n          <div class=\"pfq__question\"  >\n            <h4 class=\"pfq__question__title\">Wozu dient die Reiser\u00fccktrittsversicherung?<\/h4>\n            <div class=\"pfq__answer\"><p>Sie erm\u00f6glicht Ihnen die R\u00fcckerstattung der gezahlten Betr\u00e4ge (abz\u00fcglich Selbstbeteiligung) im Falle eines unvorhergesehenen Ereignisses vor Ihrer Abreise.<br \/>\nSie deckt Stornierungskosten in H\u00f6he von 4% des Gesamtpreises des Aufenthalts, egal ob es sich um eine Mietunterkunft oder einen Stellplatz handelt.<br \/>\nDiese vom Campingplatz angebotene Garantie muss zum Zeitpunkt der Buchung abgeschlossen werden und gilt insbesondere f\u00fcr die folgenden Situationen (nicht ersch\u00f6pfende Liste):<\/p>\n<p>- Schwere Krankheit, schwerer Unfall oder Tod eines Familienmitglieds,<br \/>\n- Schwangerschaftskomplikationen<br \/>\n- Gro\u00dfer Sachschaden, der unbedingt Ihre Anwesenheit erfordert (Brand, Wasserschaden, Einbruch&#8230;),<br \/>\n- Entlassung aus wirtschaftlichen Gr\u00fcnden,<br \/>\n- Unfall oder vollst\u00e4ndiger Diebstahl Ihres Fahrzeugs oder Ihres Hauses&#8230;<\/p>\n<p>Wenn Sie dies vergessen haben, k\u00f6nnen Sie es innerhalb von 48 Stunden nachholen, indem Sie direkt mit dem Campingplatz Kontakt aufnehmen.<\/p>\n<\/div>\n          <\/div>\n\n        \n      <\/div>\n\n    \n  <\/div>\n<\/div>\n<\/div>\n\n\n\n<div style=\"height:10rem\" aria-hidden=\"true\" class=\"wp-block-spacer\"><\/div>\n","protected":false},"excerpt":{"rendered":"<p>Finden Sie schnell Antworten auf Ihre h\u00e4ufigsten Fragen. N\u00fctzliche Informationen an einem Ort. Hier finden Sie Antworten auf die am h\u00e4ufigsten gestellten Fragen zu unserem Campingplatz. Campingplatz in La TrembladeHier finden Sie Informationen \u00fcber den Aufenthalt, die Dienstleistungen und die praktischen Informationen. Ein einfaches und klares Format, um Ihnen bei der Vorbereitung Ihres Urlaubs zu [&hellip;]<\/p>\n","protected":false},"author":1,"featured_media":0,"parent":0,"menu_order":0,"comment_status":"closed","ping_status":"closed","template":"page-full-width","meta":{"_acf_changed":false,"_seopress_robots_primary_cat":"","_seopress_titles_title":"FAQ Camping La Clairi\u00e8re in La Tremblade | Alle Antworten auf Ihre Fragen","_seopress_titles_desc":"Lesen Sie unsere FAQ mit allen wichtigen Informationen zur Vorbereitung Ihres Aufenthalts auf dem Campingplatz La Clairi\u00e8re in La Tremblade in der Charente-Maritime.","_seopress_robots_index":"","footnotes":""},"class_list":["post-1934","page","type-page","status-publish","hentry"],"acf":[],"_links":{"self":[{"href":"https:\/\/www.camping-la-clairiere.com\/de\/wp-json\/wp\/v2\/pages\/1934","targetHints":{"allow":["GET"]}}],"collection":[{"href":"https:\/\/www.camping-la-clairiere.com\/de\/wp-json\/wp\/v2\/pages"}],"about":[{"href":"https:\/\/www.camping-la-clairiere.com\/de\/wp-json\/wp\/v2\/types\/page"}],"author":[{"embeddable":true,"href":"https:\/\/www.camping-la-clairiere.com\/de\/wp-json\/wp\/v2\/users\/1"}],"replies":[{"embeddable":true,"href":"https:\/\/www.camping-la-clairiere.com\/de\/wp-json\/wp\/v2\/comments?post=1934"}],"version-history":[{"count":2,"href":"https:\/\/www.camping-la-clairiere.com\/de\/wp-json\/wp\/v2\/pages\/1934\/revisions"}],"predecessor-version":[{"id":2396,"href":"https:\/\/www.camping-la-clairiere.com\/de\/wp-json\/wp\/v2\/pages\/1934\/revisions\/2396"}],"wp:attachment":[{"href":"https:\/\/www.camping-la-clairiere.com\/de\/wp-json\/wp\/v2\/media?parent=1934"}],"curies":[{"name":"wp","href":"https:\/\/api.w.org\/{rel}","templated":true}]}}