{"id":1855,"date":"2026-04-02T13:07:30","date_gmt":"2026-04-02T11:07:30","guid":{"rendered":"https:\/\/www.camping-la-clairiere.com\/unsere-geschichte\/"},"modified":"2026-04-09T17:12:04","modified_gmt":"2026-04-09T15:12:04","slug":"unsere-geschichte","status":"publish","type":"page","link":"https:\/\/www.camping-la-clairiere.com\/de\/unsere-geschichte\/","title":{"rendered":"Unsere Geschichte"},"content":{"rendered":"\n<div class=\"wp-block-group alignfull is-layout-flow wp-block-group-is-layout-flow\" style=\"margin-top:0;margin-bottom:0;padding-top:0;padding-right:0;padding-bottom:0;padding-left:0\">\n<div class=\"wp-block-group is-layout-flow wp-block-group-is-layout-flow\">\n<div class=\"wp-block-cover alignfull has-custom-content-position is-position-bottom-center\" style=\"padding-top:0;padding-right:0;padding-bottom:0;padding-left:0;min-height:100vh;aspect-ratio:unset;\"><img alt=\"Vue a\u00e9rienne d&#039;un complexe touristique avec piscine.\" decoding=\"async\" width=\"2560\" height=\"1440\" class=\"wp-block-cover__image-background wp-image-414 size-16\/9_2560x1440_desktop\" alt=\"\" src=\"https:\/\/www.camping-la-clairiere.com\/wp-content\/uploads\/2026\/04\/92a38a0f4bb9b32465a9c6d6c5916da7d5821a67-2560x1440.jpg\" data-object-fit=\"cover\" srcset=\"https:\/\/www.camping-la-clairiere.com\/wp-content\/uploads\/2026\/04\/92a38a0f4bb9b32465a9c6d6c5916da7d5821a67-2560x1440.jpg 2560w, https:\/\/www.camping-la-clairiere.com\/wp-content\/uploads\/2026\/04\/92a38a0f4bb9b32465a9c6d6c5916da7d5821a67-1920x1080.jpg 1920w, https:\/\/www.camping-la-clairiere.com\/wp-content\/uploads\/2026\/04\/92a38a0f4bb9b32465a9c6d6c5916da7d5821a67-1440x810.jpg 1440w, https:\/\/www.camping-la-clairiere.com\/wp-content\/uploads\/2026\/04\/92a38a0f4bb9b32465a9c6d6c5916da7d5821a67-1366x768.jpg 1366w, https:\/\/www.camping-la-clairiere.com\/wp-content\/uploads\/2026\/04\/92a38a0f4bb9b32465a9c6d6c5916da7d5821a67-1024x576.jpg 1024w, https:\/\/www.camping-la-clairiere.com\/wp-content\/uploads\/2026\/04\/92a38a0f4bb9b32465a9c6d6c5916da7d5821a67-800x450.jpg 800w, https:\/\/www.camping-la-clairiere.com\/wp-content\/uploads\/2026\/04\/92a38a0f4bb9b32465a9c6d6c5916da7d5821a67-640x360.jpg 640w, https:\/\/www.camping-la-clairiere.com\/wp-content\/uploads\/2026\/04\/92a38a0f4bb9b32465a9c6d6c5916da7d5821a67-375x210.jpg 375w, https:\/\/www.camping-la-clairiere.com\/wp-content\/uploads\/2026\/04\/92a38a0f4bb9b32465a9c6d6c5916da7d5821a67-200x112.jpg 200w, https:\/\/www.camping-la-clairiere.com\/wp-content\/uploads\/2026\/04\/92a38a0f4bb9b32465a9c6d6c5916da7d5821a67-100x56.jpg 100w\" sizes=\"(max-width: 2560px) 100vw, 2560px\" \/><span aria-hidden=\"true\" class=\"wp-block-cover__background has-transparent-background-color has-background-dim-100 has-background-dim\"><\/span><div class=\"wp-block-cover__inner-container is-layout-flow wp-block-cover-is-layout-flow\">\n<div class=\"wp-block-group has-secondary-gradient-gradient-background has-background has-global-padding is-layout-constrained wp-block-group-is-layout-constrained\">\n<div style=\"height:15vh\" aria-hidden=\"true\" class=\"wp-block-spacer\"><\/div>\n<\/div>\n<\/div><\/div>\n<\/div>\n<\/div>\n<div style=\"padding-top:10px;padding-left:10px;\" class=\"alignfull wp-elements-c549f836684188f85e65cc5f157bd5e7 wp-block-wpseopress-breadcrumbs\"><nav  aria-label=\"breadcrumb\"><ol class=\"breadcrumb\" itemscope itemtype=\"https:\/\/schema.org\/BreadcrumbList\"><li class=\"breadcrumb-item active\" aria-current=\"page\" itemprop=\"itemListElement\" itemscope itemtype=\"https:\/\/schema.org\/ListItem\"><span itemprop=\"name\">Camping \u00e0 La Tremblade<\/span><meta itemprop=\"position\" content=\"1\"><\/li><\/ol><\/nav><\/div>\n<div style=\"height:var(--wp--preset--spacing--xxxl)\" aria-hidden=\"true\" class=\"wp-block-spacer\"><\/div>\n\n<div class=\"wp-block-group alignfull has-global-padding is-layout-constrained wp-container-core-group-is-layout-076db290 wp-block-group-is-layout-constrained\" style=\"margin-top:0;padding-top:0;padding-right:var(--wp--preset--spacing--l);padding-bottom:0;padding-left:var(--wp--preset--spacing--l)\">\n<div class=\"wp-block-group has-global-padding is-layout-constrained wp-container-core-group-is-layout-6d08aa83 wp-block-group-is-layout-constrained\" style=\"margin-top:0;margin-bottom:0;padding-top:0;padding-right:0;padding-bottom:0;padding-left:0\">\n<figure class=\"wp-block-image aligncenter size-full\"><img alt=\"Bonbon ray\u00e9 rose et blanc.\" decoding=\"async\" width=\"50\" height=\"45\" src=\"https:\/\/www.camping-la-clairiere.com\/wp-content\/uploads\/2026\/04\/4af274f244d018dbb3c8e8a148bcd064e4a2990b-e1775123137615.png\" alt=\"\" class=\"wp-image-451\"\/><\/figure>\n<\/div>\n\n\n\n<div class=\"wp-block-group has-global-padding is-layout-constrained wp-container-core-group-is-layout-72d38984 wp-block-group-is-layout-constrained\" style=\"margin-top:0;margin-bottom:0;padding-top:0;padding-right:0;padding-bottom:0;padding-left:0\">\n<h1 class=\"wp-block-heading has-text-align-center is-style-top-title is-style-top-title--1\" style=\"margin-bottom:0\">La Clairi\u00e8re<\/h1>\n\n\n\n<p class=\"has-text-align-center is-style-title-below is-style-title-below--2\" style=\"padding-bottom:0\">Die Geschichte in K\u00fcrze<\/p>\n\n\n\n<div class=\"wp-block-group has-global-padding is-layout-constrained wp-block-group-is-layout-constrained\">\n<p class=\"has-text-align-center\" style=\"margin-bottom:0px\"><br\/>Im 19. Jahrhundert war La Clairi\u00e8re ein Wein- und Jagdgebiet am Ozean.<br\/><br\/>Das Jagdhaus, das 1821 aus lokalem Stein und Holz gebaut wurde, zeugt noch heute davon und beherbergt nun unseren Wellnessbereich in einem renovierten Geb\u00e4ude.<br\/><br\/>Sp\u00e4ter, im Jahr 1950, wurde das 12 Hektar gro\u00dfe Waldst\u00fcck zu einem Ferienlager<br\/>f\u00fcr die Kinder der Stadt Paris, die sich hier erholen wollten.  <br\/><br\/>Im Jahr 1993 gr\u00fcndeten die ersten Eigent\u00fcmer den Campingplatz &#8222;La Clairi\u00e8re&#8220; mit 147 Stellpl\u00e4tzen und entwickelten ihn \u00fcber 14 Jahre hinweg weiter. Die Swimmingpools wurden gebaut, die Wasserrutsche und die Dienstleistungen.  Es wurde mit drei Sternen klassifiziert.  <br\/><br\/>Seit 2006 haben die heutigen Eigent\u00fcmer - Guylaine und Leo Caldarola - die Infrastruktur ausgebaut, die zahlreichen Geb\u00e4ude renoviert und neue Dienstleistungen er\u00f6ffnet.  <br\/><br\/>Seitdem wurden eine Lagune, ein Baumklettergarten auf einer Fl\u00e4che von 2,5 Hektar, eine Bar und ein Restaurant mit Holz und Steinen aus der Region neu gestaltet, Holzkioske f\u00fcr den Verkauf zum Mitnehmen (Holzofenpizza, Snacks, B\u00e4ckerei) und neue Premium-Cottages errichtet. Unser <strong><a href=\"https:\/\/www.camping-la-clairiere.com\/de\/\" data-type=\"page\" data-id=\"353\">Campingplatz in La Tremblade<\/a><\/strong> hat sich seine 4 Sterne und die Auszeichnungen &#8222;Qualit\u00e9 Tourisme&#8220; und &#8222;Clef Verte&#8220; redlich verdient. <\/p>\n<\/div>\n<\/div>\n<\/div>\n\n<div style=\"height:var(--wp--preset--spacing--xxxxxl)\" aria-hidden=\"true\" class=\"wp-block-spacer\"><\/div>\n","protected":false},"excerpt":{"rendered":"<p>La Clairi\u00e8re Die Geschichte in K\u00fcrze Im 19. Jahrhundert war La Clairi\u00e8re ein Wein- und Jagdgebiet am Ozean. Das Jagdhaus, das 1821 aus lokalem Stein und Holz gebaut wurde, zeugt noch heute davon und beherbergt nun unseren Wellnessbereich in einem renovierten Geb\u00e4ude. Sp\u00e4ter, im Jahr 1950, wurde das 12 Hektar gro\u00dfe Waldst\u00fcck zu einem Ferienlagerf\u00fcr [&hellip;]<\/p>\n","protected":false},"author":1,"featured_media":0,"parent":0,"menu_order":0,"comment_status":"closed","ping_status":"closed","template":"page-full-width","meta":{"_acf_changed":false,"_seopress_robots_primary_cat":"","_seopress_titles_title":"Campingplatz La Tremblade | Die Geschichte des Campingplatzes La Clairi\u00e8re","_seopress_titles_desc":"Reisen Sie durch die Geschichte des Campingplatzes La Clairi\u00e8re in La Tremblade. Genie\u00dfen Sie einen ruhigen Aufenthalt in einer au\u00dfergew\u00f6hnlichen nat\u00fcrlichen Umgebung in der Charente-Maritime. ","_seopress_robots_index":"","footnotes":""},"class_list":["post-1855","page","type-page","status-publish","hentry"],"acf":[],"_links":{"self":[{"href":"https:\/\/www.camping-la-clairiere.com\/de\/wp-json\/wp\/v2\/pages\/1855","targetHints":{"allow":["GET"]}}],"collection":[{"href":"https:\/\/www.camping-la-clairiere.com\/de\/wp-json\/wp\/v2\/pages"}],"about":[{"href":"https:\/\/www.camping-la-clairiere.com\/de\/wp-json\/wp\/v2\/types\/page"}],"author":[{"embeddable":true,"href":"https:\/\/www.camping-la-clairiere.com\/de\/wp-json\/wp\/v2\/users\/1"}],"replies":[{"embeddable":true,"href":"https:\/\/www.camping-la-clairiere.com\/de\/wp-json\/wp\/v2\/comments?post=1855"}],"version-history":[{"count":3,"href":"https:\/\/www.camping-la-clairiere.com\/de\/wp-json\/wp\/v2\/pages\/1855\/revisions"}],"predecessor-version":[{"id":2398,"href":"https:\/\/www.camping-la-clairiere.com\/de\/wp-json\/wp\/v2\/pages\/1855\/revisions\/2398"}],"wp:attachment":[{"href":"https:\/\/www.camping-la-clairiere.com\/de\/wp-json\/wp\/v2\/media?parent=1855"}],"curies":[{"name":"wp","href":"https:\/\/api.w.org\/{rel}","templated":true}]}}