{"id":1776,"date":"2026-04-08T06:44:56","date_gmt":"2026-04-08T04:44:56","guid":{"rendered":"https:\/\/www.camping-la-clairiere.com\/rechtliche-hinweise\/"},"modified":"2026-04-08T17:29:29","modified_gmt":"2026-04-08T15:29:29","slug":"rechtliche-hinweise","status":"publish","type":"page","link":"https:\/\/www.camping-la-clairiere.com\/de\/rechtliche-hinweise\/","title":{"rendered":"Rechtliche Hinweise"},"content":{"rendered":"\n<div class=\"wp-block-group alignfull is-layout-flow wp-block-group-is-layout-flow\" style=\"margin-top:0;margin-bottom:0;padding-top:0;padding-right:0;padding-bottom:0;padding-left:0\">\n<div class=\"wp-block-group is-layout-flow wp-block-group-is-layout-flow\">\n<div class=\"wp-block-cover alignfull has-custom-content-position is-position-bottom-center\" style=\"padding-top:0;padding-right:0;padding-bottom:0;padding-left:0;min-height:100vh;aspect-ratio:unset;\"><img alt=\"Vue a\u00e9rienne d&#039;un complexe touristique avec piscine.\" decoding=\"async\" width=\"2560\" height=\"1440\" class=\"wp-block-cover__image-background wp-image-414 size-16\/9_2560x1440_desktop\" alt=\"\" src=\"https:\/\/www.camping-la-clairiere.com\/wp-content\/uploads\/2026\/04\/92a38a0f4bb9b32465a9c6d6c5916da7d5821a67-2560x1440.jpg\" data-object-fit=\"cover\" srcset=\"https:\/\/www.camping-la-clairiere.com\/wp-content\/uploads\/2026\/04\/92a38a0f4bb9b32465a9c6d6c5916da7d5821a67-2560x1440.jpg 2560w, https:\/\/www.camping-la-clairiere.com\/wp-content\/uploads\/2026\/04\/92a38a0f4bb9b32465a9c6d6c5916da7d5821a67-1920x1080.jpg 1920w, https:\/\/www.camping-la-clairiere.com\/wp-content\/uploads\/2026\/04\/92a38a0f4bb9b32465a9c6d6c5916da7d5821a67-1440x810.jpg 1440w, https:\/\/www.camping-la-clairiere.com\/wp-content\/uploads\/2026\/04\/92a38a0f4bb9b32465a9c6d6c5916da7d5821a67-1366x768.jpg 1366w, https:\/\/www.camping-la-clairiere.com\/wp-content\/uploads\/2026\/04\/92a38a0f4bb9b32465a9c6d6c5916da7d5821a67-1024x576.jpg 1024w, https:\/\/www.camping-la-clairiere.com\/wp-content\/uploads\/2026\/04\/92a38a0f4bb9b32465a9c6d6c5916da7d5821a67-800x450.jpg 800w, https:\/\/www.camping-la-clairiere.com\/wp-content\/uploads\/2026\/04\/92a38a0f4bb9b32465a9c6d6c5916da7d5821a67-640x360.jpg 640w, https:\/\/www.camping-la-clairiere.com\/wp-content\/uploads\/2026\/04\/92a38a0f4bb9b32465a9c6d6c5916da7d5821a67-375x210.jpg 375w, https:\/\/www.camping-la-clairiere.com\/wp-content\/uploads\/2026\/04\/92a38a0f4bb9b32465a9c6d6c5916da7d5821a67-200x112.jpg 200w, https:\/\/www.camping-la-clairiere.com\/wp-content\/uploads\/2026\/04\/92a38a0f4bb9b32465a9c6d6c5916da7d5821a67-100x56.jpg 100w\" sizes=\"(max-width: 2560px) 100vw, 2560px\" \/><span aria-hidden=\"true\" class=\"wp-block-cover__background has-transparent-background-color has-background-dim-100 has-background-dim\"><\/span><div class=\"wp-block-cover__inner-container is-layout-flow wp-block-cover-is-layout-flow\">\n<div class=\"wp-block-group has-secondary-gradient-gradient-background has-background has-global-padding is-layout-constrained wp-block-group-is-layout-constrained\">\n<div style=\"height:15vh\" aria-hidden=\"true\" class=\"wp-block-spacer\"><\/div>\n<\/div>\n<\/div><\/div>\n<\/div>\n<\/div>\n<div style=\"padding-top:10px;padding-left:10px;\" class=\"alignfull wp-elements-c549f836684188f85e65cc5f157bd5e7 wp-block-wpseopress-breadcrumbs\"><nav  aria-label=\"breadcrumb\"><ol class=\"breadcrumb\" itemscope itemtype=\"https:\/\/schema.org\/BreadcrumbList\"><li class=\"breadcrumb-item active\" aria-current=\"page\" itemprop=\"itemListElement\" itemscope itemtype=\"https:\/\/schema.org\/ListItem\"><span itemprop=\"name\">Camping \u00e0 La Tremblade<\/span><meta itemprop=\"position\" content=\"1\"><\/li><\/ol><\/nav><\/div>\n<div style=\"height:100px\" aria-hidden=\"true\" class=\"wp-block-spacer\"><\/div>\n\n<div class=\"wp-block-group alignfull has-global-padding is-layout-constrained wp-container-core-group-is-layout-076db290 wp-block-group-is-layout-constrained\" style=\"margin-top:0;padding-top:0;padding-right:var(--wp--preset--spacing--l);padding-bottom:0;padding-left:var(--wp--preset--spacing--l)\">\n<div class=\"wp-block-group has-global-padding is-layout-constrained wp-container-core-group-is-layout-6d08aa83 wp-block-group-is-layout-constrained\" style=\"margin-top:0;margin-bottom:0;padding-top:0;padding-right:0;padding-bottom:0;padding-left:0\">\n<figure class=\"wp-block-image aligncenter size-large is-resized\"><img alt=\"Bonbon ray\u00e9 rose et blanc.\" decoding=\"async\" width=\"1024\" height=\"916\" src=\"https:\/\/www.camping-la-clairiere.com\/wp-content\/uploads\/2026\/04\/4af274f244d018dbb3c8e8a148bcd064e4a2990b-1024x916.png\" alt=\"\" class=\"wp-image-451\" style=\"width:50px\"\/><\/figure>\n<\/div>\n\n\n\n<div class=\"wp-block-group has-global-padding is-layout-constrained wp-container-core-group-is-layout-b2c8f158 wp-block-group-is-layout-constrained\" style=\"margin-top:0;margin-bottom:0;padding-top:0;padding-right:0;padding-left:0\">\n<h1 class=\"wp-block-heading has-text-align-center is-style-top-title is-style-top-title--1\" style=\"margin-bottom:0\">Rechtliche Hinweise<\/h1>\n\n\n\n<div class=\"wp-block-group has-global-padding is-layout-constrained wp-block-group-is-layout-constrained\">\n<h2 class=\"wp-block-heading has-text-align-left is-style-title-below is-style-title-below--2\"><br\/>IDENTIT\u00c4T<\/h2>\n\n\n\n<p><strong>Name der Website:<\/strong> Camping La Clairi\u00e8re<\/p>\n\n\n\n<p><strong>Adresse: https:<\/strong> \/\/www.camping-la-clairiere.com<\/p>\n\n\n\n<p><strong>Eigent\u00fcmer:<\/strong> L\u00e9onard CALDAROLA<\/p>\n\n\n\n<p><strong>Verantwortlich f\u00fcr die Ver\u00f6ffentlichung:<\/strong> L\u00e9onard CALDAROLA<\/p>\n\n\n\n<p><strong>Design und Realisierung:<\/strong> Horizon Marketing<\/p>\n\n\n\n<p><strong>Hosting:<\/strong> Infomaniak<\/p>\n\n\n\n<h2 class=\"wp-block-heading\">JURISTISCHE PERSON<\/h2>\n\n\n\n<p>Campingplatz La Clairi\u00e8re<\/p>\n\n\n\n<p>05 46 36 36 63 - info@camping-la-clairiere.com<\/p>\n\n\n\n<h2 class=\"wp-block-heading\">NUTZUNGSBEDINGUNGEN<\/h2>\n\n\n\n<p>Die Nutzung dieser Website setzt die vollst\u00e4ndige und uneingeschr\u00e4nkte Annahme der nachstehend beschriebenen allgemeinen Nutzungsbedingungen voraus. Diese Nutzungsbedingungen k\u00f6nnen jederzeit ge\u00e4ndert oder erg\u00e4nzt werden. <\/p>\n\n\n\n<h2 class=\"wp-block-heading\">INFORMATIONEN<\/h2>\n\n\n\n<p>Die Informationen und Dokumente auf der Website dienen der Information, sind nicht ersch\u00f6pfend und k\u00f6nnen nicht zur Verantwortung gezogen werden.<\/p>\n\n\n\n<p>Der Eigent\u00fcmer der Website haftet nicht f\u00fcr direkte oder indirekte Sch\u00e4den, die sich aus dem Zugriff auf die Website ergeben.<\/p>\n\n\n\n<h2 class=\"wp-block-heading\">INTERAKTIVIT\u00c4T<\/h2>\n\n\n\n<p>Die Nutzer der Website k\u00f6nnen Inhalte hinterlegen, die auf der Website in daf\u00fcr vorgesehenen Bereichen erscheinen (insbesondere \u00fcber das Kontaktformular). Die Verantwortung f\u00fcr den Inhalt liegt bei den Autoren, die die volle rechtliche Verantwortung daf\u00fcr \u00fcbernehmen. <\/p>\n\n\n\n<p>Der Eigent\u00fcmer der Website beh\u00e4lt sich jedoch das Recht vor, von Nutzern eingereichte Inhalte, die nicht den ethischen Richtlinien der Website oder den geltenden Gesetzen entsprechen, ohne Vorank\u00fcndigung und ohne Begr\u00fcndung zu entfernen.<\/p>\n\n\n\n<h2 class=\"wp-block-heading\">GEISTIGES EIGENTUM<\/h2>\n\n\n\n<p>Sofern nicht anders angegeben, sind alle auf der Website zug\u00e4nglichen Elemente (Texte, Bilder, Grafiken, Logos, Icons, T\u00f6ne, Software usw.) das ausschlie\u00dfliche Eigentum ihrer Autoren, was die Rechte an geistigem Eigentum oder die Nutzungsrechte betrifft.<\/p>\n\n\n\n<p>Die Vervielf\u00e4ltigung, Darstellung, \u00c4nderung, Ver\u00f6ffentlichung und Anpassung aller oder eines Teils der Elemente der Website, unabh\u00e4ngig von den verwendeten Mitteln oder Verfahren, ist ohne vorherige schriftliche Genehmigung des Autors untersagt.<\/p>\n\n\n\n<p>Jede nicht genehmigte Nutzung der Website oder eines ihrer Elemente gilt als F\u00e4lschung und wird strafrechtlich verfolgt.<\/p>\n\n\n\n<p>Die auf der Website abgebildeten Marken und Logos sind von den Unternehmen registriert, die ihre Eigent\u00fcmer sind.<\/p>\n\n\n\n<h2 class=\"wp-block-heading\">LINKS<\/h2>\n\n\n\n<h3 class=\"wp-block-heading\">Ausgehende Links<\/h3>\n\n\n\n<p>Der Eigent\u00fcmer der Website lehnt jede Haftung ab und ist nicht verpflichtet, \u00fcber Hypertext-Links auf Ressourcen Dritter im Internet zu verweisen, sowohl in Bezug auf deren Inhalt als auch auf deren Relevanz.<\/p>\n\n\n\n<h3 class=\"wp-block-heading\">Eingehende Links<\/h3>\n\n\n\n<p>Der Eigent\u00fcmer der Website gestattet Hypertext-Links zu einer der Seiten dieser Website, sofern diese ein neues Fenster \u00f6ffnen und unmissverst\u00e4ndlich dargestellt werden, um zu verhindern, dass :<\/p>\n\n\n\n<ul class=\"wp-block-list\">\n<li>jegliche Verwechslungsgefahr zwischen der zitierenden Website und dem Eigent\u00fcmer der Website<\/li>\n\n\n\n<li>tendenzi\u00f6se Darstellungen oder Darstellungen, die gegen geltendes Recht versto\u00dfen<\/li>\n<\/ul>\n\n\n\n<p>Der Eigent\u00fcmer der Website beh\u00e4lt sich das Recht vor, die Entfernung eines Links zu verlangen, wenn er der Ansicht ist, dass die Quellsite die hier festgelegten Regeln nicht einh\u00e4lt.<\/p>\n\n\n\n<h2 class=\"wp-block-heading\">DATENSCHUTZ<\/h2>\n\n\n\n<p>Jeder Nutzer hat das Recht auf Zugang, Berichtigung und Widerspruch zu den ihn betreffenden pers\u00f6nlichen Daten, indem er einen schriftlichen und unterschriebenen Antrag zusammen mit einem Identit\u00e4tsnachweis stellt.<\/p>\n\n\n\n<p class=\"has-text-align-left\" style=\"margin-bottom:0px\">Bei Fragen wenden Sie sich bitte an die Beschwerdeabteilung: info@camping-la-clairiere.com<\/p>\n\n\n\n<h2 class=\"wp-block-heading\">OMBUDSMANN F\u00dcR VERBRAUCHERFRAGEN<\/h2>\n\n\n\n<p>Gem\u00e4\u00df Artikel L 612-1 des Verbraucherschutzgesetzes hat jeder Kunde des Campingplatzes das Recht, sich kostenlos an einen Verbraucherschlichter zu wenden, um einen Streitfall mit dem Betreiber des Platzes g\u00fctlich beizulegen.<\/p>\n\n\n\n<p>Die Plattform zur Beilegung von Streitigkeiten: <a href=\"https:\/\/ec.europa.eu\/consumers\/odr\/main\/index.cfm?event=main.home2.show&amp;lng=FR\">https:\/\/ec.europa.eu\/consumers\/odr\/main\/index.cfm?event=main.home2.show&amp;lng=FR<\/a><\/p>\n\n\n\n<h2 class=\"wp-block-heading\"><strong>CREDITS<\/strong><\/h2>\n\n\n\n<p>Horizon Marketing <br\/>Adobe Stock<\/p>\n<\/div>\n<\/div>\n<\/div>\n\n<div style=\"height:var(--wp--preset--spacing--xxxxxl)\" aria-hidden=\"true\" class=\"wp-block-spacer\"><\/div>\n","protected":false},"excerpt":{"rendered":"<p>Rechtliche Hinweise IDENTIT\u00c4T Name der Website: Camping La Clairi\u00e8re Adresse: https: \/\/www.camping-la-clairiere.com Eigent\u00fcmer: L\u00e9onard CALDAROLA Verantwortlich f\u00fcr die Ver\u00f6ffentlichung: L\u00e9onard CALDAROLA Design und Realisierung: Horizon Marketing Hosting: Infomaniak JURISTISCHE PERSON Campingplatz La Clairi\u00e8re 05 46 36 36 63 - info@camping-la-clairiere.com NUTZUNGSBEDINGUNGEN Die Nutzung dieser Website setzt die vollst\u00e4ndige und uneingeschr\u00e4nkte Annahme der nachstehend beschriebenen allgemeinen [&hellip;]<\/p>\n","protected":false},"author":1,"featured_media":0,"parent":0,"menu_order":0,"comment_status":"closed","ping_status":"closed","template":"page-full-width","meta":{"_acf_changed":false,"_seopress_robots_primary_cat":"","_seopress_titles_title":"Rechtliche Hinweise | Camping La Clairi\u00e8re in La Tremblade","_seopress_titles_desc":"Impressum des 4-Sterne-Campingplatzes La Clairi\u00e8re in La Tremblade in der Charente-Martime.","_seopress_robots_index":"","footnotes":""},"class_list":["post-1776","page","type-page","status-publish","hentry"],"acf":[],"_links":{"self":[{"href":"https:\/\/www.camping-la-clairiere.com\/de\/wp-json\/wp\/v2\/pages\/1776","targetHints":{"allow":["GET"]}}],"collection":[{"href":"https:\/\/www.camping-la-clairiere.com\/de\/wp-json\/wp\/v2\/pages"}],"about":[{"href":"https:\/\/www.camping-la-clairiere.com\/de\/wp-json\/wp\/v2\/types\/page"}],"author":[{"embeddable":true,"href":"https:\/\/www.camping-la-clairiere.com\/de\/wp-json\/wp\/v2\/users\/1"}],"replies":[{"embeddable":true,"href":"https:\/\/www.camping-la-clairiere.com\/de\/wp-json\/wp\/v2\/comments?post=1776"}],"version-history":[{"count":1,"href":"https:\/\/www.camping-la-clairiere.com\/de\/wp-json\/wp\/v2\/pages\/1776\/revisions"}],"predecessor-version":[{"id":1777,"href":"https:\/\/www.camping-la-clairiere.com\/de\/wp-json\/wp\/v2\/pages\/1776\/revisions\/1777"}],"wp:attachment":[{"href":"https:\/\/www.camping-la-clairiere.com\/de\/wp-json\/wp\/v2\/media?parent=1776"}],"curies":[{"name":"wp","href":"https:\/\/api.w.org\/{rel}","templated":true}]}}